{"id":11,"date":"2014-04-11T11:23:47","date_gmt":"2014-04-11T09:23:47","guid":{"rendered":"https:\/\/preblogs.deusto.es\/DeustuSare\/?page_id=11"},"modified":"2025-01-22T09:03:31","modified_gmt":"2025-01-22T08:03:31","slug":"espacio-deustusare","status":"publish","type":"page","link":"https:\/\/blogs.deusto.es\/DeustuSare\/espacio-deustusare\/","title":{"rendered":"Espacio DeustuSare"},"content":{"rendered":"<p>El\u00a0<strong>Espacio DeustuSare<\/strong>\u00a0pretende ser un punto de encuentro entre los miembros de la comunidad universitaria para intercambiar servicios laborales y ayuda mutua.<\/p>\n<p>A trav\u00e9s de este espacio podremos ofertar y demandar servicios de:<\/p>\n<p><strong>\u2022 Clases particulares:<\/strong> En esta categor\u00eda se publicar\u00e1n los anuncios de clases particulares sobre idiomas y otras asignaturas a ni\u00f1os, adolescentes y adultos.<\/p>\n<p><strong>\u2022 Cuidado de menores:<\/strong> En esta categor\u00eda se publicar\u00e1n los anuncios para el cuidado puntual de menores.<\/p>\n<p><span style=\"text-decoration: underline;\">CONDICIONES DEL SERVICIO<\/span><\/p>\n<p>&#8211; El blog pertenece al Servicio de Acci\u00f3n Social e Inclusi\u00f3n y tiene autorizaci\u00f3n de todas las personas de contacto de los anuncios.<\/p>\n<p>&#8211; Los anuncios saldr\u00e1n publicados en este blog.<\/p>\n<p>&#8211; Los servicios prestados pueden ser realizados por personas mayores de edad y no profesionales, abstenerse empresas y\/o academias.<\/p>\n<p>&#8211; La relaci\u00f3n entre oferente y demandante ser\u00e1 de mutuo acuerdo.<\/p>\n<p>&#8211; La responsabilidad \u00faltima ser\u00e1 entre la persona que demanda y la persona que ofrece.<\/p>\n<p>&#8211; Una vez cubierto el anuncio, el oferente deber\u00e1 notificarlo al Servicio de Acci\u00f3n Social e Inclusi\u00f3n para su eliminaci\u00f3n, si no, cada a\u00f1o se eliminar\u00e1n los anuncios publicados.<\/p>\n<p>&#8211; El Servicio de Acci\u00f3n Social e Inclusi\u00f3n y la Universidad de Deusto participan exclusivamente como intermediarios entre demandantes y oferentes, por ello, si surgiera cualquier problema entre las partes la responsabilidad civil no ser\u00e1 exigible al servicio ni a la universidad.<\/p>\n<p>Todos los anuncios saldr\u00e1n publicados en nuestro blog:\u00a0<a href=\"https:\/\/blogs.deusto.es\/DeustuSare\/\" target=\"_blank\" rel=\"noopener noreferrer\">preblogs.deusto.es\/DeustuSare<\/a><\/p>\n<p>\u00a1\u00a1Este es tu Espacio!! No pierdas esta oportunidad,\u00a0<a href=\"https:\/\/blogs.deusto.es\/DeustuSare\/espacio-deustusare\/formulario\/\" target=\"_blank\" rel=\"noopener noreferrer\">an\u00fanciate aqu\u00ed.<\/a><!--more--><\/p>\n<p><span class='st_facebook' st_title='Espacio DeustuSare' st_url='https:\/\/blogs.deusto.es\/DeustuSare\/espacio-deustusare\/'><\/span><span st_via='deusto' st_username='deusto' class='st_twitter' st_title='Espacio DeustuSare' st_url='https:\/\/blogs.deusto.es\/DeustuSare\/espacio-deustusare\/'><\/span><span class='st_email' st_title='Espacio DeustuSare' st_url='https:\/\/blogs.deusto.es\/DeustuSare\/espacio-deustusare\/'><\/span><span class='st_pinterest' st_title='Espacio DeustuSare' st_url='https:\/\/blogs.deusto.es\/DeustuSare\/espacio-deustusare\/'><\/span><span class='st_plusone' st_title='Espacio DeustuSare' st_url='https:\/\/blogs.deusto.es\/DeustuSare\/espacio-deustusare\/'><\/span><span class='st_sharethis' st_title='Espacio DeustuSare' st_url='https:\/\/blogs.deusto.es\/DeustuSare\/espacio-deustusare\/'><\/span><\/p>","protected":false},"excerpt":{"rendered":"<p>El\u00a0Espacio DeustuSare\u00a0pretende ser un punto de encuentro entre los miembros de la comunidad universitaria para intercambiar servicios laborales y ayuda mutua. A trav\u00e9s de este espacio podremos ofertar y demandar servicios de: \u2022 Clases particulares: En esta categor\u00eda se publicar\u00e1n los anuncios de clases particulares sobre idiomas y otras asignaturas a ni\u00f1os, adolescentes y adultos. [&hellip;]<\/p>\n<p><span class='st_facebook' st_title='Espacio DeustuSare' st_url='https:\/\/blogs.deusto.es\/DeustuSare\/espacio-deustusare\/'><\/span><span st_via='deusto' st_username='deusto' class='st_twitter' st_title='Espacio DeustuSare' st_url='https:\/\/blogs.deusto.es\/DeustuSare\/espacio-deustusare\/'><\/span><span class='st_email' st_title='Espacio DeustuSare' st_url='https:\/\/blogs.deusto.es\/DeustuSare\/espacio-deustusare\/'><\/span><span class='st_pinterest' st_title='Espacio DeustuSare' st_url='https:\/\/blogs.deusto.es\/DeustuSare\/espacio-deustusare\/'><\/span><span class='st_plusone' st_title='Espacio DeustuSare' st_url='https:\/\/blogs.deusto.es\/DeustuSare\/espacio-deustusare\/'><\/span><span class='st_sharethis' st_title='Espacio DeustuSare' st_url='https:\/\/blogs.deusto.es\/DeustuSare\/espacio-deustusare\/'><\/span><\/p>","protected":false},"author":206,"featured_media":0,"parent":0,"menu_order":0,"comment_status":"closed","ping_status":"closed","template":"","meta":{"footnotes":""},"class_list":["post-11","page","type-page","status-publish","hentry"],"_links":{"self":[{"href":"https:\/\/blogs.deusto.es\/DeustuSare\/wp-json\/wp\/v2\/pages\/11","targetHints":{"allow":["GET"]}}],"collection":[{"href":"https:\/\/blogs.deusto.es\/DeustuSare\/wp-json\/wp\/v2\/pages"}],"about":[{"href":"https:\/\/blogs.deusto.es\/DeustuSare\/wp-json\/wp\/v2\/types\/page"}],"author":[{"embeddable":true,"href":"https:\/\/blogs.deusto.es\/DeustuSare\/wp-json\/wp\/v2\/users\/206"}],"replies":[{"embeddable":true,"href":"https:\/\/blogs.deusto.es\/DeustuSare\/wp-json\/wp\/v2\/comments?post=11"}],"version-history":[{"count":24,"href":"https:\/\/blogs.deusto.es\/DeustuSare\/wp-json\/wp\/v2\/pages\/11\/revisions"}],"predecessor-version":[{"id":10236,"href":"https:\/\/blogs.deusto.es\/DeustuSare\/wp-json\/wp\/v2\/pages\/11\/revisions\/10236"}],"wp:attachment":[{"href":"https:\/\/blogs.deusto.es\/DeustuSare\/wp-json\/wp\/v2\/media?parent=11"}],"curies":[{"name":"wp","href":"https:\/\/api.w.org\/{rel}","templated":true}]}}