{"id":274,"date":"2014-01-03T08:55:40","date_gmt":"2014-01-03T07:55:40","guid":{"rendered":"https:\/\/preblogs.deusto.es\/RSanSalvador\/?page_id=274"},"modified":"2022-04-13T10:44:28","modified_gmt":"2022-04-13T08:44:28","slug":"documentos","status":"publish","type":"page","link":"https:\/\/blogs.deusto.es\/RSanSalvador\/documentos\/","title":{"rendered":"Hausnarketak \/ Reflexiones \/ Reflections"},"content":{"rendered":"<ul class=\"wp-block-latest-posts__list wp-block-latest-posts\"><li><a class=\"wp-block-latest-posts__post-title\" href=\"https:\/\/blogs.deusto.es\/RSanSalvador\/neurea-geurea-guztiona\/\">Neurea, geurea, guztiona<\/a><\/li>\n<li><a class=\"wp-block-latest-posts__post-title\" href=\"https:\/\/blogs.deusto.es\/RSanSalvador\/ministerio-del-tiempo\/\">Ministerio del tiempo<\/a><\/li>\n<li><a class=\"wp-block-latest-posts__post-title\" href=\"https:\/\/blogs.deusto.es\/RSanSalvador\/la-innovacion-transforma-las-ciudades\/\">La innovaci\u00f3n transforma las ciudades<\/a><\/li>\n<li><a class=\"wp-block-latest-posts__post-title\" href=\"https:\/\/blogs.deusto.es\/RSanSalvador\/mas-jovenes-mas-talento\/\">M\u00e1s j\u00f3venes, m\u00e1s talento<\/a><\/li>\n<li><a class=\"wp-block-latest-posts__post-title\" href=\"https:\/\/blogs.deusto.es\/RSanSalvador\/movilidad-0-0\/\">Movilidad 0.0<\/a><\/li>\n<\/ul>\n\n\n<p><\/p>\n\n\n\n<p><\/p>\n\n\n\n<p><\/p>\n","protected":false},"excerpt":{"rendered":"","protected":false},"author":286,"featured_media":287,"parent":0,"menu_order":0,"comment_status":"open","ping_status":"open","template":"","meta":{"footnotes":""},"class_list":["post-274","page","type-page","status-publish","has-post-thumbnail","hentry"],"_links":{"self":[{"href":"https:\/\/blogs.deusto.es\/RSanSalvador\/wp-json\/wp\/v2\/pages\/274","targetHints":{"allow":["GET"]}}],"collection":[{"href":"https:\/\/blogs.deusto.es\/RSanSalvador\/wp-json\/wp\/v2\/pages"}],"about":[{"href":"https:\/\/blogs.deusto.es\/RSanSalvador\/wp-json\/wp\/v2\/types\/page"}],"author":[{"embeddable":true,"href":"https:\/\/blogs.deusto.es\/RSanSalvador\/wp-json\/wp\/v2\/users\/286"}],"replies":[{"embeddable":true,"href":"https:\/\/blogs.deusto.es\/RSanSalvador\/wp-json\/wp\/v2\/comments?post=274"}],"version-history":[{"count":7,"href":"https:\/\/blogs.deusto.es\/RSanSalvador\/wp-json\/wp\/v2\/pages\/274\/revisions"}],"predecessor-version":[{"id":724,"href":"https:\/\/blogs.deusto.es\/RSanSalvador\/wp-json\/wp\/v2\/pages\/274\/revisions\/724"}],"wp:featuredmedia":[{"embeddable":true,"href":"https:\/\/blogs.deusto.es\/RSanSalvador\/wp-json\/wp\/v2\/media\/287"}],"wp:attachment":[{"href":"https:\/\/blogs.deusto.es\/RSanSalvador\/wp-json\/wp\/v2\/media?parent=274"}],"curies":[{"name":"wp","href":"https:\/\/api.w.org\/{rel}","templated":true}]}}