{"id":7,"date":"2013-12-20T11:36:21","date_gmt":"2013-12-20T10:36:21","guid":{"rendered":"https:\/\/preblogs.deusto.es\/RSanSalvador\/?page_id=7"},"modified":"2022-04-13T11:14:27","modified_gmt":"2022-04-13T09:14:27","slug":"sobre-mi","status":"publish","type":"page","link":"https:\/\/blogs.deusto.es\/RSanSalvador\/sobre-mi\/","title":{"rendered":"CV"},"content":{"rendered":"<p>\u00a0<\/p>\n<p><strong>Curriculum breve<\/strong><\/p>\n<p>Es Licenciado\u00a0 en Filosof\u00eda y Letras (Historia y Geograf\u00eda), Doctor en Filosof\u00eda y Ciencias de la Educaci\u00f3n y Master en Ocio y Potencial Humano por la Universidad de Deusto y Leeds University.\u00a0<\/p>\n<p>Catedr\u00e1tico de la Facultad de Ciencias Sociales y Humanas en la Universidad de Deusto, donde imparte docencia en los campus de Bilbao y Donostia-San Sebasti\u00e1n.<\/p>\n<p>Director de Deusto Cities, un centro que, a trav\u00e9s de procesos de aprendizaje-investigaci\u00f3n-acci\u00f3n, contribuye a la generaci\u00f3n de ecosistemas de innovacion que posibilitan la transformaci\u00f3n de las comunidades, ciudades y territorios a trav\u00e9s de una gobernanza 360\u00ba.\u00a0<\/p>\n<p>Ha sido Director del Instituto de Estudios de Ocio (2000-2007) y Vicerrector de Comunicaci\u00f3n, Pluriling\u00fcismo e Innovaci\u00f3n Social (2007-2015).<\/p>\n<p>Director del M\u00e1ster Universitario en Gobernanza para el Desarrollo Urbano Sostenible, donde imparte las asignaturas: Gobernanza de Ciudades y Laboratorios de Innovaci\u00f3n Transformadora. Su actividad docente se extiende al Grado de Turismo, en el Master Universitario en Direcci\u00f3n de Proyectos de Ocio, Cultura, Turismo, Deporte y Recreaci\u00f3n y en el Master Universitario en Organizaci\u00f3n de Congresos, Eventos y Ferias, as\u00ed como en el Doctorado en Ocio, Cultura y Comunicaci\u00f3n. Concretamente imparte las siguientes asignaturas: Pol\u00edticas de Ocio y Turismo (Grado), Derecho y Turismo (Grado), Pol\u00edticas de Ocio (MUDIPRO) Pol\u00edticas de Ocio, Ciudad y Eventos (MUOCEF), Introducci\u00f3n a la Investigaci\u00f3n y Ciudades y Desarrollo Humano Sostenible (Doctorado).<\/p>\n<p>Sus publicaciones, art\u00edculos y libros tratan principalmente sobre los conceptos tiempo y espacio, el fen\u00f3meno del ocio, la transformaci\u00f3n de las ciudades y las pol\u00edticas. En los \u00faltimos a\u00f1os ha estado trabajando en proyectos competitivos y concertados relacionados con la gobernanza e innovaci\u00f3n social.<\/p>\n<p>Pertenece al equipo de investigaci\u00f3n Ocio y Desarrollo Humano, que cuenta con el reconocimiento oficial del Gobierno Vasco. Director Cient\u00edfico de la European School of Social Innovation. Miembros del COnsejo Civico de Bilbao. Ha sido <em>Chairperson<\/em> de la World Leisure Policies Commission. Ha sido miembro del Consejo del <em>Basque Social Innovation<\/em>\u00a0y del Consejo de <em>Bilbao Bizkaia Design Creative Council<\/em>.<\/p>\n<p><strong>Brief CV<\/strong><\/p>\n<p>He holds a BA in History and Geography, a PhD in Philosophy and Educational Sciences and a MA in Leisure Studies. He is currently Professor at the University of Deusto, where he teaches at the Bilbao and Donostia-San Sebasti\u00e1n campus.<\/p>\n<p>He is Director of the Deusto Cities Lab Katedra, a trans-disciplinary ecosystem pursued through research projects, learning programs and actions open innovation, transforming cities through 360 city governance.\u00a0He has been Director of the Institute of Leisure Studies (2000-2007) and Vice-Rector for Communication, Multilingualism and Social Innovation (2007-2015).\u00a0He teaches BA courses on Tourism and MA courses on Leisure Management, MA courses on Congress, Event and Trade Fair Management Specifically, he teaches the following subjects: Leisure and Tourism Policies (BA), Tourism Law (BA), Leisure Policies (MALM), Leisure, City and Event Policies (MACETM) and Leisure Theory (PHD).<\/p>\n<p>His publications mainly focus on leisure phenomenon, cities and policies. During the past few years he has carried out research on governance and social innovation.<\/p>\n<p>He is part of the \u00ad\u00ad\u00ad\u00ad\u00ad\u00ad\u00ad\u00ad\u00ad\u00ad\u00ad\u00ad\u00ad\u00ad\u00ad\u00ad\u00ad\u00adLeisure and Human Development research team. It is an official recognized research team by Basque Government.<\/p>\n<p>Other research interests include social trends, city and development, time and space evolution.<\/p>\n<p><!-- [if gte mso 9]&gt;--><\/p>\n<p><!-- [if gte mso 9]&gt;--><\/p>\n<p><!-- [if gte mso 9]&gt;--><\/p>\n<p><!-- [if gte mso 10]&gt;--><\/p>\n<p><strong>Curriculum laburraren luzera <\/strong><\/p>\n<p>Historian eta Geografian lizentziatua da, Filosofia eta Hezkuntza Zientziako doktorea eta Aisia eta Giza Garapenean masterra. Gaur egun Deustuko Unibertsitateko irakasle katedruna da eta Bilboko eta Donostiako campusetan irakasten du.<\/p>\n<p>Sailean Deusto Cities Lab Katedraren zuzendaria, ikerketa -proiektuen bidez lortu nahi diren zeharkako diziplina ekosistema bat, ikasteko programak eta ekintzak <em>open innovation<\/em> ari duk bidez hiri eraldatzeko 360\u00ba-tako gobernantza demokratikoa eta elkarlaneko lidergoa .<\/p>\n<p class=\"MsoNormal\">Aisiazko Ikaskuntzen Institutuaren zuzendaria (2000-2007) eta Komunikazio , Eleaniztasun eta Gizarte Berrikuntzaren errektoreordea (2007-2015) izan da.\u00a0Turismo Graduan,<strong> <strong>Aisiako Proiektuen Zuzendaritzako Unibertsitate Masterrean,<\/strong><\/strong> Biltzar, Ekitaldi eta Azoken Antolaketako Unibertsitate Masterrean eta Aisia eta Giza Garapena Doktoretzan. Irakasgai hauek ematen ditu: Aisia eta Turismoko Politikak (Gradua), Turismoko Zuzenbidea (Gradua), Aisiako Politikak (MUAP) Aisia, Hiria eta Ekitaldien Politikak (MUBEA) eta Aisiako Gizarte Fenomenoa (Doktoretza). Ikasgaiak gaztelaniaz, euskaraz eta ingelez irakasten da. \u00a0Bere argitalpenetan gai hauek landu ditu: aisiako gizarte fenomenoa, hiriak eta politikak. Azken urteotan gobernantzaz eta berrikuntzaz aritu da lanean.<\/p>\n<p>Aisia eta Giza Garapena ikertaldeko kidea da. Eusko Jaurlaritzaren aitorpen ofiziala badu ikertaldeak. Beste hauek ere baditu ikergai: gizarte joerak, hirien\u00a0 aldakuntza, eta denbora eta espazio kontzeptuen garapena.<\/p>\n<p><strong>\u00a0<\/strong><\/p>\n<p>\u00a0<\/p>\n<p>\u00a0<\/p>\n<p>\u00a0<\/p>\n<p><strong>\u00a0<\/strong><\/p>\n\n\n<p><\/p>\n","protected":false},"excerpt":{"rendered":"<p>\u00a0 Curriculum breve Es Licenciado\u00a0 en Filosof\u00eda y Letras (Historia y Geograf\u00eda), Doctor en Filosof\u00eda y Ciencias de la Educaci\u00f3n y Master en Ocio y Potencial Humano por la Universidad de Deusto y Leeds University.\u00a0 Catedr\u00e1tico de la Facultad de Ciencias Sociales y Humanas en la Universidad de Deusto, donde imparte docencia en los campus [&hellip;]<\/p>\n","protected":false},"author":286,"featured_media":623,"parent":0,"menu_order":1,"comment_status":"closed","ping_status":"closed","template":"","meta":{"footnotes":""},"class_list":["post-7","page","type-page","status-publish","has-post-thumbnail","hentry"],"_links":{"self":[{"href":"https:\/\/blogs.deusto.es\/RSanSalvador\/wp-json\/wp\/v2\/pages\/7","targetHints":{"allow":["GET"]}}],"collection":[{"href":"https:\/\/blogs.deusto.es\/RSanSalvador\/wp-json\/wp\/v2\/pages"}],"about":[{"href":"https:\/\/blogs.deusto.es\/RSanSalvador\/wp-json\/wp\/v2\/types\/page"}],"author":[{"embeddable":true,"href":"https:\/\/blogs.deusto.es\/RSanSalvador\/wp-json\/wp\/v2\/users\/286"}],"replies":[{"embeddable":true,"href":"https:\/\/blogs.deusto.es\/RSanSalvador\/wp-json\/wp\/v2\/comments?post=7"}],"version-history":[{"count":12,"href":"https:\/\/blogs.deusto.es\/RSanSalvador\/wp-json\/wp\/v2\/pages\/7\/revisions"}],"predecessor-version":[{"id":728,"href":"https:\/\/blogs.deusto.es\/RSanSalvador\/wp-json\/wp\/v2\/pages\/7\/revisions\/728"}],"wp:featuredmedia":[{"embeddable":true,"href":"https:\/\/blogs.deusto.es\/RSanSalvador\/wp-json\/wp\/v2\/media\/623"}],"wp:attachment":[{"href":"https:\/\/blogs.deusto.es\/RSanSalvador\/wp-json\/wp\/v2\/media?parent=7"}],"curies":[{"name":"wp","href":"https:\/\/api.w.org\/{rel}","templated":true}]}}