{"id":3205,"date":"2015-06-04T12:01:36","date_gmt":"2015-06-04T10:01:36","guid":{"rendered":"https:\/\/preblogs.deusto.es\/aprender-ensenar\/nor-gara\/"},"modified":"2015-06-04T12:01:36","modified_gmt":"2015-06-04T10:01:36","slug":"nor-gara","status":"publish","type":"page","link":"https:\/\/blogs.deusto.es\/aprender-ensenar\/eu\/nor-gara\/","title":{"rendered":"Nor gara?"},"content":{"rendered":"<p>Blog hau sortu da goi mailako hezkuntzaren berrikuntzako eta IKTak prestakuntzaren hobekuntzan erabiltzeko esperientziak, proposamenak eta ideiak partekatzeko.<\/p>\n<p><span style=\"font-weight: 400;\">Bloga unibertsitateko hainbat zerbitzutako pertsona talde batek koordinatuko du: IKT gelak, Irakaskuntzaren Berrikuntzako Unitateak, Komunikazio Instituzionalerako Kabineteak (Nortasun Digitala), eCampusak, Informatika Zerbitzuak eta DeustoTech Learning-ek. Hala ere, nahi duten guztiek parte har dezakete, unibertsitateko elkartekoek eta kanpokoek. <\/span><\/p>\n<p style=\"text-align: center;\"><b>Animatu zaitez eta bidali berrikuntzako esperientziak, IKTen arloko trikimailuak, etab. atal honetara: <\/b><b><a href=\"https:\/\/blogs.deusto.es\/aprender-ensenar\/comparte\/\">Partekatu!<\/a><\/b><\/p>\n","protected":false},"excerpt":{"rendered":"<p>Blog hau sortu da goi mailako hezkuntzaren berrikuntzako eta IKTak prestakuntzaren hobekuntzan erabiltzeko esperientziak, proposamenak eta ideiak partekatzeko. Bloga unibertsitateko hainbat zerbitzutako pertsona talde batek koordinatuko du: IKT gelak, Irakaskuntzaren Berrikuntzako Unitateak, Komunikazio Instituzionalerako Kabineteak (Nortasun Digitala), eCampusak, Informatika Zerbitzuak&#8230; <a class=\"more-link\" href=\"https:\/\/blogs.deusto.es\/aprender-ensenar\/eu\/nor-gara\/\">Continue Reading &rarr;<\/a><\/p>\n","protected":false},"author":1,"featured_media":0,"parent":0,"menu_order":0,"comment_status":"closed","ping_status":"closed","template":"","meta":{"footnotes":""},"class_list":["post-3205","page","type-page","status-publish","hentry"],"yoast_head":"<!-- This site is optimized with the Yoast SEO plugin v27.4 - https:\/\/yoast.com\/product\/yoast-seo-wordpress\/ -->\n<title>Nor gara? - Aprender para ense\u00f1ar<\/title>\n<meta name=\"robots\" content=\"index, follow, max-snippet:-1, max-image-preview:large, max-video-preview:-1\" \/>\n<link rel=\"canonical\" href=\"https:\/\/blogs.deusto.es\/aprender-ensenar\/eu\/nor-gara\/\" \/>\n<meta property=\"og:locale\" content=\"eu_ES\" \/>\n<meta property=\"og:type\" content=\"article\" \/>\n<meta property=\"og:title\" content=\"Nor gara? - Aprender para ense\u00f1ar\" \/>\n<meta property=\"og:description\" content=\"Blog hau sortu da goi mailako hezkuntzaren berrikuntzako eta IKTak prestakuntzaren hobekuntzan erabiltzeko esperientziak, proposamenak eta ideiak partekatzeko. Bloga unibertsitateko hainbat zerbitzutako pertsona talde batek koordinatuko du: IKT gelak, Irakaskuntzaren Berrikuntzako Unitateak, Komunikazio Instituzionalerako Kabineteak (Nortasun Digitala), eCampusak, Informatika Zerbitzuak... Continue Reading &rarr;\" \/>\n<meta property=\"og:url\" content=\"https:\/\/blogs.deusto.es\/aprender-ensenar\/eu\/nor-gara\/\" \/>\n<meta property=\"og:site_name\" content=\"Aprender para ense\u00f1ar\" \/>\n<meta name=\"twitter:card\" content=\"summary_large_image\" \/>\n<script type=\"application\/ld+json\" class=\"yoast-schema-graph\">{\"@context\":\"https:\\\/\\\/schema.org\",\"@graph\":[{\"@type\":\"WebPage\",\"@id\":\"https:\\\/\\\/blogs.deusto.es\\\/aprender-ensenar\\\/eu\\\/nor-gara\\\/\",\"url\":\"https:\\\/\\\/blogs.deusto.es\\\/aprender-ensenar\\\/eu\\\/nor-gara\\\/\",\"name\":\"Nor gara? - Aprender para ense\u00f1ar\",\"isPartOf\":{\"@id\":\"https:\\\/\\\/blogs.deusto.es\\\/aprender-ensenar\\\/#website\"},\"datePublished\":\"2015-06-04T10:01:36+00:00\",\"breadcrumb\":{\"@id\":\"https:\\\/\\\/blogs.deusto.es\\\/aprender-ensenar\\\/eu\\\/nor-gara\\\/#breadcrumb\"},\"inLanguage\":\"eu-ES\",\"potentialAction\":[{\"@type\":\"ReadAction\",\"target\":[\"https:\\\/\\\/blogs.deusto.es\\\/aprender-ensenar\\\/eu\\\/nor-gara\\\/\"]}]},{\"@type\":\"BreadcrumbList\",\"@id\":\"https:\\\/\\\/blogs.deusto.es\\\/aprender-ensenar\\\/eu\\\/nor-gara\\\/#breadcrumb\",\"itemListElement\":[{\"@type\":\"ListItem\",\"position\":1,\"name\":\"Portada\",\"item\":\"https:\\\/\\\/blogs.deusto.es\\\/aprender-ensenar\\\/\"},{\"@type\":\"ListItem\",\"position\":2,\"name\":\"Nor gara?\"}]},{\"@type\":\"WebSite\",\"@id\":\"https:\\\/\\\/blogs.deusto.es\\\/aprender-ensenar\\\/#website\",\"url\":\"https:\\\/\\\/blogs.deusto.es\\\/aprender-ensenar\\\/\",\"name\":\"Aprender para ense\u00f1ar\",\"description\":\"Innovaci\u00f3n docente, Formaci\u00f3n Online, Formaci\u00f3n Dual  y TIC en la Universidad de Deusto\",\"potentialAction\":[{\"@type\":\"SearchAction\",\"target\":{\"@type\":\"EntryPoint\",\"urlTemplate\":\"https:\\\/\\\/blogs.deusto.es\\\/aprender-ensenar\\\/?s={search_term_string}\"},\"query-input\":{\"@type\":\"PropertyValueSpecification\",\"valueRequired\":true,\"valueName\":\"search_term_string\"}}],\"inLanguage\":\"eu-ES\"}]}<\/script>\n<!-- \/ Yoast SEO plugin. -->","yoast_head_json":{"title":"Nor gara? - Aprender para ense\u00f1ar","robots":{"index":"index","follow":"follow","max-snippet":"max-snippet:-1","max-image-preview":"max-image-preview:large","max-video-preview":"max-video-preview:-1"},"canonical":"https:\/\/blogs.deusto.es\/aprender-ensenar\/eu\/nor-gara\/","og_locale":"eu_ES","og_type":"article","og_title":"Nor gara? - Aprender para ense\u00f1ar","og_description":"Blog hau sortu da goi mailako hezkuntzaren berrikuntzako eta IKTak prestakuntzaren hobekuntzan erabiltzeko esperientziak, proposamenak eta ideiak partekatzeko. Bloga unibertsitateko hainbat zerbitzutako pertsona talde batek koordinatuko du: IKT gelak, Irakaskuntzaren Berrikuntzako Unitateak, Komunikazio Instituzionalerako Kabineteak (Nortasun Digitala), eCampusak, Informatika Zerbitzuak... Continue Reading &rarr;","og_url":"https:\/\/blogs.deusto.es\/aprender-ensenar\/eu\/nor-gara\/","og_site_name":"Aprender para ense\u00f1ar","twitter_card":"summary_large_image","schema":{"@context":"https:\/\/schema.org","@graph":[{"@type":"WebPage","@id":"https:\/\/blogs.deusto.es\/aprender-ensenar\/eu\/nor-gara\/","url":"https:\/\/blogs.deusto.es\/aprender-ensenar\/eu\/nor-gara\/","name":"Nor gara? - Aprender para ense\u00f1ar","isPartOf":{"@id":"https:\/\/blogs.deusto.es\/aprender-ensenar\/#website"},"datePublished":"2015-06-04T10:01:36+00:00","breadcrumb":{"@id":"https:\/\/blogs.deusto.es\/aprender-ensenar\/eu\/nor-gara\/#breadcrumb"},"inLanguage":"eu-ES","potentialAction":[{"@type":"ReadAction","target":["https:\/\/blogs.deusto.es\/aprender-ensenar\/eu\/nor-gara\/"]}]},{"@type":"BreadcrumbList","@id":"https:\/\/blogs.deusto.es\/aprender-ensenar\/eu\/nor-gara\/#breadcrumb","itemListElement":[{"@type":"ListItem","position":1,"name":"Portada","item":"https:\/\/blogs.deusto.es\/aprender-ensenar\/"},{"@type":"ListItem","position":2,"name":"Nor gara?"}]},{"@type":"WebSite","@id":"https:\/\/blogs.deusto.es\/aprender-ensenar\/#website","url":"https:\/\/blogs.deusto.es\/aprender-ensenar\/","name":"Aprender para ense\u00f1ar","description":"Innovaci\u00f3n docente, Formaci\u00f3n Online, Formaci\u00f3n Dual  y TIC en la Universidad de Deusto","potentialAction":[{"@type":"SearchAction","target":{"@type":"EntryPoint","urlTemplate":"https:\/\/blogs.deusto.es\/aprender-ensenar\/?s={search_term_string}"},"query-input":{"@type":"PropertyValueSpecification","valueRequired":true,"valueName":"search_term_string"}}],"inLanguage":"eu-ES"}]}},"_links":{"self":[{"href":"https:\/\/blogs.deusto.es\/aprender-ensenar\/eu\/wp-json\/wp\/v2\/pages\/3205","targetHints":{"allow":["GET"]}}],"collection":[{"href":"https:\/\/blogs.deusto.es\/aprender-ensenar\/eu\/wp-json\/wp\/v2\/pages"}],"about":[{"href":"https:\/\/blogs.deusto.es\/aprender-ensenar\/eu\/wp-json\/wp\/v2\/types\/page"}],"author":[{"embeddable":true,"href":"https:\/\/blogs.deusto.es\/aprender-ensenar\/eu\/wp-json\/wp\/v2\/users\/1"}],"replies":[{"embeddable":true,"href":"https:\/\/blogs.deusto.es\/aprender-ensenar\/eu\/wp-json\/wp\/v2\/comments?post=3205"}],"version-history":[{"count":0,"href":"https:\/\/blogs.deusto.es\/aprender-ensenar\/eu\/wp-json\/wp\/v2\/pages\/3205\/revisions"}],"wp:attachment":[{"href":"https:\/\/blogs.deusto.es\/aprender-ensenar\/eu\/wp-json\/wp\/v2\/media?parent=3205"}],"curies":[{"name":"wp","href":"https:\/\/api.w.org\/{rel}","templated":true}]}}