{"id":3207,"date":"2015-06-04T12:01:53","date_gmt":"2015-06-04T10:01:53","guid":{"rendered":"https:\/\/preblogs.deusto.es\/aprender-ensenar\/harremanetarako\/"},"modified":"2015-06-04T12:01:53","modified_gmt":"2015-06-04T10:01:53","slug":"harremanetarako","status":"publish","type":"page","link":"https:\/\/blogs.deusto.es\/aprender-ensenar\/eu\/harremanetarako\/","title":{"rendered":"Harremanetarako"},"content":{"rendered":"\n<div class=\"wpcf7 no-js\" id=\"wpcf7-f55-o1\" lang=\"\" dir=\"ltr\" data-wpcf7-id=\"55\">\n<div class=\"screen-reader-response\"><p role=\"status\" aria-live=\"polite\" aria-atomic=\"true\"><\/p> <ul><\/ul><\/div>\n<form action=\"\/aprender-ensenar\/eu\/wp-json\/wp\/v2\/pages\/3207#wpcf7-f55-o1\" method=\"post\" class=\"wpcf7-form init\" aria-label=\"Contact form\" novalidate=\"novalidate\" data-status=\"init\">\n<fieldset class=\"hidden-fields-container\"><input type=\"hidden\" name=\"_wpcf7\" value=\"55\" \/><input type=\"hidden\" name=\"_wpcf7_version\" value=\"6.1.5\" \/><input type=\"hidden\" name=\"_wpcf7_locale\" value=\"\" \/><input type=\"hidden\" name=\"_wpcf7_unit_tag\" value=\"wpcf7-f55-o1\" \/><input type=\"hidden\" name=\"_wpcf7_container_post\" value=\"0\" \/><input type=\"hidden\" name=\"_wpcf7_posted_data_hash\" value=\"\" \/>\n<\/fieldset>\n<p>Izena (derrigorrezkoa)\n<\/p>\n<p><span class=\"wpcf7-form-control-wrap\" data-name=\"your-name\"><input size=\"40\" maxlength=\"400\" class=\"wpcf7-form-control wpcf7-text wpcf7-validates-as-required\" aria-required=\"true\" aria-invalid=\"false\" value=\"\" type=\"text\" name=\"your-name\" \/><\/span>\n<\/p>\n<p>E-posta (derrigorrezkoa)\n<\/p>\n<p><span class=\"wpcf7-form-control-wrap\" data-name=\"your-email\"><input size=\"40\" maxlength=\"400\" class=\"wpcf7-form-control wpcf7-email wpcf7-validates-as-required wpcf7-text wpcf7-validates-as-email\" aria-required=\"true\" aria-invalid=\"false\" value=\"\" type=\"email\" name=\"your-email\" \/><\/span>\n<\/p>\n<p>Mezua\n<\/p>\n<p><span class=\"wpcf7-form-control-wrap\" data-name=\"your-message\"><textarea cols=\"40\" rows=\"10\" maxlength=\"2000\" class=\"wpcf7-form-control wpcf7-textarea\" aria-invalid=\"false\" name=\"your-message\"><\/textarea><\/span>\n<\/p>\n<p><input class=\"wpcf7-form-control wpcf7-submit has-spinner\" type=\"submit\" value=\"Bidali\" \/>\n<\/p><p style=\"display: none !important;\" class=\"akismet-fields-container\" data-prefix=\"_wpcf7_ak_\"><label>&#916;<textarea name=\"_wpcf7_ak_hp_textarea\" cols=\"45\" rows=\"8\" maxlength=\"100\"><\/textarea><\/label><input type=\"hidden\" id=\"ak_js_1\" name=\"_wpcf7_ak_js\" value=\"187\"\/><script>document.getElementById( \"ak_js_1\" ).setAttribute( \"value\", ( new Date() ).getTime() );<\/script><\/p><div class=\"wpcf7-response-output\" aria-hidden=\"true\"><\/div>\n<\/form>\n<\/div>\n\n","protected":false},"excerpt":{"rendered":"","protected":false},"author":1,"featured_media":0,"parent":0,"menu_order":0,"comment_status":"closed","ping_status":"closed","template":"","meta":{"footnotes":""},"class_list":["post-3207","page","type-page","status-publish","hentry"],"yoast_head":"<!-- This site is optimized with the Yoast SEO plugin v27.4 - https:\/\/yoast.com\/product\/yoast-seo-wordpress\/ -->\n<title>Harremanetarako - Aprender para ense\u00f1ar<\/title>\n<meta name=\"robots\" content=\"index, follow, max-snippet:-1, max-image-preview:large, max-video-preview:-1\" \/>\n<link rel=\"canonical\" href=\"https:\/\/blogs.deusto.es\/aprender-ensenar\/eu\/harremanetarako\/\" \/>\n<meta property=\"og:locale\" content=\"eu_ES\" \/>\n<meta property=\"og:type\" content=\"article\" \/>\n<meta property=\"og:title\" content=\"Harremanetarako - Aprender para ense\u00f1ar\" \/>\n<meta property=\"og:url\" content=\"https:\/\/blogs.deusto.es\/aprender-ensenar\/eu\/harremanetarako\/\" \/>\n<meta property=\"og:site_name\" content=\"Aprender para ense\u00f1ar\" \/>\n<meta name=\"twitter:card\" content=\"summary_large_image\" \/>\n<script type=\"application\/ld+json\" class=\"yoast-schema-graph\">{\"@context\":\"https:\\\/\\\/schema.org\",\"@graph\":[{\"@type\":\"WebPage\",\"@id\":\"https:\\\/\\\/blogs.deusto.es\\\/aprender-ensenar\\\/eu\\\/harremanetarako\\\/\",\"url\":\"https:\\\/\\\/blogs.deusto.es\\\/aprender-ensenar\\\/eu\\\/harremanetarako\\\/\",\"name\":\"Harremanetarako - Aprender para ense\u00f1ar\",\"isPartOf\":{\"@id\":\"https:\\\/\\\/blogs.deusto.es\\\/aprender-ensenar\\\/#website\"},\"datePublished\":\"2015-06-04T10:01:53+00:00\",\"breadcrumb\":{\"@id\":\"https:\\\/\\\/blogs.deusto.es\\\/aprender-ensenar\\\/eu\\\/harremanetarako\\\/#breadcrumb\"},\"inLanguage\":\"eu-ES\",\"potentialAction\":[{\"@type\":\"ReadAction\",\"target\":[\"https:\\\/\\\/blogs.deusto.es\\\/aprender-ensenar\\\/eu\\\/harremanetarako\\\/\"]}]},{\"@type\":\"BreadcrumbList\",\"@id\":\"https:\\\/\\\/blogs.deusto.es\\\/aprender-ensenar\\\/eu\\\/harremanetarako\\\/#breadcrumb\",\"itemListElement\":[{\"@type\":\"ListItem\",\"position\":1,\"name\":\"Portada\",\"item\":\"https:\\\/\\\/blogs.deusto.es\\\/aprender-ensenar\\\/\"},{\"@type\":\"ListItem\",\"position\":2,\"name\":\"Harremanetarako\"}]},{\"@type\":\"WebSite\",\"@id\":\"https:\\\/\\\/blogs.deusto.es\\\/aprender-ensenar\\\/#website\",\"url\":\"https:\\\/\\\/blogs.deusto.es\\\/aprender-ensenar\\\/\",\"name\":\"Aprender para ense\u00f1ar\",\"description\":\"Innovaci\u00f3n docente, Formaci\u00f3n Online, Formaci\u00f3n Dual  y TIC en la Universidad de Deusto\",\"potentialAction\":[{\"@type\":\"SearchAction\",\"target\":{\"@type\":\"EntryPoint\",\"urlTemplate\":\"https:\\\/\\\/blogs.deusto.es\\\/aprender-ensenar\\\/?s={search_term_string}\"},\"query-input\":{\"@type\":\"PropertyValueSpecification\",\"valueRequired\":true,\"valueName\":\"search_term_string\"}}],\"inLanguage\":\"eu-ES\"}]}<\/script>\n<!-- \/ Yoast SEO plugin. -->","yoast_head_json":{"title":"Harremanetarako - Aprender para ense\u00f1ar","robots":{"index":"index","follow":"follow","max-snippet":"max-snippet:-1","max-image-preview":"max-image-preview:large","max-video-preview":"max-video-preview:-1"},"canonical":"https:\/\/blogs.deusto.es\/aprender-ensenar\/eu\/harremanetarako\/","og_locale":"eu_ES","og_type":"article","og_title":"Harremanetarako - Aprender para ense\u00f1ar","og_url":"https:\/\/blogs.deusto.es\/aprender-ensenar\/eu\/harremanetarako\/","og_site_name":"Aprender para ense\u00f1ar","twitter_card":"summary_large_image","schema":{"@context":"https:\/\/schema.org","@graph":[{"@type":"WebPage","@id":"https:\/\/blogs.deusto.es\/aprender-ensenar\/eu\/harremanetarako\/","url":"https:\/\/blogs.deusto.es\/aprender-ensenar\/eu\/harremanetarako\/","name":"Harremanetarako - Aprender para ense\u00f1ar","isPartOf":{"@id":"https:\/\/blogs.deusto.es\/aprender-ensenar\/#website"},"datePublished":"2015-06-04T10:01:53+00:00","breadcrumb":{"@id":"https:\/\/blogs.deusto.es\/aprender-ensenar\/eu\/harremanetarako\/#breadcrumb"},"inLanguage":"eu-ES","potentialAction":[{"@type":"ReadAction","target":["https:\/\/blogs.deusto.es\/aprender-ensenar\/eu\/harremanetarako\/"]}]},{"@type":"BreadcrumbList","@id":"https:\/\/blogs.deusto.es\/aprender-ensenar\/eu\/harremanetarako\/#breadcrumb","itemListElement":[{"@type":"ListItem","position":1,"name":"Portada","item":"https:\/\/blogs.deusto.es\/aprender-ensenar\/"},{"@type":"ListItem","position":2,"name":"Harremanetarako"}]},{"@type":"WebSite","@id":"https:\/\/blogs.deusto.es\/aprender-ensenar\/#website","url":"https:\/\/blogs.deusto.es\/aprender-ensenar\/","name":"Aprender para ense\u00f1ar","description":"Innovaci\u00f3n docente, Formaci\u00f3n Online, Formaci\u00f3n Dual  y TIC en la Universidad de Deusto","potentialAction":[{"@type":"SearchAction","target":{"@type":"EntryPoint","urlTemplate":"https:\/\/blogs.deusto.es\/aprender-ensenar\/?s={search_term_string}"},"query-input":{"@type":"PropertyValueSpecification","valueRequired":true,"valueName":"search_term_string"}}],"inLanguage":"eu-ES"}]}},"_links":{"self":[{"href":"https:\/\/blogs.deusto.es\/aprender-ensenar\/eu\/wp-json\/wp\/v2\/pages\/3207","targetHints":{"allow":["GET"]}}],"collection":[{"href":"https:\/\/blogs.deusto.es\/aprender-ensenar\/eu\/wp-json\/wp\/v2\/pages"}],"about":[{"href":"https:\/\/blogs.deusto.es\/aprender-ensenar\/eu\/wp-json\/wp\/v2\/types\/page"}],"author":[{"embeddable":true,"href":"https:\/\/blogs.deusto.es\/aprender-ensenar\/eu\/wp-json\/wp\/v2\/users\/1"}],"replies":[{"embeddable":true,"href":"https:\/\/blogs.deusto.es\/aprender-ensenar\/eu\/wp-json\/wp\/v2\/comments?post=3207"}],"version-history":[{"count":0,"href":"https:\/\/blogs.deusto.es\/aprender-ensenar\/eu\/wp-json\/wp\/v2\/pages\/3207\/revisions"}],"wp:attachment":[{"href":"https:\/\/blogs.deusto.es\/aprender-ensenar\/eu\/wp-json\/wp\/v2\/media?parent=3207"}],"curies":[{"name":"wp","href":"https:\/\/api.w.org\/{rel}","templated":true}]}}