{"id":3209,"date":"2015-06-04T12:02:27","date_gmt":"2015-06-04T10:02:27","guid":{"rendered":"https:\/\/preblogs.deusto.es\/aprender-ensenar\/partekatu\/"},"modified":"2015-06-04T12:02:27","modified_gmt":"2015-06-04T10:02:27","slug":"partekatu","status":"publish","type":"page","link":"https:\/\/blogs.deusto.es\/aprender-ensenar\/eu\/partekatu\/","title":{"rendered":"Partekatu!"},"content":{"rendered":"<h1><strong>Partekatu berrikuntzako esperientziak eta IKTetako trikimailuak<\/strong><\/h1>\n<ul>\n<li>Ikasleekin esperientzia berritzaileren bat garatu duzu azken aldian?<\/li>\n<li>Teknologiarekin probak egitea gogoko duen irakasle horietako bat zara?<\/li>\n<li>Irakas-ikaskuntzako jarduera berriak egiten ari zara?<\/li>\n<li>Lineako ikastaroetako irakaslea zara?<\/li>\n<li>Baduzu bizitza errazten dizun IKTetako trikimailurik?<\/li>\n<\/ul>\n<p>Ziur egon zure esperientzia eta ezagutza oso baliagarri izan dakiokeela unibertsitateko elkarte osoari.<\/p>\n<h2 style=\"text-align: center;\"><strong>Animatu eta partekatu ezazu blog honetan!<\/strong><\/h2>\n<p>Bidali zure post-a helbide hauetariko edozeinetara: <a href=\"mailto:aula.tic@deusto.es\">aula.tic@deusto.es<\/a><u> \/ <\/u><a href=\"mailto:innovacion.docnete@deusto.es\">innovacion.docente@deusto.es<\/a><u> \/ <\/u><a href=\"mailto:ecampus@deusto.es\">ecampus@deusto.es<\/a><\/p>\n","protected":false},"excerpt":{"rendered":"<p>Partekatu berrikuntzako esperientziak eta IKTetako trikimailuak Ikasleekin esperientzia berritzaileren bat garatu duzu azken aldian? Teknologiarekin probak egitea gogoko duen irakasle horietako bat zara? Irakas-ikaskuntzako jarduera berriak egiten ari zara? Lineako ikastaroetako irakaslea zara? Baduzu bizitza errazten dizun IKTetako trikimailurik? Ziur&#8230; <a class=\"more-link\" href=\"https:\/\/blogs.deusto.es\/aprender-ensenar\/eu\/partekatu\/\">Continue Reading &rarr;<\/a><\/p>\n","protected":false},"author":1,"featured_media":0,"parent":0,"menu_order":1,"comment_status":"closed","ping_status":"closed","template":"","meta":{"footnotes":""},"class_list":["post-3209","page","type-page","status-publish","hentry"],"yoast_head":"<!-- This site is optimized with the Yoast SEO plugin v27.4 - https:\/\/yoast.com\/product\/yoast-seo-wordpress\/ -->\n<title>Partekatu! - Aprender para ense\u00f1ar<\/title>\n<meta name=\"robots\" content=\"index, follow, max-snippet:-1, max-image-preview:large, max-video-preview:-1\" \/>\n<link rel=\"canonical\" href=\"https:\/\/blogs.deusto.es\/aprender-ensenar\/eu\/partekatu\/\" \/>\n<meta property=\"og:locale\" content=\"eu_ES\" \/>\n<meta property=\"og:type\" content=\"article\" \/>\n<meta property=\"og:title\" content=\"Partekatu! - Aprender para ense\u00f1ar\" \/>\n<meta property=\"og:description\" content=\"Partekatu berrikuntzako esperientziak eta IKTetako trikimailuak Ikasleekin esperientzia berritzaileren bat garatu duzu azken aldian? Teknologiarekin probak egitea gogoko duen irakasle horietako bat zara? Irakas-ikaskuntzako jarduera berriak egiten ari zara? Lineako ikastaroetako irakaslea zara? Baduzu bizitza errazten dizun IKTetako trikimailurik? Ziur... Continue Reading &rarr;\" \/>\n<meta property=\"og:url\" content=\"https:\/\/blogs.deusto.es\/aprender-ensenar\/eu\/partekatu\/\" \/>\n<meta property=\"og:site_name\" content=\"Aprender para ense\u00f1ar\" \/>\n<meta name=\"twitter:card\" content=\"summary_large_image\" \/>\n<script type=\"application\/ld+json\" class=\"yoast-schema-graph\">{\"@context\":\"https:\\\/\\\/schema.org\",\"@graph\":[{\"@type\":\"WebPage\",\"@id\":\"https:\\\/\\\/blogs.deusto.es\\\/aprender-ensenar\\\/eu\\\/partekatu\\\/\",\"url\":\"https:\\\/\\\/blogs.deusto.es\\\/aprender-ensenar\\\/eu\\\/partekatu\\\/\",\"name\":\"Partekatu! - Aprender para ense\u00f1ar\",\"isPartOf\":{\"@id\":\"https:\\\/\\\/blogs.deusto.es\\\/aprender-ensenar\\\/#website\"},\"datePublished\":\"2015-06-04T10:02:27+00:00\",\"breadcrumb\":{\"@id\":\"https:\\\/\\\/blogs.deusto.es\\\/aprender-ensenar\\\/eu\\\/partekatu\\\/#breadcrumb\"},\"inLanguage\":\"eu-ES\",\"potentialAction\":[{\"@type\":\"ReadAction\",\"target\":[\"https:\\\/\\\/blogs.deusto.es\\\/aprender-ensenar\\\/eu\\\/partekatu\\\/\"]}]},{\"@type\":\"BreadcrumbList\",\"@id\":\"https:\\\/\\\/blogs.deusto.es\\\/aprender-ensenar\\\/eu\\\/partekatu\\\/#breadcrumb\",\"itemListElement\":[{\"@type\":\"ListItem\",\"position\":1,\"name\":\"Portada\",\"item\":\"https:\\\/\\\/blogs.deusto.es\\\/aprender-ensenar\\\/\"},{\"@type\":\"ListItem\",\"position\":2,\"name\":\"Partekatu!\"}]},{\"@type\":\"WebSite\",\"@id\":\"https:\\\/\\\/blogs.deusto.es\\\/aprender-ensenar\\\/#website\",\"url\":\"https:\\\/\\\/blogs.deusto.es\\\/aprender-ensenar\\\/\",\"name\":\"Aprender para ense\u00f1ar\",\"description\":\"Innovaci\u00f3n docente, Formaci\u00f3n Online, Formaci\u00f3n Dual  y TIC en la Universidad de Deusto\",\"potentialAction\":[{\"@type\":\"SearchAction\",\"target\":{\"@type\":\"EntryPoint\",\"urlTemplate\":\"https:\\\/\\\/blogs.deusto.es\\\/aprender-ensenar\\\/?s={search_term_string}\"},\"query-input\":{\"@type\":\"PropertyValueSpecification\",\"valueRequired\":true,\"valueName\":\"search_term_string\"}}],\"inLanguage\":\"eu-ES\"}]}<\/script>\n<!-- \/ Yoast SEO plugin. -->","yoast_head_json":{"title":"Partekatu! - Aprender para ense\u00f1ar","robots":{"index":"index","follow":"follow","max-snippet":"max-snippet:-1","max-image-preview":"max-image-preview:large","max-video-preview":"max-video-preview:-1"},"canonical":"https:\/\/blogs.deusto.es\/aprender-ensenar\/eu\/partekatu\/","og_locale":"eu_ES","og_type":"article","og_title":"Partekatu! - Aprender para ense\u00f1ar","og_description":"Partekatu berrikuntzako esperientziak eta IKTetako trikimailuak Ikasleekin esperientzia berritzaileren bat garatu duzu azken aldian? Teknologiarekin probak egitea gogoko duen irakasle horietako bat zara? Irakas-ikaskuntzako jarduera berriak egiten ari zara? Lineako ikastaroetako irakaslea zara? Baduzu bizitza errazten dizun IKTetako trikimailurik? Ziur... Continue Reading &rarr;","og_url":"https:\/\/blogs.deusto.es\/aprender-ensenar\/eu\/partekatu\/","og_site_name":"Aprender para ense\u00f1ar","twitter_card":"summary_large_image","schema":{"@context":"https:\/\/schema.org","@graph":[{"@type":"WebPage","@id":"https:\/\/blogs.deusto.es\/aprender-ensenar\/eu\/partekatu\/","url":"https:\/\/blogs.deusto.es\/aprender-ensenar\/eu\/partekatu\/","name":"Partekatu! - Aprender para ense\u00f1ar","isPartOf":{"@id":"https:\/\/blogs.deusto.es\/aprender-ensenar\/#website"},"datePublished":"2015-06-04T10:02:27+00:00","breadcrumb":{"@id":"https:\/\/blogs.deusto.es\/aprender-ensenar\/eu\/partekatu\/#breadcrumb"},"inLanguage":"eu-ES","potentialAction":[{"@type":"ReadAction","target":["https:\/\/blogs.deusto.es\/aprender-ensenar\/eu\/partekatu\/"]}]},{"@type":"BreadcrumbList","@id":"https:\/\/blogs.deusto.es\/aprender-ensenar\/eu\/partekatu\/#breadcrumb","itemListElement":[{"@type":"ListItem","position":1,"name":"Portada","item":"https:\/\/blogs.deusto.es\/aprender-ensenar\/"},{"@type":"ListItem","position":2,"name":"Partekatu!"}]},{"@type":"WebSite","@id":"https:\/\/blogs.deusto.es\/aprender-ensenar\/#website","url":"https:\/\/blogs.deusto.es\/aprender-ensenar\/","name":"Aprender para ense\u00f1ar","description":"Innovaci\u00f3n docente, Formaci\u00f3n Online, Formaci\u00f3n Dual  y TIC en la Universidad de Deusto","potentialAction":[{"@type":"SearchAction","target":{"@type":"EntryPoint","urlTemplate":"https:\/\/blogs.deusto.es\/aprender-ensenar\/?s={search_term_string}"},"query-input":{"@type":"PropertyValueSpecification","valueRequired":true,"valueName":"search_term_string"}}],"inLanguage":"eu-ES"}]}},"_links":{"self":[{"href":"https:\/\/blogs.deusto.es\/aprender-ensenar\/eu\/wp-json\/wp\/v2\/pages\/3209","targetHints":{"allow":["GET"]}}],"collection":[{"href":"https:\/\/blogs.deusto.es\/aprender-ensenar\/eu\/wp-json\/wp\/v2\/pages"}],"about":[{"href":"https:\/\/blogs.deusto.es\/aprender-ensenar\/eu\/wp-json\/wp\/v2\/types\/page"}],"author":[{"embeddable":true,"href":"https:\/\/blogs.deusto.es\/aprender-ensenar\/eu\/wp-json\/wp\/v2\/users\/1"}],"replies":[{"embeddable":true,"href":"https:\/\/blogs.deusto.es\/aprender-ensenar\/eu\/wp-json\/wp\/v2\/comments?post=3209"}],"version-history":[{"count":0,"href":"https:\/\/blogs.deusto.es\/aprender-ensenar\/eu\/wp-json\/wp\/v2\/pages\/3209\/revisions"}],"wp:attachment":[{"href":"https:\/\/blogs.deusto.es\/aprender-ensenar\/eu\/wp-json\/wp\/v2\/media?parent=3209"}],"curies":[{"name":"wp","href":"https:\/\/api.w.org\/{rel}","templated":true}]}}