{"id":22,"date":"2015-06-04T12:02:27","date_gmt":"2015-06-04T10:02:27","guid":{"rendered":"https:\/\/preblogs.deusto.es\/deustic\/?page_id=22"},"modified":"2021-02-05T09:21:45","modified_gmt":"2021-02-05T08:21:45","slug":"comparte","status":"publish","type":"page","link":"https:\/\/blogs.deusto.es\/aprender-ensenar\/comparte\/","title":{"rendered":"\u00a1Comparte!"},"content":{"rendered":"<h1><b>Comparte tus experiencias de innovaci\u00f3n y trucos TIC<\/b><\/h1>\n<ul>\n<li>\u00bfHas desarrollado \u00faltimamente alguna experiencia innovadora con tus estudiantes?<\/li>\n<li><span style=\"font-weight: 400\">\u00bfEres uno de esos docentes a los que les encanta \u201ccacharrear\u201d con la tecnolog\u00eda?<\/span><\/li>\n<li><span style=\"font-weight: 400\">\u00bfAplicas innovadoras metodolog\u00edas o formas novedosas de ense\u00f1anza-aprendizaje?<\/span><\/li>\n<li><span style=\"font-weight: 400\">\u00bfEres profesor\/a online?<\/span><\/li>\n<li><span style=\"font-weight: 400\">\u00bfTienes alg\u00fan truco TIC que te facilita la vida y la interacci\u00f3n con tu alumnado?<\/span><\/li>\n<\/ul>\n<p>Seguro que tu experiencia y conocimiento nos resultan de mucha utilidad a toda la comunidad universitaria.<\/p>\n<h2 style=\"text-align: center\"><strong>\u00a1An\u00edmate a compartir en este blog!<\/strong><\/h2>\n<p><span style=\"font-weight: 400\">Si quieres, comienza por contactar con nosotros a trav\u00e9s de la siguiente direcci\u00f3n: <\/span><a href=\"mailto:innovacion.docnete@deusto.es\"><span style=\"font-weight: 400\">innovacion.docente@deusto.es<\/span><\/a><\/p>\n\n\n<p><a href=\"https:\/\/blogs.deusto.es\/aprender-ensenar\/\"><span style=\"color:#0029a3\" class=\"has-inline-color\">VOLVER A INICIO<\/span><\/a><\/p>\n","protected":false},"excerpt":{"rendered":"<p>Comparte tus experiencias de innovaci\u00f3n y trucos TIC \u00bfHas desarrollado \u00faltimamente alguna experiencia innovadora con tus estudiantes? \u00bfEres uno de esos docentes a los que les encanta \u201ccacharrear\u201d con la tecnolog\u00eda? \u00bfAplicas innovadoras metodolog\u00edas o formas novedosas de ense\u00f1anza-aprendizaje? \u00bfEres&#8230; <a class=\"more-link\" href=\"https:\/\/blogs.deusto.es\/aprender-ensenar\/comparte\/\">Seguir leyendo &rarr;<\/a><\/p>\n","protected":false},"author":1,"featured_media":0,"parent":0,"menu_order":1,"comment_status":"closed","ping_status":"closed","template":"","meta":{"footnotes":""},"class_list":["post-22","page","type-page","status-publish","hentry"],"yoast_head":"<!-- This site is optimized with the Yoast SEO plugin v27.4 - https:\/\/yoast.com\/product\/yoast-seo-wordpress\/ -->\n<title>\u00a1Comparte! - Aprender para ense\u00f1ar<\/title>\n<meta name=\"robots\" content=\"index, follow, max-snippet:-1, max-image-preview:large, max-video-preview:-1\" \/>\n<link rel=\"canonical\" href=\"https:\/\/blogs.deusto.es\/aprender-ensenar\/comparte\/\" \/>\n<meta property=\"og:locale\" content=\"es_ES\" \/>\n<meta property=\"og:type\" content=\"article\" \/>\n<meta property=\"og:title\" content=\"\u00a1Comparte! - Aprender para ense\u00f1ar\" \/>\n<meta property=\"og:description\" content=\"Comparte tus experiencias de innovaci\u00f3n y trucos TIC \u00bfHas desarrollado \u00faltimamente alguna experiencia innovadora con tus estudiantes? \u00bfEres uno de esos docentes a los que les encanta \u201ccacharrear\u201d con la tecnolog\u00eda? \u00bfAplicas innovadoras metodolog\u00edas o formas novedosas de ense\u00f1anza-aprendizaje? \u00bfEres... Seguir leyendo &rarr;\" \/>\n<meta property=\"og:url\" content=\"https:\/\/blogs.deusto.es\/aprender-ensenar\/comparte\/\" \/>\n<meta property=\"og:site_name\" content=\"Aprender para ense\u00f1ar\" \/>\n<meta property=\"article:modified_time\" content=\"2021-02-05T08:21:45+00:00\" \/>\n<meta name=\"twitter:card\" content=\"summary_large_image\" \/>\n<meta name=\"twitter:label1\" content=\"Tiempo de lectura\" \/>\n\t<meta name=\"twitter:data1\" content=\"1 minuto\" \/>\n<script type=\"application\/ld+json\" class=\"yoast-schema-graph\">{\"@context\":\"https:\\\/\\\/schema.org\",\"@graph\":[{\"@type\":\"WebPage\",\"@id\":\"https:\\\/\\\/blogs.deusto.es\\\/aprender-ensenar\\\/comparte\\\/\",\"url\":\"https:\\\/\\\/blogs.deusto.es\\\/aprender-ensenar\\\/comparte\\\/\",\"name\":\"\u00a1Comparte! - Aprender para ense\u00f1ar\",\"isPartOf\":{\"@id\":\"https:\\\/\\\/blogs.deusto.es\\\/aprender-ensenar\\\/#website\"},\"datePublished\":\"2015-06-04T10:02:27+00:00\",\"dateModified\":\"2021-02-05T08:21:45+00:00\",\"breadcrumb\":{\"@id\":\"https:\\\/\\\/blogs.deusto.es\\\/aprender-ensenar\\\/comparte\\\/#breadcrumb\"},\"inLanguage\":\"es\",\"potentialAction\":[{\"@type\":\"ReadAction\",\"target\":[\"https:\\\/\\\/blogs.deusto.es\\\/aprender-ensenar\\\/comparte\\\/\"]}]},{\"@type\":\"BreadcrumbList\",\"@id\":\"https:\\\/\\\/blogs.deusto.es\\\/aprender-ensenar\\\/comparte\\\/#breadcrumb\",\"itemListElement\":[{\"@type\":\"ListItem\",\"position\":1,\"name\":\"Portada\",\"item\":\"https:\\\/\\\/blogs.deusto.es\\\/aprender-ensenar\\\/\"},{\"@type\":\"ListItem\",\"position\":2,\"name\":\"\u00a1Comparte!\"}]},{\"@type\":\"WebSite\",\"@id\":\"https:\\\/\\\/blogs.deusto.es\\\/aprender-ensenar\\\/#website\",\"url\":\"https:\\\/\\\/blogs.deusto.es\\\/aprender-ensenar\\\/\",\"name\":\"Aprender para ense\u00f1ar\",\"description\":\"Innovaci\u00f3n docente, Formaci\u00f3n Online, Formaci\u00f3n Dual  y TIC en la Universidad de Deusto\",\"potentialAction\":[{\"@type\":\"SearchAction\",\"target\":{\"@type\":\"EntryPoint\",\"urlTemplate\":\"https:\\\/\\\/blogs.deusto.es\\\/aprender-ensenar\\\/?s={search_term_string}\"},\"query-input\":{\"@type\":\"PropertyValueSpecification\",\"valueRequired\":true,\"valueName\":\"search_term_string\"}}],\"inLanguage\":\"es\"}]}<\/script>\n<!-- \/ Yoast SEO plugin. -->","yoast_head_json":{"title":"\u00a1Comparte! - Aprender para ense\u00f1ar","robots":{"index":"index","follow":"follow","max-snippet":"max-snippet:-1","max-image-preview":"max-image-preview:large","max-video-preview":"max-video-preview:-1"},"canonical":"https:\/\/blogs.deusto.es\/aprender-ensenar\/comparte\/","og_locale":"es_ES","og_type":"article","og_title":"\u00a1Comparte! - Aprender para ense\u00f1ar","og_description":"Comparte tus experiencias de innovaci\u00f3n y trucos TIC \u00bfHas desarrollado \u00faltimamente alguna experiencia innovadora con tus estudiantes? \u00bfEres uno de esos docentes a los que les encanta \u201ccacharrear\u201d con la tecnolog\u00eda? \u00bfAplicas innovadoras metodolog\u00edas o formas novedosas de ense\u00f1anza-aprendizaje? \u00bfEres... Seguir leyendo &rarr;","og_url":"https:\/\/blogs.deusto.es\/aprender-ensenar\/comparte\/","og_site_name":"Aprender para ense\u00f1ar","article_modified_time":"2021-02-05T08:21:45+00:00","twitter_card":"summary_large_image","twitter_misc":{"Tiempo de lectura":"1 minuto"},"schema":{"@context":"https:\/\/schema.org","@graph":[{"@type":"WebPage","@id":"https:\/\/blogs.deusto.es\/aprender-ensenar\/comparte\/","url":"https:\/\/blogs.deusto.es\/aprender-ensenar\/comparte\/","name":"\u00a1Comparte! - Aprender para ense\u00f1ar","isPartOf":{"@id":"https:\/\/blogs.deusto.es\/aprender-ensenar\/#website"},"datePublished":"2015-06-04T10:02:27+00:00","dateModified":"2021-02-05T08:21:45+00:00","breadcrumb":{"@id":"https:\/\/blogs.deusto.es\/aprender-ensenar\/comparte\/#breadcrumb"},"inLanguage":"es","potentialAction":[{"@type":"ReadAction","target":["https:\/\/blogs.deusto.es\/aprender-ensenar\/comparte\/"]}]},{"@type":"BreadcrumbList","@id":"https:\/\/blogs.deusto.es\/aprender-ensenar\/comparte\/#breadcrumb","itemListElement":[{"@type":"ListItem","position":1,"name":"Portada","item":"https:\/\/blogs.deusto.es\/aprender-ensenar\/"},{"@type":"ListItem","position":2,"name":"\u00a1Comparte!"}]},{"@type":"WebSite","@id":"https:\/\/blogs.deusto.es\/aprender-ensenar\/#website","url":"https:\/\/blogs.deusto.es\/aprender-ensenar\/","name":"Aprender para ense\u00f1ar","description":"Innovaci\u00f3n docente, Formaci\u00f3n Online, Formaci\u00f3n Dual  y TIC en la Universidad de Deusto","potentialAction":[{"@type":"SearchAction","target":{"@type":"EntryPoint","urlTemplate":"https:\/\/blogs.deusto.es\/aprender-ensenar\/?s={search_term_string}"},"query-input":{"@type":"PropertyValueSpecification","valueRequired":true,"valueName":"search_term_string"}}],"inLanguage":"es"}]}},"_links":{"self":[{"href":"https:\/\/blogs.deusto.es\/aprender-ensenar\/wp-json\/wp\/v2\/pages\/22","targetHints":{"allow":["GET"]}}],"collection":[{"href":"https:\/\/blogs.deusto.es\/aprender-ensenar\/wp-json\/wp\/v2\/pages"}],"about":[{"href":"https:\/\/blogs.deusto.es\/aprender-ensenar\/wp-json\/wp\/v2\/types\/page"}],"author":[{"embeddable":true,"href":"https:\/\/blogs.deusto.es\/aprender-ensenar\/wp-json\/wp\/v2\/users\/1"}],"replies":[{"embeddable":true,"href":"https:\/\/blogs.deusto.es\/aprender-ensenar\/wp-json\/wp\/v2\/comments?post=22"}],"version-history":[{"count":16,"href":"https:\/\/blogs.deusto.es\/aprender-ensenar\/wp-json\/wp\/v2\/pages\/22\/revisions"}],"predecessor-version":[{"id":4531,"href":"https:\/\/blogs.deusto.es\/aprender-ensenar\/wp-json\/wp\/v2\/pages\/22\/revisions\/4531"}],"wp:attachment":[{"href":"https:\/\/blogs.deusto.es\/aprender-ensenar\/wp-json\/wp\/v2\/media?parent=22"}],"curies":[{"name":"wp","href":"https:\/\/api.w.org\/{rel}","templated":true}]}}