{"id":135,"date":"2012-05-28T13:02:57","date_gmt":"2012-05-28T11:02:57","guid":{"rendered":"https:\/\/preblogs.deusto.es\/cide\/?page_id=135"},"modified":"2015-07-02T09:55:43","modified_gmt":"2015-07-02T07:55:43","slug":"multimedia","status":"publish","type":"page","link":"https:\/\/blogs.deusto.es\/cide\/multimedia\/","title":{"rendered":"Multimedia"},"content":{"rendered":"<p style=\"text-align: justify;\">En esta secci\u00f3n, iremos colgando material multimedia relacionado con nuestros estudiantes y con el <a href=\"http:\/\/www.cide.deusto.es\" target=\"_blank\">Centro Internacional de Espa\u00f1ol<\/a>.<\/p>\n<h2 style=\"text-align: right;\"><span style=\"color: #800000;\">V\u00eddeos<\/span><\/h2>\n<p style=\"text-align: left;\"><em>Estudiantes del curso Espa\u00f1ol a trav\u00e9s del teatro del programa de Primavera 2015:<\/em><\/p>\n<p style=\"text-align: center;\"><iframe src=\"https:\/\/www.youtube.com\/embed\/5fq0rPRqPY4\" height=\"315\" width=\"560\" allowfullscreen=\"\" frameborder=\"0\"><\/iframe><\/p>\n<p style=\"text-align: left;\"><em>Estudiantes CIDE entrevistados para el Teleberri con motivo de las elecciones estadounidenses de 2012. (Minuto 17:07)<\/em><\/p>\n<p style=\"text-align: center;\"><object id=\"flashObj\" width=\"500\" height=\"470\" classid=\"clsid:d27cdb6e-ae6d-11cf-96b8-444553540000\" codebase=\"http:\/\/download.macromedia.com\/pub\/shockwave\/cabs\/flash\/swflash.cab#version=6,0,40,0\" bgcolor=\"#FFFFFF\"><param name=\"flashVars\" value=\"videoId=1954379919001&amp;playerID=1052472069001&amp;playerKey=AQ~~,AAAAF8Q-iyk~,FDoJSqZe3TR6MHYGnipbmxPnFodTmvml&amp;domain=embed&amp;dynamicStreaming=false&amp;autoStart=false\" \/><param name=\"base\" value=\"http:\/\/admin.brightcove.com\" \/><param name=\"seamlesstabbing\" value=\"false\" \/><param name=\"allowFullScreen\" value=\"true\" \/><param name=\"swLiveConnect\" value=\"true\" \/><param name=\"allowScriptAccess\" value=\"always\" \/><param name=\"src\" value=\"http:\/\/c.brightcove.com\/services\/viewer\/federated_f9?isVid=1\" \/><param name=\"flashvars\" value=\"videoId=1954379919001&amp;playerID=1052472069001&amp;playerKey=AQ~~,AAAAF8Q-iyk~,FDoJSqZe3TR6MHYGnipbmxPnFodTmvml&amp;domain=embed&amp;dynamicStreaming=false&amp;autoStart=false\" \/><param name=\"allowfullscreen\" value=\"true\" \/><param name=\"swliveconnect\" value=\"true\" \/><param name=\"allowscriptaccess\" value=\"always\" \/><param name=\"pluginspage\" value=\"http:\/\/www.macromedia.com\/shockwave\/download\/index.cgi?P1_Prod_Version=ShockwaveFlash\" \/><embed id=\"flashObj\" width=\"500\" height=\"470\" type=\"application\/x-shockwave-flash\" src=\"http:\/\/c.brightcove.com\/services\/viewer\/federated_f9?isVid=1\" flashVars=\"videoId=1954379919001&amp;playerID=1052472069001&amp;playerKey=AQ~~,AAAAF8Q-iyk~,FDoJSqZe3TR6MHYGnipbmxPnFodTmvml&amp;domain=embed&amp;dynamicStreaming=false&amp;autoStart=false\" base=\"http:\/\/admin.brightcove.com\" seamlesstabbing=\"false\" allowFullScreen=\"true\" swLiveConnect=\"true\" allowScriptAccess=\"always\" flashvars=\"videoId=1954379919001&amp;playerID=1052472069001&amp;playerKey=AQ~~,AAAAF8Q-iyk~,FDoJSqZe3TR6MHYGnipbmxPnFodTmvml&amp;domain=embed&amp;dynamicStreaming=false&amp;autoStart=false\" allowfullscreen=\"true\" swliveconnect=\"true\" allowscriptaccess=\"always\" pluginspage=\"http:\/\/www.macromedia.com\/shockwave\/download\/index.cgi?P1_Prod_Version=ShockwaveFlash\" bgcolor=\"#FFFFFF\" \/><\/object><\/p>\n<p style=\"text-align: left;\"><span style=\"color: #000000;\"><em>Estudiantes de los programas de Lengua y Cultura, y Negocios del semestre de Primavera 2012:<\/em><\/span><\/p>\n<p style=\"text-align: center;\"><object width=\"420\" height=\"315\" classid=\"clsid:d27cdb6e-ae6d-11cf-96b8-444553540000\" codebase=\"http:\/\/download.macromedia.com\/pub\/shockwave\/cabs\/flash\/swflash.cab#version=6,0,40,0\"><param name=\"allowFullScreen\" value=\"true\" \/><param name=\"allowscriptaccess\" value=\"always\" \/><param name=\"src\" value=\"http:\/\/www.youtube.com\/v\/LfTgaUFsC48?version=3&amp;hl=es_ES\" \/><param name=\"allowfullscreen\" value=\"true\" \/><embed width=\"420\" height=\"315\" type=\"application\/x-shockwave-flash\" src=\"http:\/\/www.youtube.com\/v\/LfTgaUFsC48?version=3&amp;hl=es_ES\" allowFullScreen=\"true\" allowscriptaccess=\"always\" allowfullscreen=\"true\" \/><\/object><\/p>\n<p style=\"text-align: left;\">Estudiantes del curso Pr\u00e1cticum del programa de Oto\u00f1o 2012 representando sus proyectos teatrales:<\/p>\n<p style=\"text-align: center;\"><object width=\"500\" height=\"315\" classid=\"clsid:d27cdb6e-ae6d-11cf-96b8-444553540000\" codebase=\"http:\/\/download.macromedia.com\/pub\/shockwave\/cabs\/flash\/swflash.cab#version=6,0,40,0\"><param name=\"allowFullScreen\" value=\"true\" \/><param name=\"allowscriptaccess\" value=\"always\" \/><param name=\"src\" value=\"https:\/\/www.youtube.com\/v\/9qB6o7mQ9-8?version=3&amp;hl=es_ES&amp;rel=0\" \/><param name=\"allowfullscreen\" value=\"true\" \/><embed width=\"500\" height=\"315\" type=\"application\/x-shockwave-flash\" src=\"https:\/\/www.youtube.com\/v\/9qB6o7mQ9-8?version=3&amp;hl=es_ES&amp;rel=0\" allowFullScreen=\"true\" allowscriptaccess=\"always\" allowfullscreen=\"true\" \/><\/object><\/p>\n<p style=\"text-align: center;\"><object width=\"500\" height=\"315\" classid=\"clsid:d27cdb6e-ae6d-11cf-96b8-444553540000\" codebase=\"http:\/\/download.macromedia.com\/pub\/shockwave\/cabs\/flash\/swflash.cab#version=6,0,40,0\"><param name=\"allowFullScreen\" value=\"true\" \/><param name=\"allowscriptaccess\" value=\"always\" \/><param name=\"src\" value=\"https:\/\/www.youtube.com\/v\/638F70adgrI?hl=es_ES&amp;version=3&amp;rel=0\" \/><param name=\"allowfullscreen\" value=\"true\" \/><embed width=\"500\" height=\"315\" type=\"application\/x-shockwave-flash\" src=\"https:\/\/www.youtube.com\/v\/638F70adgrI?hl=es_ES&amp;version=3&amp;rel=0\" allowFullScreen=\"true\" allowscriptaccess=\"always\" allowfullscreen=\"true\" \/><\/object><\/p>\n<p style=\"text-align: center;\"><object width=\"500\" height=\"315\" classid=\"clsid:d27cdb6e-ae6d-11cf-96b8-444553540000\" codebase=\"http:\/\/download.macromedia.com\/pub\/shockwave\/cabs\/flash\/swflash.cab#version=6,0,40,0\"><param name=\"allowFullScreen\" value=\"true\" \/><param name=\"allowscriptaccess\" value=\"always\" \/><param name=\"src\" value=\"https:\/\/www.youtube.com\/v\/0xZdNUeaOFo?version=3&amp;hl=es_ES&amp;rel=0\" \/><param name=\"allowfullscreen\" value=\"true\" \/><embed width=\"500\" height=\"315\" type=\"application\/x-shockwave-flash\" src=\"https:\/\/www.youtube.com\/v\/0xZdNUeaOFo?version=3&amp;hl=es_ES&amp;rel=0\" allowFullScreen=\"true\" allowscriptaccess=\"always\" allowfullscreen=\"true\" \/><\/object><\/p>\n<p style=\"text-align: left;\"><em>Estudiantes del curso Pr\u00e1cticum (cocina y teatro) representando una adaptaci\u00f3n de <\/em><a href=\"http:\/\/es.wikipedia.org\/wiki\/El_retablo_de_las_maravillas\" target=\"_blank\">El retablo de las maravillas<\/a><em> de Cervantes ante sus compa\u00f1eros:<\/em><\/p>\n<p style=\"text-align: center;\"><object width=\"420\" height=\"315\" classid=\"clsid:d27cdb6e-ae6d-11cf-96b8-444553540000\" codebase=\"http:\/\/download.macromedia.com\/pub\/shockwave\/cabs\/flash\/swflash.cab#version=6,0,40,0\"><param name=\"allowFullScreen\" value=\"true\" \/><param name=\"allowscriptaccess\" value=\"always\" \/><param name=\"src\" value=\"http:\/\/www.youtube.com\/v\/HUcc52dCqto?version=3&amp;hl=es_ES\" \/><param name=\"allowfullscreen\" value=\"true\" \/><embed width=\"420\" height=\"315\" type=\"application\/x-shockwave-flash\" src=\"http:\/\/www.youtube.com\/v\/HUcc52dCqto?version=3&amp;hl=es_ES\" allowFullScreen=\"true\" allowscriptaccess=\"always\" allowfullscreen=\"true\" \/><\/object><\/p>\n<p style=\"text-align: center;\"><object width=\"420\" height=\"315\" classid=\"clsid:d27cdb6e-ae6d-11cf-96b8-444553540000\" codebase=\"http:\/\/download.macromedia.com\/pub\/shockwave\/cabs\/flash\/swflash.cab#version=6,0,40,0\"><param name=\"allowFullScreen\" value=\"true\" \/><param name=\"allowscriptaccess\" value=\"always\" \/><param name=\"src\" value=\"http:\/\/www.youtube.com\/v\/xV5pNSh39U8?version=3&amp;hl=es_ES\" \/><param name=\"allowfullscreen\" value=\"true\" \/><embed width=\"420\" height=\"315\" type=\"application\/x-shockwave-flash\" src=\"http:\/\/www.youtube.com\/v\/xV5pNSh39U8?version=3&amp;hl=es_ES\" allowFullScreen=\"true\" allowscriptaccess=\"always\" allowfullscreen=\"true\" \/><\/object><\/p>\n","protected":false},"excerpt":{"rendered":"<p>En esta secci\u00f3n, iremos colgando material multimedia relacionado con nuestros estudiantes y con el Centro Internacional de Espa\u00f1ol. V\u00eddeos Estudiantes del curso Espa\u00f1ol a trav\u00e9s del teatro del programa de Primavera 2015: Estudiantes CIDE entrevistados para el Teleberri con motivo de las elecciones estadounidenses de 2012. (Minuto 17:07) Estudiantes de los programas de Lengua y [&hellip;]<\/p>\n","protected":false},"author":142,"featured_media":149,"parent":0,"menu_order":0,"comment_status":"open","ping_status":"open","template":"","meta":{"_genesis_hide_title":false,"_genesis_hide_breadcrumbs":false,"_genesis_hide_singular_image":false,"_genesis_hide_footer_widgets":false,"_genesis_custom_body_class":"","_genesis_custom_post_class":"","_genesis_layout":"","footnotes":""},"class_list":{"0":"post-135","1":"page","2":"type-page","3":"status-publish","4":"has-post-thumbnail","6":"entry"},"_links":{"self":[{"href":"https:\/\/blogs.deusto.es\/cide\/wp-json\/wp\/v2\/pages\/135","targetHints":{"allow":["GET"]}}],"collection":[{"href":"https:\/\/blogs.deusto.es\/cide\/wp-json\/wp\/v2\/pages"}],"about":[{"href":"https:\/\/blogs.deusto.es\/cide\/wp-json\/wp\/v2\/types\/page"}],"author":[{"embeddable":true,"href":"https:\/\/blogs.deusto.es\/cide\/wp-json\/wp\/v2\/users\/142"}],"replies":[{"embeddable":true,"href":"https:\/\/blogs.deusto.es\/cide\/wp-json\/wp\/v2\/comments?post=135"}],"version-history":[{"count":19,"href":"https:\/\/blogs.deusto.es\/cide\/wp-json\/wp\/v2\/pages\/135\/revisions"}],"predecessor-version":[{"id":3278,"href":"https:\/\/blogs.deusto.es\/cide\/wp-json\/wp\/v2\/pages\/135\/revisions\/3278"}],"wp:featuredmedia":[{"embeddable":true,"href":"https:\/\/blogs.deusto.es\/cide\/wp-json\/wp\/v2\/media\/149"}],"wp:attachment":[{"href":"https:\/\/blogs.deusto.es\/cide\/wp-json\/wp\/v2\/media?parent=135"}],"curies":[{"name":"wp","href":"https:\/\/api.w.org\/{rel}","templated":true}]}}