{"id":419,"date":"2012-07-20T12:02:28","date_gmt":"2012-07-20T10:02:28","guid":{"rendered":"https:\/\/preblogs.deusto.es\/cide\/?page_id=419"},"modified":"2020-01-17T09:24:33","modified_gmt":"2020-01-17T08:24:33","slug":"bilbao-en-la-red","status":"publish","type":"page","link":"https:\/\/blogs.deusto.es\/cide\/bilbao-en-la-red\/","title":{"rendered":"Bilbao en la red"},"content":{"rendered":"\n<p><a href=\"http:\/\/bilbao.net\/cs\/Satellite?language=es&amp;pagename=Bilbaonet%2FPage%2FBIO_home\">Bilbao.eus<\/a>: La p\u00e1gina web oficial del Ayuntamiento de Bilbao contiene una <a href=\"http:\/\/bilbao.net\/cs\/Satellite?c=Page&amp;cid=3000020779&amp;language=es&amp;pageid=3000020779&amp;pagename=Bilbaonet%2FPage%2FBIO_detallePagina\">agenda<\/a> con las actividades que se celebran en la ciudad, una <a href=\"http:\/\/bilbao.net\/cs\/Satellite?c=Page&amp;cid=3000094210&amp;language=es&amp;pageid=3000094210&amp;pagename=Bilbaonet%2FPage%2FBIO_ListadoServicios\"><\/a><a href=\"http:\/\/bilbao.net\/cs\/Satellite?c=Page&amp;cid=3000094210&amp;language=es&amp;pageid=3000094210&amp;pagename=Bilbaonet%2FPage%2FBIO_ListadoServicios\">gu\u00eda de ocio<\/a>\u00a0(cultura, deporte, m\u00fasica&#8230;), <a href=\"http:\/\/bilbao.net\/cs\/Satellite?c=Page&amp;cid=3000094080&amp;language=es&amp;pageid=3000094080&amp;pagename=Bilbaonet%2FPage%2FBIO_ListadoServicios\">informaci\u00f3n pr\u00e1ctica para turistas<\/a>, informaci\u00f3n sobre los <a href=\"http:\/\/bilbao.net\/cs\/Satellite?c=Page&amp;cid=3000020813&amp;language=es&amp;pageid=3000020813&amp;pagename=Bilbaonet%2FPage%2FBIO_detallePagina\">sobre el transporte en Bilbao<\/a> e informaci\u00f3n sobre tr\u00e1mites oficiales (<em><a rel=\"noreferrer noopener\" href=\"http:\/\/www.bilbao.net\/cs\/Satellite?cid=3000076614&amp;language=en&amp;pagename=Bilbaonet%2FPage%2FBIO_contenidoFinal\" target=\"_blank\">English version<\/a><\/em>).<\/p>\n\n\n\n<div class=\"wp-block-image\"><figure class=\"aligncenter\"><a href=\"https:\/\/blogs.deusto.es\/cide\/wp-content\/uploads\/sites\/10\/2012\/07\/small_5437123000.jpg\"><img decoding=\"async\" width=\"240\" height=\"160\" src=\"https:\/\/blogs.deusto.es\/cide\/wp-content\/uploads\/sites\/10\/2012\/07\/small_5437123000.jpg\" alt=\"\" class=\"wp-image-426\" \/><\/a><figcaption>Ayuntamiento de Bilbao<\/figcaption><\/figure><\/div>\n\n\n\n<div class=\"wp-block-image\"><figure class=\"alignright\"><a href=\"http:\/\/www.kulturklik.euskadi.eus\/inicio\/\" target=\"_blank\" rel=\"noreferrer noopener\"><img decoding=\"async\" src=\"http:\/\/www.kulturklik.euskadi.eus\/images\/z12-logo-kulturklik.png\" alt=\"Kulturklik \" \/><\/a><\/figure><\/div>\n\n\n\n<p><a href=\"http:\/\/www.kulturklik.euskadi.eus\/inicio\/\" target=\"_blank\" rel=\"noreferrer noopener\">Kulturklik<\/a>: Espacio interactivo de la Cultura Vasca. En \u00e9l pod\u00e9is encontrar una estupenda <a href=\"http:\/\/www.kulturklik.euskadi.eus\/z12-shagenda\/es\/aa58aPublicoWar\/agenda\/sacarAgenda?locale=es\" target=\"_blank\" rel=\"noreferrer noopener\">agenda cultural<\/a>, sobre Bilbao y alrededores.&nbsp;Adem\u00e1s, en Kulturklik encontrar\u00e9is art\u00edculos y noticias sobre la cultura vasca y un amplio <a href=\"http:\/\/www.kulturklik.euskadi.eus\/creaciones\/\" target=\"_blank\" rel=\"noreferrer noopener\">directorio de recursos culturales<\/a>.<\/p>\n\n\n\n<p><a rel=\"noreferrer noopener\" href=\"https:\/\/www.mybilbaobizkaia.eus\/\" target=\"_blank\">MyBilbaoBizkaia<\/a>: p\u00e1gina web sobre el turismo en Bilbao y Bizkaia que incluye informaci\u00f3n sobre <a href=\"https:\/\/www.mybilbaobizkaia.eus\/la-cultura-de-bilbao\/\">cultura<\/a>, <a href=\"https:\/\/www.mybilbaobizkaia.eus\/deportes-en-bilbao\/\">deportes<\/a> y <a href=\"https:\/\/www.mybilbaobizkaia.eus\/musica-teatros\/\">m\u00fasica<\/a>.&nbsp;<\/p>\n\n\n\n<p><a href=\"https:\/\/bilbaofree.net\/\">Free Bilbao<\/a>: p\u00e1gina web con informaci\u00f3n y reportajes sobre eventos gratuitos de ocio y cultura en Bilbao y alrededores. Incluye diferentes secciones: m\u00fasica, cine, eventos, teatro, exposiciones, charlas\u2026<\/p>\n\n\n\n<figure class=\"wp-block-image\"><img fetchpriority=\"high\" decoding=\"async\" width=\"930\" height=\"155\" src=\"https:\/\/blogs.deusto.es\/cide\/wp-content\/uploads\/sites\/10\/2020\/01\/bilbaofree-ocio-y-cultura-ok.png\" alt=\"\" class=\"wp-image-7110\" srcset=\"https:\/\/blogs.deusto.es\/wp-content\/uploads\/sites\/10\/2020\/01\/bilbaofree-ocio-y-cultura-ok.png 930w, https:\/\/blogs.deusto.es\/wp-content\/uploads\/sites\/10\/2020\/01\/bilbaofree-ocio-y-cultura-ok-300x50.png 300w, https:\/\/blogs.deusto.es\/wp-content\/uploads\/sites\/10\/2020\/01\/bilbaofree-ocio-y-cultura-ok-768x128.png 768w, https:\/\/blogs.deusto.es\/wp-content\/uploads\/sites\/10\/2020\/01\/bilbaofree-ocio-y-cultura-ok-640x107.png 640w\" sizes=\"(max-width: 930px) 100vw, 930px\" \/><\/figure>\n\n\n\n<div class=\"wp-block-image\"><figure class=\"alignright is-resized\"><img decoding=\"async\" src=\"https:\/\/www.disfrutabizkaia.com\/imgs\/disfruta-bizkaia.svg\" alt=\"Disfruta Bizkaia\" width=\"233\" height=\"100\" \/><\/figure><\/div>\n\n\n\n<p><a href=\"https:\/\/www.disfrutabizkaia.com\/\">Disfruta Bizkaia<\/a>: es una iniciativa de la Asociaci\u00f3n de Hosteler\u00eda de Bizkaia mediante la cual se pretende dar visibilidad a los establecimientos hosteleros de Bizkaia as\u00ed como ofrecer planes \u00fanicos con los que disfrutar de entorno vizca\u00edno. En esta web se puede encontrar una gran variedad de alojamientos, restaurantes y planes, as\u00ed como un blog con diferentes ideas interesantes para poder aprovechar al m\u00e1ximo la experiencia tur\u00edstica en Bizkaia.<\/p>\n\n\n\n<p style=\"text-align:right\"><strong>Fuente de la fotograf\u00edas:<\/strong><\/p>\n\n\n\n<p style=\"text-align:right\"><a href=\"http:\/\/www.flickr.com\/photos\/agirregabiria\/5437123000\/\" target=\"_blank\" rel=\"noreferrer noopener\">Edificio Principal del Ayuntamiento de Bilbao<\/a> de <a href=\"http:\/\/www.flickr.com\/photos\/agirregabiria\/\" target=\"_blank\" rel=\"noreferrer noopener\">Mikel Agirregabiria<\/a>.<\/p>\n\n\n\n<p style=\"text-align:right\">Los logos usados pertenecen a las webs mencionadas.<\/p>\n","protected":false},"excerpt":{"rendered":"<p>Bilbao.eus: La p\u00e1gina web oficial del Ayuntamiento de Bilbao contiene una agenda con las actividades que se celebran en la ciudad, una gu\u00eda de ocio\u00a0(cultura, deporte, m\u00fasica&#8230;), informaci\u00f3n pr\u00e1ctica para turistas, informaci\u00f3n sobre los sobre el transporte en Bilbao e informaci\u00f3n sobre tr\u00e1mites oficiales (English version). Kulturklik: Espacio interactivo de la Cultura Vasca. En \u00e9l [&hellip;]<\/p>\n","protected":false},"author":142,"featured_media":426,"parent":0,"menu_order":0,"comment_status":"open","ping_status":"closed","template":"","meta":{"_genesis_hide_title":false,"_genesis_hide_breadcrumbs":false,"_genesis_hide_singular_image":false,"_genesis_hide_footer_widgets":false,"_genesis_custom_body_class":"","_genesis_custom_post_class":"","_genesis_layout":"","footnotes":""},"class_list":{"0":"post-419","1":"page","2":"type-page","3":"status-publish","4":"has-post-thumbnail","6":"entry"},"_links":{"self":[{"href":"https:\/\/blogs.deusto.es\/cide\/wp-json\/wp\/v2\/pages\/419","targetHints":{"allow":["GET"]}}],"collection":[{"href":"https:\/\/blogs.deusto.es\/cide\/wp-json\/wp\/v2\/pages"}],"about":[{"href":"https:\/\/blogs.deusto.es\/cide\/wp-json\/wp\/v2\/types\/page"}],"author":[{"embeddable":true,"href":"https:\/\/blogs.deusto.es\/cide\/wp-json\/wp\/v2\/users\/142"}],"replies":[{"embeddable":true,"href":"https:\/\/blogs.deusto.es\/cide\/wp-json\/wp\/v2\/comments?post=419"}],"version-history":[{"count":22,"href":"https:\/\/blogs.deusto.es\/cide\/wp-json\/wp\/v2\/pages\/419\/revisions"}],"predecessor-version":[{"id":7165,"href":"https:\/\/blogs.deusto.es\/cide\/wp-json\/wp\/v2\/pages\/419\/revisions\/7165"}],"wp:featuredmedia":[{"embeddable":true,"href":"https:\/\/blogs.deusto.es\/cide\/wp-json\/wp\/v2\/media\/426"}],"wp:attachment":[{"href":"https:\/\/blogs.deusto.es\/cide\/wp-json\/wp\/v2\/media?parent=419"}],"curies":[{"name":"wp","href":"https:\/\/api.w.org\/{rel}","templated":true}]}}