{"id":15,"date":"2024-03-19T15:12:27","date_gmt":"2024-03-19T14:12:27","guid":{"rendered":"https:\/\/blogs.deusto.es\/derecho-social\/?page_id=15"},"modified":"2024-12-21T09:54:32","modified_gmt":"2024-12-21T08:54:32","slug":"sobre-el-autor","status":"publish","type":"page","link":"https:\/\/blogs.deusto.es\/derecho-social\/sobre-el-autor\/","title":{"rendered":"Sobre el autor"},"content":{"rendered":"<div class=\"wp-block-image\">\n<figure class=\"alignleft size-full\"><img fetchpriority=\"high\" decoding=\"async\" width=\"271\" height=\"344\" src=\"https:\/\/blogs.deusto.es\/wp-content\/uploads\/sites\/80\/2024\/03\/Foto_corporativa_F._Javier_Arrieta_Idiakez.jpg\" alt=\"\" class=\"wp-image-54\" srcset=\"https:\/\/blogs.deusto.es\/wp-content\/uploads\/sites\/80\/2024\/03\/Foto_corporativa_F._Javier_Arrieta_Idiakez.jpg 271w, https:\/\/blogs.deusto.es\/wp-content\/uploads\/sites\/80\/2024\/03\/Foto_corporativa_F._Javier_Arrieta_Idiakez-236x300.jpg 236w\" sizes=\"(max-width: 271px) 100vw, 271px\" \/><\/figure><\/div>\n\n\n<p>Soy Francisco Javier Arrieta Idiakez, Catedr\u00e1tico de Derecho del Trabajo y de la Seguridad Social de la <a href=\"https:\/\/www.deusto.es\/es\/inicio\" data-type=\"link\" data-id=\"https:\/\/www.deusto.es\/es\/inicio\" target=\"_blank\" rel=\"noreferrer noopener\">Universidad de Deusto<\/a>.<\/p>\n\n\n\n<p>En la Universidad de Deusto imparto clases relacionadas con las tem\u00e1ticas del Derecho del Trabajo y de la Seguridad Social en los Grados de Derecho y de Administraci\u00f3n y Direcci\u00f3n de Empresas, as\u00ed como en los M\u00e1steres Universitarios de Acceso a la Abogac\u00eda y de Recursos Humanos. Igualmente, formo parte del profesorado que imparte clases sobre metodolog\u00eda en el Doctorado Derecho Econ\u00f3mico y de la Empresa.<\/p>\n\n\n\n<p>Tambi\u00e9n soy profesor del M\u00e1ster Universitario en Econom\u00eda Social del Instituto de Derecho Cooperativo y Econom\u00eda Social GEZKI, de la Universidad del Pa\u00eds Vasco-Euskal Herriko Unibertsitatea.<\/p>\n\n\n\n<p>&nbsp;En cuanto a mi labor investigadora, he sido investigador principal de distintos grupos y proyectos sobre relaciones laborales, protecci\u00f3n social y econom\u00eda social (especialmente, cooperativismo).<\/p>\n\n\n\n<p>Algunos de los resultados m\u00e1s importantes de mis investigaciones pueden consultarse en <a href=\"https:\/\/dialnet.unirioja.es\/servlet\/autor?codigo=1892591\">DIALNET<\/a>.&nbsp;<\/p>\n\n\n\n<p>He sido \u00e1rbitro de BITARTU, Servicio Vasco de Arbitraje Cooperativo, durante 10 a\u00f1os (2014-2023) y soy miembro de la Junta Directiva de la Academia Vasca de Derecho.<\/p>\n\n\n\n<p>Colaboro habitualtmente con diversos medios de comunicaci\u00f3n: EITB-Radio Televisi\u00f3n P\u00fablica Vasca, diarios del Grupo Noticias, Bizkaia Irratia,&nbsp; EnpresaBidea, TTAP, Karmel Aldizkaria&#8230;<\/p>\n","protected":false},"excerpt":{"rendered":"<p>Soy Francisco Javier Arrieta Idiakez, Catedr\u00e1tico de Derecho del Trabajo y de la Seguridad Social de la Universidad de Deusto. En la Universidad de Deusto imparto clases relacionadas con las tem\u00e1ticas del Derecho del Trabajo y de la Seguridad Social&#8230; <a class=\"more-link\" href=\"https:\/\/blogs.deusto.es\/derecho-social\/sobre-el-autor\/\">Seguir leyendo &rarr;<\/a><\/p>\n","protected":false},"author":1,"featured_media":0,"parent":0,"menu_order":0,"comment_status":"closed","ping_status":"closed","template":"","meta":{"_s2mail":"yes","footnotes":""},"class_list":["post-15","page","type-page","status-publish","hentry"],"_links":{"self":[{"href":"https:\/\/blogs.deusto.es\/derecho-social\/wp-json\/wp\/v2\/pages\/15","targetHints":{"allow":["GET"]}}],"collection":[{"href":"https:\/\/blogs.deusto.es\/derecho-social\/wp-json\/wp\/v2\/pages"}],"about":[{"href":"https:\/\/blogs.deusto.es\/derecho-social\/wp-json\/wp\/v2\/types\/page"}],"author":[{"embeddable":true,"href":"https:\/\/blogs.deusto.es\/derecho-social\/wp-json\/wp\/v2\/users\/1"}],"replies":[{"embeddable":true,"href":"https:\/\/blogs.deusto.es\/derecho-social\/wp-json\/wp\/v2\/comments?post=15"}],"version-history":[{"count":5,"href":"https:\/\/blogs.deusto.es\/derecho-social\/wp-json\/wp\/v2\/pages\/15\/revisions"}],"predecessor-version":[{"id":247,"href":"https:\/\/blogs.deusto.es\/derecho-social\/wp-json\/wp\/v2\/pages\/15\/revisions\/247"}],"wp:attachment":[{"href":"https:\/\/blogs.deusto.es\/derecho-social\/wp-json\/wp\/v2\/media?parent=15"}],"curies":[{"name":"wp","href":"https:\/\/api.w.org\/{rel}","templated":true}]}}