{"id":18,"date":"2024-03-19T15:13:05","date_gmt":"2024-03-19T14:13:05","guid":{"rendered":"https:\/\/blogs.deusto.es\/derecho-social\/?page_id=18"},"modified":"2024-03-19T15:13:05","modified_gmt":"2024-03-19T14:13:05","slug":"sobre-el-blog","status":"publish","type":"page","link":"https:\/\/blogs.deusto.es\/derecho-social\/sobre-el-blog\/","title":{"rendered":"Sobre el Blog"},"content":{"rendered":"\n<p>El objetivo de este Blog es abordar distintas cuestiones jur\u00eddicas del mundo del trabajo.<\/p>\n\n\n\n<p>&nbsp;Para ello se analizar\u00e1n normativa, y dentro de la misma muy especialmente convenios y acuerdos colectivos, jurisprudencia y documentaci\u00f3n de distitnas instituciones.&nbsp;<\/p>\n\n\n\n<p>La doctrina cient\u00edfica o de autores se tendr\u00e1 en cuenta en los an\u00e1lisis llevados a cabo y tambi\u00e9n a trav\u00e9s de las rese\u00f1as que puedan realizarse en este Blog, atendiendo a la relevancia de los resultados de las obras publicadas.<\/p>\n","protected":false},"excerpt":{"rendered":"<p>El objetivo de este Blog es abordar distintas cuestiones jur\u00eddicas del mundo del trabajo. &nbsp;Para ello se analizar\u00e1n normativa, y dentro de la misma muy especialmente convenios y acuerdos colectivos, jurisprudencia y documentaci\u00f3n de distitnas instituciones.&nbsp; La doctrina cient\u00edfica o&#8230; <a class=\"more-link\" href=\"https:\/\/blogs.deusto.es\/derecho-social\/sobre-el-blog\/\">Seguir leyendo &rarr;<\/a><\/p>\n","protected":false},"author":1,"featured_media":0,"parent":0,"menu_order":0,"comment_status":"closed","ping_status":"closed","template":"","meta":{"_s2mail":"","footnotes":""},"class_list":["post-18","page","type-page","status-publish","hentry"],"_links":{"self":[{"href":"https:\/\/blogs.deusto.es\/derecho-social\/wp-json\/wp\/v2\/pages\/18","targetHints":{"allow":["GET"]}}],"collection":[{"href":"https:\/\/blogs.deusto.es\/derecho-social\/wp-json\/wp\/v2\/pages"}],"about":[{"href":"https:\/\/blogs.deusto.es\/derecho-social\/wp-json\/wp\/v2\/types\/page"}],"author":[{"embeddable":true,"href":"https:\/\/blogs.deusto.es\/derecho-social\/wp-json\/wp\/v2\/users\/1"}],"replies":[{"embeddable":true,"href":"https:\/\/blogs.deusto.es\/derecho-social\/wp-json\/wp\/v2\/comments?post=18"}],"version-history":[{"count":1,"href":"https:\/\/blogs.deusto.es\/derecho-social\/wp-json\/wp\/v2\/pages\/18\/revisions"}],"predecessor-version":[{"id":19,"href":"https:\/\/blogs.deusto.es\/derecho-social\/wp-json\/wp\/v2\/pages\/18\/revisions\/19"}],"wp:attachment":[{"href":"https:\/\/blogs.deusto.es\/derecho-social\/wp-json\/wp\/v2\/media?parent=18"}],"curies":[{"name":"wp","href":"https:\/\/api.w.org\/{rel}","templated":true}]}}