{"id":20,"date":"2024-03-19T15:13:54","date_gmt":"2024-03-19T14:13:54","guid":{"rendered":"https:\/\/blogs.deusto.es\/derecho-social\/?page_id=20"},"modified":"2024-03-19T15:13:54","modified_gmt":"2024-03-19T14:13:54","slug":"contacte-y-envie-sus-publicaciones","status":"publish","type":"page","link":"https:\/\/blogs.deusto.es\/derecho-social\/contacte-y-envie-sus-publicaciones\/","title":{"rendered":"Contacte y env\u00ede sus publicaciones"},"content":{"rendered":"\n<p>El an\u00e1lisis de las cuestiones jur\u00eddicas que plantea el mundo del trabajo tambi\u00e9n debe realizarse desde la perspectiva de la doctrina cient\u00edfica o de autores.<\/p>\n\n\n\n<p>Por ello, si usted forma parte de dicha doctrina y decide aportar sus resultados en forma de monograf\u00eda u obra colectiva para que sean tenidos en cuenta en este Blog, tanto en los an\u00e1lisis llevados a cabo, como en la rese\u00f1as que se realicen,&nbsp; puede enviar a su autor un ejemplar.<\/p>\n\n\n\n<p>Para ello contacte previamente con el autor escribiendo un email a la direcci\u00f3n javier.arrieta@deusto.es<\/p>\n\n\n\n<p>En el email deber\u00e1 identificarse y describir brevemente su monograf\u00eda u obra colectiva en la que ha participado: Autores, t\u00edtulo, lugar de publicaci\u00f3n, editorial, a\u00f1o, n\u00famero de p\u00e1ginas, ISBN.<\/p>\n\n\n\n<p>Muchas gracias de antemano por su colaboraci\u00f3n.<\/p>\n","protected":false},"excerpt":{"rendered":"<p>El an\u00e1lisis de las cuestiones jur\u00eddicas que plantea el mundo del trabajo tambi\u00e9n debe realizarse desde la perspectiva de la doctrina cient\u00edfica o de autores. Por ello, si usted forma parte de dicha doctrina y decide aportar sus resultados en&#8230; <a class=\"more-link\" href=\"https:\/\/blogs.deusto.es\/derecho-social\/contacte-y-envie-sus-publicaciones\/\">Seguir leyendo &rarr;<\/a><\/p>\n","protected":false},"author":1,"featured_media":0,"parent":0,"menu_order":0,"comment_status":"closed","ping_status":"closed","template":"","meta":{"_s2mail":"","footnotes":""},"class_list":["post-20","page","type-page","status-publish","hentry"],"_links":{"self":[{"href":"https:\/\/blogs.deusto.es\/derecho-social\/wp-json\/wp\/v2\/pages\/20","targetHints":{"allow":["GET"]}}],"collection":[{"href":"https:\/\/blogs.deusto.es\/derecho-social\/wp-json\/wp\/v2\/pages"}],"about":[{"href":"https:\/\/blogs.deusto.es\/derecho-social\/wp-json\/wp\/v2\/types\/page"}],"author":[{"embeddable":true,"href":"https:\/\/blogs.deusto.es\/derecho-social\/wp-json\/wp\/v2\/users\/1"}],"replies":[{"embeddable":true,"href":"https:\/\/blogs.deusto.es\/derecho-social\/wp-json\/wp\/v2\/comments?post=20"}],"version-history":[{"count":1,"href":"https:\/\/blogs.deusto.es\/derecho-social\/wp-json\/wp\/v2\/pages\/20\/revisions"}],"predecessor-version":[{"id":21,"href":"https:\/\/blogs.deusto.es\/derecho-social\/wp-json\/wp\/v2\/pages\/20\/revisions\/21"}],"wp:attachment":[{"href":"https:\/\/blogs.deusto.es\/derecho-social\/wp-json\/wp\/v2\/media?parent=20"}],"curies":[{"name":"wp","href":"https:\/\/api.w.org\/{rel}","templated":true}]}}