{"id":107,"date":"2019-11-12T19:35:10","date_gmt":"2019-11-12T18:35:10","guid":{"rendered":"https:\/\/preblogs.deusto.es\/deustodesign\/?page_id=107"},"modified":"2019-11-13T11:49:32","modified_gmt":"2019-11-13T10:49:32","slug":"master","status":"publish","type":"page","link":"https:\/\/blogs.deusto.es\/deustodesign\/master\/","title":{"rendered":"M\u00e1ster"},"content":{"rendered":"\n<p style=\"background-color:#000000\" class=\"has-text-color has-background has-huge-font-size has-very-light-gray-color\"><strong>Dise\u00f1o =<\/strong><br><s><strong>Resultado<\/strong><\/s><\/p>\n\n\n\n<p style=\"color:#000000\" class=\"has-text-color has-huge-font-size\"><strong>Dise\u00f1o = Proceso vinculado al desarrollo de productos, servicios, experiencias y negocios<\/strong>.<br><br><strong>El dise\u00f1o se ha extendido e incluso democratizado, pero su correcta utilizaci\u00f3n depende de profesionales que se han formado en la comprensi\u00f3n del proceso de dise\u00f1o, capaces de entender el rol que este puede tener en cada caso, dentro de una empresa u organizaci\u00f3n.<\/strong> <\/p>\n\n\n\n<p style=\"color:#ffffff\" class=\"has-text-color has-background has-medium-font-size has-luminous-vivid-orange-background-color\">Conoce nuestro <strong><a href=\"https:\/\/www.deusto.es\/cs\/Satellite\/deusto\/es\/masteres\/estudios-masteres\/master-universitario-en-diseno-estrategico\/programa?cambioidioma=si\">M\u00e1ster Universitario en Dise\u00f1o Estrat\u00e9gico<\/a><\/strong><\/p>\n","protected":false},"excerpt":{"rendered":"<p>Dise\u00f1o =Resultado Dise\u00f1o = Proceso vinculado al desarrollo de productos, servicios, experiencias y negocios. El dise\u00f1o se ha extendido e incluso democratizado, pero su correcta utilizaci\u00f3n depende de profesionales que se han formado en la comprensi\u00f3n del proceso de dise\u00f1o, capaces de entender el rol que este puede tener en cada caso, dentro de una [&hellip;]<\/p>\n","protected":false},"author":198,"featured_media":0,"parent":0,"menu_order":0,"comment_status":"closed","ping_status":"closed","template":"","meta":{"footnotes":""},"class_list":["post-107","page","type-page","status-publish","hentry"],"_links":{"self":[{"href":"https:\/\/blogs.deusto.es\/deustodesign\/wp-json\/wp\/v2\/pages\/107","targetHints":{"allow":["GET"]}}],"collection":[{"href":"https:\/\/blogs.deusto.es\/deustodesign\/wp-json\/wp\/v2\/pages"}],"about":[{"href":"https:\/\/blogs.deusto.es\/deustodesign\/wp-json\/wp\/v2\/types\/page"}],"author":[{"embeddable":true,"href":"https:\/\/blogs.deusto.es\/deustodesign\/wp-json\/wp\/v2\/users\/198"}],"replies":[{"embeddable":true,"href":"https:\/\/blogs.deusto.es\/deustodesign\/wp-json\/wp\/v2\/comments?post=107"}],"version-history":[{"count":19,"href":"https:\/\/blogs.deusto.es\/deustodesign\/wp-json\/wp\/v2\/pages\/107\/revisions"}],"predecessor-version":[{"id":183,"href":"https:\/\/blogs.deusto.es\/deustodesign\/wp-json\/wp\/v2\/pages\/107\/revisions\/183"}],"wp:attachment":[{"href":"https:\/\/blogs.deusto.es\/deustodesign\/wp-json\/wp\/v2\/media?parent=107"}],"curies":[{"name":"wp","href":"https:\/\/api.w.org\/{rel}","templated":true}]}}