{"id":108,"date":"2019-11-12T19:35:10","date_gmt":"2019-11-12T18:35:10","guid":{"rendered":"https:\/\/preblogs.deusto.es\/deustodesign\/?page_id=108"},"modified":"2019-11-13T11:48:02","modified_gmt":"2019-11-13T10:48:02","slug":"fablab","status":"publish","type":"page","link":"https:\/\/blogs.deusto.es\/deustodesign\/fablab\/","title":{"rendered":"Fablab"},"content":{"rendered":"\n<p style=\"background-color:#000000\" class=\"has-text-color has-background has-huge-font-size has-very-light-gray-color\"><strong>Deusto FabLab =<\/strong><br><strong>Laboratorio de fabricaci\u00f3n digital<\/strong><\/p>\n\n\n\n<p style=\"color:#000000\" class=\"has-text-color has-huge-font-size\"><strong>El Deusto FabLab es un centro de creatividad, innovaci\u00f3n y desarrollo para el dise\u00f1o de nuevos productos, servicios y experiencias.<\/strong><br><br><strong>Forma parte de una red mundial de personas que investigan sobre un nuevo modo de producci\u00f3n que afecta a todos los niveles del mundo\u00a0profesional del dise\u00f1o, la arquitectura, la ingenier\u00eda, la industria y la innovaci\u00f3n social.<\/strong> <\/p>\n\n\n\n<p style=\"color:#ffffff\" class=\"has-text-color has-background has-medium-font-size has-luminous-vivid-orange-background-color\">Conoce nuestro <strong><a href=\"https:\/\/ingenieria.deusto.es\/cs\/Satellite\/ingenieria\/es\/deustofablab\">Deusto FabLab<\/a><\/strong><\/p>\n\n\n<p><!--EndFragment--><br>\n<br>\n<\/p>","protected":false},"excerpt":{"rendered":"<p>Deusto FabLab =Laboratorio de fabricaci\u00f3n digital El Deusto FabLab es un centro de creatividad, innovaci\u00f3n y desarrollo para el dise\u00f1o de nuevos productos, servicios y experiencias. Forma parte de una red mundial de personas que investigan sobre un nuevo modo de producci\u00f3n que afecta a todos los niveles del mundo\u00a0profesional del dise\u00f1o, la arquitectura, la [&hellip;]<\/p>\n","protected":false},"author":198,"featured_media":0,"parent":0,"menu_order":0,"comment_status":"closed","ping_status":"closed","template":"","meta":{"footnotes":""},"class_list":["post-108","page","type-page","status-publish","hentry"],"_links":{"self":[{"href":"https:\/\/blogs.deusto.es\/deustodesign\/wp-json\/wp\/v2\/pages\/108","targetHints":{"allow":["GET"]}}],"collection":[{"href":"https:\/\/blogs.deusto.es\/deustodesign\/wp-json\/wp\/v2\/pages"}],"about":[{"href":"https:\/\/blogs.deusto.es\/deustodesign\/wp-json\/wp\/v2\/types\/page"}],"author":[{"embeddable":true,"href":"https:\/\/blogs.deusto.es\/deustodesign\/wp-json\/wp\/v2\/users\/198"}],"replies":[{"embeddable":true,"href":"https:\/\/blogs.deusto.es\/deustodesign\/wp-json\/wp\/v2\/comments?post=108"}],"version-history":[{"count":4,"href":"https:\/\/blogs.deusto.es\/deustodesign\/wp-json\/wp\/v2\/pages\/108\/revisions"}],"predecessor-version":[{"id":180,"href":"https:\/\/blogs.deusto.es\/deustodesign\/wp-json\/wp\/v2\/pages\/108\/revisions\/180"}],"wp:attachment":[{"href":"https:\/\/blogs.deusto.es\/deustodesign\/wp-json\/wp\/v2\/media?parent=108"}],"curies":[{"name":"wp","href":"https:\/\/api.w.org\/{rel}","templated":true}]}}