{"id":109,"date":"2019-11-12T19:35:10","date_gmt":"2019-11-12T18:35:10","guid":{"rendered":"https:\/\/preblogs.deusto.es\/deustodesign\/?page_id=109"},"modified":"2019-11-13T11:33:07","modified_gmt":"2019-11-13T10:33:07","slug":"investigacion","status":"publish","type":"page","link":"https:\/\/blogs.deusto.es\/deustodesign\/investigacion\/","title":{"rendered":"Investigaci\u00f3n"},"content":{"rendered":"\n<p style=\"background-color:#000000\" class=\"has-text-color has-background has-huge-font-size has-very-light-gray-color\"><strong>Investigar =<\/strong><br><strong>Generar conocimiento<\/strong><\/p>\n\n\n\n<p style=\"color:#000000\" class=\"has-text-color has-medium-font-size\"> <strong>Nuestras \u00e1reas de investigaci\u00f3n son:<\/strong> <\/p>\n\n\n\n<p style=\"color:#000000\" class=\"has-text-color has-huge-font-size\"><strong>#1. Cultura, gesti\u00f3n<\/strong><br><strong>y estrategia de dise\u00f1o.<br>#2. El dise\u00f1o en los nuevos<\/strong><br><strong>retos de la sociedad.<br>#3. Nuevas metodolog\u00edas<\/strong><br><strong>y herramientas de dise\u00f1o.<\/strong><\/p>\n\n\n\n<p style=\"color:#ffffff\" class=\"has-text-color has-background has-medium-font-size has-luminous-vivid-orange-background-color\">Conoce el  <a href=\"https:\/\/www.deusto.es\/cs\/Satellite\/deustoresearch\/es\/inicio\/centros-equipos-e-investigadores\/equipos-de-investigacion\/deusto-design-research-group\/equipoinvestiga\"><strong>Deusto Design Research Group<\/strong><\/a> <\/p>\n","protected":false},"excerpt":{"rendered":"<p>Investigar =Generar conocimiento Nuestras \u00e1reas de investigaci\u00f3n son: #1. Cultura, gesti\u00f3ny estrategia de dise\u00f1o.#2. El dise\u00f1o en los nuevosretos de la sociedad.#3. Nuevas metodolog\u00edasy herramientas de dise\u00f1o. Conoce el Deusto Design Research Group<\/p>\n","protected":false},"author":198,"featured_media":0,"parent":0,"menu_order":0,"comment_status":"closed","ping_status":"closed","template":"","meta":{"footnotes":""},"class_list":["post-109","page","type-page","status-publish","hentry"],"_links":{"self":[{"href":"https:\/\/blogs.deusto.es\/deustodesign\/wp-json\/wp\/v2\/pages\/109","targetHints":{"allow":["GET"]}}],"collection":[{"href":"https:\/\/blogs.deusto.es\/deustodesign\/wp-json\/wp\/v2\/pages"}],"about":[{"href":"https:\/\/blogs.deusto.es\/deustodesign\/wp-json\/wp\/v2\/types\/page"}],"author":[{"embeddable":true,"href":"https:\/\/blogs.deusto.es\/deustodesign\/wp-json\/wp\/v2\/users\/198"}],"replies":[{"embeddable":true,"href":"https:\/\/blogs.deusto.es\/deustodesign\/wp-json\/wp\/v2\/comments?post=109"}],"version-history":[{"count":7,"href":"https:\/\/blogs.deusto.es\/deustodesign\/wp-json\/wp\/v2\/pages\/109\/revisions"}],"predecessor-version":[{"id":175,"href":"https:\/\/blogs.deusto.es\/deustodesign\/wp-json\/wp\/v2\/pages\/109\/revisions\/175"}],"wp:attachment":[{"href":"https:\/\/blogs.deusto.es\/deustodesign\/wp-json\/wp\/v2\/media?parent=109"}],"curies":[{"name":"wp","href":"https:\/\/api.w.org\/{rel}","templated":true}]}}