{"id":2247,"date":"2016-03-17T16:03:17","date_gmt":"2016-03-17T15:03:17","guid":{"rendered":"https:\/\/preblogs.deusto.es\/deustoforum\/?page_id=2247"},"modified":"2016-03-17T16:03:17","modified_gmt":"2016-03-17T15:03:17","slug":"historia","status":"publish","type":"page","link":"https:\/\/blogs.deusto.es\/deustoforum\/eu\/historia\/","title":{"rendered":"Historia"},"content":{"rendered":"<p><iframe src=\"https:\/\/www.youtube.com\/embed\/UHGwPk8JZxs\" width=\"560\" height=\"315\" frameborder=\"0\" allowfullscreen=\"allowfullscreen\"><\/iframe><\/p>\n<p>Un repaso a la historia de DeustoForum de la mano de sus antiguos presidentes. Roberto Pascual y Alejandro Mart\u00ednez Charterina recuerdan los inicios del Forum y las inquietudes de la \u00e9poca. Javier Elzo y Juan Ignacio Echano relatan la evoluci\u00f3n de DeustoForum hasta nuestros d\u00edas.<\/p>\n<p><span class='st_facebook_hcount' st_title='Historia' st_url='https:\/\/blogs.deusto.es\/deustoforum\/eu\/historia\/' displayText='facebook'><\/span><span st_via='deustoforum' st_username='deustoforum' class='st_twitter_hcount' st_title='Historia' st_url='https:\/\/blogs.deusto.es\/deustoforum\/eu\/historia\/' displayText='twitter'><\/span><span class='st_email_hcount' st_title='Historia' st_url='https:\/\/blogs.deusto.es\/deustoforum\/eu\/historia\/' displayText='email'><\/span><span class='st_sharethis_hcount' st_title='Historia' st_url='https:\/\/blogs.deusto.es\/deustoforum\/eu\/historia\/' displayText='sharethis'><\/span><\/p>","protected":false},"excerpt":{"rendered":"<p>Un repaso a la historia de DeustoForum de la mano de sus antiguos presidentes. Roberto Pascual y Alejandro Mart\u00ednez Charterina recuerdan los inicios del Forum y las inquietudes de la \u00e9poca. Javier Elzo y Juan Ignacio Echano relatan la evoluci\u00f3n &hellip; <a href=\"https:\/\/blogs.deusto.es\/deustoforum\/eu\/historia\/\">Continue reading <span class=\"meta-nav\">&rarr;<\/span><\/a><\/p>\n<p><span class='st_facebook_hcount' st_title='Historia' st_url='https:\/\/blogs.deusto.es\/deustoforum\/eu\/historia\/' displayText='facebook'><\/span><span st_via='deustoforum' st_username='deustoforum' class='st_twitter_hcount' st_title='Historia' st_url='https:\/\/blogs.deusto.es\/deustoforum\/eu\/historia\/' displayText='twitter'><\/span><span class='st_email_hcount' st_title='Historia' st_url='https:\/\/blogs.deusto.es\/deustoforum\/eu\/historia\/' displayText='email'><\/span><span class='st_sharethis_hcount' st_title='Historia' st_url='https:\/\/blogs.deusto.es\/deustoforum\/eu\/historia\/' displayText='sharethis'><\/span><\/p>","protected":false},"author":515,"featured_media":0,"parent":0,"menu_order":0,"comment_status":"open","ping_status":"open","template":"","meta":{"footnotes":""},"class_list":["post-2247","page","type-page","status-publish","hentry"],"_links":{"self":[{"href":"https:\/\/blogs.deusto.es\/deustoforum\/eu\/wp-json\/wp\/v2\/pages\/2247","targetHints":{"allow":["GET"]}}],"collection":[{"href":"https:\/\/blogs.deusto.es\/deustoforum\/eu\/wp-json\/wp\/v2\/pages"}],"about":[{"href":"https:\/\/blogs.deusto.es\/deustoforum\/eu\/wp-json\/wp\/v2\/types\/page"}],"author":[{"embeddable":true,"href":"https:\/\/blogs.deusto.es\/deustoforum\/eu\/wp-json\/wp\/v2\/users\/515"}],"replies":[{"embeddable":true,"href":"https:\/\/blogs.deusto.es\/deustoforum\/eu\/wp-json\/wp\/v2\/comments?post=2247"}],"version-history":[{"count":2,"href":"https:\/\/blogs.deusto.es\/deustoforum\/eu\/wp-json\/wp\/v2\/pages\/2247\/revisions"}],"predecessor-version":[{"id":2326,"href":"https:\/\/blogs.deusto.es\/deustoforum\/eu\/wp-json\/wp\/v2\/pages\/2247\/revisions\/2326"}],"wp:attachment":[{"href":"https:\/\/blogs.deusto.es\/deustoforum\/eu\/wp-json\/wp\/v2\/media?parent=2247"}],"curies":[{"name":"wp","href":"https:\/\/api.w.org\/{rel}","templated":true}]}}