{"id":7,"date":"2012-04-30T15:55:19","date_gmt":"2012-04-30T13:55:19","guid":{"rendered":"https:\/\/preblogs.deusto.es\/deustoforum\/?page_id=7"},"modified":"2024-06-11T17:51:07","modified_gmt":"2024-06-11T15:51:07","slug":"contacto","status":"publish","type":"page","link":"https:\/\/blogs.deusto.es\/deustoforum\/eu\/contacto\/","title":{"rendered":"Contacto"},"content":{"rendered":"<p><strong><a href=\"https:\/\/blogs.deusto.es\/deustoforum\/wp-content\/uploads\/sites\/55\/2012\/04\/contacto.png\"><img decoding=\"async\" class=\"alignleft  wp-image-2233\" src=\"https:\/\/blogs.deusto.es\/deustoforum\/wp-content\/uploads\/sites\/55\/2012\/04\/contacto.png\" alt=\"contacto\" width=\"146\" height=\"146\" srcset=\"https:\/\/blogs.deusto.es\/wp-content\/uploads\/sites\/55\/2012\/04\/contacto.png 300w, https:\/\/blogs.deusto.es\/wp-content\/uploads\/sites\/55\/2012\/04\/contacto-150x150.png 150w\" sizes=\"(max-width: 146px) 100vw, 146px\" \/><\/a>Tel\u00e9fono de informaci\u00f3n al p\u00fablico: 944 139 020<\/strong><br \/>\nAtenci\u00f3n de lunes a viernes (excepto festivos),<br \/>\nde 09:00 a 13:00 y de 15:00 a 17:00 horas<br \/>\n<strong><br \/>\nE-mail: <a title=\"E-mail\" href=\"deusto.forum@deusto.es\" target=\"_blank\" rel=\"noopener\">deusto.forum@deusto.es<br \/>\n<\/a><\/strong><strong>DeustoForum en la red:<br \/>\n<\/strong><strong style=\"color: #000000; font-style: normal;\"><strong style=\"color: #000000;\"><a style=\"font-weight: normal;\" title=\"Web de DeustoForum\" href=\"http:\/\/forum.deusto.es\" target=\"_blank\" rel=\"noopener\">Web<\/a> <\/strong><\/strong><strong style=\"color: #000000; font-style: normal;\"><strong style=\"color: #000000;\"><strong style=\"color: #000000;\">|\u00a0<\/strong><\/strong><\/strong><strong style=\"color: #000000; font-style: normal;\"><strong style=\"color: #000000;\"><a style=\"font-weight: normal;\" title=\"Twitter\" href=\"https:\/\/twitter.com\/deustoforum\" target=\"_blank\" rel=\"noopener\">Twitter<\/a>\u00a0|\u00a0<\/strong><\/strong><strong style=\"color: #000000; font-style: normal;\"><strong style=\"color: #000000;\"><a style=\"font-weight: normal;\" title=\"Flickr\" href=\"https:\/\/www.flickr.com\/photos\/deusto\/collections\/72157629931949605\/\" target=\"_blank\" rel=\"noopener\">Flickr<\/a>\u00a0| <\/strong><\/strong><a title=\"Youtube\" href=\"https:\/\/www.youtube.com\/playlist?list=PLC64529FDA5D89AE5\" target=\"_blank\" rel=\"noopener\">Youtube<\/a><\/p>\n<p>Puedes tambi\u00e9n<strong>\u00a0env\u00edarnos\u00a0tu pregunta<\/strong>, rellenando el siguiente formulario:\u00a0\n<div class=\"wpcf7 no-js\" id=\"wpcf7-f6-o1\" lang=\"en-US\" dir=\"ltr\" data-wpcf7-id=\"6\">\n<div class=\"screen-reader-response\"><p role=\"status\" aria-live=\"polite\" aria-atomic=\"true\"><\/p> <ul><\/ul><\/div>\n<form action=\"\/deustoforum\/eu\/wp-json\/wp\/v2\/pages\/7#wpcf7-f6-o1\" method=\"post\" class=\"wpcf7-form init\" aria-label=\"Contact form\" novalidate=\"novalidate\" data-status=\"init\">\n<fieldset class=\"hidden-fields-container\"><input type=\"hidden\" name=\"_wpcf7\" value=\"6\" \/><input type=\"hidden\" name=\"_wpcf7_version\" value=\"6.1.3\" \/><input type=\"hidden\" name=\"_wpcf7_locale\" value=\"en_US\" \/><input type=\"hidden\" name=\"_wpcf7_unit_tag\" value=\"wpcf7-f6-o1\" \/><input type=\"hidden\" name=\"_wpcf7_container_post\" value=\"0\" \/><input type=\"hidden\" name=\"_wpcf7_posted_data_hash\" value=\"\" \/>\n<\/fieldset>\n<p>Tu nombre (requerido)\n<\/p>\n<p><span class=\"wpcf7-form-control-wrap\" data-name=\"your-name\"><input size=\"40\" maxlength=\"400\" class=\"wpcf7-form-control wpcf7-text wpcf7-validates-as-required\" aria-required=\"true\" aria-invalid=\"false\" value=\"\" type=\"text\" name=\"your-name\" \/><\/span>\n<\/p>\n<p>Tu Email (requerido)\n<\/p>\n<p><span class=\"wpcf7-form-control-wrap\" data-name=\"your-email\"><input size=\"40\" maxlength=\"400\" class=\"wpcf7-form-control wpcf7-email wpcf7-validates-as-required wpcf7-text wpcf7-validates-as-email\" aria-required=\"true\" aria-invalid=\"false\" value=\"\" type=\"email\" name=\"your-email\" \/><\/span>\n<\/p>\n<p>Asunto\n<\/p>\n<p><span class=\"wpcf7-form-control-wrap\" data-name=\"your-subject\"><input size=\"40\" maxlength=\"400\" class=\"wpcf7-form-control wpcf7-text\" aria-invalid=\"false\" value=\"\" type=\"text\" name=\"your-subject\" \/><\/span>\n<\/p>\n<p>Tu Mensaje\n<\/p>\n<p><span class=\"wpcf7-form-control-wrap\" data-name=\"your-message\"><textarea cols=\"40\" rows=\"10\" maxlength=\"2000\" class=\"wpcf7-form-control wpcf7-textarea\" aria-invalid=\"false\" name=\"your-message\"><\/textarea><\/span>\n<\/p>\n<p>Introduce las letras que aparecen a continuaci\u00f3n<br \/>\n<input type=\"hidden\" name=\"_wpcf7_captcha_challenge_captcha-580\" value=\"3622935585\" \/><img decoding=\"async\" class=\"wpcf7-form-control wpcf7-captchac wpcf7-captcha-captcha-580\" width=\"84\" height=\"28\" alt=\"captcha\" src=\"https:\/\/blogs.deusto.es\/wp-content\/uploads\/sites\/55\/wpcf7_captcha\/3622935585.png\" \/><span class=\"wpcf7-form-control-wrap\" data-name=\"captcha-580\"><input size=\"40\" class=\"wpcf7-form-control wpcf7-captchar\" autocomplete=\"off\" aria-invalid=\"false\" value=\"\" type=\"text\" name=\"captcha-580\" \/><\/span>\n<\/p>\n<p><input class=\"wpcf7-form-control wpcf7-submit has-spinner\" type=\"submit\" value=\"Enviar\" \/>\n<\/p><p style=\"display: none !important;\" class=\"akismet-fields-container\" data-prefix=\"_wpcf7_ak_\"><label>&#916;<textarea name=\"_wpcf7_ak_hp_textarea\" cols=\"45\" rows=\"8\" maxlength=\"100\"><\/textarea><\/label><input type=\"hidden\" id=\"ak_js_1\" name=\"_wpcf7_ak_js\" value=\"51\"\/><script>document.getElementById( \"ak_js_1\" ).setAttribute( \"value\", ( new Date() ).getTime() );<\/script><\/p><div class=\"wpcf7-response-output\" aria-hidden=\"true\"><\/div>\n<\/form>\n<\/div>\n<\/p>\n<p><span class='st_facebook_hcount' st_title='Contacto' st_url='https:\/\/blogs.deusto.es\/deustoforum\/eu\/contacto\/' displayText='facebook'><\/span><span st_via='deustoforum' st_username='deustoforum' class='st_twitter_hcount' st_title='Contacto' st_url='https:\/\/blogs.deusto.es\/deustoforum\/eu\/contacto\/' displayText='twitter'><\/span><span class='st_email_hcount' st_title='Contacto' st_url='https:\/\/blogs.deusto.es\/deustoforum\/eu\/contacto\/' displayText='email'><\/span><span class='st_sharethis_hcount' st_title='Contacto' st_url='https:\/\/blogs.deusto.es\/deustoforum\/eu\/contacto\/' displayText='sharethis'><\/span><\/p>","protected":false},"excerpt":{"rendered":"<p>Tel\u00e9fono de informaci\u00f3n al p\u00fablico: 944 139 020 Atenci\u00f3n de lunes a viernes (excepto festivos), de 09:00 a 13:00 y de 15:00 a 17:00 horas E-mail: deusto.forum@deusto.es DeustoForum en la red: Web |\u00a0Twitter\u00a0|\u00a0Flickr\u00a0| Youtube Puedes tambi\u00e9n\u00a0env\u00edarnos\u00a0tu pregunta, rellenando el siguiente &hellip; <a href=\"https:\/\/blogs.deusto.es\/deustoforum\/eu\/contacto\/\">Continue reading <span class=\"meta-nav\">&rarr;<\/span><\/a><\/p>\n<p><span class='st_facebook_hcount' st_title='Contacto' st_url='https:\/\/blogs.deusto.es\/deustoforum\/eu\/contacto\/' displayText='facebook'><\/span><span st_via='deustoforum' st_username='deustoforum' class='st_twitter_hcount' st_title='Contacto' st_url='https:\/\/blogs.deusto.es\/deustoforum\/eu\/contacto\/' displayText='twitter'><\/span><span class='st_email_hcount' st_title='Contacto' st_url='https:\/\/blogs.deusto.es\/deustoforum\/eu\/contacto\/' displayText='email'><\/span><span class='st_sharethis_hcount' st_title='Contacto' st_url='https:\/\/blogs.deusto.es\/deustoforum\/eu\/contacto\/' displayText='sharethis'><\/span><\/p>","protected":false},"author":1,"featured_media":0,"parent":0,"menu_order":1,"comment_status":"closed","ping_status":"closed","template":"","meta":{"footnotes":""},"class_list":["post-7","page","type-page","status-publish","hentry"],"_links":{"self":[{"href":"https:\/\/blogs.deusto.es\/deustoforum\/eu\/wp-json\/wp\/v2\/pages\/7","targetHints":{"allow":["GET"]}}],"collection":[{"href":"https:\/\/blogs.deusto.es\/deustoforum\/eu\/wp-json\/wp\/v2\/pages"}],"about":[{"href":"https:\/\/blogs.deusto.es\/deustoforum\/eu\/wp-json\/wp\/v2\/types\/page"}],"author":[{"embeddable":true,"href":"https:\/\/blogs.deusto.es\/deustoforum\/eu\/wp-json\/wp\/v2\/users\/1"}],"replies":[{"embeddable":true,"href":"https:\/\/blogs.deusto.es\/deustoforum\/eu\/wp-json\/wp\/v2\/comments?post=7"}],"version-history":[{"count":23,"href":"https:\/\/blogs.deusto.es\/deustoforum\/eu\/wp-json\/wp\/v2\/pages\/7\/revisions"}],"predecessor-version":[{"id":3150,"href":"https:\/\/blogs.deusto.es\/deustoforum\/eu\/wp-json\/wp\/v2\/pages\/7\/revisions\/3150"}],"wp:attachment":[{"href":"https:\/\/blogs.deusto.es\/deustoforum\/eu\/wp-json\/wp\/v2\/media?parent=7"}],"curies":[{"name":"wp","href":"https:\/\/api.w.org\/{rel}","templated":true}]}}