{"id":7712,"date":"2024-06-17T10:45:28","date_gmt":"2024-06-17T08:45:28","guid":{"rendered":"https:\/\/blogs.deusto.es\/deustoforum\/?page_id=7712"},"modified":"2024-06-17T10:47:01","modified_gmt":"2024-06-17T08:47:01","slug":"hitzaldiak","status":"publish","type":"page","link":"https:\/\/blogs.deusto.es\/deustoforum\/eu\/hitzaldiak\/","title":{"rendered":"Hitzaldiak"},"content":{"rendered":"\n<div class=\"wp-block-group alignwide\"><div class=\"wp-block-group__inner-container is-layout-constrained wp-block-group-is-layout-constrained\">\n<div class=\"wp-block-query alignfull is-layout-flow wp-block-query-is-layout-flow\"><ul class=\"columns-3 wp-block-post-template is-layout-grid wp-container-core-post-template-is-layout-2fc57c17 wp-block-post-template-is-layout-grid\"><li class=\"wp-block-post post-7478 post type-post status-publish format-standard has-post-thumbnail hentry category-gaia category-hitzaldiak category-zikloa tag-1158 tag-2035 tag-1709 tag-gizarte-garapen tag-politica tag-politika tag-txile\">\n\n<div class=\"wp-block-group alignwide\" style=\"padding-top:30px;padding-right:30px;padding-bottom:30px;padding-left:30px\"><div class=\"wp-block-group__inner-container is-layout-constrained wp-container-core-group-is-layout-a02f0dea wp-block-group-is-layout-constrained\"><figure class=\"wp-block-post-featured-image\"><img fetchpriority=\"high\" decoding=\"async\" width=\"300\" height=\"206\" src=\"https:\/\/blogs.deusto.es\/wp-content\/uploads\/sites\/55\/2020\/01\/54450993-64e2-fce8-9c62-45f2cd6b8134_300.png\" class=\"attachment-post-thumbnail size-post-thumbnail wp-post-image\" alt=\"\" style=\"object-fit:cover;\" \/><\/figure>\n\n<h2 class=\"wp-block-post-title has-medium-font-size\"><a href=\"https:\/\/blogs.deusto.es\/deustoforum\/eu\/los-dias-que-cambiaron-el-futuro-de-chile\/\" target=\"_self\" >Los d\u00edas que cambiaron el futuro de Chile<\/a><\/h2><\/div><\/div>\n\n<\/li><li class=\"wp-block-post post-7472 post type-post status-publish format-standard has-post-thumbnail hentry category-gaia category-hitzaldiak category-zikloa tag-1444 tag-1337 tag-errefuxiatuak tag-giza-eskubideak tag-mugak\">\n\n<div class=\"wp-block-group alignwide\" style=\"padding-top:30px;padding-right:30px;padding-bottom:30px;padding-left:30px\"><div class=\"wp-block-group__inner-container is-layout-constrained wp-container-core-group-is-layout-a02f0dea wp-block-group-is-layout-constrained\"><figure class=\"wp-block-post-featured-image\"><img decoding=\"async\" width=\"295\" height=\"288\" src=\"https:\/\/blogs.deusto.es\/wp-content\/uploads\/sites\/55\/2019\/12\/7f0d95b6-1075-7e19-27dd-4aafa47dca39_300-295x288.png\" class=\"attachment-post-thumbnail size-post-thumbnail wp-post-image\" alt=\"\" style=\"object-fit:cover;\" \/><\/figure>\n\n<h2 class=\"wp-block-post-title has-medium-font-size\"><a href=\"https:\/\/blogs.deusto.es\/deustoforum\/eu\/el-problema-son-las-fronteras-como-reemplazar-un-sistema-migratorio-fallido\/\" target=\"_self\" >El problema son las fronteras. C\u00f3mo reemplazar un sistema migratorio fallido<\/a><\/h2><\/div><\/div>\n\n<\/li><li class=\"wp-block-post post-7466 post type-post status-publish format-standard has-post-thumbnail hentry category-aparteko-hitzaldia category-gaia category-gizarte-zientziak category-hitzaldiak category-zikloa tag-1401 tag-educacion tag-eskubideak tag-herkuntza tag-zientzia\">\n\n<div class=\"wp-block-group alignwide\" style=\"padding-top:30px;padding-right:30px;padding-bottom:30px;padding-left:30px\"><div class=\"wp-block-group__inner-container is-layout-constrained wp-container-core-group-is-layout-a02f0dea wp-block-group-is-layout-constrained\"><figure class=\"wp-block-post-featured-image\"><img decoding=\"async\" width=\"300\" height=\"200\" src=\"https:\/\/blogs.deusto.es\/wp-content\/uploads\/sites\/55\/2019\/12\/743e436c-c5ee-f748-8b38-64746e3b08da_300.png\" class=\"attachment-post-thumbnail size-post-thumbnail wp-post-image\" alt=\"\" style=\"object-fit:cover;\" \/><\/figure>\n\n<h2 class=\"wp-block-post-title has-medium-font-size\"><a href=\"https:\/\/blogs.deusto.es\/deustoforum\/eu\/educacion-ciencia-conciencia\/\" target=\"_self\" >Educaci\u00f3n, ciencia, conciencia<\/a><\/h2><\/div><\/div>\n\n<\/li><li class=\"wp-block-post post-7460 post type-post status-publish format-standard has-post-thumbnail hentry category-gaia category-hitzaldiak category-zikloa tag-2025 tag-1158 tag-independentzia tag-katalunia tag-politica tag-politika\">\n\n<div class=\"wp-block-group alignwide\" style=\"padding-top:30px;padding-right:30px;padding-bottom:30px;padding-left:30px\"><div class=\"wp-block-group__inner-container is-layout-constrained wp-container-core-group-is-layout-a02f0dea wp-block-group-is-layout-constrained\"><figure class=\"wp-block-post-featured-image\"><img loading=\"lazy\" decoding=\"async\" width=\"300\" height=\"200\" src=\"https:\/\/blogs.deusto.es\/wp-content\/uploads\/sites\/55\/2019\/11\/73dbe130-87a1-64f2-24f2-4eb9b62bc3b7_300.png\" class=\"attachment-post-thumbnail size-post-thumbnail wp-post-image\" alt=\"\" style=\"object-fit:cover;\" \/><\/figure>\n\n<h2 class=\"wp-block-post-title has-medium-font-size\"><a href=\"https:\/\/blogs.deusto.es\/deustoforum\/eu\/las-claves-del-proceso-catalan\/\" target=\"_self\" >Las claves del proceso catal\u00e1n<\/a><\/h2><\/div><\/div>\n\n<\/li><li class=\"wp-block-post post-7454 post type-post status-publish format-standard has-post-thumbnail hentry category-gaia category-hitzaldiak category-zikloa tag-1340 tag-1444 tag-2023 tag-1337 tag-1312 tag-eskubidea tag-giza-eskubideak tag-haurtzaro tag-infancia\">\n\n<div class=\"wp-block-group alignwide\" style=\"padding-top:30px;padding-right:30px;padding-bottom:30px;padding-left:30px\"><div class=\"wp-block-group__inner-container is-layout-constrained wp-container-core-group-is-layout-a02f0dea wp-block-group-is-layout-constrained\"><figure class=\"wp-block-post-featured-image\"><img loading=\"lazy\" decoding=\"async\" width=\"300\" height=\"166\" src=\"https:\/\/blogs.deusto.es\/wp-content\/uploads\/sites\/55\/2019\/11\/824bb598-c0ba-f03b-cea8-3252ca2ced3b_300.png\" class=\"attachment-post-thumbnail size-post-thumbnail wp-post-image\" alt=\"\" style=\"object-fit:cover;\" \/><\/figure>\n\n<h2 class=\"wp-block-post-title has-medium-font-size\"><a href=\"https:\/\/blogs.deusto.es\/deustoforum\/eu\/los-derechos-de-ninos-y-ninas-30-anos-despues-una-mirada-al-futuro\/\" target=\"_self\" >Los derechos de ni\u00f1os y ni\u00f1as 30 a\u00f1os despu\u00e9s: una mirada al futuro<\/a><\/h2><\/div><\/div>\n\n<\/li><li class=\"wp-block-post post-7448 post type-post status-publish format-standard has-post-thumbnail hentry category-aparteko-hitzaldia category-gaia category-gizarte-zientziak category-hitzaldiak category-zikloa tag-1909 tag-2007 tag-2006 tag-1817 tag-berdintasun tag-emakumea tag-kirol tag-kirola\">\n\n<div class=\"wp-block-group alignwide\" style=\"padding-top:30px;padding-right:30px;padding-bottom:30px;padding-left:30px\"><div class=\"wp-block-group__inner-container is-layout-constrained wp-container-core-group-is-layout-a02f0dea wp-block-group-is-layout-constrained\"><figure class=\"wp-block-post-featured-image\"><img loading=\"lazy\" decoding=\"async\" width=\"300\" height=\"199\" src=\"https:\/\/blogs.deusto.es\/wp-content\/uploads\/sites\/55\/2019\/11\/719feaa8-b3ed-e8c0-6e0f-f91874e8af8e_300.png\" class=\"attachment-post-thumbnail size-post-thumbnail wp-post-image\" alt=\"\" style=\"object-fit:cover;\" \/><\/figure>\n\n<h2 class=\"wp-block-post-title has-medium-font-size\"><a href=\"https:\/\/blogs.deusto.es\/deustoforum\/eu\/runequal-campaining-for-women-and-running\/\" target=\"_self\" >#runequal, campaining for women and running<\/a><\/h2><\/div><\/div>\n\n<\/li><li class=\"wp-block-post post-7442 post type-post status-publish format-standard has-post-thumbnail hentry category-gaia category-hitzaldiak category-zikloa tag-1565 tag-1563 tag-musika tag-opera\">\n\n<div class=\"wp-block-group alignwide\" style=\"padding-top:30px;padding-right:30px;padding-bottom:30px;padding-left:30px\"><div class=\"wp-block-group__inner-container is-layout-constrained wp-container-core-group-is-layout-a02f0dea wp-block-group-is-layout-constrained\"><figure class=\"wp-block-post-featured-image\"><img loading=\"lazy\" decoding=\"async\" width=\"300\" height=\"186\" src=\"https:\/\/blogs.deusto.es\/wp-content\/uploads\/sites\/55\/2019\/10\/994074ef-bbdd-02fa-868e-c1c37092ebee_300.png\" class=\"attachment-post-thumbnail size-post-thumbnail wp-post-image\" alt=\"\" style=\"object-fit:cover;\" \/><\/figure>\n\n<h2 class=\"wp-block-post-title has-medium-font-size\"><a href=\"https:\/\/blogs.deusto.es\/deustoforum\/eu\/deustoforum-ruggero-raimondi-opera-bihotzetik\/\" target=\"_self\" >DeustoForum. Ruggero Raimondi. \u00d3pera bihotzetik<\/a><\/h2><\/div><\/div>\n\n<\/li><li class=\"wp-block-post post-7436 post type-post status-publish format-standard has-post-thumbnail hentry category-gaia category-hitzaldiak category-zikloa tag-1158 tag-1216 tag-1625 tag-1645 tag-etika tag-filosofia tag-justizia tag-politica tag-politika\">\n\n<div class=\"wp-block-group alignwide\" style=\"padding-top:30px;padding-right:30px;padding-bottom:30px;padding-left:30px\"><div class=\"wp-block-group__inner-container is-layout-constrained wp-container-core-group-is-layout-a02f0dea wp-block-group-is-layout-constrained\"><figure class=\"wp-block-post-featured-image\"><img loading=\"lazy\" decoding=\"async\" width=\"197\" height=\"288\" src=\"https:\/\/blogs.deusto.es\/wp-content\/uploads\/sites\/55\/2019\/05\/bcf84bd7-b565-ed1e-6497-3fa195b9e4ff_300-197x288.png\" class=\"attachment-post-thumbnail size-post-thumbnail wp-post-image\" alt=\"\" style=\"object-fit:cover;\" \/><\/figure>\n\n<h2 class=\"wp-block-post-title has-medium-font-size\"><a href=\"https:\/\/blogs.deusto.es\/deustoforum\/eu\/populismoa-nazionalismoa-eta-eliteen-aurkako-matxinadak\/\" target=\"_self\" >Populismoa, nazionalismoa eta eliteen aurkako matxinadak<\/a><\/h2><\/div><\/div>\n\n<\/li><li class=\"wp-block-post post-7430 post type-post status-publish format-standard has-post-thumbnail hentry category-gaia category-hitzaldiak category-zikloa\">\n\n<div class=\"wp-block-group alignwide\" style=\"padding-top:30px;padding-right:30px;padding-bottom:30px;padding-left:30px\"><div class=\"wp-block-group__inner-container is-layout-constrained wp-container-core-group-is-layout-a02f0dea wp-block-group-is-layout-constrained\"><figure class=\"wp-block-post-featured-image\"><img loading=\"lazy\" decoding=\"async\" width=\"300\" height=\"200\" src=\"https:\/\/blogs.deusto.es\/wp-content\/uploads\/sites\/55\/2019\/05\/a8a56e05-4d44-c9a3-91c1-e9c69a0f2d6e_300.png\" class=\"attachment-post-thumbnail size-post-thumbnail wp-post-image\" alt=\"\" style=\"object-fit:cover;\" \/><\/figure>\n\n<h2 class=\"wp-block-post-title has-medium-font-size\"><a href=\"https:\/\/blogs.deusto.es\/deustoforum\/eu\/david-parry-opera-bihotzetik\/\" target=\"_self\" >David Parry. Opera bihotzetik<\/a><\/h2><\/div><\/div>\n\n<\/li><li class=\"wp-block-post post-7424 post type-post status-publish format-standard has-post-thumbnail hentry category-gaia category-hitzaldiak category-zikloa tag-1158 tag-1942 tag-2020 tag-euskadi tag-eztabaida tag-politica tag-politika\">\n\n<div class=\"wp-block-group alignwide\" style=\"padding-top:30px;padding-right:30px;padding-bottom:30px;padding-left:30px\"><div class=\"wp-block-group__inner-container is-layout-constrained wp-container-core-group-is-layout-a02f0dea wp-block-group-is-layout-constrained\"><figure class=\"wp-block-post-featured-image\"><img loading=\"lazy\" decoding=\"async\" width=\"300\" height=\"199\" src=\"https:\/\/blogs.deusto.es\/wp-content\/uploads\/sites\/55\/2019\/05\/291e3fd7-e809-de86-b1b1-832483132dc9_300.png\" class=\"attachment-post-thumbnail size-post-thumbnail wp-post-image\" alt=\"\" style=\"object-fit:cover;\" \/><\/figure>\n\n<h2 class=\"wp-block-post-title has-medium-font-size\"><a href=\"https:\/\/blogs.deusto.es\/deustoforum\/eu\/foru-hauteskunde-eztabaida\/\" target=\"_self\" >Foru hauteskunde eztabaida<\/a><\/h2><\/div><\/div>\n\n<\/li><li class=\"wp-block-post post-7418 post type-post status-publish format-standard has-post-thumbnail hentry category-aparteko-hitzaldia category-fedea-etika-erlijioa category-gaia category-giza-eskubideak category-gizarte-zientziak category-hitzaldiak category-zikloa tag-1236 tag-1355 tag-1444 tag-1795 tag-1337 tag-ekologia tag-giza-eskubideak tag-indigenak\">\n\n<div class=\"wp-block-group alignwide\" style=\"padding-top:30px;padding-right:30px;padding-bottom:30px;padding-left:30px\"><div class=\"wp-block-group__inner-container is-layout-constrained wp-container-core-group-is-layout-a02f0dea wp-block-group-is-layout-constrained\"><figure class=\"wp-block-post-featured-image\"><img loading=\"lazy\" decoding=\"async\" width=\"199\" height=\"288\" src=\"https:\/\/blogs.deusto.es\/wp-content\/uploads\/sites\/55\/2019\/05\/e187e27b-f172-a505-6313-277514943683_300-199x288.png\" class=\"attachment-post-thumbnail size-post-thumbnail wp-post-image\" alt=\"\" style=\"object-fit:cover;\" \/><\/figure>\n\n<h2 class=\"wp-block-post-title has-medium-font-size\"><a href=\"https:\/\/blogs.deusto.es\/deustoforum\/eu\/una-amazonia-para-toda-la-humanidad\/\" target=\"_self\" >Una Amazonia para toda la Humanidad<\/a><\/h2><\/div><\/div>\n\n<\/li><li class=\"wp-block-post post-7412 post type-post status-publish format-standard has-post-thumbnail hentry category-gaia category-hitzaldiak category-zikloa tag-2018 tag-1420 tag-2000 tag-1349 tag-digitala tag-educacion tag-enplegagarritasun tag-etorkizun-digitala tag-hezkuntza\">\n\n<div class=\"wp-block-group alignwide\" style=\"padding-top:30px;padding-right:30px;padding-bottom:30px;padding-left:30px\"><div class=\"wp-block-group__inner-container is-layout-constrained wp-container-core-group-is-layout-a02f0dea wp-block-group-is-layout-constrained\"><figure class=\"wp-block-post-featured-image\"><img loading=\"lazy\" decoding=\"async\" width=\"300\" height=\"200\" src=\"https:\/\/blogs.deusto.es\/wp-content\/uploads\/sites\/55\/2019\/03\/44eceff0-8552-03fc-b3af-a3fb15e1a266_300.png\" class=\"attachment-post-thumbnail size-post-thumbnail wp-post-image\" alt=\"\" style=\"object-fit:cover;\" \/><\/figure>\n\n<h2 class=\"wp-block-post-title has-medium-font-size\"><a href=\"https:\/\/blogs.deusto.es\/deustoforum\/eu\/cambio-educativo-y-transformacion-digital-de-la-inclusion-a-la-empleabilidad\/\" target=\"_self\" >Cambio educativo y transformaci\u00f3n digital: de la inclusi\u00f3n a la empleabilidad<\/a><\/h2><\/div><\/div>\n\n<\/li><\/ul>\n\n<nav class=\"wp-block-query-pagination is-layout-flex wp-block-query-pagination-is-layout-flex\" aria-label=\"Pagination\">\n\n\n<div class=\"wp-block-query-pagination-numbers\"><span aria-current=\"page\" class=\"page-numbers current\">1<\/span>\n<a class=\"page-numbers\" href=\"?query-28-page=2\">2<\/a>\n<a class=\"page-numbers\" href=\"?query-28-page=3\">3<\/a>\n<span class=\"page-numbers dots\">&hellip;<\/span>\n<a class=\"page-numbers\" href=\"?query-28-page=45\">45<\/a><\/div>\n\n<a href=\"\/deustoforum\/eu\/wp-json\/wp\/v2\/pages\/7712?query-28-page=2\" class=\"wp-block-query-pagination-next\">Hurrengo orrialdea<span class='wp-block-query-pagination-next-arrow is-arrow-arrow' aria-hidden='true'>\u2192<\/span><\/a>\n<\/nav><\/div>\n<\/div><\/div>\n<p><span class='st_facebook_hcount' st_title='Hitzaldiak' st_url='https:\/\/blogs.deusto.es\/deustoforum\/eu\/hitzaldiak\/' displayText='facebook'><\/span><span st_via='deustoforum' st_username='deustoforum' class='st_twitter_hcount' st_title='Hitzaldiak' st_url='https:\/\/blogs.deusto.es\/deustoforum\/eu\/hitzaldiak\/' displayText='twitter'><\/span><span class='st_email_hcount' st_title='Hitzaldiak' st_url='https:\/\/blogs.deusto.es\/deustoforum\/eu\/hitzaldiak\/' displayText='email'><\/span><span class='st_sharethis_hcount' st_title='Hitzaldiak' st_url='https:\/\/blogs.deusto.es\/deustoforum\/eu\/hitzaldiak\/' displayText='sharethis'><\/span><\/p>","protected":false},"excerpt":{"rendered":"<p><span class='st_facebook_hcount' st_title='Hitzaldiak' st_url='https:\/\/blogs.deusto.es\/deustoforum\/eu\/hitzaldiak\/' displayText='facebook'><\/span><span st_via='deustoforum' st_username='deustoforum' class='st_twitter_hcount' st_title='Hitzaldiak' st_url='https:\/\/blogs.deusto.es\/deustoforum\/eu\/hitzaldiak\/' displayText='twitter'><\/span><span class='st_email_hcount' st_title='Hitzaldiak' st_url='https:\/\/blogs.deusto.es\/deustoforum\/eu\/hitzaldiak\/' displayText='email'><\/span><span class='st_sharethis_hcount' st_title='Hitzaldiak' st_url='https:\/\/blogs.deusto.es\/deustoforum\/eu\/hitzaldiak\/' displayText='sharethis'><\/span><\/p>","protected":false},"author":52,"featured_media":0,"parent":0,"menu_order":0,"comment_status":"closed","ping_status":"closed","template":"","meta":{"footnotes":""},"class_list":["post-7712","page","type-page","status-publish","hentry"],"_links":{"self":[{"href":"https:\/\/blogs.deusto.es\/deustoforum\/eu\/wp-json\/wp\/v2\/pages\/7712","targetHints":{"allow":["GET"]}}],"collection":[{"href":"https:\/\/blogs.deusto.es\/deustoforum\/eu\/wp-json\/wp\/v2\/pages"}],"about":[{"href":"https:\/\/blogs.deusto.es\/deustoforum\/eu\/wp-json\/wp\/v2\/types\/page"}],"author":[{"embeddable":true,"href":"https:\/\/blogs.deusto.es\/deustoforum\/eu\/wp-json\/wp\/v2\/users\/52"}],"replies":[{"embeddable":true,"href":"https:\/\/blogs.deusto.es\/deustoforum\/eu\/wp-json\/wp\/v2\/comments?post=7712"}],"version-history":[{"count":1,"href":"https:\/\/blogs.deusto.es\/deustoforum\/eu\/wp-json\/wp\/v2\/pages\/7712\/revisions"}],"predecessor-version":[{"id":7713,"href":"https:\/\/blogs.deusto.es\/deustoforum\/eu\/wp-json\/wp\/v2\/pages\/7712\/revisions\/7713"}],"wp:attachment":[{"href":"https:\/\/blogs.deusto.es\/deustoforum\/eu\/wp-json\/wp\/v2\/media?parent=7712"}],"curies":[{"name":"wp","href":"https:\/\/api.w.org\/{rel}","templated":true}]}}