{"id":2256,"date":"2016-02-10T11:48:13","date_gmt":"2016-02-10T10:48:13","guid":{"rendered":"https:\/\/preblogs.deusto.es\/deustoforum\/?page_id=2256"},"modified":"2016-02-10T11:48:13","modified_gmt":"2016-02-10T10:48:13","slug":"quienes-somos-deustoforum","status":"publish","type":"page","link":"https:\/\/blogs.deusto.es\/deustoforum\/quienes-somos-deustoforum\/","title":{"rendered":"Qui\u00e9nes somos"},"content":{"rendered":"<p style=\"color: #373737;\"><a href=\"https:\/\/blogs.deusto.es\/deustoforum\/wp-content\/uploads\/sites\/55\/2014\/11\/mc011sg.jpg\"><img fetchpriority=\"high\" decoding=\"async\" class=\"wp-image-1430 alignright\" src=\"https:\/\/blogs.deusto.es\/deustoforum\/wp-content\/uploads\/sites\/55\/2014\/11\/mc011sg.jpg\" alt=\"P\u00fablico DF\" width=\"240\" height=\"344\" \/><\/a>El 14 de noviembre de 1989 nac\u00eda Forum Deusto, en la actualidad, DeustoForum. Un <strong>espacio de exposici\u00f3n, an\u00e1lisis y debate<\/strong> que surgi\u00f3 con la idea de dar cabida a todo tipo de ideas \u00fatiles a la sociedad, siempre con el m\u00e1ximo rigor universitario y en un ambiente de respeto a\u00a0la pluralidad.<\/p>\n<p style=\"color: #373737;\">La Universidad de Deusto se abre as\u00ed al an\u00e1lisis y discusi\u00f3n de ideas que quedan a menudo fuera del marco espec\u00edfico de los estudios universitarios, y acoge para ello a <strong>personas cualificadas en sus respectivas \u00e1reas<\/strong>. Asimismo, amplia el horizonte de los habituales destinatarios, acercando la universidad a la\u00a0sociedad.<\/p>\n<p style=\"color: #373737;\">La organizaci\u00f3n habitual de DeustoForum se basa en\u00a0<strong>ciclos de conferencias<\/strong>, en los que se abordan tem\u00e1ticas concretas desde diferentes perspectivas y disciplinas. Al mismo tiempo, se realizan conferencias de car\u00e1cter extraordinario.<\/p>\n<p style=\"color: #373737;\">Bajo la presidencia de Roberto Pascual, Juan Churruca, Alejandro Mart\u00ednez Charterina, Javier Elzo, Juan Ignacio Echano y <strong>Jos\u00e9 Luis del Val, presidente en la actualidad<\/strong>, la\u00a0actividad\u00a0de DeustoForum se ha materializado en m\u00e1s de 40 ciclos de conferencias, y otras muchas sesiones extraordinarias, conectadas con las inquietudes que\u00a0marcan cada periodo.<\/p>\n<p><span class='st_facebook_hcount' st_title='Qui\u00e9nes somos' st_url='https:\/\/blogs.deusto.es\/deustoforum\/quienes-somos-deustoforum\/' displayText='facebook'><\/span><span st_via='deustoforum' st_username='deustoforum' class='st_twitter_hcount' st_title='Qui\u00e9nes somos' st_url='https:\/\/blogs.deusto.es\/deustoforum\/quienes-somos-deustoforum\/' displayText='twitter'><\/span><span class='st_email_hcount' st_title='Qui\u00e9nes somos' st_url='https:\/\/blogs.deusto.es\/deustoforum\/quienes-somos-deustoforum\/' displayText='email'><\/span><span class='st_sharethis_hcount' st_title='Qui\u00e9nes somos' st_url='https:\/\/blogs.deusto.es\/deustoforum\/quienes-somos-deustoforum\/' displayText='sharethis'><\/span><\/p>","protected":false},"excerpt":{"rendered":"<p>El 14 de noviembre de 1989 nac\u00eda Forum Deusto, en la actualidad, DeustoForum. Un espacio de exposici\u00f3n, an\u00e1lisis y debate que surgi\u00f3 con la idea de dar cabida a todo tipo de ideas \u00fatiles a la sociedad, siempre con el &hellip; <a href=\"https:\/\/blogs.deusto.es\/deustoforum\/quienes-somos-deustoforum\/\">Sigue leyendo <span class=\"meta-nav\">&rarr;<\/span><\/a><\/p>\n<p><span class='st_facebook_hcount' st_title='Qui\u00e9nes somos' st_url='https:\/\/blogs.deusto.es\/deustoforum\/quienes-somos-deustoforum\/' displayText='facebook'><\/span><span st_via='deustoforum' st_username='deustoforum' class='st_twitter_hcount' st_title='Qui\u00e9nes somos' st_url='https:\/\/blogs.deusto.es\/deustoforum\/quienes-somos-deustoforum\/' displayText='twitter'><\/span><span class='st_email_hcount' st_title='Qui\u00e9nes somos' st_url='https:\/\/blogs.deusto.es\/deustoforum\/quienes-somos-deustoforum\/' displayText='email'><\/span><span class='st_sharethis_hcount' st_title='Qui\u00e9nes somos' st_url='https:\/\/blogs.deusto.es\/deustoforum\/quienes-somos-deustoforum\/' displayText='sharethis'><\/span><\/p>","protected":false},"author":515,"featured_media":0,"parent":0,"menu_order":0,"comment_status":"open","ping_status":"open","template":"","meta":{"footnotes":""},"class_list":["post-2256","page","type-page","status-publish","hentry"],"_links":{"self":[{"href":"https:\/\/blogs.deusto.es\/deustoforum\/wp-json\/wp\/v2\/pages\/2256","targetHints":{"allow":["GET"]}}],"collection":[{"href":"https:\/\/blogs.deusto.es\/deustoforum\/wp-json\/wp\/v2\/pages"}],"about":[{"href":"https:\/\/blogs.deusto.es\/deustoforum\/wp-json\/wp\/v2\/types\/page"}],"author":[{"embeddable":true,"href":"https:\/\/blogs.deusto.es\/deustoforum\/wp-json\/wp\/v2\/users\/515"}],"replies":[{"embeddable":true,"href":"https:\/\/blogs.deusto.es\/deustoforum\/wp-json\/wp\/v2\/comments?post=2256"}],"version-history":[{"count":1,"href":"https:\/\/blogs.deusto.es\/deustoforum\/wp-json\/wp\/v2\/pages\/2256\/revisions"}],"predecessor-version":[{"id":2257,"href":"https:\/\/blogs.deusto.es\/deustoforum\/wp-json\/wp\/v2\/pages\/2256\/revisions\/2257"}],"wp:attachment":[{"href":"https:\/\/blogs.deusto.es\/deustoforum\/wp-json\/wp\/v2\/media?parent=2256"}],"curies":[{"name":"wp","href":"https:\/\/api.w.org\/{rel}","templated":true}]}}