{"id":142,"date":"2020-03-17T13:15:04","date_gmt":"2020-03-17T12:15:04","guid":{"rendered":"https:\/\/preblogs.deusto.es\/dual\/?page_id=142"},"modified":"2023-08-02T17:04:31","modified_gmt":"2023-08-02T15:04:31","slug":"deusto-social-lab","status":"publish","type":"page","link":"https:\/\/blogs.deusto.es\/dual\/deusto-social-lab\/","title":{"rendered":"Deusto Social Lab"},"content":{"rendered":"\n<h4 class=\"has-text-align-left wp-block-heading\">Deusto Social Lab se crea en un contexto en el que la competitividad y la innovaci\u00f3n han adquirido una relevancia de primer orden. Es un contexto en el que la globalizaci\u00f3n, el desarrollo tecnol\u00f3gico y la velocidad en el intercambio de informaci\u00f3n se configuran como un acelerador permanente de la innovaci\u00f3n. Podr\u00edamos decir que se viven <strong>tiempos de ruptura e innovaci\u00f3n radical<\/strong>.&nbsp;<\/h4>\n\n\n\n<div style=\"height:20px\" aria-hidden=\"true\" class=\"wp-block-spacer\"><\/div>\n\n\n\n<figure class=\"wp-block-image size-large is-resized\"><img fetchpriority=\"high\" decoding=\"async\" src=\"https:\/\/blogs.deusto.es\/dual\/wp-content\/uploads\/sites\/71\/2020\/10\/Captura-de-pantalla-2020-10-05-a-las-11.24.19.png\" alt=\"\" class=\"wp-image-376\" width=\"793\" height=\"556\" srcset=\"https:\/\/blogs.deusto.es\/wp-content\/uploads\/sites\/71\/2020\/10\/Captura-de-pantalla-2020-10-05-a-las-11.24.19.png 728w, https:\/\/blogs.deusto.es\/wp-content\/uploads\/sites\/71\/2020\/10\/Captura-de-pantalla-2020-10-05-a-las-11.24.19-300x210.png 300w\" sizes=\"(max-width: 793px) 100vw, 793px\" \/><figcaption><em>Miembros de Deusto Social Lab<\/em><\/figcaption><\/figure>\n\n\n\n<p>Este contexto, tiene un impacto claro en la reflexi\u00f3n sobre cu\u00e1l debe ser el papel de la Universidad, una reflexi\u00f3n sobre el concepto de la \u201c<strong><em>tercera misi\u00f3n<\/em><\/strong>\u201d de las Universidades, en la que subyace el entendimiento de la <em>Academia<\/em> como agente activo de desarrollo. Esta reflexi\u00f3n es el punto de partida para la definici\u00f3n y puesta en marcha de la iniciativa Deusto Social Lab posicionada con claridad en que el discurso de la competitividad necesita reflejarse al servicio del progreso y del desarrollo econ\u00f3mico y social, en definitiva, al servicio del bienestar.&nbsp;<\/p>\n\n\n\n<p>El valor diferencial de Deusto Social Lab. se empieza a construir a partir de la propia formulaci\u00f3n de su <strong>misi\u00f3n<\/strong>, de la expresi\u00f3n de los principios corporativos que la acompa\u00f1an, as\u00ed como de los valores que la inspiran.&nbsp;<\/p>\n\n\n\n<p>La misi\u00f3n de Deusto Social Lab responde al siguiente enunciado:<\/p>\n\n\n\n<blockquote class=\"wp-block-quote is-layout-flow wp-block-quote-is-layout-flow\"><p><em>\u201c<\/em><strong><em>Deusto Social Lab tiene como misi\u00f3n contribuir al desarrollo de la persona como agente de transformaci\u00f3n al servicio del progreso econ\u00f3mico y social), a trav\u00e9s de la interacci\u00f3n (relaci\u00f3n) estrecha con los agentes econ\u00f3micos y sociales<\/em><\/strong><em>\u201d &nbsp;<\/em><\/p><\/blockquote>\n\n\n\n<p><strong>Los<\/strong> <strong>principios corporativos<\/strong> que contribuir\u00e1n a establecer la visi\u00f3n de Deusto Social Lab tienen que ver con la <strong>innovaci\u00f3n, la calidad y la eficiencia, la identificaci\u00f3n con las necesidades de los clientes, y el desarrollo, integraci\u00f3n y motivaci\u00f3n de los profesionales<\/strong>. En realidad, la estrategia de innovaci\u00f3n sobre la base de la calidad y la eficiencia es un requisito inevitable de cualquier organizaci\u00f3n competitiva en los tiempos actuales. Los clientes constituyen la raz\u00f3n de ser de nuestro proyecto y los profesionales son la verdadera medida de \u00e9ste. Si estos cuatro principios corporativos operan adecuadamente, la creaci\u00f3n de valor para todos los implicados en el proyecto ser\u00e1 una consecuencia natural. Con esta declaraci\u00f3n de principios estamos poniendo el \u00e9nfasis en construir un proyecto sostenible y competitivo.<\/p>\n\n\n\n<p><strong>Los valores<\/strong> que acompa\u00f1an a los principios corporativos para configurar la visi\u00f3n de la instituci\u00f3n son fundamentales para comprender el alcance de la misma, m\u00e1s en una instituci\u00f3n perteneciente a una universidad jesu\u00edtica. Los formulamos de la siguiente manera:&nbsp;<\/p>\n\n\n\n<ul class=\"wp-block-list\"><li><strong><em>Compromiso \u00e9tico<\/em>, <\/strong>que nace del \u201crespeto al otro\u201d como un eje b\u00e1sico para&nbsp;reconocer la diversidad y estar dispuesto a cooperar para ponerla en valor. <br> <\/li><li><strong><em>Cooperaci\u00f3n<\/em>,<\/strong> que pone el foco en la necesidad del trabajo en equipo como un valor fundamental, incorporando la capacidad de integrar la diversidad y ponerla en valor.<\/li><\/ul>\n\n\n\n<ul class=\"wp-block-list\"><li><strong><em>Disposici\u00f3n al cambio<\/em>,<\/strong> que proyecta una instituci\u00f3n viva y activa, que tiene iniciativa y asume riesgos.<\/li><\/ul>\n\n\n\n<ul class=\"wp-block-list\"><li><strong><em>Perseverancia<\/em>,<\/strong> que supone trabajo duro, no caer en el des\u00e1nimo y afrontar los fracasos que se puedan producir en el camino.<\/li><\/ul>\n\n\n\n<ul class=\"wp-block-list\"><li><strong><em>Compromiso con el \u00e9xito corporativo<\/em>, <\/strong>que pone el \u00e9nfasis en la necesidad de la confianza en nosotros mismos y tambi\u00e9n en los dem\u00e1s, para progresar y construir un proyecto cada vez mejor, asumiendo el reto de la ejemplaridad, el compromiso y la solidaridad.<\/li><\/ul>\n\n\n\n<p>Como hemos se\u00f1alado en la misi\u00f3n de Deusto Social Lab., la interacci\u00f3n (relaci\u00f3n) estrecha con los agentes econ\u00f3micos y sociales resulta fundamental. En este sentido, no podemos olvidar que el <em>desarrollo de la persona como agente de transformaci\u00f3n al servicio del progreso econ\u00f3mico y social<\/em> s\u00f3lo es alcanzable a trav\u00e9s de una <strong>estrecha colaboraci\u00f3n con los agentes econ\u00f3micos y sociales.<\/strong> Es m\u00e1s, no se trata de pensar que la misi\u00f3n de la universidad es la de contribuir al desarrollo y al progreso econ\u00f3mico y social dando servicio directo a los agentes econ\u00f3micos y sociales, cosa que tambi\u00e9n forma parte de sus cometidos, sino, m\u00e1s bien, hacerlo a trav\u00e9s de las personas que prestan servicios en los mismos. Desde este punto de vista, el perfil de los agentes econ\u00f3micos y sociales transciende del perfil exclusivo de un cliente al que damos un servicio, y lo sit\u00faa en un plano de necesaria <strong>alianza y complicidad<\/strong> que tiene como objetivo fundamental a las personas. Unas personas que se configuran como el agente econ\u00f3mico y social por excelencia.<\/p>\n\n\n\n<div class=\"wp-block-media-text alignwide has-media-on-the-right is-vertically-aligned-center\"><figure class=\"wp-block-media-text__media\"><img decoding=\"async\" width=\"900\" height=\"602\" src=\"https:\/\/blogs.deusto.es\/dual\/wp-content\/uploads\/sites\/71\/2020\/10\/Captura-de-pantalla-2020-10-05-a-las-11.29.13.png\" alt=\"\" class=\"wp-image-378\" srcset=\"https:\/\/blogs.deusto.es\/wp-content\/uploads\/sites\/71\/2020\/10\/Captura-de-pantalla-2020-10-05-a-las-11.29.13.png 900w, https:\/\/blogs.deusto.es\/wp-content\/uploads\/sites\/71\/2020\/10\/Captura-de-pantalla-2020-10-05-a-las-11.29.13-300x201.png 300w, https:\/\/blogs.deusto.es\/wp-content\/uploads\/sites\/71\/2020\/10\/Captura-de-pantalla-2020-10-05-a-las-11.29.13-768x514.png 768w\" sizes=\"(max-width: 900px) 100vw, 900px\" \/><\/figure><div class=\"wp-block-media-text__content\">\n\n<p style=\"color:#4f5355\" class=\"has-text-color has-medium-font-size\">\u00ab<strong>Deusto Social Lab aspira a crear las condiciones para que ese espacio de colaboraci\u00f3n entre los diferentes agentes sea posible<\/strong>\u00ab.<\/p>\n\n<\/div><\/div>\n\n\n\n<p>El hecho de que las personas necesitemos colaborar con otras para alcanzar los objetivos de car\u00e1cter social, para lo cual formamos parte de estructuras organizativas de diferente naturaleza (empresas, organizaciones sociales, instituciones p\u00fablicas) no debe hacernos olvidar que <strong>la persona es la que est\u00e1 en el centro de todas esas organizaciones<\/strong> y la que hace que el progreso y desarrollo de estas, alcanzando sus objetivos, sea posible.<\/p>\n\n\n\n<p>A partir de esta consideraci\u00f3n fundamental, <strong>Deusto Social Lab aspira a crear las condiciones para que ese espacio de colaboraci\u00f3n entre los diferentes agentes sea posible<\/strong>. Esta tarea es de todos, pero, qu\u00e9 duda cabe, afecta de manera fundamental a la misi\u00f3n de la instituci\u00f3n universitaria. Por eso la universidad debe abordar el reto de construir ese espacio de relaci\u00f3n, pero no podr\u00e1 hacerlo sola.&nbsp;<\/p>\n","protected":false},"excerpt":{"rendered":"<p>Deusto Social Lab se crea en un contexto en el que la competitividad y la innovaci\u00f3n han adquirido una relevancia de primer orden. Es un contexto en el que la globalizaci\u00f3n, el desarrollo tecnol\u00f3gico y la velocidad en el intercambio de informaci\u00f3n se configuran como un acelerador permanente de la innovaci\u00f3n. Podr\u00edamos decir que se [&hellip;]<\/p>\n","protected":false},"author":601,"featured_media":0,"parent":0,"menu_order":0,"comment_status":"closed","ping_status":"closed","template":"","meta":{"footnotes":"","_links_to":"","_links_to_target":""},"class_list":["post-142","page","type-page","status-publish","czr-hentry"],"yoast_head":"<!-- This site is optimized with the Yoast SEO plugin v26.4 - https:\/\/yoast.com\/wordpress\/plugins\/seo\/ -->\n<title>Deusto Social Lab, Universidad de Deusto<\/title>\n<meta name=\"description\" content=\"Deusto Social Lab se crea en un contexto en el que la competitividad y la innovaci\u00f3n han adquirido una relevancia de primer orden\" \/>\n<meta name=\"robots\" content=\"index, follow, max-snippet:-1, max-image-preview:large, max-video-preview:-1\" \/>\n<link rel=\"canonical\" href=\"https:\/\/blogs.deusto.es\/dual\/deusto-social-lab\/\" \/>\n<meta property=\"og:locale\" content=\"es_ES\" \/>\n<meta property=\"og:type\" content=\"article\" \/>\n<meta property=\"og:title\" content=\"Deusto Social Lab, Universidad de Deusto\" \/>\n<meta property=\"og:description\" content=\"Deusto Social Lab se crea en un contexto en el que la competitividad y la innovaci\u00f3n han adquirido una relevancia de primer orden\" \/>\n<meta property=\"og:url\" content=\"https:\/\/blogs.deusto.es\/dual\/deusto-social-lab\/\" \/>\n<meta property=\"og:site_name\" content=\"Dual\" \/>\n<meta property=\"article:modified_time\" content=\"2023-08-02T15:04:31+00:00\" \/>\n<meta property=\"og:image\" content=\"https:\/\/blogs.deusto.es\/dual\/wp-content\/uploads\/sites\/71\/2020\/10\/Captura-de-pantalla-2020-10-05-a-las-11.24.19.png\" \/>\n<meta name=\"twitter:card\" content=\"summary_large_image\" \/>\n<meta name=\"twitter:label1\" content=\"Tiempo de lectura\" \/>\n\t<meta name=\"twitter:data1\" content=\"5 minutos\" \/>\n<script type=\"application\/ld+json\" class=\"yoast-schema-graph\">{\"@context\":\"https:\/\/schema.org\",\"@graph\":[{\"@type\":\"WebPage\",\"@id\":\"https:\/\/blogs.deusto.es\/dual\/deusto-social-lab\/\",\"url\":\"https:\/\/blogs.deusto.es\/dual\/deusto-social-lab\/\",\"name\":\"Deusto Social Lab, Universidad de Deusto\",\"isPartOf\":{\"@id\":\"https:\/\/blogs.deusto.es\/dual\/#website\"},\"primaryImageOfPage\":{\"@id\":\"https:\/\/blogs.deusto.es\/dual\/deusto-social-lab\/#primaryimage\"},\"image\":{\"@id\":\"https:\/\/blogs.deusto.es\/dual\/deusto-social-lab\/#primaryimage\"},\"thumbnailUrl\":\"https:\/\/blogs.deusto.es\/dual\/wp-content\/uploads\/sites\/71\/2020\/10\/Captura-de-pantalla-2020-10-05-a-las-11.24.19.png\",\"datePublished\":\"2020-03-17T12:15:04+00:00\",\"dateModified\":\"2023-08-02T15:04:31+00:00\",\"description\":\"Deusto Social Lab se crea en un contexto en el que la competitividad y la innovaci\u00f3n han adquirido una relevancia de primer orden\",\"inLanguage\":\"es\",\"potentialAction\":[{\"@type\":\"ReadAction\",\"target\":[\"https:\/\/blogs.deusto.es\/dual\/deusto-social-lab\/\"]}]},{\"@type\":\"ImageObject\",\"inLanguage\":\"es\",\"@id\":\"https:\/\/blogs.deusto.es\/dual\/deusto-social-lab\/#primaryimage\",\"url\":\"https:\/\/blogs.deusto.es\/dual\/wp-content\/uploads\/sites\/71\/2020\/10\/Captura-de-pantalla-2020-10-05-a-las-11.24.19.png\",\"contentUrl\":\"https:\/\/blogs.deusto.es\/dual\/wp-content\/uploads\/sites\/71\/2020\/10\/Captura-de-pantalla-2020-10-05-a-las-11.24.19.png\"},{\"@type\":\"WebSite\",\"@id\":\"https:\/\/blogs.deusto.es\/dual\/#website\",\"url\":\"https:\/\/blogs.deusto.es\/dual\/\",\"name\":\"Dual\",\"description\":\"Cooperaci\u00f3n para la Transformaci\u00f3n\",\"publisher\":{\"@id\":\"https:\/\/blogs.deusto.es\/dual\/#organization\"},\"potentialAction\":[{\"@type\":\"SearchAction\",\"target\":{\"@type\":\"EntryPoint\",\"urlTemplate\":\"https:\/\/blogs.deusto.es\/dual\/?s={search_term_string}\"},\"query-input\":{\"@type\":\"PropertyValueSpecification\",\"valueRequired\":true,\"valueName\":\"search_term_string\"}}],\"inLanguage\":\"es\"},{\"@type\":\"Organization\",\"@id\":\"https:\/\/blogs.deusto.es\/dual\/#organization\",\"name\":\"Dual\",\"url\":\"https:\/\/blogs.deusto.es\/dual\/\",\"logo\":{\"@type\":\"ImageObject\",\"inLanguage\":\"es\",\"@id\":\"https:\/\/blogs.deusto.es\/dual\/#\/schema\/logo\/image\/\",\"url\":\"https:\/\/blogs.deusto.es\/wp-content\/uploads\/sites\/71\/2020\/07\/TIT-LOGO_Blog_Dual.png\",\"contentUrl\":\"https:\/\/blogs.deusto.es\/wp-content\/uploads\/sites\/71\/2020\/07\/TIT-LOGO_Blog_Dual.png\",\"width\":1667,\"height\":750,\"caption\":\"Dual\"},\"image\":{\"@id\":\"https:\/\/blogs.deusto.es\/dual\/#\/schema\/logo\/image\/\"}}]}<\/script>\n<!-- \/ Yoast SEO plugin. -->","yoast_head_json":{"title":"Deusto Social Lab, Universidad de Deusto","description":"Deusto Social Lab se crea en un contexto en el que la competitividad y la innovaci\u00f3n han adquirido una relevancia de primer orden","robots":{"index":"index","follow":"follow","max-snippet":"max-snippet:-1","max-image-preview":"max-image-preview:large","max-video-preview":"max-video-preview:-1"},"canonical":"https:\/\/blogs.deusto.es\/dual\/deusto-social-lab\/","og_locale":"es_ES","og_type":"article","og_title":"Deusto Social Lab, Universidad de Deusto","og_description":"Deusto Social Lab se crea en un contexto en el que la competitividad y la innovaci\u00f3n han adquirido una relevancia de primer orden","og_url":"https:\/\/blogs.deusto.es\/dual\/deusto-social-lab\/","og_site_name":"Dual","article_modified_time":"2023-08-02T15:04:31+00:00","og_image":[{"url":"https:\/\/blogs.deusto.es\/dual\/wp-content\/uploads\/sites\/71\/2020\/10\/Captura-de-pantalla-2020-10-05-a-las-11.24.19.png","type":"","width":"","height":""}],"twitter_card":"summary_large_image","twitter_misc":{"Tiempo de lectura":"5 minutos"},"schema":{"@context":"https:\/\/schema.org","@graph":[{"@type":"WebPage","@id":"https:\/\/blogs.deusto.es\/dual\/deusto-social-lab\/","url":"https:\/\/blogs.deusto.es\/dual\/deusto-social-lab\/","name":"Deusto Social Lab, Universidad de Deusto","isPartOf":{"@id":"https:\/\/blogs.deusto.es\/dual\/#website"},"primaryImageOfPage":{"@id":"https:\/\/blogs.deusto.es\/dual\/deusto-social-lab\/#primaryimage"},"image":{"@id":"https:\/\/blogs.deusto.es\/dual\/deusto-social-lab\/#primaryimage"},"thumbnailUrl":"https:\/\/blogs.deusto.es\/dual\/wp-content\/uploads\/sites\/71\/2020\/10\/Captura-de-pantalla-2020-10-05-a-las-11.24.19.png","datePublished":"2020-03-17T12:15:04+00:00","dateModified":"2023-08-02T15:04:31+00:00","description":"Deusto Social Lab se crea en un contexto en el que la competitividad y la innovaci\u00f3n han adquirido una relevancia de primer orden","inLanguage":"es","potentialAction":[{"@type":"ReadAction","target":["https:\/\/blogs.deusto.es\/dual\/deusto-social-lab\/"]}]},{"@type":"ImageObject","inLanguage":"es","@id":"https:\/\/blogs.deusto.es\/dual\/deusto-social-lab\/#primaryimage","url":"https:\/\/blogs.deusto.es\/dual\/wp-content\/uploads\/sites\/71\/2020\/10\/Captura-de-pantalla-2020-10-05-a-las-11.24.19.png","contentUrl":"https:\/\/blogs.deusto.es\/dual\/wp-content\/uploads\/sites\/71\/2020\/10\/Captura-de-pantalla-2020-10-05-a-las-11.24.19.png"},{"@type":"WebSite","@id":"https:\/\/blogs.deusto.es\/dual\/#website","url":"https:\/\/blogs.deusto.es\/dual\/","name":"Dual","description":"Cooperaci\u00f3n para la Transformaci\u00f3n","publisher":{"@id":"https:\/\/blogs.deusto.es\/dual\/#organization"},"potentialAction":[{"@type":"SearchAction","target":{"@type":"EntryPoint","urlTemplate":"https:\/\/blogs.deusto.es\/dual\/?s={search_term_string}"},"query-input":{"@type":"PropertyValueSpecification","valueRequired":true,"valueName":"search_term_string"}}],"inLanguage":"es"},{"@type":"Organization","@id":"https:\/\/blogs.deusto.es\/dual\/#organization","name":"Dual","url":"https:\/\/blogs.deusto.es\/dual\/","logo":{"@type":"ImageObject","inLanguage":"es","@id":"https:\/\/blogs.deusto.es\/dual\/#\/schema\/logo\/image\/","url":"https:\/\/blogs.deusto.es\/wp-content\/uploads\/sites\/71\/2020\/07\/TIT-LOGO_Blog_Dual.png","contentUrl":"https:\/\/blogs.deusto.es\/wp-content\/uploads\/sites\/71\/2020\/07\/TIT-LOGO_Blog_Dual.png","width":1667,"height":750,"caption":"Dual"},"image":{"@id":"https:\/\/blogs.deusto.es\/dual\/#\/schema\/logo\/image\/"}}]}},"_links":{"self":[{"href":"https:\/\/blogs.deusto.es\/dual\/wp-json\/wp\/v2\/pages\/142","targetHints":{"allow":["GET"]}}],"collection":[{"href":"https:\/\/blogs.deusto.es\/dual\/wp-json\/wp\/v2\/pages"}],"about":[{"href":"https:\/\/blogs.deusto.es\/dual\/wp-json\/wp\/v2\/types\/page"}],"author":[{"embeddable":true,"href":"https:\/\/blogs.deusto.es\/dual\/wp-json\/wp\/v2\/users\/601"}],"replies":[{"embeddable":true,"href":"https:\/\/blogs.deusto.es\/dual\/wp-json\/wp\/v2\/comments?post=142"}],"version-history":[{"count":8,"href":"https:\/\/blogs.deusto.es\/dual\/wp-json\/wp\/v2\/pages\/142\/revisions"}],"predecessor-version":[{"id":2509,"href":"https:\/\/blogs.deusto.es\/dual\/wp-json\/wp\/v2\/pages\/142\/revisions\/2509"}],"wp:attachment":[{"href":"https:\/\/blogs.deusto.es\/dual\/wp-json\/wp\/v2\/media?parent=142"}],"curies":[{"name":"wp","href":"https:\/\/api.w.org\/{rel}","templated":true}]}}