{"id":143,"date":"2020-03-17T13:15:04","date_gmt":"2020-03-17T12:15:04","guid":{"rendered":"https:\/\/preblogs.deusto.es\/dual\/?page_id=143"},"modified":"2026-02-23T11:24:59","modified_gmt":"2026-02-23T10:24:59","slug":"modelo-deusto-de-formacion-dual","status":"publish","type":"page","link":"https:\/\/blogs.deusto.es\/dual\/modelo-deusto-de-formacion-dual\/","title":{"rendered":"Modelo Deusto de Formaci\u00f3n Dual"},"content":{"rendered":"\t\t<div data-elementor-type=\"wp-page\" data-elementor-id=\"143\" class=\"elementor elementor-143\" data-elementor-post-type=\"page\">\n\t\t\t\t\t\t<section class=\"elementor-section elementor-top-section elementor-element elementor-element-9effde8 elementor-section-boxed elementor-section-height-default elementor-section-height-default\" data-id=\"9effde8\" data-element_type=\"section\">\n\t\t\t\t\t\t<div class=\"elementor-container elementor-column-gap-default\">\n\t\t\t\t\t<div class=\"elementor-column elementor-col-100 elementor-top-column elementor-element elementor-element-82ba55a\" data-id=\"82ba55a\" data-element_type=\"column\">\n\t\t\t<div class=\"elementor-widget-wrap elementor-element-populated\">\n\t\t\t\t\t\t<div class=\"elementor-element elementor-element-614d16f elementor-widget elementor-widget-video\" data-id=\"614d16f\" data-element_type=\"widget\" data-settings=\"{&quot;youtube_url&quot;:&quot;https:\\\/\\\/youtu.be\\\/5GrlGZqaZ4I&quot;,&quot;video_type&quot;:&quot;youtube&quot;,&quot;controls&quot;:&quot;yes&quot;}\" data-widget_type=\"video.default\">\n\t\t\t\t<div class=\"elementor-widget-container\">\n\t\t\t\t\t\t\t<div class=\"elementor-wrapper elementor-open-inline\">\n\t\t\t<div class=\"elementor-video\"><\/div>\t\t<\/div>\n\t\t\t\t\t\t<\/div>\n\t\t\t\t<\/div>\n\t\t\t\t\t<\/div>\n\t\t<\/div>\n\t\t\t\t\t<\/div>\n\t\t<\/section>\n\t\t\t\t<section class=\"elementor-section elementor-top-section elementor-element elementor-element-ba1c0de elementor-section-boxed elementor-section-height-default elementor-section-height-default\" data-id=\"ba1c0de\" data-element_type=\"section\">\n\t\t\t\t\t\t<div class=\"elementor-container elementor-column-gap-default\">\n\t\t\t\t\t<div class=\"elementor-column elementor-col-100 elementor-top-column elementor-element elementor-element-a29cb8b\" data-id=\"a29cb8b\" data-element_type=\"column\">\n\t\t\t<div class=\"elementor-widget-wrap elementor-element-populated\">\n\t\t\t\t\t\t<div class=\"elementor-element elementor-element-31714a3 elementor-widget elementor-widget-text-editor\" data-id=\"31714a3\" data-element_type=\"widget\" data-widget_type=\"text-editor.default\">\n\t\t\t\t<div class=\"elementor-widget-container\">\n\t\t\t\t\t\t\t\t\t<p class=\"p1\"><span class=\"s1\">En la <span style=\"color: #3366ff;\"><a style=\"color: #3366ff;\" title=\"Formaci\u00f3n Dual Universidad de Deusto\" href=\"https:\/\/www.deusto.es\/es\/inicio\/somos-deusto\/estrategia-academica\/formacion-dual\" target=\"_blank\" rel=\"noopener\">Universidad de Deusto<\/a><\/span> entendemos la formaci\u00f3n dual como <\/span><span class=\"s2\"><i>un <\/i><b><i>proceso sist\u00e9mico de ense\u00f1anza \u2013 aprendizaje<\/i><\/b><i> que, basado en la <\/i><b><i>cooperaci\u00f3n <\/i><\/b><i>con los agentes externos para el <strong>CO<\/strong>dise\u00f1o, <strong>CO<\/strong>seguimiento y <strong>CO<\/strong>evaluaci\u00f3n, combina la <\/i><b><i>adquisici\u00f3n de conocimientos y de competencias pr\u00e1cticas de forma simult\u00e1nea e integrada tanto en la Universidad como en la empresa u organizaci\u00f3n<\/i><\/b><i>. <\/i><\/span><span class=\"s2\"><i>Se trata de un proceso de aprendizaje basado, por lo tanto, en el \u201cwork based learning\u201d, un aprendizaje que, al tener lugar tambi\u00e9n en contextos reales, resulta <\/i><b><i>m\u00e1s significativo. <br \/><\/i><\/b><\/span><\/p>\t\t\t\t\t\t\t\t<\/div>\n\t\t\t\t<\/div>\n\t\t\t\t\t<\/div>\n\t\t<\/div>\n\t\t\t\t\t<\/div>\n\t\t<\/section>\n\t\t\t\t<section class=\"elementor-section elementor-top-section elementor-element elementor-element-f3434e5 elementor-section-boxed elementor-section-height-default elementor-section-height-default\" data-id=\"f3434e5\" data-element_type=\"section\">\n\t\t\t\t\t\t<div class=\"elementor-container elementor-column-gap-default\">\n\t\t\t\t\t<div class=\"elementor-column elementor-col-50 elementor-top-column elementor-element elementor-element-ac1519c\" data-id=\"ac1519c\" data-element_type=\"column\">\n\t\t\t<div class=\"elementor-widget-wrap elementor-element-populated\">\n\t\t\t\t\t\t<div class=\"elementor-element elementor-element-5d6a829 elementor-widget elementor-widget-image\" data-id=\"5d6a829\" data-element_type=\"widget\" data-widget_type=\"image.default\">\n\t\t\t\t<div class=\"elementor-widget-container\">\n\t\t\t\t\t\t\t\t\t\t\t\t\t\t\t\t<a href=\"https:\/\/drive.google.com\/file\/d\/16PROGjCg1MleW2iNBThTumV1OAH_SqVL\/view?usp=sharing\" target=\"_blank\">\n\t\t\t\t\t\t\t<img fetchpriority=\"high\" decoding=\"async\" width=\"964\" height=\"964\" src=\"https:\/\/blogs.deusto.es\/wp-content\/uploads\/sites\/71\/2020\/10\/Modelo_Deusto_Formacion_Dual.png\" class=\"attachment-large size-large wp-image-438\" alt=\"Modelo Deusto de Formaci\u00f3n Dual\" srcset=\"https:\/\/blogs.deusto.es\/wp-content\/uploads\/sites\/71\/2020\/10\/Modelo_Deusto_Formacion_Dual.png 964w, https:\/\/blogs.deusto.es\/wp-content\/uploads\/sites\/71\/2020\/10\/Modelo_Deusto_Formacion_Dual-300x300.png 300w, https:\/\/blogs.deusto.es\/wp-content\/uploads\/sites\/71\/2020\/10\/Modelo_Deusto_Formacion_Dual-150x150.png 150w, https:\/\/blogs.deusto.es\/wp-content\/uploads\/sites\/71\/2020\/10\/Modelo_Deusto_Formacion_Dual-768x768.png 768w, https:\/\/blogs.deusto.es\/wp-content\/uploads\/sites\/71\/2020\/10\/Modelo_Deusto_Formacion_Dual-510x510.png 510w\" sizes=\"(max-width: 964px) 100vw, 964px\" \/>\t\t\t\t\t\t\t\t<\/a>\n\t\t\t\t\t\t\t\t\t\t\t\t\t\t\t<\/div>\n\t\t\t\t<\/div>\n\t\t\t\t\t<\/div>\n\t\t<\/div>\n\t\t\t\t<div class=\"elementor-column elementor-col-50 elementor-top-column elementor-element elementor-element-7e862a4\" data-id=\"7e862a4\" data-element_type=\"column\">\n\t\t\t<div class=\"elementor-widget-wrap elementor-element-populated\">\n\t\t\t\t\t\t<div class=\"elementor-element elementor-element-fd7cc4e elementor-widget elementor-widget-text-editor\" data-id=\"fd7cc4e\" data-element_type=\"widget\" data-widget_type=\"text-editor.default\">\n\t\t\t\t<div class=\"elementor-widget-container\">\n\t\t\t\t\t\t\t\t\t<p class=\"p3\"><span class=\"s2\"><strong>El Modelo Deusto de Formaci\u00f3n Dual (MDFD)<\/strong> se caracteriza por lo tanto, por nuestra capacidad para trabajar con un enfoque de ecosistema, de <strong>CO<\/strong>operaci\u00f3n, entre la Universidad, las organizaciones y las administraciones p\u00fablicas para que, poniendo en el centro del proceso de aprendizaje al participante, al \u201caprendiz\u201d, seamos capaces de hacerle propuestas de aprendizaje que lo conviertan, ya no s\u00f3lo en un excelente profesional, sino en ese <b>agente de transformaci\u00f3n<\/b> que nos demanda la sociedad.<\/span><\/p>\t\t\t\t\t\t\t\t<\/div>\n\t\t\t\t<\/div>\n\t\t\t\t<div class=\"elementor-element elementor-element-24a92b8 elementor-widget elementor-widget-text-editor\" data-id=\"24a92b8\" data-element_type=\"widget\" data-widget_type=\"text-editor.default\">\n\t\t\t\t<div class=\"elementor-widget-container\">\n\t\t\t\t\t\t\t\t\t<p><span class=\"s2\">Para sintentizar en una sola frase, cu\u00e1l es el punto m\u00e1s relevante de nuestro modelo, decimos que el <strong>MODELO DEUSTO DE FORMACI\u00d3N DUAL<\/strong> se basa en \u201c<b>The Art of CO<\/b>\u201d, el Arte de <strong>CO<\/strong>operar, de ah\u00ed que ese sea nuestro lema principal y esencia de este blog.<\/span><\/p>\t\t\t\t\t\t\t\t<\/div>\n\t\t\t\t<\/div>\n\t\t\t\t\t<\/div>\n\t\t<\/div>\n\t\t\t\t\t<\/div>\n\t\t<\/section>\n\t\t\t\t<section class=\"elementor-section elementor-top-section elementor-element elementor-element-c179317 elementor-section-full_width elementor-section-height-default elementor-section-height-default\" data-id=\"c179317\" data-element_type=\"section\">\n\t\t\t\t\t\t<div class=\"elementor-container elementor-column-gap-default\">\n\t\t\t\t\t<div class=\"elementor-column elementor-col-100 elementor-top-column elementor-element elementor-element-58280c2\" data-id=\"58280c2\" data-element_type=\"column\">\n\t\t\t<div class=\"elementor-widget-wrap elementor-element-populated\">\n\t\t\t\t\t\t<div class=\"elementor-element elementor-element-130627b elementor-widget elementor-widget-text-editor\" data-id=\"130627b\" data-element_type=\"widget\" data-widget_type=\"text-editor.default\">\n\t\t\t\t<div class=\"elementor-widget-container\">\n\t\t\t\t\t\t\t\t\t<p class=\"p3\"><span class=\"s2\">En la Universidad acompa\u00f1amos a muchas personas que conf\u00edan en nosotros para su aprendizaje y que demuestran tener un gran talento y una gran motivaci\u00f3n por forjarse un futuro pleno. Asimismo, somos conocedores del esfuerzo realizado por parte de las organizaciones para el desarrollo de sus retos de futuro para los que requieren ir incorporando nuevas personas, con talento, con ganas. <\/span><\/p><h5 class=\"p3\"><span class=\"s2\" style=\"color: #1c4e99\"><b>La formaci\u00f3n dual nos permite unirlos, nos permite hacer de puente y de dar futuro a quien demuestra talento y de acercar el talento a quien vislumbra futuro.<\/b><\/span><\/h5>\t\t\t\t\t\t\t\t<\/div>\n\t\t\t\t<\/div>\n\t\t\t\t\t<\/div>\n\t\t<\/div>\n\t\t\t\t\t<\/div>\n\t\t<\/section>\n\t\t\t\t<section class=\"elementor-section elementor-top-section elementor-element elementor-element-f49b94b elementor-section-boxed elementor-section-height-default elementor-section-height-default\" data-id=\"f49b94b\" data-element_type=\"section\">\n\t\t\t\t\t\t<div class=\"elementor-container elementor-column-gap-default\">\n\t\t\t\t\t<div class=\"elementor-column elementor-col-25 elementor-top-column elementor-element elementor-element-bf0277e\" data-id=\"bf0277e\" data-element_type=\"column\">\n\t\t\t<div class=\"elementor-widget-wrap\">\n\t\t\t\t\t\t\t<\/div>\n\t\t<\/div>\n\t\t\t\t<div class=\"elementor-column elementor-col-50 elementor-top-column elementor-element elementor-element-2d6318e\" data-id=\"2d6318e\" data-element_type=\"column\">\n\t\t\t<div class=\"elementor-widget-wrap elementor-element-populated\">\n\t\t\t\t\t\t<div class=\"elementor-element elementor-element-c0b0526 elementor-widget elementor-widget-menu-anchor\" data-id=\"c0b0526\" data-element_type=\"widget\" data-widget_type=\"menu-anchor.default\">\n\t\t\t\t<div class=\"elementor-widget-container\">\n\t\t\t\t\t\t\t<div class=\"elementor-menu-anchor\" id=\"cuaderno\"><\/div>\n\t\t\t\t\t\t<\/div>\n\t\t\t\t<\/div>\n\t\t\t\t<div class=\"elementor-element elementor-element-2a12a60 elementor-widget elementor-widget-html\" data-id=\"2a12a60\" data-element_type=\"widget\" data-widget_type=\"html.default\">\n\t\t\t\t<div class=\"elementor-widget-container\">\n\t\t\t\t\t<iframe class=\"scribd_iframe_embed\" title=\"El Modelo Deusto de Formaci\u00f3n Dual y la Escuela para la Facilitaci\u00f3n Dual - Cuaderno Deusto Social Lab\" src=\"https:\/\/www.scribd.com\/embeds\/797040696\/content?start_page=1&view_mode=scroll&access_key=key-M6W5YWIAxV31o0jrqExb\" data-auto-height=\"false\" data-aspect-ratio=\"0.7080062794348508\" scrolling=\"no\" id=\"doc_73537\" width=\"100%\" height=\"600\" frameborder=\"0\"><\/iframe>\t\t\t\t<\/div>\n\t\t\t\t<\/div>\n\t\t\t\t\t<\/div>\n\t\t<\/div>\n\t\t\t\t<div class=\"elementor-column elementor-col-25 elementor-top-column elementor-element elementor-element-bb4dde6\" data-id=\"bb4dde6\" data-element_type=\"column\">\n\t\t\t<div class=\"elementor-widget-wrap\">\n\t\t\t\t\t\t\t<\/div>\n\t\t<\/div>\n\t\t\t\t\t<\/div>\n\t\t<\/section>\n\t\t\t\t<section class=\"elementor-section elementor-top-section elementor-element elementor-element-c6ad2e4 elementor-section-boxed elementor-section-height-default elementor-section-height-default\" data-id=\"c6ad2e4\" data-element_type=\"section\">\n\t\t\t\t\t\t<div class=\"elementor-container elementor-column-gap-default\">\n\t\t\t\t\t<div class=\"elementor-column elementor-col-100 elementor-top-column elementor-element elementor-element-4ba65dd\" data-id=\"4ba65dd\" data-element_type=\"column\">\n\t\t\t<div class=\"elementor-widget-wrap elementor-element-populated\">\n\t\t\t\t\t\t<div class=\"elementor-element elementor-element-528d15b elementor-widget-divider--view-line elementor-widget elementor-widget-divider\" data-id=\"528d15b\" data-element_type=\"widget\" data-widget_type=\"divider.default\">\n\t\t\t\t<div class=\"elementor-widget-container\">\n\t\t\t\t\t\t\t<div class=\"elementor-divider\">\n\t\t\t<span class=\"elementor-divider-separator\">\n\t\t\t\t\t\t<\/span>\n\t\t<\/div>\n\t\t\t\t\t\t<\/div>\n\t\t\t\t<\/div>\n\t\t\t\t\t<\/div>\n\t\t<\/div>\n\t\t\t\t\t<\/div>\n\t\t<\/section>\n\t\t\t\t<section class=\"elementor-section elementor-top-section elementor-element elementor-element-5cbc2c2 elementor-section-boxed elementor-section-height-default elementor-section-height-default\" data-id=\"5cbc2c2\" data-element_type=\"section\">\n\t\t\t\t\t\t<div class=\"elementor-container elementor-column-gap-default\">\n\t\t\t\t\t<div class=\"elementor-column elementor-col-100 elementor-top-column elementor-element elementor-element-38bcf0b\" data-id=\"38bcf0b\" data-element_type=\"column\">\n\t\t\t<div class=\"elementor-widget-wrap elementor-element-populated\">\n\t\t\t\t\t\t<div class=\"elementor-element elementor-element-afe18f5 elementor-widget elementor-widget-text-editor\" data-id=\"afe18f5\" data-element_type=\"widget\" data-widget_type=\"text-editor.default\">\n\t\t\t\t<div class=\"elementor-widget-container\">\n\t\t\t\t\t\t\t\t\t<p style=\"text-align: center;\"><span style=\"text-decoration: underline;\">EQUIPO UNIDAD DUAL \u00b7 \u00bf<strong>CO<\/strong>nversamos?<\/span><\/p><p style=\"text-align: center;\">Escr\u00edbenos a\u00a0<span style=\"color: #3366ff;\"><a style=\"color: #3366ff;\" href=\"mailto:deusto.dual@deusto.es\" target=\"_blank\" rel=\"noopener\">deusto.dual@deusto.es<\/a><\/span><\/p>\t\t\t\t\t\t\t\t<\/div>\n\t\t\t\t<\/div>\n\t\t\t\t<div class=\"elementor-element elementor-element-edd036a elementor-widget elementor-widget-image\" data-id=\"edd036a\" data-element_type=\"widget\" data-widget_type=\"image.default\">\n\t\t\t\t<div class=\"elementor-widget-container\">\n\t\t\t\t\t\t\t\t\t\t\t\t\t\t\t<img decoding=\"async\" width=\"300\" height=\"100\" src=\"https:\/\/blogs.deusto.es\/wp-content\/uploads\/sites\/71\/2020\/10\/deustoDual_escuelaBILINGcasteusk_1-300x100.png\" class=\"attachment-medium size-medium wp-image-440\" alt=\"Logo_unidad_dual_deusto\" srcset=\"https:\/\/blogs.deusto.es\/wp-content\/uploads\/sites\/71\/2020\/10\/deustoDual_escuelaBILINGcasteusk_1-300x100.png 300w, https:\/\/blogs.deusto.es\/wp-content\/uploads\/sites\/71\/2020\/10\/deustoDual_escuelaBILINGcasteusk_1-1024x342.png 1024w, https:\/\/blogs.deusto.es\/wp-content\/uploads\/sites\/71\/2020\/10\/deustoDual_escuelaBILINGcasteusk_1-768x256.png 768w, https:\/\/blogs.deusto.es\/wp-content\/uploads\/sites\/71\/2020\/10\/deustoDual_escuelaBILINGcasteusk_1-1536x512.png 1536w, https:\/\/blogs.deusto.es\/wp-content\/uploads\/sites\/71\/2020\/10\/deustoDual_escuelaBILINGcasteusk_1.png 1772w\" sizes=\"(max-width: 300px) 100vw, 300px\" \/>\t\t\t\t\t\t\t\t\t\t\t\t\t\t\t<\/div>\n\t\t\t\t<\/div>\n\t\t\t\t\t<\/div>\n\t\t<\/div>\n\t\t\t\t\t<\/div>\n\t\t<\/section>\n\t\t\t\t<\/div>\n\t\t","protected":false},"excerpt":{"rendered":"<p>https:\/\/youtu.be\/5GrlGZqaZ4I En la Universidad de Deusto entendemos la formaci\u00f3n dual como un proceso sist\u00e9mico de ense\u00f1anza \u2013 aprendizaje que, basado en la cooperaci\u00f3n con los agentes externos para el COdise\u00f1o, COseguimiento y COevaluaci\u00f3n, combina la adquisici\u00f3n de conocimientos y de competencias pr\u00e1cticas de forma simult\u00e1nea e integrada tanto en la Universidad como en la empresa [&hellip;]<\/p>\n","protected":false},"author":601,"featured_media":127,"parent":0,"menu_order":0,"comment_status":"closed","ping_status":"closed","template":"","meta":{"footnotes":"","_links_to":"","_links_to_target":""},"class_list":["post-143","page","type-page","status-publish","has-post-thumbnail","czr-hentry"],"yoast_head":"<!-- This site is optimized with the Yoast SEO plugin v26.4 - https:\/\/yoast.com\/wordpress\/plugins\/seo\/ -->\n<title>Modelo Deusto de Formaci\u00f3n Dual, Universidad de Deusto<\/title>\n<meta name=\"description\" content=\"En la Universidad de Deusto contamos con un Modelo de formaci\u00f3n dual propio de c\u00f3mo entendemos la misma y c\u00f3mo la trabajamos\" \/>\n<meta name=\"robots\" content=\"index, follow, max-snippet:-1, max-image-preview:large, max-video-preview:-1\" \/>\n<link rel=\"canonical\" href=\"https:\/\/blogs.deusto.es\/dual\/modelo-deusto-de-formacion-dual\/\" \/>\n<meta property=\"og:locale\" content=\"es_ES\" \/>\n<meta property=\"og:type\" content=\"article\" \/>\n<meta property=\"og:title\" content=\"Modelo Deusto de Formaci\u00f3n Dual, Universidad de Deusto\" \/>\n<meta property=\"og:description\" content=\"En la Universidad de Deusto contamos con un Modelo de formaci\u00f3n dual propio de c\u00f3mo entendemos la misma y c\u00f3mo la trabajamos\" \/>\n<meta property=\"og:url\" content=\"https:\/\/blogs.deusto.es\/dual\/modelo-deusto-de-formacion-dual\/\" \/>\n<meta property=\"og:site_name\" content=\"Dual\" \/>\n<meta property=\"article:modified_time\" content=\"2026-02-23T10:24:59+00:00\" \/>\n<meta property=\"og:image\" content=\"https:\/\/blogs.deusto.es\/wp-content\/uploads\/sites\/71\/2020\/03\/BLOG_Destacado-MDFD_270x250px_V2-1.png\" \/>\n\t<meta property=\"og:image:width\" content=\"1125\" \/>\n\t<meta property=\"og:image:height\" content=\"1042\" \/>\n\t<meta property=\"og:image:type\" content=\"image\/png\" \/>\n<meta name=\"twitter:card\" content=\"summary_large_image\" \/>\n<meta name=\"twitter:label1\" content=\"Tiempo de lectura\" \/>\n\t<meta name=\"twitter:data1\" content=\"2 minutos\" \/>\n<script type=\"application\/ld+json\" class=\"yoast-schema-graph\">{\"@context\":\"https:\/\/schema.org\",\"@graph\":[{\"@type\":\"WebPage\",\"@id\":\"https:\/\/blogs.deusto.es\/dual\/modelo-deusto-de-formacion-dual\/\",\"url\":\"https:\/\/blogs.deusto.es\/dual\/modelo-deusto-de-formacion-dual\/\",\"name\":\"Modelo Deusto de Formaci\u00f3n Dual, Universidad de Deusto\",\"isPartOf\":{\"@id\":\"https:\/\/blogs.deusto.es\/dual\/#website\"},\"primaryImageOfPage\":{\"@id\":\"https:\/\/blogs.deusto.es\/dual\/modelo-deusto-de-formacion-dual\/#primaryimage\"},\"image\":{\"@id\":\"https:\/\/blogs.deusto.es\/dual\/modelo-deusto-de-formacion-dual\/#primaryimage\"},\"thumbnailUrl\":\"https:\/\/blogs.deusto.es\/wp-content\/uploads\/sites\/71\/2020\/03\/BLOG_Destacado-MDFD_270x250px_V2-1.png\",\"datePublished\":\"2020-03-17T12:15:04+00:00\",\"dateModified\":\"2026-02-23T10:24:59+00:00\",\"description\":\"En la Universidad de Deusto contamos con un Modelo de formaci\u00f3n dual propio de c\u00f3mo entendemos la misma y c\u00f3mo la trabajamos\",\"inLanguage\":\"es\",\"potentialAction\":[{\"@type\":\"ReadAction\",\"target\":[\"https:\/\/blogs.deusto.es\/dual\/modelo-deusto-de-formacion-dual\/\"]}]},{\"@type\":\"ImageObject\",\"inLanguage\":\"es\",\"@id\":\"https:\/\/blogs.deusto.es\/dual\/modelo-deusto-de-formacion-dual\/#primaryimage\",\"url\":\"https:\/\/blogs.deusto.es\/wp-content\/uploads\/sites\/71\/2020\/03\/BLOG_Destacado-MDFD_270x250px_V2-1.png\",\"contentUrl\":\"https:\/\/blogs.deusto.es\/wp-content\/uploads\/sites\/71\/2020\/03\/BLOG_Destacado-MDFD_270x250px_V2-1.png\",\"width\":1125,\"height\":1042,\"caption\":\"Modelo Deusto de Formaci\u00f3n Dual\"},{\"@type\":\"WebSite\",\"@id\":\"https:\/\/blogs.deusto.es\/dual\/#website\",\"url\":\"https:\/\/blogs.deusto.es\/dual\/\",\"name\":\"Dual\",\"description\":\"Cooperaci\u00f3n para la Transformaci\u00f3n\",\"publisher\":{\"@id\":\"https:\/\/blogs.deusto.es\/dual\/#organization\"},\"potentialAction\":[{\"@type\":\"SearchAction\",\"target\":{\"@type\":\"EntryPoint\",\"urlTemplate\":\"https:\/\/blogs.deusto.es\/dual\/?s={search_term_string}\"},\"query-input\":{\"@type\":\"PropertyValueSpecification\",\"valueRequired\":true,\"valueName\":\"search_term_string\"}}],\"inLanguage\":\"es\"},{\"@type\":\"Organization\",\"@id\":\"https:\/\/blogs.deusto.es\/dual\/#organization\",\"name\":\"Dual\",\"url\":\"https:\/\/blogs.deusto.es\/dual\/\",\"logo\":{\"@type\":\"ImageObject\",\"inLanguage\":\"es\",\"@id\":\"https:\/\/blogs.deusto.es\/dual\/#\/schema\/logo\/image\/\",\"url\":\"https:\/\/blogs.deusto.es\/wp-content\/uploads\/sites\/71\/2020\/07\/TIT-LOGO_Blog_Dual.png\",\"contentUrl\":\"https:\/\/blogs.deusto.es\/wp-content\/uploads\/sites\/71\/2020\/07\/TIT-LOGO_Blog_Dual.png\",\"width\":1667,\"height\":750,\"caption\":\"Dual\"},\"image\":{\"@id\":\"https:\/\/blogs.deusto.es\/dual\/#\/schema\/logo\/image\/\"}}]}<\/script>\n<!-- \/ Yoast SEO plugin. -->","yoast_head_json":{"title":"Modelo Deusto de Formaci\u00f3n Dual, Universidad de Deusto","description":"En la Universidad de Deusto contamos con un Modelo de formaci\u00f3n dual propio de c\u00f3mo entendemos la misma y c\u00f3mo la trabajamos","robots":{"index":"index","follow":"follow","max-snippet":"max-snippet:-1","max-image-preview":"max-image-preview:large","max-video-preview":"max-video-preview:-1"},"canonical":"https:\/\/blogs.deusto.es\/dual\/modelo-deusto-de-formacion-dual\/","og_locale":"es_ES","og_type":"article","og_title":"Modelo Deusto de Formaci\u00f3n Dual, Universidad de Deusto","og_description":"En la Universidad de Deusto contamos con un Modelo de formaci\u00f3n dual propio de c\u00f3mo entendemos la misma y c\u00f3mo la trabajamos","og_url":"https:\/\/blogs.deusto.es\/dual\/modelo-deusto-de-formacion-dual\/","og_site_name":"Dual","article_modified_time":"2026-02-23T10:24:59+00:00","og_image":[{"width":1125,"height":1042,"url":"https:\/\/blogs.deusto.es\/wp-content\/uploads\/sites\/71\/2020\/03\/BLOG_Destacado-MDFD_270x250px_V2-1.png","type":"image\/png"}],"twitter_card":"summary_large_image","twitter_misc":{"Tiempo de lectura":"2 minutos"},"schema":{"@context":"https:\/\/schema.org","@graph":[{"@type":"WebPage","@id":"https:\/\/blogs.deusto.es\/dual\/modelo-deusto-de-formacion-dual\/","url":"https:\/\/blogs.deusto.es\/dual\/modelo-deusto-de-formacion-dual\/","name":"Modelo Deusto de Formaci\u00f3n Dual, Universidad de Deusto","isPartOf":{"@id":"https:\/\/blogs.deusto.es\/dual\/#website"},"primaryImageOfPage":{"@id":"https:\/\/blogs.deusto.es\/dual\/modelo-deusto-de-formacion-dual\/#primaryimage"},"image":{"@id":"https:\/\/blogs.deusto.es\/dual\/modelo-deusto-de-formacion-dual\/#primaryimage"},"thumbnailUrl":"https:\/\/blogs.deusto.es\/wp-content\/uploads\/sites\/71\/2020\/03\/BLOG_Destacado-MDFD_270x250px_V2-1.png","datePublished":"2020-03-17T12:15:04+00:00","dateModified":"2026-02-23T10:24:59+00:00","description":"En la Universidad de Deusto contamos con un Modelo de formaci\u00f3n dual propio de c\u00f3mo entendemos la misma y c\u00f3mo la trabajamos","inLanguage":"es","potentialAction":[{"@type":"ReadAction","target":["https:\/\/blogs.deusto.es\/dual\/modelo-deusto-de-formacion-dual\/"]}]},{"@type":"ImageObject","inLanguage":"es","@id":"https:\/\/blogs.deusto.es\/dual\/modelo-deusto-de-formacion-dual\/#primaryimage","url":"https:\/\/blogs.deusto.es\/wp-content\/uploads\/sites\/71\/2020\/03\/BLOG_Destacado-MDFD_270x250px_V2-1.png","contentUrl":"https:\/\/blogs.deusto.es\/wp-content\/uploads\/sites\/71\/2020\/03\/BLOG_Destacado-MDFD_270x250px_V2-1.png","width":1125,"height":1042,"caption":"Modelo Deusto de Formaci\u00f3n Dual"},{"@type":"WebSite","@id":"https:\/\/blogs.deusto.es\/dual\/#website","url":"https:\/\/blogs.deusto.es\/dual\/","name":"Dual","description":"Cooperaci\u00f3n para la Transformaci\u00f3n","publisher":{"@id":"https:\/\/blogs.deusto.es\/dual\/#organization"},"potentialAction":[{"@type":"SearchAction","target":{"@type":"EntryPoint","urlTemplate":"https:\/\/blogs.deusto.es\/dual\/?s={search_term_string}"},"query-input":{"@type":"PropertyValueSpecification","valueRequired":true,"valueName":"search_term_string"}}],"inLanguage":"es"},{"@type":"Organization","@id":"https:\/\/blogs.deusto.es\/dual\/#organization","name":"Dual","url":"https:\/\/blogs.deusto.es\/dual\/","logo":{"@type":"ImageObject","inLanguage":"es","@id":"https:\/\/blogs.deusto.es\/dual\/#\/schema\/logo\/image\/","url":"https:\/\/blogs.deusto.es\/wp-content\/uploads\/sites\/71\/2020\/07\/TIT-LOGO_Blog_Dual.png","contentUrl":"https:\/\/blogs.deusto.es\/wp-content\/uploads\/sites\/71\/2020\/07\/TIT-LOGO_Blog_Dual.png","width":1667,"height":750,"caption":"Dual"},"image":{"@id":"https:\/\/blogs.deusto.es\/dual\/#\/schema\/logo\/image\/"}}]}},"_links":{"self":[{"href":"https:\/\/blogs.deusto.es\/dual\/wp-json\/wp\/v2\/pages\/143","targetHints":{"allow":["GET"]}}],"collection":[{"href":"https:\/\/blogs.deusto.es\/dual\/wp-json\/wp\/v2\/pages"}],"about":[{"href":"https:\/\/blogs.deusto.es\/dual\/wp-json\/wp\/v2\/types\/page"}],"author":[{"embeddable":true,"href":"https:\/\/blogs.deusto.es\/dual\/wp-json\/wp\/v2\/users\/601"}],"replies":[{"embeddable":true,"href":"https:\/\/blogs.deusto.es\/dual\/wp-json\/wp\/v2\/comments?post=143"}],"version-history":[{"count":40,"href":"https:\/\/blogs.deusto.es\/dual\/wp-json\/wp\/v2\/pages\/143\/revisions"}],"predecessor-version":[{"id":3840,"href":"https:\/\/blogs.deusto.es\/dual\/wp-json\/wp\/v2\/pages\/143\/revisions\/3840"}],"wp:featuredmedia":[{"embeddable":true,"href":"https:\/\/blogs.deusto.es\/dual\/wp-json\/wp\/v2\/media\/127"}],"wp:attachment":[{"href":"https:\/\/blogs.deusto.es\/dual\/wp-json\/wp\/v2\/media?parent=143"}],"curies":[{"name":"wp","href":"https:\/\/api.w.org\/{rel}","templated":true}]}}