{"id":2578,"date":"2023-08-08T16:25:51","date_gmt":"2023-08-08T14:25:51","guid":{"rendered":"https:\/\/preblogs.deusto.es\/dual\/?page_id=2578"},"modified":"2024-08-06T12:03:57","modified_gmt":"2024-08-06T10:03:57","slug":"normativa-de-la-formacion-dual-universitaria","status":"publish","type":"page","link":"https:\/\/blogs.deusto.es\/dual\/normativa-de-la-formacion-dual-universitaria\/","title":{"rendered":"Normativa de la formaci\u00f3n dual universitaria"},"content":{"rendered":"\t\t<div data-elementor-type=\"wp-page\" data-elementor-id=\"2578\" class=\"elementor elementor-2578\" data-elementor-post-type=\"page\">\n\t\t\t\t\t\t<section class=\"elementor-section elementor-top-section elementor-element elementor-element-c7f0fa7 elementor-section-boxed elementor-section-height-default elementor-section-height-default\" data-id=\"c7f0fa7\" data-element_type=\"section\">\n\t\t\t\t\t\t<div class=\"elementor-container elementor-column-gap-default\">\n\t\t\t\t\t<div class=\"elementor-column elementor-col-100 elementor-top-column elementor-element elementor-element-8e99be8\" data-id=\"8e99be8\" data-element_type=\"column\">\n\t\t\t<div class=\"elementor-widget-wrap elementor-element-populated\">\n\t\t\t\t\t\t<div class=\"elementor-element elementor-element-c20830e elementor-widget elementor-widget-text-editor\" data-id=\"c20830e\" data-element_type=\"widget\" data-widget_type=\"text-editor.default\">\n\t\t\t\t<div class=\"elementor-widget-container\">\n\t\t\t\t\t\t\t\t\t<p>La <a href=\"https:\/\/blogs.deusto.es\/dual\/formacion-dual-universitaria\/\">formaci\u00f3n dual universitaria<\/a> contaba sin un marco regulatorio definido en Espa\u00f1a hasta el a\u00f1o 2021. En el Pa\u00eds Vasco el protocolo Unibasq, la Agencia de Calidad del Sistema Universitario Vasco (SUV), cubr\u00eda desde 2017 esta laguna regulatoria.<\/p><p>Como decimos, el marco regulatorio que ata\u00f1e a la formaci\u00f3n dual universitaria comenz\u00f3 a regularse el a\u00f1o 2021.<\/p><p>\u00a0<\/p>\t\t\t\t\t\t\t\t<\/div>\n\t\t\t\t<\/div>\n\t\t\t\t\t<\/div>\n\t\t<\/div>\n\t\t\t\t\t<\/div>\n\t\t<\/section>\n\t\t\t\t<section class=\"elementor-section elementor-top-section elementor-element elementor-element-2423ab91 elementor-section-boxed elementor-section-height-default elementor-section-height-default\" data-id=\"2423ab91\" data-element_type=\"section\">\n\t\t\t\t\t\t<div class=\"elementor-container elementor-column-gap-default\">\n\t\t\t\t\t<div class=\"elementor-column elementor-col-100 elementor-top-column elementor-element elementor-element-54e2037d\" data-id=\"54e2037d\" data-element_type=\"column\">\n\t\t\t<div class=\"elementor-widget-wrap elementor-element-populated\">\n\t\t\t\t\t\t<div class=\"elementor-element elementor-element-1f445491 elementor-widget elementor-widget-table-of-contents\" data-id=\"1f445491\" data-element_type=\"widget\" data-settings=\"{&quot;exclude_headings_by_selector&quot;:[],&quot;marker_view&quot;:&quot;bullets&quot;,&quot;icon&quot;:{&quot;value&quot;:&quot;&quot;,&quot;library&quot;:&quot;&quot;},&quot;_animation&quot;:&quot;none&quot;,&quot;headings_by_tags&quot;:[&quot;h2&quot;,&quot;h3&quot;,&quot;h4&quot;,&quot;h5&quot;,&quot;h6&quot;],&quot;no_headings_message&quot;:&quot;No se ha encontrado ning\\u00fan encabezado en esta p\\u00e1gina.&quot;,&quot;hierarchical_view&quot;:&quot;yes&quot;,&quot;min_height&quot;:{&quot;unit&quot;:&quot;px&quot;,&quot;size&quot;:&quot;&quot;,&quot;sizes&quot;:[]},&quot;min_height_tablet&quot;:{&quot;unit&quot;:&quot;px&quot;,&quot;size&quot;:&quot;&quot;,&quot;sizes&quot;:[]},&quot;min_height_mobile&quot;:{&quot;unit&quot;:&quot;px&quot;,&quot;size&quot;:&quot;&quot;,&quot;sizes&quot;:[]}}\" data-widget_type=\"table-of-contents.default\">\n\t\t\t\t<div class=\"elementor-widget-container\">\n\t\t\t\t\t\t\t\t\t<div class=\"elementor-toc__header\">\n\t\t\t\t\t\t<h4 class=\"elementor-toc__header-title\">\n\t\t\t\tContenidos de este post:\t\t\t<\/h4>\n\t\t\t\t\t\t\t\t<\/div>\n\t\t\t\t<div id=\"elementor-toc__1f445491\" class=\"elementor-toc__body\">\n\t\t\t<div class=\"elementor-toc__spinner-container\">\n\t\t\t\t<i class=\"elementor-toc__spinner eicon-animation-spin eicon-loading\" aria-hidden=\"true\"><\/i>\t\t\t<\/div>\n\t\t<\/div>\n\t\t\t\t\t\t<\/div>\n\t\t\t\t<\/div>\n\t\t\t\t\t<\/div>\n\t\t<\/div>\n\t\t\t\t\t<\/div>\n\t\t<\/section>\n\t\t\t\t<section class=\"elementor-section elementor-top-section elementor-element elementor-element-f736ae6 elementor-section-boxed elementor-section-height-default elementor-section-height-default\" data-id=\"f736ae6\" data-element_type=\"section\">\n\t\t\t\t\t\t<div class=\"elementor-container elementor-column-gap-default\">\n\t\t\t\t\t<div class=\"elementor-column elementor-col-100 elementor-top-column elementor-element elementor-element-c8afe9e\" data-id=\"c8afe9e\" data-element_type=\"column\">\n\t\t\t<div class=\"elementor-widget-wrap elementor-element-populated\">\n\t\t\t\t\t\t<div class=\"elementor-element elementor-element-ac26476 elementor-widget elementor-widget-text-editor\" data-id=\"ac26476\" data-element_type=\"widget\" data-widget_type=\"text-editor.default\">\n\t\t\t\t<div class=\"elementor-widget-container\">\n\t\t\t\t\t\t\t\t\t<h2>Menci\u00f3n dual<\/h2>\n<p>El Real Decreto 822\/2021 (Organizaci\u00f3n de las ense\u00f1anzas universitarias y del procedimiento de aseguramiento de su calidad) estipula, por primera vez, en su art\u00edculo 22, que los t\u00edtulos de Grado y M\u00e1ster podr\u00e1n \u00ab\u201c&#8230; incluir la Menci\u00f3n Dual, que comporta un proyecto formativo com\u00fan que se desarrolla complementariamente en el centro universitario y en una entidad colaboradora (&#8230;) bajo la supervisi\u00f3n y el liderazgo formativo del centro universitario, y cuyo objetivo es la adecuada capacitaci\u00f3n del estudiantado para mejorar su formaci\u00f3n integral y mejorar su empleabilidad\u201d.<\/p>\n<p>Adem\u00e1s, establece que los cr\u00e9ditos a desarrollar en las entidades colaboradoras ser\u00e1n:<\/p>\n<ul>\n<li aria-level=\"1\">entre el 20% y el 40% en grado (un m\u00ednimo de 1200 horas en empresa)<\/li>\n<li aria-level=\"1\">entre el 25% y el 50% en M\u00e1ster (un m\u00ednimo de 375 horas en empresa)<br>(debe incluir siempre el TFG o TFM)<\/li>\n<\/ul>\n<p>Por otro lado, la estancia en la empresa se formalizar\u00e1 a trav\u00e9s de un contrato laboral para la formaci\u00f3n dual universitaria, y debe suscribirse un Convenio Marco de Colaboraci\u00f3n Educativa de forma previa.<\/p>\n<p>Estas modificaciones normativas hacen que haya desaparecido la laguna legal que exist\u00eda hasta ahora para la formaci\u00f3n dual universitaria.<\/p>\n<p>Otra regulaci\u00f3n a tener en cuenta es el denominado \u00abEstatuto del Becario\u00bb, que regula las pr\u00e1cticas universitarias, curriculares y extracurriculares. Si bien no debemos mezclar las pr\u00e1cticas con la formaci\u00f3n dual universitaria, la convivencia de ambas en el \u00e1mbito universitario y laboral, hace que las disposiciones marcadas por este Estatuto tengan sus consecuencias en la formaci\u00f3n dual.<\/p>\n<h2>Contrato de Formaci\u00f3n en Alternancia<\/h2>\n<p>Tal y como hemos mencionado anteriormente <b>la estancia en la empresa de los alumnos que est\u00e9n cursando la formaci\u00f3n dual universitaria estar\u00e1 formalizada a trav\u00e9s de un contrato laboral<\/b>. Este v\u00ednculo jur\u00eddico formaliza el modelo de dualidad entre alumnado y empresa, compatibiliza la formaci\u00f3n con la actividad laboral retribuida, y sustituye el contrato para la formaci\u00f3n dual universitaria y el contrato para la formaci\u00f3n y el aprendizaje.<\/p>\n<p>Algunos detalles importantes que marca <b>el contrato de formaci\u00f3n en alternancia<\/b>, contrato de aplicaci\u00f3n en la formaci\u00f3n dual universitaria:<\/p>\n<ul>\n<li aria-level=\"1\">No puede realizarse cuando la actividad o puesto de trabajo haya sido desempe\u00f1ado con anterioridad por la persona trabajadora en la misma empresa bajo cualquier modalidad durante 6 meses.<\/li>\n<li aria-level=\"1\">&nbsp;Puede suscribirse con varias empresas sin superar la duraci\u00f3n m\u00e1xima y respondiendo a las actividades vinculadas al programa formativo.<\/li>\n<li aria-level=\"1\">No existe un periodo de pruebas, ni indemnizaci\u00f3n a la finalizaci\u00f3n del contrato.<\/li>\n<li aria-level=\"1\">La duraci\u00f3n estimada del contrato ser\u00e1 entre 3 meses y 2 a\u00f1os.<\/li>\n<li aria-level=\"1\">La jornada de trabajo tendr\u00e1 una duraci\u00f3n en torno al 65% y el 85% (primer a\u00f1o y segundo a\u00f1o), y los planes de estudios deber\u00e1n ser rigurosos en cuanto al tiempo de formaci\u00f3n pr\u00e1ctica\/te\u00f3rica y la compatibilizaci\u00f3n con los estudios.<\/li>\n<li aria-level=\"1\">No se podr\u00e1 trabajar a turnos, ni realizar jornadas en horario nocturno, ni incurrir en horas extraordinarias.<\/li>\n<li aria-level=\"1\">En cuanto a la remuneraci\u00f3n, se mantiene la referencia al convenio colectivo y se introducen por primera vez los porcentajes m\u00ednimos (60% el primer a\u00f1o y 75% el segundo).<\/li>\n<li aria-level=\"1\">La referencia m\u00ednima en cuanto a remuneraci\u00f3n es el Salario M\u00ednimo Interprofesional.<\/li>\n<li aria-level=\"1\">Desaparece la posibilidad de no retribuci\u00f3n, ni en circunstancias econ\u00f3micas graves.<\/li>\n<li aria-level=\"1\">Los tutores deben contar con la formaci\u00f3n adecuada para realizar dicha labor.<\/li>\n<li aria-level=\"1\">Debe existir un control de que la actividad que desempe\u00f1a el alumnado est\u00e1 directamente relacionada con la formaci\u00f3n y el plan de formaci\u00f3n conjunto establecido entre la universidad y la empresa.<\/li>\n<li aria-level=\"1\">\u2026<\/li>\n<\/ul>\n<h2>Asesoramiento a las empresas de nuestro eCOsistema dual<\/h2>\n<p>Acabamos de mencionar los aspectos m\u00e1s destacados de la normativa entorno a la formaci\u00f3n dual universitaria. La asesor\u00eda en el aspecto legal a las empresas que colaboran con nosotros es un aspecto fundamental para que la experiencia sea satisfactoria para todas las partes.<\/p>\n<p>De hecho, durante el curso acad\u00e9mico 22-23 hemos realizado, junto al equipo de la Facultad de Derecho de la Universidad de Deusto, hemos impartido tres webinars que abordan el nuevo marco normativo en que se encuentra la formaci\u00f3n dual.<\/p>\n<h2>Escuela para la Facilitaci\u00f3n Dual<\/h2>\n<p>Adem\u00e1s, queremos destacar uno de los detalles que menciona el nuevo Contrato de Formaci\u00f3n en Alternancia: es indispensable que los tutores cuenten con la formaci\u00f3n adecuada.<\/p>\n<p>Desde la Universidad de Deusto abordamos la necesidad de formar a los tutores y lo hacemos a trav\u00e9s de las sesiones de entrenamiento que realiza la <a href=\"https:\/\/blogs.deusto.es\/dual\/escuela-para-la-facilitacion-dual\/\">Escuela para la Facilitaci\u00f3n Dual<\/a>.<\/p>\n<p>Estas sesiones de entrenamiento sirven para que los tutores cuenten con las competencias suficientes para acompa\u00f1ar a los estudiantes duales. Sesiones de entrenamiento como las centradas en el liderazgo o en c\u00f3mo dar feedback, hacen que estas personas sigan form\u00e1ndose y sean mejores profesionales.<\/p>\n<h2>La formaci\u00f3n dual no son &#8216;pr\u00e1cticas&#8217;<\/h2>\n<p>La formaci\u00f3n dual universitaria es relativamente reciente y eso hace que muchas personas confundan las estancias duales en las empresas con las pr\u00e1cticas curriculares.<\/p>\n<p>La formaci\u00f3n dual no son pr\u00e1cticas. En este contenido de aqu\u00ed <a href=\"https:\/\/blogs.deusto.es\/dual\/practicas-vs-formacion-dual\/\">te explicamos la diferencias que existen entre ambas<\/a>.<\/p>\n<p>En cuanto a normativa, las pr\u00e1cticas curriculares est\u00e1n reguladas por el RD 592\/2014 (normativa que regula las pr\u00e1cticas acad\u00e9micas externas de los estudiantes universitarios). Mientras que la formaci\u00f3n dual est\u00e1 regulada por el RD Ley 32\/2021, conocido como \u00abla reforma laboral\u00bb en Espa\u00f1a en el que se establece el Contrato laboral de Formaci\u00f3n en Alternancia.<\/p>\t\t\t\t\t\t\t\t<\/div>\n\t\t\t\t<\/div>\n\t\t\t\t\t<\/div>\n\t\t<\/div>\n\t\t\t\t\t<\/div>\n\t\t<\/section>\n\t\t\t\t<\/div>\n\t\t","protected":false},"excerpt":{"rendered":"<p>La formaci\u00f3n dual universitaria contaba sin un marco regulatorio definido en Espa\u00f1a hasta el a\u00f1o 2021. En el Pa\u00eds Vasco el protocolo Unibasq, la Agencia de Calidad del Sistema Universitario Vasco (SUV), cubr\u00eda desde 2017 esta laguna regulatoria. Como decimos, el marco regulatorio que ata\u00f1e a la formaci\u00f3n dual universitaria comenz\u00f3 a regularse el a\u00f1o [&hellip;]<\/p>\n","protected":false},"author":676,"featured_media":215,"parent":0,"menu_order":0,"comment_status":"closed","ping_status":"closed","template":"","meta":{"footnotes":"","_links_to":"","_links_to_target":""},"class_list":["post-2578","page","type-page","status-publish","has-post-thumbnail","czr-hentry"],"yoast_head":"<!-- This site is optimized with the Yoast SEO plugin v26.4 - https:\/\/yoast.com\/wordpress\/plugins\/seo\/ -->\n<title>Normativa de la formaci\u00f3n dual, Universidad de Deusto<\/title>\n<meta name=\"description\" content=\"Aqu\u00ed tienes el nuevo contexto normativo que afecta a la formaci\u00f3n dual universitaria en Espa\u00f1a: Ley de Universidades y Reforma laboral\" \/>\n<meta name=\"robots\" content=\"index, follow, max-snippet:-1, max-image-preview:large, max-video-preview:-1\" \/>\n<link rel=\"canonical\" href=\"https:\/\/blogs.deusto.es\/dual\/normativa-de-la-formacion-dual-universitaria\/\" \/>\n<meta property=\"og:locale\" content=\"es_ES\" \/>\n<meta property=\"og:type\" content=\"article\" \/>\n<meta property=\"og:title\" content=\"Normativa de la formaci\u00f3n dual, Universidad de Deusto\" \/>\n<meta property=\"og:description\" content=\"Aqu\u00ed tienes el nuevo contexto normativo que afecta a la formaci\u00f3n dual universitaria en Espa\u00f1a: Ley de Universidades y Reforma laboral\" \/>\n<meta property=\"og:url\" content=\"https:\/\/blogs.deusto.es\/dual\/normativa-de-la-formacion-dual-universitaria\/\" \/>\n<meta property=\"og:site_name\" content=\"Dual\" \/>\n<meta property=\"article:modified_time\" content=\"2024-08-06T10:03:57+00:00\" \/>\n<meta property=\"og:image\" content=\"https:\/\/blogs.deusto.es\/wp-content\/uploads\/sites\/71\/2020\/07\/TIT-LOGO_Blog_Dual.png\" \/>\n\t<meta property=\"og:image:width\" content=\"1667\" \/>\n\t<meta property=\"og:image:height\" content=\"750\" \/>\n\t<meta property=\"og:image:type\" content=\"image\/png\" \/>\n<meta name=\"twitter:card\" content=\"summary_large_image\" \/>\n<meta name=\"twitter:label1\" content=\"Tiempo de lectura\" \/>\n\t<meta name=\"twitter:data1\" content=\"5 minutos\" \/>\n<script type=\"application\/ld+json\" class=\"yoast-schema-graph\">{\"@context\":\"https:\/\/schema.org\",\"@graph\":[{\"@type\":\"WebPage\",\"@id\":\"https:\/\/blogs.deusto.es\/dual\/normativa-de-la-formacion-dual-universitaria\/\",\"url\":\"https:\/\/blogs.deusto.es\/dual\/normativa-de-la-formacion-dual-universitaria\/\",\"name\":\"Normativa de la formaci\u00f3n dual, Universidad de Deusto\",\"isPartOf\":{\"@id\":\"https:\/\/blogs.deusto.es\/dual\/#website\"},\"primaryImageOfPage\":{\"@id\":\"https:\/\/blogs.deusto.es\/dual\/normativa-de-la-formacion-dual-universitaria\/#primaryimage\"},\"image\":{\"@id\":\"https:\/\/blogs.deusto.es\/dual\/normativa-de-la-formacion-dual-universitaria\/#primaryimage\"},\"thumbnailUrl\":\"https:\/\/blogs.deusto.es\/wp-content\/uploads\/sites\/71\/2020\/07\/TIT-LOGO_Blog_Dual.png\",\"datePublished\":\"2023-08-08T14:25:51+00:00\",\"dateModified\":\"2024-08-06T10:03:57+00:00\",\"description\":\"Aqu\u00ed tienes el nuevo contexto normativo que afecta a la formaci\u00f3n dual universitaria en Espa\u00f1a: Ley de Universidades y Reforma laboral\",\"inLanguage\":\"es\",\"potentialAction\":[{\"@type\":\"ReadAction\",\"target\":[\"https:\/\/blogs.deusto.es\/dual\/normativa-de-la-formacion-dual-universitaria\/\"]}]},{\"@type\":\"ImageObject\",\"inLanguage\":\"es\",\"@id\":\"https:\/\/blogs.deusto.es\/dual\/normativa-de-la-formacion-dual-universitaria\/#primaryimage\",\"url\":\"https:\/\/blogs.deusto.es\/wp-content\/uploads\/sites\/71\/2020\/07\/TIT-LOGO_Blog_Dual.png\",\"contentUrl\":\"https:\/\/blogs.deusto.es\/wp-content\/uploads\/sites\/71\/2020\/07\/TIT-LOGO_Blog_Dual.png\",\"width\":1667,\"height\":750,\"caption\":\"Logotipo Blog Dual - Universidad de Deusto\"},{\"@type\":\"WebSite\",\"@id\":\"https:\/\/blogs.deusto.es\/dual\/#website\",\"url\":\"https:\/\/blogs.deusto.es\/dual\/\",\"name\":\"Dual\",\"description\":\"Cooperaci\u00f3n para la Transformaci\u00f3n\",\"publisher\":{\"@id\":\"https:\/\/blogs.deusto.es\/dual\/#organization\"},\"potentialAction\":[{\"@type\":\"SearchAction\",\"target\":{\"@type\":\"EntryPoint\",\"urlTemplate\":\"https:\/\/blogs.deusto.es\/dual\/?s={search_term_string}\"},\"query-input\":{\"@type\":\"PropertyValueSpecification\",\"valueRequired\":true,\"valueName\":\"search_term_string\"}}],\"inLanguage\":\"es\"},{\"@type\":\"Organization\",\"@id\":\"https:\/\/blogs.deusto.es\/dual\/#organization\",\"name\":\"Dual\",\"url\":\"https:\/\/blogs.deusto.es\/dual\/\",\"logo\":{\"@type\":\"ImageObject\",\"inLanguage\":\"es\",\"@id\":\"https:\/\/blogs.deusto.es\/dual\/#\/schema\/logo\/image\/\",\"url\":\"https:\/\/blogs.deusto.es\/wp-content\/uploads\/sites\/71\/2020\/07\/TIT-LOGO_Blog_Dual.png\",\"contentUrl\":\"https:\/\/blogs.deusto.es\/wp-content\/uploads\/sites\/71\/2020\/07\/TIT-LOGO_Blog_Dual.png\",\"width\":1667,\"height\":750,\"caption\":\"Dual\"},\"image\":{\"@id\":\"https:\/\/blogs.deusto.es\/dual\/#\/schema\/logo\/image\/\"}}]}<\/script>\n<!-- \/ Yoast SEO plugin. -->","yoast_head_json":{"title":"Normativa de la formaci\u00f3n dual, Universidad de Deusto","description":"Aqu\u00ed tienes el nuevo contexto normativo que afecta a la formaci\u00f3n dual universitaria en Espa\u00f1a: Ley de Universidades y Reforma laboral","robots":{"index":"index","follow":"follow","max-snippet":"max-snippet:-1","max-image-preview":"max-image-preview:large","max-video-preview":"max-video-preview:-1"},"canonical":"https:\/\/blogs.deusto.es\/dual\/normativa-de-la-formacion-dual-universitaria\/","og_locale":"es_ES","og_type":"article","og_title":"Normativa de la formaci\u00f3n dual, Universidad de Deusto","og_description":"Aqu\u00ed tienes el nuevo contexto normativo que afecta a la formaci\u00f3n dual universitaria en Espa\u00f1a: Ley de Universidades y Reforma laboral","og_url":"https:\/\/blogs.deusto.es\/dual\/normativa-de-la-formacion-dual-universitaria\/","og_site_name":"Dual","article_modified_time":"2024-08-06T10:03:57+00:00","og_image":[{"width":1667,"height":750,"url":"https:\/\/blogs.deusto.es\/wp-content\/uploads\/sites\/71\/2020\/07\/TIT-LOGO_Blog_Dual.png","type":"image\/png"}],"twitter_card":"summary_large_image","twitter_misc":{"Tiempo de lectura":"5 minutos"},"schema":{"@context":"https:\/\/schema.org","@graph":[{"@type":"WebPage","@id":"https:\/\/blogs.deusto.es\/dual\/normativa-de-la-formacion-dual-universitaria\/","url":"https:\/\/blogs.deusto.es\/dual\/normativa-de-la-formacion-dual-universitaria\/","name":"Normativa de la formaci\u00f3n dual, Universidad de Deusto","isPartOf":{"@id":"https:\/\/blogs.deusto.es\/dual\/#website"},"primaryImageOfPage":{"@id":"https:\/\/blogs.deusto.es\/dual\/normativa-de-la-formacion-dual-universitaria\/#primaryimage"},"image":{"@id":"https:\/\/blogs.deusto.es\/dual\/normativa-de-la-formacion-dual-universitaria\/#primaryimage"},"thumbnailUrl":"https:\/\/blogs.deusto.es\/wp-content\/uploads\/sites\/71\/2020\/07\/TIT-LOGO_Blog_Dual.png","datePublished":"2023-08-08T14:25:51+00:00","dateModified":"2024-08-06T10:03:57+00:00","description":"Aqu\u00ed tienes el nuevo contexto normativo que afecta a la formaci\u00f3n dual universitaria en Espa\u00f1a: Ley de Universidades y Reforma laboral","inLanguage":"es","potentialAction":[{"@type":"ReadAction","target":["https:\/\/blogs.deusto.es\/dual\/normativa-de-la-formacion-dual-universitaria\/"]}]},{"@type":"ImageObject","inLanguage":"es","@id":"https:\/\/blogs.deusto.es\/dual\/normativa-de-la-formacion-dual-universitaria\/#primaryimage","url":"https:\/\/blogs.deusto.es\/wp-content\/uploads\/sites\/71\/2020\/07\/TIT-LOGO_Blog_Dual.png","contentUrl":"https:\/\/blogs.deusto.es\/wp-content\/uploads\/sites\/71\/2020\/07\/TIT-LOGO_Blog_Dual.png","width":1667,"height":750,"caption":"Logotipo Blog Dual - Universidad de Deusto"},{"@type":"WebSite","@id":"https:\/\/blogs.deusto.es\/dual\/#website","url":"https:\/\/blogs.deusto.es\/dual\/","name":"Dual","description":"Cooperaci\u00f3n para la Transformaci\u00f3n","publisher":{"@id":"https:\/\/blogs.deusto.es\/dual\/#organization"},"potentialAction":[{"@type":"SearchAction","target":{"@type":"EntryPoint","urlTemplate":"https:\/\/blogs.deusto.es\/dual\/?s={search_term_string}"},"query-input":{"@type":"PropertyValueSpecification","valueRequired":true,"valueName":"search_term_string"}}],"inLanguage":"es"},{"@type":"Organization","@id":"https:\/\/blogs.deusto.es\/dual\/#organization","name":"Dual","url":"https:\/\/blogs.deusto.es\/dual\/","logo":{"@type":"ImageObject","inLanguage":"es","@id":"https:\/\/blogs.deusto.es\/dual\/#\/schema\/logo\/image\/","url":"https:\/\/blogs.deusto.es\/wp-content\/uploads\/sites\/71\/2020\/07\/TIT-LOGO_Blog_Dual.png","contentUrl":"https:\/\/blogs.deusto.es\/wp-content\/uploads\/sites\/71\/2020\/07\/TIT-LOGO_Blog_Dual.png","width":1667,"height":750,"caption":"Dual"},"image":{"@id":"https:\/\/blogs.deusto.es\/dual\/#\/schema\/logo\/image\/"}}]}},"_links":{"self":[{"href":"https:\/\/blogs.deusto.es\/dual\/wp-json\/wp\/v2\/pages\/2578","targetHints":{"allow":["GET"]}}],"collection":[{"href":"https:\/\/blogs.deusto.es\/dual\/wp-json\/wp\/v2\/pages"}],"about":[{"href":"https:\/\/blogs.deusto.es\/dual\/wp-json\/wp\/v2\/types\/page"}],"author":[{"embeddable":true,"href":"https:\/\/blogs.deusto.es\/dual\/wp-json\/wp\/v2\/users\/676"}],"replies":[{"embeddable":true,"href":"https:\/\/blogs.deusto.es\/dual\/wp-json\/wp\/v2\/comments?post=2578"}],"version-history":[{"count":14,"href":"https:\/\/blogs.deusto.es\/dual\/wp-json\/wp\/v2\/pages\/2578\/revisions"}],"predecessor-version":[{"id":3268,"href":"https:\/\/blogs.deusto.es\/dual\/wp-json\/wp\/v2\/pages\/2578\/revisions\/3268"}],"wp:featuredmedia":[{"embeddable":true,"href":"https:\/\/blogs.deusto.es\/dual\/wp-json\/wp\/v2\/media\/215"}],"wp:attachment":[{"href":"https:\/\/blogs.deusto.es\/dual\/wp-json\/wp\/v2\/media?parent=2578"}],"curies":[{"name":"wp","href":"https:\/\/api.w.org\/{rel}","templated":true}]}}