{"id":3161,"date":"2024-08-01T16:21:37","date_gmt":"2024-08-01T14:21:37","guid":{"rendered":"https:\/\/blogs.deusto.es\/dual\/?page_id=3161"},"modified":"2025-10-15T13:06:28","modified_gmt":"2025-10-15T11:06:28","slug":"practicas-vs-formacion-dual","status":"publish","type":"page","link":"https:\/\/blogs.deusto.es\/dual\/practicas-vs-formacion-dual\/","title":{"rendered":"Pr\u00e1cticas VS formaci\u00f3n dual"},"content":{"rendered":"\t\t<div data-elementor-type=\"wp-page\" data-elementor-id=\"3161\" class=\"elementor elementor-3161\" data-elementor-post-type=\"page\">\n\t\t\t\t\t\t<section class=\"elementor-section elementor-top-section elementor-element elementor-element-145baf54 elementor-section-boxed elementor-section-height-default elementor-section-height-default\" data-id=\"145baf54\" data-element_type=\"section\" data-e-type=\"section\">\n\t\t\t\t\t\t<div class=\"elementor-container elementor-column-gap-default\">\n\t\t\t\t\t<div class=\"elementor-column elementor-col-100 elementor-top-column elementor-element elementor-element-5d23b764\" data-id=\"5d23b764\" data-element_type=\"column\" data-e-type=\"column\">\n\t\t\t<div class=\"elementor-widget-wrap elementor-element-populated\">\n\t\t\t\t\t\t<div class=\"elementor-element elementor-element-76afb954 elementor-widget elementor-widget-text-editor\" data-id=\"76afb954\" data-element_type=\"widget\" data-e-type=\"widget\" data-widget_type=\"text-editor.default\">\n\t\t\t\t<div class=\"elementor-widget-container\">\n\t\t\t\t\t\t\t\t\t<p><strong>\u00bfEs lo mismo \u00abpr\u00e1cticas\u00bb que \u00abformaci\u00f3n dual\u00bb? Si son distintas, \u00bfqu\u00e9 diferencias hay?<\/strong><\/p><p>Como la <a href=\"https:\/\/blogs.deusto.es\/dual\/formacion-dual-universitaria\/\">formaci\u00f3n dual universitaria<\/a> es relativamente reciente existe cierta confusi\u00f3n con las diferencias que tienen la formaci\u00f3n dual y las pr\u00e1cticas curriculares.<\/p><p>A continuaci\u00f3n te presentamos las principales diferencias entre ambas:<\/p>\t\t\t\t\t\t\t\t<\/div>\n\t\t\t\t<\/div>\n\t\t\t\t\t<\/div>\n\t\t<\/div>\n\t\t\t\t\t<\/div>\n\t\t<\/section>\n\t\t\t\t<section class=\"elementor-section elementor-top-section elementor-element elementor-element-17e6661 elementor-section-boxed elementor-section-height-default elementor-section-height-default\" data-id=\"17e6661\" data-element_type=\"section\" data-e-type=\"section\">\n\t\t\t\t\t\t<div class=\"elementor-container elementor-column-gap-default\">\n\t\t\t\t\t<div class=\"elementor-column elementor-col-100 elementor-top-column elementor-element elementor-element-9ae6ac0\" data-id=\"9ae6ac0\" data-element_type=\"column\" data-e-type=\"column\">\n\t\t\t<div class=\"elementor-widget-wrap elementor-element-populated\">\n\t\t\t\t\t\t<div class=\"elementor-element elementor-element-0cfb780 elementor-widget elementor-widget-heading\" data-id=\"0cfb780\" data-element_type=\"widget\" data-e-type=\"widget\" data-widget_type=\"heading.default\">\n\t\t\t\t<div class=\"elementor-widget-container\">\n\t\t\t\t\t<h2 class=\"elementor-heading-title elementor-size-default\">Diferencias entre las pr\u00e1cticas curriculares y la formaci\u00f3n dual:<\/h2>\t\t\t\t<\/div>\n\t\t\t\t<\/div>\n\t\t\t\t\t<\/div>\n\t\t<\/div>\n\t\t\t\t\t<\/div>\n\t\t<\/section>\n\t\t\t\t<section class=\"elementor-section elementor-top-section elementor-element elementor-element-31ec66f elementor-section-boxed elementor-section-height-default elementor-section-height-default\" data-id=\"31ec66f\" data-element_type=\"section\" data-e-type=\"section\">\n\t\t\t\t\t\t<div class=\"elementor-container elementor-column-gap-default\">\n\t\t\t\t\t<div class=\"elementor-column elementor-col-100 elementor-top-column elementor-element elementor-element-963c8f9\" data-id=\"963c8f9\" data-element_type=\"column\" data-e-type=\"column\">\n\t\t\t<div class=\"elementor-widget-wrap elementor-element-populated\">\n\t\t\t\t\t\t<div class=\"elementor-element elementor-element-ef6e84e elementor-widget elementor-widget-text-editor\" data-id=\"ef6e84e\" data-element_type=\"widget\" data-e-type=\"widget\" data-widget_type=\"text-editor.default\">\n\t\t\t\t<div class=\"elementor-widget-container\">\n\t\t\t\t\t\t\t\t\t<p>A continuaci\u00f3n explicamos las diferencias que existen entre las pr\u00e1cticas curriculares y la formaci\u00f3n dual:<\/p><ol><li>En las pr\u00e1cticas el estudiante aplica lo que sabe, mientras que en la formaci\u00f3n dual el <strong>participante aprende mientras aplica en contextos reales<\/strong>. Esto le permite adquirir nuevas competencias y conocimientos.<\/li><li>En las pr\u00e1cticas los tutores se comunican de manera puntual. Sin embargo, en la formaci\u00f3n dual los tutores, que denominamos como \u00abfacilitadores\u00bb, <strong>tanto de la empresa como de la universidad se coordinan de manera intensa y tienen una presencia constante<\/strong> en el proceso de aprendizaje del participante dual.<\/li><li>En las pr\u00e1cticas, los contenidos se trabajan desde una \u00fanica perspectiva. En la formaci\u00f3n dual l<strong>os contenidos que aprender\u00e1 el participante son consensuados y codise\u00f1ados<\/strong> por la organizaci\u00f3n y la universidad dentro del plan de aprendizaje.<\/li><li>Las pr\u00e1cticas suelen tener un proceso de aprendizaje secuencial. Mientras que en la dualidad <strong>el proceso de aprendizaje es iterativo e integrado<\/strong>, y sucede en <strong>contextos reales<\/strong>, que son mucho m\u00e1s significativos para el participante.<\/li><li>A la hora de evaluar al estudiante, en las pr\u00e1cticas se suman las notas de la empresa y la universidad, o se hace una media. En la formaci\u00f3n dual <strong>la evaluaci\u00f3n es consensuada por por los facilitadores de la empresa y la universidad<\/strong>.<\/li><li>En las pr\u00e1cticas, la remuneraci\u00f3n es opcional. <strong>En la formaci\u00f3n dual, la remuneraci\u00f3n es obligatoria<\/strong>. La remuneraci\u00f3n debe ser, al menos, el equivalente al salario m\u00ednimo interprofesional o lo establecido por el marco jur\u00eddico vigente en cada momento.<\/li><li>Las pr\u00e1cticas curriculares est\u00e1n reguladas por el RD 592\/2014 que regula las pr\u00e1cticas acad\u00e9micas externas de los estudiantes universitarios. En la formaci\u00f3n dual, el v\u00ednculo jur\u00eddico se basa en lo regulado por el RD Ley 32\/2021, conocido como \u00abla reforma laboral\u00bb en Espa\u00f1a en el que se establece el Contrato laboral de Formaci\u00f3n en Alternancia.<\/li><\/ol>\t\t\t\t\t\t\t\t<\/div>\n\t\t\t\t<\/div>\n\t\t\t\t<div class=\"elementor-element elementor-element-10a0caa elementor-widget elementor-widget-text-editor\" data-id=\"10a0caa\" data-element_type=\"widget\" data-e-type=\"widget\" data-widget_type=\"text-editor.default\">\n\t\t\t\t<div class=\"elementor-widget-container\">\n\t\t\t\t\t\t\t\t\t<p>En la siguiente tabla resumimos las diferencias entre ambas:<\/p>\t\t\t\t\t\t\t\t<\/div>\n\t\t\t\t<\/div>\n\t\t\t\t<div class=\"elementor-element elementor-element-be93e56 elementor-widget elementor-widget-text-editor\" data-id=\"be93e56\" data-element_type=\"widget\" data-e-type=\"widget\" data-widget_type=\"text-editor.default\">\n\t\t\t\t<div class=\"elementor-widget-container\">\n\t\t\t\t\t\t\t\t\t<table><tbody><tr><th>\u00a0<\/th><th>PR\u00c1CTICAS<\/th><th>FORMACI\u00d3N DUAL<\/th><\/tr><tr><td><strong>Estudiante \/ Participante<\/strong><\/td><td>Aplica lo que sabe<\/td><td>Aprende mientras aplica<\/td><\/tr><tr><td><strong>Tutores \/ Facilitadores<\/strong><\/td><td>Se comunican<\/td><td>Se COordinan intensamente<\/td><\/tr><tr><td><strong>Contenidos<\/strong><\/td><td>Desde una perspectiva<\/td><td>Se COnsensuan<\/td><\/tr><tr><td><strong>Proceso<\/strong><\/td><td>Secuencial e independiente<\/td><td>Iterativo e integrado<\/td><\/tr><tr><td><strong>Evaluaci\u00f3n<\/strong><\/td><td>Se &#8216;suman&#8217;<\/td><td>Se \u00abconsensuan\u00bb, se &#8216;multiplican&#8217;<\/td><\/tr><tr><td><strong>Remuneraci\u00f3n<\/strong><\/td><td>Opcional, a criterio de la organizaci\u00f3n<\/td><td>Obligatoria, reconocimiento del valor<\/td><\/tr><tr><td><strong>Regulaci\u00f3n<\/strong><\/td><td>RD 592\/2014 <\/td><td>RD Ley 32\/2021<\/td><\/tr><\/tbody><\/table>\t\t\t\t\t\t\t\t<\/div>\n\t\t\t\t<\/div>\n\t\t\t\t\t<\/div>\n\t\t<\/div>\n\t\t\t\t\t<\/div>\n\t\t<\/section>\n\t\t\t\t<section class=\"elementor-section elementor-top-section elementor-element elementor-element-9a5da09 elementor-section-boxed elementor-section-height-default elementor-section-height-default\" data-id=\"9a5da09\" data-element_type=\"section\" data-e-type=\"section\">\n\t\t\t\t\t\t<div class=\"elementor-container elementor-column-gap-default\">\n\t\t\t\t\t<div class=\"elementor-column elementor-col-100 elementor-top-column elementor-element elementor-element-c2096b8\" data-id=\"c2096b8\" data-element_type=\"column\" data-e-type=\"column\">\n\t\t\t<div class=\"elementor-widget-wrap elementor-element-populated\">\n\t\t\t\t\t\t<div class=\"elementor-element elementor-element-46c5318 elementor-widget elementor-widget-spacer\" data-id=\"46c5318\" data-element_type=\"widget\" data-e-type=\"widget\" data-widget_type=\"spacer.default\">\n\t\t\t\t<div class=\"elementor-widget-container\">\n\t\t\t\t\t\t\t<div class=\"elementor-spacer\">\n\t\t\t<div class=\"elementor-spacer-inner\"><\/div>\n\t\t<\/div>\n\t\t\t\t\t\t<\/div>\n\t\t\t\t<\/div>\n\t\t\t\t\t<\/div>\n\t\t<\/div>\n\t\t\t\t\t<\/div>\n\t\t<\/section>\n\t\t\t\t<section class=\"elementor-section elementor-top-section elementor-element elementor-element-c6150bf elementor-section-boxed elementor-section-height-default elementor-section-height-default\" data-id=\"c6150bf\" data-element_type=\"section\" data-e-type=\"section\">\n\t\t\t\t\t\t<div class=\"elementor-container elementor-column-gap-default\">\n\t\t\t\t\t<div class=\"elementor-column elementor-col-100 elementor-top-column elementor-element elementor-element-bdd07a9\" data-id=\"bdd07a9\" data-element_type=\"column\" data-e-type=\"column\">\n\t\t\t<div class=\"elementor-widget-wrap elementor-element-populated\">\n\t\t\t\t\t\t<div class=\"elementor-element elementor-element-f5f56e3 elementor-widget elementor-widget-heading\" data-id=\"f5f56e3\" data-element_type=\"widget\" data-e-type=\"widget\" data-widget_type=\"heading.default\">\n\t\t\t\t<div class=\"elementor-widget-container\">\n\t\t\t\t\t<h2 class=\"elementor-heading-title elementor-size-default\">V\u00eddeo con las diferencias entre las pr\u00e1cticas y la formaci\u00f3n dual:<\/h2>\t\t\t\t<\/div>\n\t\t\t\t<\/div>\n\t\t\t\t<div class=\"elementor-element elementor-element-eafd36e elementor-widget elementor-widget-text-editor\" data-id=\"eafd36e\" data-element_type=\"widget\" data-e-type=\"widget\" data-widget_type=\"text-editor.default\">\n\t\t\t\t<div class=\"elementor-widget-container\">\n\t\t\t\t\t\t\t\t\t<p>Nuestras compa\u00f1eras Irene Cuesta, Directora de la Unidad Dual, e Isabel Fern\u00e1ndez, Coordinadora de Proyectos de Innovaci\u00f3n, nos cuentan en este v\u00eddeo cu\u00e1les son las diferencias entre la dualidad y las pr\u00e1cticas:<\/p>\t\t\t\t\t\t\t\t<\/div>\n\t\t\t\t<\/div>\n\t\t\t\t\t<\/div>\n\t\t<\/div>\n\t\t\t\t\t<\/div>\n\t\t<\/section>\n\t\t\t\t<section class=\"elementor-section elementor-top-section elementor-element elementor-element-0cf7c51 elementor-section-boxed elementor-section-height-default elementor-section-height-default\" data-id=\"0cf7c51\" data-element_type=\"section\" data-e-type=\"section\">\n\t\t\t\t\t\t<div class=\"elementor-container elementor-column-gap-default\">\n\t\t\t\t\t<div class=\"elementor-column elementor-col-16 elementor-top-column elementor-element elementor-element-8cd68d3\" data-id=\"8cd68d3\" data-element_type=\"column\" data-e-type=\"column\">\n\t\t\t<div class=\"elementor-widget-wrap\">\n\t\t\t\t\t\t\t<\/div>\n\t\t<\/div>\n\t\t\t\t<div class=\"elementor-column elementor-col-66 elementor-top-column elementor-element elementor-element-2b472c1\" data-id=\"2b472c1\" data-element_type=\"column\" data-e-type=\"column\">\n\t\t\t<div class=\"elementor-widget-wrap elementor-element-populated\">\n\t\t\t\t\t\t<div class=\"elementor-element elementor-element-cf1f3a2 elementor-widget elementor-widget-video\" data-id=\"cf1f3a2\" data-element_type=\"widget\" data-e-type=\"widget\" data-settings=\"{&quot;youtube_url&quot;:&quot;https:\\\/\\\/www.youtube.com\\\/watch?v=PM5rXmPIt2w&quot;,&quot;video_type&quot;:&quot;youtube&quot;,&quot;controls&quot;:&quot;yes&quot;}\" data-widget_type=\"video.default\">\n\t\t\t\t<div class=\"elementor-widget-container\">\n\t\t\t\t\t\t\t<div class=\"elementor-wrapper elementor-open-inline\">\n\t\t\t<div class=\"elementor-video\"><\/div>\t\t<\/div>\n\t\t\t\t\t\t<\/div>\n\t\t\t\t<\/div>\n\t\t\t\t\t<\/div>\n\t\t<\/div>\n\t\t\t\t<div class=\"elementor-column elementor-col-16 elementor-top-column elementor-element elementor-element-a8696c1\" data-id=\"a8696c1\" data-element_type=\"column\" data-e-type=\"column\">\n\t\t\t<div class=\"elementor-widget-wrap\">\n\t\t\t\t\t\t\t<\/div>\n\t\t<\/div>\n\t\t\t\t\t<\/div>\n\t\t<\/section>\n\t\t\t\t<\/div>\n\t\t","protected":false},"excerpt":{"rendered":"<p>\u00bfEs lo mismo \u00abpr\u00e1cticas\u00bb que \u00abformaci\u00f3n dual\u00bb? Si son distintas, \u00bfqu\u00e9 diferencias hay? Como la formaci\u00f3n dual universitaria es relativamente reciente existe cierta confusi\u00f3n con las diferencias que tienen la formaci\u00f3n dual y las pr\u00e1cticas curriculares. A continuaci\u00f3n te presentamos las principales diferencias entre ambas: Diferencias entre las pr\u00e1cticas curriculares y la formaci\u00f3n dual: A [&hellip;]<\/p>\n","protected":false},"author":676,"featured_media":0,"parent":0,"menu_order":0,"comment_status":"closed","ping_status":"closed","template":"","meta":{"footnotes":"","_links_to":"","_links_to_target":""},"class_list":["post-3161","page","type-page","status-publish","czr-hentry"],"yoast_head":"<!-- This site is optimized with the Yoast SEO plugin v27.4 - https:\/\/yoast.com\/product\/yoast-seo-wordpress\/ -->\n<title>Deja de llamarlo &quot;pr\u00e1cticas duales&quot;: pr\u00e1cticas VS formaci\u00f3n dual<\/title>\n<meta name=\"description\" content=\"Aunque muchas personas las confundan, existen 7 diferencias sustanciales entre las pr\u00e1cticas curriculares y la formaci\u00f3n dual\" \/>\n<meta name=\"robots\" content=\"index, follow, max-snippet:-1, max-image-preview:large, max-video-preview:-1\" \/>\n<link rel=\"canonical\" href=\"https:\/\/blogs.deusto.es\/dual\/practicas-vs-formacion-dual\/\" \/>\n<meta property=\"og:locale\" content=\"es_ES\" \/>\n<meta property=\"og:type\" content=\"article\" \/>\n<meta property=\"og:title\" content=\"Deja de llamarlo &quot;pr\u00e1cticas duales&quot;: pr\u00e1cticas VS formaci\u00f3n dual\" \/>\n<meta property=\"og:description\" content=\"Aunque muchas personas las confundan, existen 7 diferencias sustanciales entre las pr\u00e1cticas curriculares y la formaci\u00f3n dual\" \/>\n<meta property=\"og:url\" content=\"https:\/\/blogs.deusto.es\/dual\/practicas-vs-formacion-dual\/\" \/>\n<meta property=\"og:site_name\" content=\"Dual\" \/>\n<meta property=\"article:modified_time\" content=\"2025-10-15T11:06:28+00:00\" \/>\n<meta name=\"twitter:card\" content=\"summary_large_image\" \/>\n<meta name=\"twitter:label1\" content=\"Tiempo de lectura\" \/>\n\t<meta name=\"twitter:data1\" content=\"3 minutos\" \/>\n<script type=\"application\/ld+json\" class=\"yoast-schema-graph\">{\"@context\":\"https:\\\/\\\/schema.org\",\"@graph\":[{\"@type\":\"WebPage\",\"@id\":\"https:\\\/\\\/blogs.deusto.es\\\/dual\\\/practicas-vs-formacion-dual\\\/\",\"url\":\"https:\\\/\\\/blogs.deusto.es\\\/dual\\\/practicas-vs-formacion-dual\\\/\",\"name\":\"Deja de llamarlo \\\"pr\u00e1cticas duales\\\": pr\u00e1cticas VS formaci\u00f3n dual\",\"isPartOf\":{\"@id\":\"https:\\\/\\\/blogs.deusto.es\\\/dual\\\/#website\"},\"datePublished\":\"2024-08-01T14:21:37+00:00\",\"dateModified\":\"2025-10-15T11:06:28+00:00\",\"description\":\"Aunque muchas personas las confundan, existen 7 diferencias sustanciales entre las pr\u00e1cticas curriculares y la formaci\u00f3n dual\",\"inLanguage\":\"es\",\"potentialAction\":[{\"@type\":\"ReadAction\",\"target\":[\"https:\\\/\\\/blogs.deusto.es\\\/dual\\\/practicas-vs-formacion-dual\\\/\"]}]},{\"@type\":\"WebSite\",\"@id\":\"https:\\\/\\\/blogs.deusto.es\\\/dual\\\/#website\",\"url\":\"https:\\\/\\\/blogs.deusto.es\\\/dual\\\/\",\"name\":\"Dual\",\"description\":\"Cooperaci\u00f3n para la Transformaci\u00f3n\",\"publisher\":{\"@id\":\"https:\\\/\\\/blogs.deusto.es\\\/dual\\\/#organization\"},\"potentialAction\":[{\"@type\":\"SearchAction\",\"target\":{\"@type\":\"EntryPoint\",\"urlTemplate\":\"https:\\\/\\\/blogs.deusto.es\\\/dual\\\/?s={search_term_string}\"},\"query-input\":{\"@type\":\"PropertyValueSpecification\",\"valueRequired\":true,\"valueName\":\"search_term_string\"}}],\"inLanguage\":\"es\"},{\"@type\":\"Organization\",\"@id\":\"https:\\\/\\\/blogs.deusto.es\\\/dual\\\/#organization\",\"name\":\"Dual\",\"url\":\"https:\\\/\\\/blogs.deusto.es\\\/dual\\\/\",\"logo\":{\"@type\":\"ImageObject\",\"inLanguage\":\"es\",\"@id\":\"https:\\\/\\\/blogs.deusto.es\\\/dual\\\/#\\\/schema\\\/logo\\\/image\\\/\",\"url\":\"https:\\\/\\\/blogs.deusto.es\\\/wp-content\\\/uploads\\\/sites\\\/71\\\/2020\\\/07\\\/TIT-LOGO_Blog_Dual.png\",\"contentUrl\":\"https:\\\/\\\/blogs.deusto.es\\\/wp-content\\\/uploads\\\/sites\\\/71\\\/2020\\\/07\\\/TIT-LOGO_Blog_Dual.png\",\"width\":1667,\"height\":750,\"caption\":\"Dual\"},\"image\":{\"@id\":\"https:\\\/\\\/blogs.deusto.es\\\/dual\\\/#\\\/schema\\\/logo\\\/image\\\/\"}}]}<\/script>\n<!-- \/ Yoast SEO plugin. -->","yoast_head_json":{"title":"Deja de llamarlo \"pr\u00e1cticas duales\": pr\u00e1cticas VS formaci\u00f3n dual","description":"Aunque muchas personas las confundan, existen 7 diferencias sustanciales entre las pr\u00e1cticas curriculares y la formaci\u00f3n dual","robots":{"index":"index","follow":"follow","max-snippet":"max-snippet:-1","max-image-preview":"max-image-preview:large","max-video-preview":"max-video-preview:-1"},"canonical":"https:\/\/blogs.deusto.es\/dual\/practicas-vs-formacion-dual\/","og_locale":"es_ES","og_type":"article","og_title":"Deja de llamarlo \"pr\u00e1cticas duales\": pr\u00e1cticas VS formaci\u00f3n dual","og_description":"Aunque muchas personas las confundan, existen 7 diferencias sustanciales entre las pr\u00e1cticas curriculares y la formaci\u00f3n dual","og_url":"https:\/\/blogs.deusto.es\/dual\/practicas-vs-formacion-dual\/","og_site_name":"Dual","article_modified_time":"2025-10-15T11:06:28+00:00","twitter_card":"summary_large_image","twitter_misc":{"Tiempo de lectura":"3 minutos"},"schema":{"@context":"https:\/\/schema.org","@graph":[{"@type":"WebPage","@id":"https:\/\/blogs.deusto.es\/dual\/practicas-vs-formacion-dual\/","url":"https:\/\/blogs.deusto.es\/dual\/practicas-vs-formacion-dual\/","name":"Deja de llamarlo \"pr\u00e1cticas duales\": pr\u00e1cticas VS formaci\u00f3n dual","isPartOf":{"@id":"https:\/\/blogs.deusto.es\/dual\/#website"},"datePublished":"2024-08-01T14:21:37+00:00","dateModified":"2025-10-15T11:06:28+00:00","description":"Aunque muchas personas las confundan, existen 7 diferencias sustanciales entre las pr\u00e1cticas curriculares y la formaci\u00f3n dual","inLanguage":"es","potentialAction":[{"@type":"ReadAction","target":["https:\/\/blogs.deusto.es\/dual\/practicas-vs-formacion-dual\/"]}]},{"@type":"WebSite","@id":"https:\/\/blogs.deusto.es\/dual\/#website","url":"https:\/\/blogs.deusto.es\/dual\/","name":"Dual","description":"Cooperaci\u00f3n para la Transformaci\u00f3n","publisher":{"@id":"https:\/\/blogs.deusto.es\/dual\/#organization"},"potentialAction":[{"@type":"SearchAction","target":{"@type":"EntryPoint","urlTemplate":"https:\/\/blogs.deusto.es\/dual\/?s={search_term_string}"},"query-input":{"@type":"PropertyValueSpecification","valueRequired":true,"valueName":"search_term_string"}}],"inLanguage":"es"},{"@type":"Organization","@id":"https:\/\/blogs.deusto.es\/dual\/#organization","name":"Dual","url":"https:\/\/blogs.deusto.es\/dual\/","logo":{"@type":"ImageObject","inLanguage":"es","@id":"https:\/\/blogs.deusto.es\/dual\/#\/schema\/logo\/image\/","url":"https:\/\/blogs.deusto.es\/wp-content\/uploads\/sites\/71\/2020\/07\/TIT-LOGO_Blog_Dual.png","contentUrl":"https:\/\/blogs.deusto.es\/wp-content\/uploads\/sites\/71\/2020\/07\/TIT-LOGO_Blog_Dual.png","width":1667,"height":750,"caption":"Dual"},"image":{"@id":"https:\/\/blogs.deusto.es\/dual\/#\/schema\/logo\/image\/"}}]}},"_links":{"self":[{"href":"https:\/\/blogs.deusto.es\/dual\/wp-json\/wp\/v2\/pages\/3161","targetHints":{"allow":["GET"]}}],"collection":[{"href":"https:\/\/blogs.deusto.es\/dual\/wp-json\/wp\/v2\/pages"}],"about":[{"href":"https:\/\/blogs.deusto.es\/dual\/wp-json\/wp\/v2\/types\/page"}],"author":[{"embeddable":true,"href":"https:\/\/blogs.deusto.es\/dual\/wp-json\/wp\/v2\/users\/676"}],"replies":[{"embeddable":true,"href":"https:\/\/blogs.deusto.es\/dual\/wp-json\/wp\/v2\/comments?post=3161"}],"version-history":[{"count":17,"href":"https:\/\/blogs.deusto.es\/dual\/wp-json\/wp\/v2\/pages\/3161\/revisions"}],"predecessor-version":[{"id":3222,"href":"https:\/\/blogs.deusto.es\/dual\/wp-json\/wp\/v2\/pages\/3161\/revisions\/3222"}],"wp:attachment":[{"href":"https:\/\/blogs.deusto.es\/dual\/wp-json\/wp\/v2\/media?parent=3161"}],"curies":[{"name":"wp","href":"https:\/\/api.w.org\/{rel}","templated":true}]}}