{"id":213,"date":"2016-09-13T16:17:49","date_gmt":"2016-09-13T14:17:49","guid":{"rendered":"https:\/\/preblogs.deusto.es\/edaguil\/?page_id=213"},"modified":"2016-11-02T18:47:15","modified_gmt":"2016-11-02T17:47:15","slug":"sobre-el-autor","status":"publish","type":"page","link":"https:\/\/blogs.deusto.es\/edaguil\/sobre-el-autor\/","title":{"rendered":"Sobre el autor"},"content":{"rendered":"<div style=\"padding-bottom:20px; padding-top:10px;\" class=\"hupso-share-buttons\"><!-- Hupso Share Buttons - https:\/\/www.hupso.com\/share\/ --><a class=\"hupso_counters\" href=\"https:\/\/www.hupso.com\/share\/\"><img decoding=\"async\" src=\"https:\/\/static.hupso.com\/share\/buttons\/share-small.png\" style=\"border:0px; padding-top:2px; float:left;\" alt=\"Share Button\"\/><\/a><script type=\"text\/javascript\">var hupso_services_c=new Array(\"twitter\",\"facebook_like\",\"facebook_send\",\"google\",\"linkedin\");var hupso_counters_lang = \"es_LA\";var hupso_image_folder_url = \"\";var hupso_url_c=\"\";var hupso_title_c=\"Sobre%20el%20autor\";<\/script><script type=\"text\/javascript\" src=\"https:\/\/static.hupso.com\/share\/js\/counters.js\"><\/script><!-- Hupso Share Buttons --><\/div><p><a href=\"https:\/\/blogs.deusto.es\/edaguil\/wp-content\/uploads\/sites\/52\/2016\/11\/IMG_20161030_133558.jpg\" rel=\"attachment wp-att-361\"><img fetchpriority=\"high\" decoding=\"async\" class=\"size-medium wp-image-361 alignleft\" src=\"https:\/\/blogs.deusto.es\/edaguil\/wp-content\/uploads\/sites\/52\/2016\/11\/IMG_20161030_133558-300x300.jpg\" alt=\"IMG_20161030_133558\" width=\"300\" height=\"300\" srcset=\"https:\/\/blogs.deusto.es\/wp-content\/uploads\/sites\/52\/2016\/11\/IMG_20161030_133558-300x300.jpg 300w, https:\/\/blogs.deusto.es\/wp-content\/uploads\/sites\/52\/2016\/11\/IMG_20161030_133558-150x150.jpg 150w, https:\/\/blogs.deusto.es\/wp-content\/uploads\/sites\/52\/2016\/11\/IMG_20161030_133558-768x768.jpg 768w, https:\/\/blogs.deusto.es\/wp-content\/uploads\/sites\/52\/2016\/11\/IMG_20161030_133558-1024x1024.jpg 1024w\" sizes=\"(max-width: 300px) 100vw, 300px\" \/><\/a>Tengo por nombre el de\u00a0Eduardo Aguilar (Edu en lo anal\u00f3gico y @edaguil en lo digital) y me dedico profesionalmente a la comunicaci\u00f3n organizacional interna y externa y a la gesti\u00f3n de la informaci\u00f3n y el conocimiento en las organizaciones. Trabajo en el \u00e1rea de identidad digital de a <a href=\"http:\/\/www.deusto.es\" target=\"_blank\">Universidad\u00a0de Deusto<\/a>\u00a0y mi d\u00eda a d\u00eda transcurre entre videos, tweets, intranets, p\u00e1ginas web, blogs y muchos, muchos pasillos porque siempre he crecido que las redes se tejen en todos los lugares y los encuentros de personas siempre son especiales.<\/p>\n<p>Poco a poco he ido caminando y construyendo mi itinerario profesional y generando una forma de entender la gesti\u00f3n del conocimiento, la comunicaci\u00f3n y la gesti\u00f3n del talento.<\/p>\n<p>Soy pedagogo, pedagogo de vocaci\u00f3n, \u00a0porque siempre he cre\u00eddo que si algo hay fundamenta es \u00abaprender \u00ab. Un aprender que se combina de forma excelente con ense\u00f1ar.\u00a0Sin barreras, sin dicotom\u00edas, en perfecta coordinaci\u00f3n y simbiosis.<\/p>\n<p>Me encantan los espacio informales. Los espacio donde nos encontramos porque queremos estar y donde la institucionalizaci\u00f3n de los procesos se diluye con m\u00e1s facilidad y los roles de aprendiz y maestro se intercambian continuamente.<\/p>\n<p>Y en este aprender y ense\u00f1ar en los espacios informales, hay\u00a0dos aspectos que a mi entender tienen una importancia m\u00e1xima; la gesti\u00f3n, trasmisi\u00f3n y adquisici\u00f3n de conocimiento ( y los procesos vinculados a la gesti\u00f3n de\u00a0la informaci\u00f3n personal y organizacional) y las tecnolog\u00edas digitales.<\/p>\n<p>Y trabajando en mi devenir profesional con\u00a0estas cuatro piezas, tuve la suerte de encontrar un mont\u00f3n de gente donde ir desarrollando este camino, la <a href=\"http:\/\/psicologiayeducacion.deusto.es\/cs\/Satellite\/psicologiayeducacion\/es\/facultad-de-psicologia-y-educacion\" target=\"_blank\">Universidad de Deusto<\/a>, el <a href=\"http:\/\/socialesyhumanas.deusto.es\/cs\/Satellite\/socialesyhumanas\/es\/instituto-estudios-ocio\" target=\"_blank\">Instituto de Estudios de Ocio<\/a> donde trabaj\u00e9 15 a\u00f1os, la <a href=\"http:\/\/estudios.uoc.edu\/es\/masters-universitarios\/gestion-estrategica-informacion-conocimiento-organizaciones\/presentacion\" target=\"_blank\">Universitat Oberta de Catalunya<\/a> donde me especialic\u00e9 en la gesti\u00f3n del conocimiento y el <a href=\"http:\/\/www.deusto.es\/cs\/Satellite\/deusto\/es\/universidad-deusto\/vive-deusto\/conecta-deusto\" target=\"_blank\">\u00e1rea de identidad digital<\/a> del Gabinete de comunicaci\u00f3n institucional donde ahora mismo desempe\u00f1o mi labor profesional.<\/p>\n<p>Este espacio se ha convertido en un lugar donde conectar las cuatro a trav\u00e9s de una cosa que com\u00fanmente se llama comunicaci\u00f3n digital, medos sociales, generaci\u00f3n de contenidos, creaci\u00f3n de marca universitaria\u2026 como es el \u00e1rea de identidad digital dentro del gabinete de comunicaci\u00f3n institucional.<\/p>\n","protected":false},"excerpt":{"rendered":"<div style=\"padding-bottom:20px; padding-top:10px;\" class=\"hupso-share-buttons\"><!-- Hupso Share Buttons - https:\/\/www.hupso.com\/share\/ --><a class=\"hupso_counters\" href=\"https:\/\/www.hupso.com\/share\/\"><img src=\"https:\/\/static.hupso.com\/share\/buttons\/share-small.png\" style=\"border:0px; padding-top:2px; float:left;\" alt=\"Share Button\"\/><\/a><script type=\"text\/javascript\">var hupso_services_c=new Array(\"twitter\",\"facebook_like\",\"facebook_send\",\"google\",\"linkedin\");var hupso_counters_lang = \"es_LA\";var hupso_image_folder_url = \"\";var hupso_url_c=\"\";var hupso_title_c=\"Sobre%20el%20autor\";<\/script><script type=\"text\/javascript\" src=\"https:\/\/static.hupso.com\/share\/js\/counters.js\"><\/script><!-- Hupso Share Buttons --><\/div><p>Tengo por nombre el de\u00a0Eduardo Aguilar (Edu en lo anal\u00f3gico y @edaguil en lo digital) y me dedico profesionalmente a<\/p>\n","protected":false},"author":226,"featured_media":0,"parent":0,"menu_order":0,"comment_status":"open","ping_status":"open","template":"","meta":{"colormag_page_container_layout":"default_layout","colormag_page_sidebar_layout":"default_layout","footnotes":""},"class_list":["post-213","page","type-page","status-publish","hentry"],"_links":{"self":[{"href":"https:\/\/blogs.deusto.es\/edaguil\/wp-json\/wp\/v2\/pages\/213","targetHints":{"allow":["GET"]}}],"collection":[{"href":"https:\/\/blogs.deusto.es\/edaguil\/wp-json\/wp\/v2\/pages"}],"about":[{"href":"https:\/\/blogs.deusto.es\/edaguil\/wp-json\/wp\/v2\/types\/page"}],"author":[{"embeddable":true,"href":"https:\/\/blogs.deusto.es\/edaguil\/wp-json\/wp\/v2\/users\/226"}],"replies":[{"embeddable":true,"href":"https:\/\/blogs.deusto.es\/edaguil\/wp-json\/wp\/v2\/comments?post=213"}],"version-history":[{"count":7,"href":"https:\/\/blogs.deusto.es\/edaguil\/wp-json\/wp\/v2\/pages\/213\/revisions"}],"predecessor-version":[{"id":362,"href":"https:\/\/blogs.deusto.es\/edaguil\/wp-json\/wp\/v2\/pages\/213\/revisions\/362"}],"wp:attachment":[{"href":"https:\/\/blogs.deusto.es\/edaguil\/wp-json\/wp\/v2\/media?parent=213"}],"curies":[{"name":"wp","href":"https:\/\/api.w.org\/{rel}","templated":true}]}}