{"id":852,"date":"2016-06-27T11:54:00","date_gmt":"2016-06-27T09:54:00","guid":{"rendered":"https:\/\/preblogs.deusto.es\/educar\/research-areas\/"},"modified":"2016-06-27T11:54:00","modified_gmt":"2016-06-27T09:54:00","slug":"research-areas","status":"publish","type":"page","link":"https:\/\/blogs.deusto.es\/educar\/en\/educar-research-team\/research-areas\/","title":{"rendered":"Research areas"},"content":{"rendered":"<p style=\"text-align: justify;\">El eje tem\u00e1tico que vertebra las dos l\u00edneas de investigaci\u00f3n del equipo es la Mejora de la ense\u00f1anza y el aprendizaje (Improving Teaching and Learning) desde dos niveles de concreci\u00f3n: la pr\u00e1ctica educativa vinculada a la realidad del aula y la relacionada con la pol\u00edtica educativa.<\/p>\n<p style=\"text-align: justify;\"><strong>1. Procesos de ense\u00f1anza para el \u00e9xito en el aprendizaje y el desarrollo: entornos interactivos y dial\u00f3gicos, metodolog\u00edas activas, competencias, formaci\u00f3n y desarrollo profesional del profesorado.<\/strong><\/p>\n<p style=\"text-align: justify; padding-left: 30px;\">Se investigan los procesos de ense\u00f1anza que favorecen el \u00e9xito en el aprendizaje y el desarrollo de todas las personas, tales como los entornos interactivos, el di\u00e1logo, la cooperaci\u00f3n y el aprendizaje basado en competencias. Para que estos procesos exitosos de ense\u00f1anza tengan lugar, es fundamental la figura del docente; por ello, se investigan tambi\u00e9n estrategias de formaci\u00f3n del profesorado basadas en evidencias cient\u00edficas que tengan impacto en la mejora educativa.<\/p>\n<p style=\"text-align: justify;\"><strong>2.Fen\u00f3menos educativos desde perspectiva hist\u00f3rica y te\u00f3rica: pol\u00edticas, innovaci\u00f3n y modelos de gesti\u00f3n de las instituciones educativas.<\/strong><\/p>\n<p style=\"text-align: justify; padding-left: 30px;\">Se estudia la realidad educativa desde una perspectiva hist\u00f3rica y te\u00f3rica para analizar los sistemas y las pol\u00edticas educativas actuales siempre con una orientaci\u00f3n hacia la mejora.<\/p>\n","protected":false},"excerpt":{"rendered":"<p>El eje tem\u00e1tico que vertebra las dos l\u00edneas de investigaci\u00f3n del equipo es la Mejora de la ense\u00f1anza y el aprendizaje (Improving Teaching and Learning) desde dos niveles de concreci\u00f3n: la pr\u00e1ctica educativa vinculada a la realidad del aula y la relacionada con la pol\u00edtica educativa. 1. Procesos de ense\u00f1anza para el \u00e9xito en el &#8230; <a title=\"Research areas\" class=\"read-more\" href=\"https:\/\/blogs.deusto.es\/educar\/en\/educar-research-team\/research-areas\/\" aria-label=\"Read more about Research areas\">Read more<\/a><\/p>\n","protected":false},"author":486,"featured_media":0,"parent":849,"menu_order":1,"comment_status":"closed","ping_status":"closed","template":"","meta":{"footnotes":""},"class_list":["post-852","page","type-page","status-publish"],"_links":{"self":[{"href":"https:\/\/blogs.deusto.es\/educar\/en\/wp-json\/wp\/v2\/pages\/852","targetHints":{"allow":["GET"]}}],"collection":[{"href":"https:\/\/blogs.deusto.es\/educar\/en\/wp-json\/wp\/v2\/pages"}],"about":[{"href":"https:\/\/blogs.deusto.es\/educar\/en\/wp-json\/wp\/v2\/types\/page"}],"author":[{"embeddable":true,"href":"https:\/\/blogs.deusto.es\/educar\/en\/wp-json\/wp\/v2\/users\/486"}],"replies":[{"embeddable":true,"href":"https:\/\/blogs.deusto.es\/educar\/en\/wp-json\/wp\/v2\/comments?post=852"}],"version-history":[{"count":0,"href":"https:\/\/blogs.deusto.es\/educar\/en\/wp-json\/wp\/v2\/pages\/852\/revisions"}],"up":[{"embeddable":true,"href":"https:\/\/blogs.deusto.es\/educar\/en\/wp-json\/wp\/v2\/pages\/849"}],"wp:attachment":[{"href":"https:\/\/blogs.deusto.es\/educar\/en\/wp-json\/wp\/v2\/media?parent=852"}],"curies":[{"name":"wp","href":"https:\/\/api.w.org\/{rel}","templated":true}]}}