{"id":976,"date":"2016-06-27T12:03:45","date_gmt":"2016-06-27T10:03:45","guid":{"rendered":"https:\/\/preblogs.deusto.es\/educar\/masters-degree-programmes\/"},"modified":"2016-06-27T12:03:45","modified_gmt":"2016-06-27T10:03:45","slug":"masters-degree-programmes","status":"publish","type":"page","link":"https:\/\/blogs.deusto.es\/educar\/en\/courses\/masters-degree-programmes\/","title":{"rendered":"Master&#8217;s degree programmes"},"content":{"rendered":"<h4 style=\"text-align: justify;\"><strong>Master in Teacher Education of Secondary School Teachers, A Levels, Vocational Training, and Language Teaching<\/strong><\/h4>\n<p style=\"font-size: 13px; text-align: justify;\">Director: Zoe Mart\u00ednez de la Hidalga<\/p>\n<p style=\"font-size: 13px; text-align: justify;\">This Master\u00b4s programme aims to train and equip teachers in the field of secondary education. The current context requires secondary education professionals to exhibit pedagogic expertise as well as specific competences related to diversity, effective communication, coexistence, multiculturalism, new technologies, tutoring and educational guidance, conflict resolution and management, social skills, and emotional education. The Master\u00b4s seeks to respond to these demands by facilitating the development of the necessary professional competences in its students that will in turn enable them to carry out the tasks and roles required of the profession.<\/p>\n<p style=\"font-size: 13px; text-align: justify;\"><span style=\"font-weight: 400;\">The Master\u00b4s programme is currently on its ninth year of operations (academic year 2017-18) in the <a href=\"http:\/\/www.deusto.es\/cs\/Satellite\/deusto\/es\/masteres\/estudios-masteres\/formacion-del-profesorado-de-educacion-secundaria-obligatoria-bachillerato-formacion-profesional-y-ensenanza-de-idiomas\/programa?idPest=1340019323469\">Bilbao campus<\/a> and its eight in <a href=\"http:\/\/www.deusto.es\/cs\/Satellite\/deusto\/es\/masteres\/estudios-masteres\/formacion-del-profesorado-de-educacion-secundaria-obligatoria-bachillerato-formacion-profesional-y-ensenanza-de-idiomas-0\/programa\">San Sebastian<\/a>. A special track on Educational Guidance has been offered since the academic year 2013-14 to train future <a href=\"http:\/\/www.deusto.es\/cs\/Satellite\/deusto\/es\/masteres\/estudios-masteres\/formacion-del-profesorado-de-educacion-secundaria-obligatoria-bachillerato-formacion-profesional-y-ensenanza-de-idiomas-1\/programa\">guidance counsellors <\/a>in the realm of secondary education and is currently on its fifth year of operations. Since the launch of the master\u00b4s programme, more than 400 students from different backgrounds and expertise have graduated from the course, demonstrating significant contributions in the development of the master\u00b4s programme which we seek to further improve in a joint effort between the faculty and its students.<\/span><\/p>\n<hr \/>\n<h4 style=\"text-align: justify;\"><strong><b>Master in Educational Management and Leadership<\/b>\u00a0<\/strong><\/h4>\n<p style=\"font-size: 13px; text-align: justify;\">Joaqu\u00edn Gair\u00edn Sall\u00e1n and Manuel \u00c1lvarez Fern\u00e1ndez<br \/>\nCoordinator: Visitaci\u00f3n Pereda Herrero<\/p>\n<p style=\"font-size: 13px; text-align: justify;\"><span style=\"font-weight: 400;\">The progressive reforms being undertaken by education systems have led to an increased complexity of classroom and organisational management in educational institutions, demanding not only the performance of administrative and budget-related functions among its professionals but also a more involved role in the planning, coordination, and evaluation of the institutions\u00b4 human relations, community integration, and innovation. Building on the extensive experience and renowned prestige of its course providers the University of Deusto and the <a href=\"http:\/\/www.uab.es\/\">Autonomous University of Barcelona,<\/a> this fully online master\u00b4s programme taught by a team of international experts in the field focuses on the training of future education managers and leaders.<\/span><\/p>\n","protected":false},"excerpt":{"rendered":"<p>Master in Teacher Education of Secondary School Teachers, A Levels, Vocational Training, and Language Teaching Director: Zoe Mart\u00ednez de la Hidalga This Master\u00b4s programme aims to train and equip teachers in the field of secondary education. The current context requires secondary education professionals to exhibit pedagogic expertise as well as specific competences related to diversity, &#8230; <a title=\"Master&#8217;s degree programmes\" class=\"read-more\" href=\"https:\/\/blogs.deusto.es\/educar\/en\/courses\/masters-degree-programmes\/\" aria-label=\"Read more about Master&#8217;s degree programmes\">Read more<\/a><\/p>\n","protected":false},"author":486,"featured_media":0,"parent":973,"menu_order":1,"comment_status":"closed","ping_status":"closed","template":"","meta":{"footnotes":""},"class_list":["post-976","page","type-page","status-publish"],"_links":{"self":[{"href":"https:\/\/blogs.deusto.es\/educar\/en\/wp-json\/wp\/v2\/pages\/976","targetHints":{"allow":["GET"]}}],"collection":[{"href":"https:\/\/blogs.deusto.es\/educar\/en\/wp-json\/wp\/v2\/pages"}],"about":[{"href":"https:\/\/blogs.deusto.es\/educar\/en\/wp-json\/wp\/v2\/types\/page"}],"author":[{"embeddable":true,"href":"https:\/\/blogs.deusto.es\/educar\/en\/wp-json\/wp\/v2\/users\/486"}],"replies":[{"embeddable":true,"href":"https:\/\/blogs.deusto.es\/educar\/en\/wp-json\/wp\/v2\/comments?post=976"}],"version-history":[{"count":0,"href":"https:\/\/blogs.deusto.es\/educar\/en\/wp-json\/wp\/v2\/pages\/976\/revisions"}],"up":[{"embeddable":true,"href":"https:\/\/blogs.deusto.es\/educar\/en\/wp-json\/wp\/v2\/pages\/973"}],"wp:attachment":[{"href":"https:\/\/blogs.deusto.es\/educar\/en\/wp-json\/wp\/v2\/media?parent=976"}],"curies":[{"name":"wp","href":"https:\/\/api.w.org\/{rel}","templated":true}]}}