{"id":763,"date":"2019-09-11T12:05:36","date_gmt":"2019-09-11T10:05:36","guid":{"rendered":"https:\/\/preblogs.deusto.es\/educar\/?page_id=763"},"modified":"2022-03-03T08:23:26","modified_gmt":"2022-03-03T07:23:26","slug":"tertulia","status":"publish","type":"page","link":"https:\/\/blogs.deusto.es\/educar\/eu\/seminarios-y-eventos\/tertulia\/","title":{"rendered":"Tertulia Dial\u00f3gica Universitaria"},"content":{"rendered":"\t\t<div data-elementor-type=\"wp-page\" data-elementor-id=\"763\" class=\"elementor elementor-763\" data-elementor-post-type=\"page\">\n\t\t\t\t\t\t<section class=\"elementor-section elementor-top-section elementor-element elementor-element-7547925 elementor-section-boxed elementor-section-height-default elementor-section-height-default\" data-id=\"7547925\" data-element_type=\"section\">\n\t\t\t\t\t\t<div class=\"elementor-container elementor-column-gap-default\">\n\t\t\t\t\t<div class=\"elementor-column elementor-col-50 elementor-top-column elementor-element elementor-element-80d9323\" data-id=\"80d9323\" data-element_type=\"column\">\n\t\t\t<div class=\"elementor-widget-wrap elementor-element-populated\">\n\t\t\t\t\t\t<div class=\"elementor-element elementor-element-2956ca8 elementor-widget elementor-widget-text-editor\" data-id=\"2956ca8\" data-element_type=\"widget\" data-widget_type=\"text-editor.default\">\n\t\t\t\t<div class=\"elementor-widget-container\">\n\t\t\t\t\t\t\t\t\t<p>La<strong>\u00a0Tertulia Dial\u00f3gica Universitaria \u201cCon el libro en la mano<\/strong>\u201d es un seminario interdisciplinar donde compartimos y dialogamos sobre obras de m\u00e1ximo nivel cient\u00edfico de diferentes campos del conocimiento. Debatiendo la lectura desde m\u00faltiples perspectivas, la tertulia dial\u00f3gica ofrece diversidad de interpretaciones sobre la base del di\u00e1logo igualitario. Leeremos los cap\u00edtulos previamente acordados en cada encuentro y traeremos ideas para compartir en la tertulia.<\/p>\t\t\t\t\t\t\t\t<\/div>\n\t\t\t\t<\/div>\n\t\t\t\t\t<\/div>\n\t\t<\/div>\n\t\t\t\t<div class=\"elementor-column elementor-col-50 elementor-top-column elementor-element elementor-element-ea2aa2d\" data-id=\"ea2aa2d\" data-element_type=\"column\">\n\t\t\t<div class=\"elementor-widget-wrap elementor-element-populated\">\n\t\t\t\t\t\t\t<\/div>\n\t\t<\/div>\n\t\t\t\t\t<\/div>\n\t\t<\/section>\n\t\t\t\t<section class=\"elementor-section elementor-top-section elementor-element elementor-element-9c9eec6 elementor-section-boxed elementor-section-height-default elementor-section-height-default\" data-id=\"9c9eec6\" data-element_type=\"section\">\n\t\t\t\t\t\t<div class=\"elementor-container elementor-column-gap-default\">\n\t\t\t\t\t<div class=\"elementor-column elementor-col-50 elementor-top-column elementor-element elementor-element-a7952ca\" data-id=\"a7952ca\" data-element_type=\"column\">\n\t\t\t<div class=\"elementor-widget-wrap elementor-element-populated\">\n\t\t\t\t\t\t<div class=\"elementor-element elementor-element-40adb8e elementor-widget elementor-widget-text-editor\" data-id=\"40adb8e\" data-element_type=\"widget\" data-widget_type=\"text-editor.default\">\n\t\t\t\t<div class=\"elementor-widget-container\">\n\t\t\t\t\t\t\t\t\t<p>\u00a0<\/p><p>La Tertulia Dial\u00f3gica Universitaria se realiza el <strong>tercer\u00a0<\/strong><strong>jueves de cada mes,\u00a0<\/strong>de\u00a0<strong>13:00h a 14:00<\/strong>h en modalidad h\u00edbrida (presencial en el campus de Bilbao y a trav\u00e9s de Google Meet).<\/p><p>La siguiente tertulia ser\u00e1\u00a0<strong>el jueves 17 de marzo<\/strong>, donde debatiremos<strong>\u00a0la parte 2 y 3 del libro &#8220;El hombre en busca del sentido&#8221; del psic\u00f3logo Victor E. Frankl.\u00a0\u00a0<\/strong><\/p>\t\t\t\t\t\t\t\t<\/div>\n\t\t\t\t<\/div>\n\t\t\t\t\t<\/div>\n\t\t<\/div>\n\t\t\t\t<div class=\"elementor-column elementor-col-50 elementor-top-column elementor-element elementor-element-418848f\" data-id=\"418848f\" data-element_type=\"column\">\n\t\t\t<div class=\"elementor-widget-wrap elementor-element-populated\">\n\t\t\t\t\t\t<div class=\"elementor-element elementor-element-8c85de4 elementor-widget elementor-widget-image\" data-id=\"8c85de4\" data-element_type=\"widget\" data-widget_type=\"image.default\">\n\t\t\t\t<div class=\"elementor-widget-container\">\n\t\t\t\t\t\t\t\t\t\t\t\t\t\t\t<img fetchpriority=\"high\" decoding=\"async\" width=\"825\" height=\"825\" src=\"https:\/\/blogs.deusto.es\/wp-content\/uploads\/sites\/51\/2022\/02\/Tertulia-Universitaria-VIKTOR-FRANKL-1024x1024.png\" class=\"attachment-large size-large wp-image-1728\" alt=\"\" srcset=\"https:\/\/blogs.deusto.es\/wp-content\/uploads\/sites\/51\/2022\/02\/Tertulia-Universitaria-VIKTOR-FRANKL-1024x1024.png 1024w, https:\/\/blogs.deusto.es\/wp-content\/uploads\/sites\/51\/2022\/02\/Tertulia-Universitaria-VIKTOR-FRANKL-300x300.png 300w, https:\/\/blogs.deusto.es\/wp-content\/uploads\/sites\/51\/2022\/02\/Tertulia-Universitaria-VIKTOR-FRANKL-150x150.png 150w, https:\/\/blogs.deusto.es\/wp-content\/uploads\/sites\/51\/2022\/02\/Tertulia-Universitaria-VIKTOR-FRANKL-768x768.png 768w, https:\/\/blogs.deusto.es\/wp-content\/uploads\/sites\/51\/2022\/02\/Tertulia-Universitaria-VIKTOR-FRANKL.png 1080w\" sizes=\"(max-width: 825px) 100vw, 825px\" \/>\t\t\t\t\t\t\t\t\t\t\t\t\t\t\t<\/div>\n\t\t\t\t<\/div>\n\t\t\t\t\t<\/div>\n\t\t<\/div>\n\t\t\t\t\t<\/div>\n\t\t<\/section>\n\t\t\t\t<section class=\"elementor-section elementor-top-section elementor-element elementor-element-7fde5ba6 elementor-section-boxed elementor-section-height-default elementor-section-height-default\" data-id=\"7fde5ba6\" data-element_type=\"section\">\n\t\t\t\t\t\t<div class=\"elementor-container elementor-column-gap-default\">\n\t\t\t\t\t<div class=\"elementor-column elementor-col-100 elementor-top-column elementor-element elementor-element-65ba59db\" data-id=\"65ba59db\" data-element_type=\"column\">\n\t\t\t<div class=\"elementor-widget-wrap elementor-element-populated\">\n\t\t\t\t\t\t<div class=\"elementor-element elementor-element-3bdf9d9a elementor-widget elementor-widget-text-editor\" data-id=\"3bdf9d9a\" data-element_type=\"widget\" data-widget_type=\"text-editor.default\">\n\t\t\t\t<div class=\"elementor-widget-container\">\n\t\t\t\t\t\t\t\t\t<p><\/p>\n<p><a href=\"https:\/\/calendar.google.com\/calendar\/embed?src=deusto.es_ibiu795pcgtt54gc54n45b3eq4%40group.calendar.google.com&amp;ctz=Europe%2FMadrid\" target=\"_blank\" rel=\"noopener noreferrer\"><img decoding=\"async\" class=\"wp-image-799\" src=\"https:\/\/blogs.deusto.es\/educar\/wp-content\/uploads\/sites\/51\/2019\/09\/download-150x150.jpg\" alt=\"A\u00f1adir\" width=\"41\" height=\"41\" srcset=\"https:\/\/blogs.deusto.es\/wp-content\/uploads\/sites\/51\/2019\/09\/download-150x150.jpg 150w, https:\/\/blogs.deusto.es\/wp-content\/uploads\/sites\/51\/2019\/09\/download.jpg 225w\" sizes=\"(max-width: 41px) 100vw, 41px\" \/> <\/a><\/p>\n<p>A\u00f1adir<\/p>\n<p>Puedes apuntarte a la tertulia\u00a0<a href=\"https:\/\/forms.gle\/ZPe8a9cK6mu5kEMs8\">clicando aqu\u00ed<\/a><\/p>\n<div class=\"wp-block-image\">\u00a0<\/div>\n<p><\/p>\n<p><\/p>\n<p><\/p>\n<p><\/p>\n<div class=\"wp-block-image\">\n<figure class=\"aligncenter\"><img decoding=\"async\" width=\"848\" height=\"342\" class=\"wp-image-603\" src=\"https:\/\/blogs.deusto.es\/educar\/wp-content\/uploads\/sites\/51\/2018\/02\/TLU.png\" alt=\"TLU\" srcset=\"https:\/\/blogs.deusto.es\/wp-content\/uploads\/sites\/51\/2018\/02\/TLU.png 848w, https:\/\/blogs.deusto.es\/wp-content\/uploads\/sites\/51\/2018\/02\/TLU-300x121.png 300w, https:\/\/blogs.deusto.es\/wp-content\/uploads\/sites\/51\/2018\/02\/TLU-768x310.png 768w\" sizes=\"(max-width: 848px) 100vw, 848px\" \/><\/figure>\n<\/div>\n<p><\/p>\t\t\t\t\t\t\t\t<\/div>\n\t\t\t\t<\/div>\n\t\t\t\t\t<\/div>\n\t\t<\/div>\n\t\t\t\t\t<\/div>\n\t\t<\/section>\n\t\t\t\t<section class=\"elementor-section elementor-top-section elementor-element elementor-element-7236233 elementor-section-boxed elementor-section-height-default elementor-section-height-default\" data-id=\"7236233\" data-element_type=\"section\">\n\t\t\t\t\t\t<div class=\"elementor-container elementor-column-gap-default\">\n\t\t\t\t\t<div class=\"elementor-column elementor-col-100 elementor-top-column elementor-element elementor-element-aee6235\" data-id=\"aee6235\" data-element_type=\"column\">\n\t\t\t<div class=\"elementor-widget-wrap elementor-element-populated\">\n\t\t\t\t\t\t<div class=\"elementor-element elementor-element-c008463 elementor-widget elementor-widget-image\" data-id=\"c008463\" data-element_type=\"widget\" data-widget_type=\"image.default\">\n\t\t\t\t<div class=\"elementor-widget-container\">\n\t\t\t\t\t\t\t\t\t\t\t\t\t\t\t<img loading=\"lazy\" decoding=\"async\" width=\"825\" height=\"619\" src=\"https:\/\/blogs.deusto.es\/wp-content\/uploads\/sites\/51\/2021\/04\/WhatsApp-Image-2021-04-08-at-12.03.53-1.jpeg\" class=\"attachment-large size-large wp-image-1604\" alt=\"\" srcset=\"https:\/\/blogs.deusto.es\/wp-content\/uploads\/sites\/51\/2021\/04\/WhatsApp-Image-2021-04-08-at-12.03.53-1.jpeg 1024w, https:\/\/blogs.deusto.es\/wp-content\/uploads\/sites\/51\/2021\/04\/WhatsApp-Image-2021-04-08-at-12.03.53-1-300x225.jpeg 300w, https:\/\/blogs.deusto.es\/wp-content\/uploads\/sites\/51\/2021\/04\/WhatsApp-Image-2021-04-08-at-12.03.53-1-768x576.jpeg 768w\" sizes=\"(max-width: 825px) 100vw, 825px\" \/>\t\t\t\t\t\t\t\t\t\t\t\t\t\t\t<\/div>\n\t\t\t\t<\/div>\n\t\t\t\t\t<\/div>\n\t\t<\/div>\n\t\t\t\t\t<\/div>\n\t\t<\/section>\n\t\t\t\t<\/div>\n\t\t","protected":false},"excerpt":{"rendered":"<p>La\u00a0Tertulia Dial\u00f3gica Universitaria \u201cCon el libro en la mano\u201d es un seminario interdisciplinar donde compartimos y dialogamos sobre obras de m\u00e1ximo nivel cient\u00edfico de diferentes campos del conocimiento. Debatiendo la lectura desde m\u00faltiples perspectivas, la tertulia dial\u00f3gica ofrece diversidad de interpretaciones sobre la base del di\u00e1logo igualitario. Leeremos los cap\u00edtulos previamente acordados en cada encuentro &#8230; <a title=\"Tertulia Dial\u00f3gica Universitaria\" class=\"read-more\" href=\"https:\/\/blogs.deusto.es\/educar\/eu\/seminarios-y-eventos\/tertulia\/\" aria-label=\"Read more about Tertulia Dial\u00f3gica Universitaria\">Read more<\/a><\/p>\n","protected":false},"author":486,"featured_media":0,"parent":562,"menu_order":1,"comment_status":"closed","ping_status":"closed","template":"","meta":{"footnotes":""},"class_list":["post-763","page","type-page","status-publish"],"_links":{"self":[{"href":"https:\/\/blogs.deusto.es\/educar\/eu\/wp-json\/wp\/v2\/pages\/763","targetHints":{"allow":["GET"]}}],"collection":[{"href":"https:\/\/blogs.deusto.es\/educar\/eu\/wp-json\/wp\/v2\/pages"}],"about":[{"href":"https:\/\/blogs.deusto.es\/educar\/eu\/wp-json\/wp\/v2\/types\/page"}],"author":[{"embeddable":true,"href":"https:\/\/blogs.deusto.es\/educar\/eu\/wp-json\/wp\/v2\/users\/486"}],"replies":[{"embeddable":true,"href":"https:\/\/blogs.deusto.es\/educar\/eu\/wp-json\/wp\/v2\/comments?post=763"}],"version-history":[{"count":70,"href":"https:\/\/blogs.deusto.es\/educar\/eu\/wp-json\/wp\/v2\/pages\/763\/revisions"}],"predecessor-version":[{"id":1736,"href":"https:\/\/blogs.deusto.es\/educar\/eu\/wp-json\/wp\/v2\/pages\/763\/revisions\/1736"}],"up":[{"embeddable":true,"href":"https:\/\/blogs.deusto.es\/educar\/eu\/wp-json\/wp\/v2\/pages\/562"}],"wp:attachment":[{"href":"https:\/\/blogs.deusto.es\/educar\/eu\/wp-json\/wp\/v2\/media?parent=763"}],"curies":[{"name":"wp","href":"https:\/\/api.w.org\/{rel}","templated":true}]}}