{"id":975,"date":"2016-06-27T12:03:45","date_gmt":"2016-06-27T10:03:45","guid":{"rendered":"https:\/\/preblogs.deusto.es\/educar\/masterrak\/"},"modified":"2016-06-27T12:03:45","modified_gmt":"2016-06-27T10:03:45","slug":"masterrak","status":"publish","type":"page","link":"https:\/\/blogs.deusto.es\/educar\/eu\/prestakuntza\/masterrak\/","title":{"rendered":"Masterrak"},"content":{"rendered":"<h4 style=\"text-align: justify;\"><strong>Derrigorrezko Bigarren Hezkuntzako eta Batxilergoko, Lanbide Heziketako eta Hizkuntzen Irakaskuntzako Irakasleen Prestakuntza Unibertsitate Masterra.<\/strong><\/h4>\n<p style=\"text-align: justify;\">Zuzendaria: Zoe Mart\u00ednez de la Hidalga.<\/p>\n<p style=\"text-align: justify;\">Master honek Bigarren Hezkuntzako irakasle izateko beharrezkoak diren gaitasunetan trebatzea du helburu. Gure gizarteak behar espezifikoak aurkezten dituenez, egungo hezkuntzako profesionalek ezinbestekoak diren hainbat arloetako trebeziak garatu behar dituzte. Horien artean, aniztasuna, komunikazio eraginkorra, bizikidetasuna, kultura aniztasuna, teknologia berriak, gatazka kudeaketa, gizarte abileziak, hezkuntza emozionala, tutoretza eta orientazioa dira.<\/p>\n<p style=\"text-align: justify;\">Hori horrela izanik, Derrigorrezko Bigarren Hezkuntzan beharrezkoak diren gaitasunak garatze aldera dago prestatuta Master hau.<\/p>\n<p style=\"text-align: justify;\">2017-2018 ikasturtea\u00a0<a href=\"http:\/\/www.deusto.es\/cs\/Satellite\/deusto\/es\/masteres\/estudios-masteres\/formacion-del-profesorado-de-educacion-secundaria-obligatoria-bachillerato-formacion-profesional-y-ensenanza-de-idiomas\/programa?idPest=1340019323469\">Bilboko campusean<\/a>\u00a0egiten den bederatzigarrena edizioa izango da, eta\u00a0<a href=\"http:\/\/www.deusto.es\/cs\/Satellite\/deusto\/es\/masteres\/estudios-masteres\/formacion-del-profesorado-de-educacion-secundaria-obligatoria-bachillerato-formacion-profesional-y-ensenanza-de-idiomas-0\/programa\">Donostiako campuseko\u00a0<\/a>zazpigarrena. Halaber,\u00a0<a href=\"http:\/\/www.deusto.es\/cs\/Satellite\/deusto\/es\/masteres\/estudios-masteres\/formacion-del-profesorado-de-educacion-secundaria-obligatoria-bachillerato-formacion-profesional-y-ensenanza-de-idiomas-1\/programa\">Hezkuntza Orientazio-ko\u00a0<\/a>espezialitatea 2013-2014 ikasturtetik irakasten da, aurtengoa bosgarren promozioa izango da.<\/p>\n<p style=\"text-align: justify;\">Jatorri eta ibilbide akademiko zein profesional ezberdineko 400 ikaslek baino gehiagok hartu du parte master honetan, horien ekarpenekin masterra garatu eta hobetu da.<\/p>\n<hr \/>\n<h4 style=\"text-align: justify;\"><strong>Hezkuntza Zentroen Zuzendaritza eta Kudeaketa Unibertsitate Masterra<\/strong><\/h4>\n<p style=\"text-align: justify;\">Joaquin Gair\u00edn Sall\u00e1n eta Manuel \u00c1lvarez Fernandez.<\/p>\n<p style=\"text-align: justify;\">Koordinatzailea: Visitaci\u00f3n Pereda Herrero.<\/p>\n<p style=\"text-align: justify;\">Eskola antolakuntza gero eta konplexuagoa da etengabeko hezkuntza-erreformak direla eta. Egoera berri honek eskolako zuzendarien eginbeharra zabaltzen du, aspaldiko eginbehar administratiboak eta baliabideen kudeaketaz gain. Zerrenda honetara gehitu diren arduren artean, errepresentazio funtzioak, planifikazioa, koordinazioa, ebaluazio prozesuak, berrikuntzaren sustapena, eta komunitatea eskolako bizitzan integratzea daude. Zuzendaritza lan arrakastatsua aurrera eramateko beharrezkoa den formakuntza eskaintzen du Master online honek.<\/p>\n<p style=\"text-align: justify;\">Master hau Deustuko Unibertsitatearen eta\u00a0<a href=\"http:\/\/www.uab.es\/\">Bartzelonako Unibertsitate Autonomoaren<\/a>\u00a0esperientzia zabalean oinarrituta, elkarlanean eskaintzen duten formazioa da. Irakasleen artean nazioarteko mailan adituak diren irakasleak daude formakuntza honetan.<\/p>\n","protected":false},"excerpt":{"rendered":"<p>Derrigorrezko Bigarren Hezkuntzako eta Batxilergoko, Lanbide Heziketako eta Hizkuntzen Irakaskuntzako Irakasleen Prestakuntza Unibertsitate Masterra. Zuzendaria: Zoe Mart\u00ednez de la Hidalga. Master honek Bigarren Hezkuntzako irakasle izateko beharrezkoak diren gaitasunetan trebatzea du helburu. Gure gizarteak behar espezifikoak aurkezten dituenez, egungo hezkuntzako profesionalek ezinbestekoak diren hainbat arloetako trebeziak garatu behar dituzte. Horien artean, aniztasuna, komunikazio eraginkorra, bizikidetasuna, &#8230; <a title=\"Masterrak\" class=\"read-more\" href=\"https:\/\/blogs.deusto.es\/educar\/eu\/prestakuntza\/masterrak\/\" aria-label=\"Read more about Masterrak\">Read more<\/a><\/p>\n","protected":false},"author":486,"featured_media":0,"parent":972,"menu_order":1,"comment_status":"closed","ping_status":"closed","template":"","meta":{"footnotes":""},"class_list":["post-975","page","type-page","status-publish"],"_links":{"self":[{"href":"https:\/\/blogs.deusto.es\/educar\/eu\/wp-json\/wp\/v2\/pages\/975","targetHints":{"allow":["GET"]}}],"collection":[{"href":"https:\/\/blogs.deusto.es\/educar\/eu\/wp-json\/wp\/v2\/pages"}],"about":[{"href":"https:\/\/blogs.deusto.es\/educar\/eu\/wp-json\/wp\/v2\/types\/page"}],"author":[{"embeddable":true,"href":"https:\/\/blogs.deusto.es\/educar\/eu\/wp-json\/wp\/v2\/users\/486"}],"replies":[{"embeddable":true,"href":"https:\/\/blogs.deusto.es\/educar\/eu\/wp-json\/wp\/v2\/comments?post=975"}],"version-history":[{"count":0,"href":"https:\/\/blogs.deusto.es\/educar\/eu\/wp-json\/wp\/v2\/pages\/975\/revisions"}],"up":[{"embeddable":true,"href":"https:\/\/blogs.deusto.es\/educar\/eu\/wp-json\/wp\/v2\/pages\/972"}],"wp:attachment":[{"href":"https:\/\/blogs.deusto.es\/educar\/eu\/wp-json\/wp\/v2\/media?parent=975"}],"curies":[{"name":"wp","href":"https:\/\/api.w.org\/{rel}","templated":true}]}}