{"id":1236,"date":"2020-01-10T16:37:09","date_gmt":"2020-01-10T15:37:09","guid":{"rendered":"https:\/\/preblogs.deusto.es\/ethics\/?page_id=1236"},"modified":"2020-02-17T16:10:18","modified_gmt":"2020-02-17T15:10:18","slug":"sobre-este-blog","status":"publish","type":"page","link":"https:\/\/blogs.deusto.es\/ethics\/sobre-este-blog\/","title":{"rendered":"Sobre este blog"},"content":{"rendered":"\t\t<div data-elementor-type=\"wp-page\" data-elementor-id=\"1236\" class=\"elementor elementor-1236\" data-elementor-post-type=\"page\">\n\t\t\t\t\t\t<section class=\"elementor-section elementor-top-section elementor-element elementor-element-7b02379e elementor-section-full_width mx-width elementor-section-height-default elementor-section-height-default\" data-id=\"7b02379e\" data-element_type=\"section\" data-e-type=\"section\">\n\t\t\t\t\t\t<div class=\"elementor-container elementor-column-gap-wider\">\n\t\t\t\t\t<div class=\"elementor-column elementor-col-50 elementor-top-column elementor-element elementor-element-68e55fa7\" data-id=\"68e55fa7\" data-element_type=\"column\" data-e-type=\"column\">\n\t\t\t<div class=\"elementor-widget-wrap elementor-element-populated\">\n\t\t\t\t\t\t<div class=\"elementor-element elementor-element-20835581 elementor-widget elementor-widget-image\" data-id=\"20835581\" data-element_type=\"widget\" data-e-type=\"widget\" data-widget_type=\"image.default\">\n\t\t\t\t<div class=\"elementor-widget-container\">\n\t\t\t\t\t\t\t\t\t\t\t\t\t\t\t<img fetchpriority=\"high\" decoding=\"async\" width=\"1050\" height=\"375\" src=\"https:\/\/blogs.deusto.es\/wp-content\/uploads\/sites\/44\/2020\/01\/equipo-etica-aplicada-deusto.jpg\" class=\"attachment-full size-full wp-image-1268\" alt=\"\" srcset=\"https:\/\/blogs.deusto.es\/wp-content\/uploads\/sites\/44\/2020\/01\/equipo-etica-aplicada-deusto.jpg 1050w, https:\/\/blogs.deusto.es\/wp-content\/uploads\/sites\/44\/2020\/01\/equipo-etica-aplicada-deusto-300x107.jpg 300w, https:\/\/blogs.deusto.es\/wp-content\/uploads\/sites\/44\/2020\/01\/equipo-etica-aplicada-deusto-768x274.jpg 768w, https:\/\/blogs.deusto.es\/wp-content\/uploads\/sites\/44\/2020\/01\/equipo-etica-aplicada-deusto-1024x366.jpg 1024w\" sizes=\"(max-width: 1050px) 100vw, 1050px\" \/>\t\t\t\t\t\t\t\t\t\t\t\t\t\t\t<\/div>\n\t\t\t\t<\/div>\n\t\t\t\t\t<\/div>\n\t\t<\/div>\n\t\t\t\t<div class=\"elementor-column elementor-col-50 elementor-top-column elementor-element elementor-element-5f182c65\" data-id=\"5f182c65\" data-element_type=\"column\" data-e-type=\"column\">\n\t\t\t<div class=\"elementor-widget-wrap\">\n\t\t\t\t\t\t\t<\/div>\n\t\t<\/div>\n\t\t\t\t\t<\/div>\n\t\t<\/section>\n\t\t\t\t<section class=\"elementor-section elementor-top-section elementor-element elementor-element-aac3682 elementor-section-full_width mx-width elementor-section-height-default elementor-section-height-default\" data-id=\"aac3682\" data-element_type=\"section\" data-e-type=\"section\">\n\t\t\t\t\t\t<div class=\"elementor-container elementor-column-gap-default\">\n\t\t\t\t\t<div class=\"elementor-column elementor-col-50 elementor-top-column elementor-element elementor-element-7b08d98b\" data-id=\"7b08d98b\" data-element_type=\"column\" data-e-type=\"column\">\n\t\t\t<div class=\"elementor-widget-wrap elementor-element-populated\">\n\t\t\t\t\t\t<div class=\"elementor-element elementor-element-74254eec elementor-widget elementor-widget-text-editor\" data-id=\"74254eec\" data-element_type=\"widget\" data-e-type=\"widget\" data-widget_type=\"text-editor.default\">\n\t\t\t\t<div class=\"elementor-widget-container\">\n\t\t\t\t\t\t\t\t\t<p>El Centro de \u00c9tica Aplicada (CEA) de la Universidad de Deusto pretende con este blog contribuir al an\u00e1lisis y&nbsp; fomento de pr\u00e1cticas relacionadas con la justicia social, la convivencia pac\u00edfica, la dignidad de las personas y su derecho a participar plenamente en la vida social, pol\u00edtica y econ\u00f3mica.<\/p>\n<p>Estamos convencidos de que la transferencia de conocimiento, el debate p\u00fablico de los resultados de la investigaci\u00f3n que se realiza, as\u00ed como la libre difusi\u00f3n y discusi\u00f3n de opiniones sobre cuestiones de \u00e9tica p\u00fablica son necesarios para llevar adelante nuestra misi\u00f3n.<\/p>\n<p>El blog contiene dos tipos de contenidos diferentes:<\/p>\n<ul>\n<li>La secci\u00f3n de <b>\u00abActualidad\u00bb<\/b> recoge informaci\u00f3n sobre el Centro de \u00c9tica Aplicada. Su prop\u00f3sito es dar a conocer los proyectos, publicaciones y actividades del CEA.<\/li>\n<li>La secci\u00f3n <b>\u00abOpini\u00f3n\u00bb<\/b> recoge art\u00edculos de los investigadores del Centro de \u00c9tica Aplicada y de firmas invitadas. Salvo cuando expresamente as\u00ed se indique, el Centro de \u00c9tica Aplicada no es responsable de las opiniones de&nbsp;sus investigadores.<\/li>\n<\/ul>\n<p>En&nbsp;<b style=\"background-color: transparent;letter-spacing: 0.2px\">&#8216;\u00c9tica por temas&#8217;<\/b><span style=\"background-color: transparent;letter-spacing: 0.2px\"> puedes acceder a la informaci\u00f3n organizada seg\u00fan los campos de especializaci\u00f3n del centro.&nbsp;<\/span><\/p>\n<p>Para m\u00e1s informaci\u00f3n sobre el CEA, su misi\u00f3n, sus proyectos de investigaci\u00f3n o su actividad docente, visita la web del centro.<\/p>\t\t\t\t\t\t\t\t<\/div>\n\t\t\t\t<\/div>\n\t\t\t\t\t<\/div>\n\t\t<\/div>\n\t\t\t\t<div class=\"elementor-column elementor-col-50 elementor-top-column elementor-element elementor-element-7f72bbd6\" data-id=\"7f72bbd6\" data-element_type=\"column\" data-e-type=\"column\">\n\t\t\t<div class=\"elementor-widget-wrap elementor-element-populated\">\n\t\t\t\t\t\t<div class=\"elementor-element elementor-element-1bf7df3b elementor-widget-divider--view-line elementor-widget elementor-widget-divider\" data-id=\"1bf7df3b\" data-element_type=\"widget\" data-e-type=\"widget\" data-widget_type=\"divider.default\">\n\t\t\t\t<div class=\"elementor-widget-container\">\n\t\t\t\t\t\t\t<div class=\"elementor-divider\">\n\t\t\t<span class=\"elementor-divider-separator\">\n\t\t\t\t\t\t<\/span>\n\t\t<\/div>\n\t\t\t\t\t\t<\/div>\n\t\t\t\t<\/div>\n\t\t\t\t<div class=\"elementor-element elementor-element-5b15d41d elementor-widget elementor-widget-heading\" data-id=\"5b15d41d\" data-element_type=\"widget\" data-e-type=\"widget\" data-widget_type=\"heading.default\">\n\t\t\t\t<div class=\"elementor-widget-container\">\n\t\t\t\t\t<h4 class=\"elementor-heading-title elementor-size-default\">Contacto<\/h4>\t\t\t\t<\/div>\n\t\t\t\t<\/div>\n\t\t\t\t<div class=\"elementor-element elementor-element-351ceb6d elementor-widget elementor-widget-text-editor\" data-id=\"351ceb6d\" data-element_type=\"widget\" data-e-type=\"widget\" data-widget_type=\"text-editor.default\">\n\t\t\t\t<div class=\"elementor-widget-container\">\n\t\t\t\t\t\t\t\t\t<p>Avda. de las Universidades <br>2448007 &#8211; Bilbao<br>944 139 225<br><a href=\"mailto:etica@deusto.es\">etica@deusto.es<\/a><\/p><p><a href=\"https:\/\/socialesyhumanas.deusto.es\/cs\/Satellite\/socialesyhumanas\/es\/centro-etica-aplicada\" target=\"_blank\" rel=\"noopener\">www.deusto.etica.es<\/a><br><\/p>\t\t\t\t\t\t\t\t<\/div>\n\t\t\t\t<\/div>\n\t\t\t\t\t<\/div>\n\t\t<\/div>\n\t\t\t\t\t<\/div>\n\t\t<\/section>\n\t\t\t\t<\/div>\n\t\t","protected":false},"excerpt":{"rendered":"<p>El Centro de \u00c9tica Aplicada (CEA) de la Universidad de Deusto pretende con este blog contribuir al an\u00e1lisis y&nbsp; fomento de pr\u00e1cticas relacionadas con la justicia social, la convivencia pac\u00edfica, la dignidad de las personas y su derecho a participar plenamente en la vida social, pol\u00edtica y econ\u00f3mica. Estamos convencidos de que la transferencia de [&hellip;]<\/p>\n","protected":false},"author":1,"featured_media":0,"parent":0,"menu_order":0,"comment_status":"closed","ping_status":"closed","template":"","meta":{"footnotes":""},"coauthors":[],"class_list":["post-1236","page","type-page","status-publish","hentry"],"yoast_head":"<!-- This site is optimized with the Yoast SEO plugin v27.4 - https:\/\/yoast.com\/product\/yoast-seo-wordpress\/ -->\n<title>Presentaci\u00f3n<\/title>\n<meta name=\"description\" content=\"El Centro de \u00c9tica Aplicada pretende con este blog contribuir al an\u00e1lisis y fomento de pr\u00e1cticas relacionadas con la justicia social, la convivencia pac\u00edfica y la dignidad de las personas,\" \/>\n<meta name=\"robots\" content=\"index, follow, max-snippet:-1, max-image-preview:large, max-video-preview:-1\" \/>\n<link rel=\"canonical\" href=\"https:\/\/blogs.deusto.es\/ethics\/sobre-este-blog\/\" \/>\n<meta property=\"og:locale\" content=\"es_ES\" \/>\n<meta property=\"og:type\" content=\"article\" \/>\n<meta property=\"og:title\" content=\"Presentaci\u00f3n\" \/>\n<meta property=\"og:description\" content=\"El Centro de \u00c9tica Aplicada pretende con este blog contribuir al an\u00e1lisis y fomento de pr\u00e1cticas relacionadas con la justicia social, la convivencia pac\u00edfica y la dignidad de las personas,\" \/>\n<meta property=\"og:url\" content=\"https:\/\/blogs.deusto.es\/ethics\/sobre-este-blog\/\" \/>\n<meta property=\"og:site_name\" content=\"Centro de \u00c9tica Aplicada\" \/>\n<meta property=\"article:modified_time\" content=\"2020-02-17T15:10:18+00:00\" \/>\n<meta property=\"og:image\" content=\"https:\/\/blogs.deusto.es\/ethics\/wp-content\/uploads\/sites\/44\/2020\/01\/equipo-etica-aplicada-deusto.jpg\" \/>\n<meta name=\"twitter:card\" content=\"summary_large_image\" \/>\n<meta name=\"twitter:label1\" content=\"Tiempo de lectura\" \/>\n\t<meta name=\"twitter:data1\" content=\"1 minuto\" \/>\n\t<meta name=\"twitter:label2\" content=\"Written by\" \/>\n\t<meta name=\"twitter:data2\" content=\"CEA\" \/>\n<script type=\"application\/ld+json\" class=\"yoast-schema-graph\">{\"@context\":\"https:\\\/\\\/schema.org\",\"@graph\":[{\"@type\":\"WebPage\",\"@id\":\"https:\\\/\\\/blogs.deusto.es\\\/ethics\\\/sobre-este-blog\\\/\",\"url\":\"https:\\\/\\\/blogs.deusto.es\\\/ethics\\\/sobre-este-blog\\\/\",\"name\":\"Presentaci\u00f3n\",\"isPartOf\":{\"@id\":\"https:\\\/\\\/blogs.deusto.es\\\/ethics\\\/#website\"},\"primaryImageOfPage\":{\"@id\":\"https:\\\/\\\/blogs.deusto.es\\\/ethics\\\/sobre-este-blog\\\/#primaryimage\"},\"image\":{\"@id\":\"https:\\\/\\\/blogs.deusto.es\\\/ethics\\\/sobre-este-blog\\\/#primaryimage\"},\"thumbnailUrl\":\"https:\\\/\\\/blogs.deusto.es\\\/ethics\\\/wp-content\\\/uploads\\\/sites\\\/44\\\/2020\\\/01\\\/equipo-etica-aplicada-deusto.jpg\",\"datePublished\":\"2020-01-10T15:37:09+00:00\",\"dateModified\":\"2020-02-17T15:10:18+00:00\",\"description\":\"El Centro de \u00c9tica Aplicada pretende con este blog contribuir al an\u00e1lisis y fomento de pr\u00e1cticas relacionadas con la justicia social, la convivencia pac\u00edfica y la dignidad de las personas,\",\"inLanguage\":\"es\",\"potentialAction\":[{\"@type\":\"ReadAction\",\"target\":[\"https:\\\/\\\/blogs.deusto.es\\\/ethics\\\/sobre-este-blog\\\/\"]}]},{\"@type\":\"ImageObject\",\"inLanguage\":\"es\",\"@id\":\"https:\\\/\\\/blogs.deusto.es\\\/ethics\\\/sobre-este-blog\\\/#primaryimage\",\"url\":\"https:\\\/\\\/blogs.deusto.es\\\/ethics\\\/wp-content\\\/uploads\\\/sites\\\/44\\\/2020\\\/01\\\/equipo-etica-aplicada-deusto.jpg\",\"contentUrl\":\"https:\\\/\\\/blogs.deusto.es\\\/ethics\\\/wp-content\\\/uploads\\\/sites\\\/44\\\/2020\\\/01\\\/equipo-etica-aplicada-deusto.jpg\"},{\"@type\":\"WebSite\",\"@id\":\"https:\\\/\\\/blogs.deusto.es\\\/ethics\\\/#website\",\"url\":\"https:\\\/\\\/blogs.deusto.es\\\/ethics\\\/\",\"name\":\"Centro de \u00c9tica Aplicada\",\"description\":\"Informaci\u00f3n y opini\u00f3n del Centro de \u00c9tica Aplicada de la Universidad de Deusto\",\"publisher\":{\"@id\":\"https:\\\/\\\/blogs.deusto.es\\\/ethics\\\/#organization\"},\"potentialAction\":[{\"@type\":\"SearchAction\",\"target\":{\"@type\":\"EntryPoint\",\"urlTemplate\":\"https:\\\/\\\/blogs.deusto.es\\\/ethics\\\/?s={search_term_string}\"},\"query-input\":{\"@type\":\"PropertyValueSpecification\",\"valueRequired\":true,\"valueName\":\"search_term_string\"}}],\"inLanguage\":\"es\"},{\"@type\":\"Organization\",\"@id\":\"https:\\\/\\\/blogs.deusto.es\\\/ethics\\\/#organization\",\"name\":\"Centro de \u00c9tica Aplicada\",\"url\":\"https:\\\/\\\/blogs.deusto.es\\\/ethics\\\/\",\"logo\":{\"@type\":\"ImageObject\",\"inLanguage\":\"es\",\"@id\":\"https:\\\/\\\/blogs.deusto.es\\\/ethics\\\/#\\\/schema\\\/logo\\\/image\\\/\",\"url\":\"https:\\\/\\\/blogs.deusto.es\\\/wp-content\\\/uploads\\\/sites\\\/44\\\/2020\\\/01\\\/Logo-Deusto-CEA.png\",\"contentUrl\":\"https:\\\/\\\/blogs.deusto.es\\\/wp-content\\\/uploads\\\/sites\\\/44\\\/2020\\\/01\\\/Logo-Deusto-CEA.png\",\"width\":215,\"height\":106,\"caption\":\"Centro de \u00c9tica Aplicada\"},\"image\":{\"@id\":\"https:\\\/\\\/blogs.deusto.es\\\/ethics\\\/#\\\/schema\\\/logo\\\/image\\\/\"}}]}<\/script>\n<!-- \/ Yoast SEO plugin. -->","yoast_head_json":{"title":"Presentaci\u00f3n","description":"El Centro de \u00c9tica Aplicada pretende con este blog contribuir al an\u00e1lisis y fomento de pr\u00e1cticas relacionadas con la justicia social, la convivencia pac\u00edfica y la dignidad de las personas,","robots":{"index":"index","follow":"follow","max-snippet":"max-snippet:-1","max-image-preview":"max-image-preview:large","max-video-preview":"max-video-preview:-1"},"canonical":"https:\/\/blogs.deusto.es\/ethics\/sobre-este-blog\/","og_locale":"es_ES","og_type":"article","og_title":"Presentaci\u00f3n","og_description":"El Centro de \u00c9tica Aplicada pretende con este blog contribuir al an\u00e1lisis y fomento de pr\u00e1cticas relacionadas con la justicia social, la convivencia pac\u00edfica y la dignidad de las personas,","og_url":"https:\/\/blogs.deusto.es\/ethics\/sobre-este-blog\/","og_site_name":"Centro de \u00c9tica Aplicada","article_modified_time":"2020-02-17T15:10:18+00:00","og_image":[{"url":"https:\/\/blogs.deusto.es\/ethics\/wp-content\/uploads\/sites\/44\/2020\/01\/equipo-etica-aplicada-deusto.jpg","type":"","width":"","height":""}],"twitter_card":"summary_large_image","twitter_misc":{"Tiempo de lectura":"1 minuto","Written by":"CEA"},"schema":{"@context":"https:\/\/schema.org","@graph":[{"@type":"WebPage","@id":"https:\/\/blogs.deusto.es\/ethics\/sobre-este-blog\/","url":"https:\/\/blogs.deusto.es\/ethics\/sobre-este-blog\/","name":"Presentaci\u00f3n","isPartOf":{"@id":"https:\/\/blogs.deusto.es\/ethics\/#website"},"primaryImageOfPage":{"@id":"https:\/\/blogs.deusto.es\/ethics\/sobre-este-blog\/#primaryimage"},"image":{"@id":"https:\/\/blogs.deusto.es\/ethics\/sobre-este-blog\/#primaryimage"},"thumbnailUrl":"https:\/\/blogs.deusto.es\/ethics\/wp-content\/uploads\/sites\/44\/2020\/01\/equipo-etica-aplicada-deusto.jpg","datePublished":"2020-01-10T15:37:09+00:00","dateModified":"2020-02-17T15:10:18+00:00","description":"El Centro de \u00c9tica Aplicada pretende con este blog contribuir al an\u00e1lisis y fomento de pr\u00e1cticas relacionadas con la justicia social, la convivencia pac\u00edfica y la dignidad de las personas,","inLanguage":"es","potentialAction":[{"@type":"ReadAction","target":["https:\/\/blogs.deusto.es\/ethics\/sobre-este-blog\/"]}]},{"@type":"ImageObject","inLanguage":"es","@id":"https:\/\/blogs.deusto.es\/ethics\/sobre-este-blog\/#primaryimage","url":"https:\/\/blogs.deusto.es\/ethics\/wp-content\/uploads\/sites\/44\/2020\/01\/equipo-etica-aplicada-deusto.jpg","contentUrl":"https:\/\/blogs.deusto.es\/ethics\/wp-content\/uploads\/sites\/44\/2020\/01\/equipo-etica-aplicada-deusto.jpg"},{"@type":"WebSite","@id":"https:\/\/blogs.deusto.es\/ethics\/#website","url":"https:\/\/blogs.deusto.es\/ethics\/","name":"Centro de \u00c9tica Aplicada","description":"Informaci\u00f3n y opini\u00f3n del Centro de \u00c9tica Aplicada de la Universidad de Deusto","publisher":{"@id":"https:\/\/blogs.deusto.es\/ethics\/#organization"},"potentialAction":[{"@type":"SearchAction","target":{"@type":"EntryPoint","urlTemplate":"https:\/\/blogs.deusto.es\/ethics\/?s={search_term_string}"},"query-input":{"@type":"PropertyValueSpecification","valueRequired":true,"valueName":"search_term_string"}}],"inLanguage":"es"},{"@type":"Organization","@id":"https:\/\/blogs.deusto.es\/ethics\/#organization","name":"Centro de \u00c9tica Aplicada","url":"https:\/\/blogs.deusto.es\/ethics\/","logo":{"@type":"ImageObject","inLanguage":"es","@id":"https:\/\/blogs.deusto.es\/ethics\/#\/schema\/logo\/image\/","url":"https:\/\/blogs.deusto.es\/wp-content\/uploads\/sites\/44\/2020\/01\/Logo-Deusto-CEA.png","contentUrl":"https:\/\/blogs.deusto.es\/wp-content\/uploads\/sites\/44\/2020\/01\/Logo-Deusto-CEA.png","width":215,"height":106,"caption":"Centro de \u00c9tica Aplicada"},"image":{"@id":"https:\/\/blogs.deusto.es\/ethics\/#\/schema\/logo\/image\/"}}]}},"_links":{"self":[{"href":"https:\/\/blogs.deusto.es\/ethics\/wp-json\/wp\/v2\/pages\/1236","targetHints":{"allow":["GET"]}}],"collection":[{"href":"https:\/\/blogs.deusto.es\/ethics\/wp-json\/wp\/v2\/pages"}],"about":[{"href":"https:\/\/blogs.deusto.es\/ethics\/wp-json\/wp\/v2\/types\/page"}],"author":[{"embeddable":true,"href":"https:\/\/blogs.deusto.es\/ethics\/wp-json\/wp\/v2\/users\/1"}],"replies":[{"embeddable":true,"href":"https:\/\/blogs.deusto.es\/ethics\/wp-json\/wp\/v2\/comments?post=1236"}],"version-history":[{"count":21,"href":"https:\/\/blogs.deusto.es\/ethics\/wp-json\/wp\/v2\/pages\/1236\/revisions"}],"predecessor-version":[{"id":1834,"href":"https:\/\/blogs.deusto.es\/ethics\/wp-json\/wp\/v2\/pages\/1236\/revisions\/1834"}],"wp:attachment":[{"href":"https:\/\/blogs.deusto.es\/ethics\/wp-json\/wp\/v2\/media?parent=1236"}],"wp:term":[{"taxonomy":"author","embeddable":true,"href":"https:\/\/blogs.deusto.es\/ethics\/wp-json\/wp\/v2\/coauthors?post=1236"}],"curies":[{"name":"wp","href":"https:\/\/api.w.org\/{rel}","templated":true}]}}