{"id":10,"date":"2009-11-19T13:41:13","date_gmt":"2009-11-19T12:41:13","guid":{"rendered":"https:\/\/preblogs.deusto.es\/hermes\/?page_id=10"},"modified":"2011-12-20T12:20:01","modified_gmt":"2011-12-20T10:20:01","slug":"aforistica","status":"publish","type":"page","link":"https:\/\/blogs.deusto.es\/hermes\/aforistica\/","title":{"rendered":"Afor\u00edstica"},"content":{"rendered":"<p style=\"text-align: center;\">de\u00a0<a href=\"http:\/\/es.wikipedia.org\/wiki\/Andr%C3%A9s_Ortiz-Os%C3%A9s\">Andr\u00e9s Ortiz-Os\u00e9s<\/a><\/p>\n<p>Esta secci\u00f3n ofrece rese\u00f1as y otros contenidos selectos del g\u00e9nero afor\u00edstico:<\/p>\n<ul>\n<li><a href=\"https:\/\/blogs.deusto.es\/hermes\/?page_id=17\">Andr\u00e9s Ortiz-Os\u00e9s y los aforismos<\/a> (Ibon Zubiaur)<\/li>\n<li><a href=\"https:\/\/blogs.deusto.es\/hermes\/aforistica\/cien-aforismos-ludico-lucidos\/\">Cien aforismos l\u00fadico &#8211; l\u00facidos<\/a><\/li>\n<li><a href=\"https:\/\/blogs.deusto.es\/hermes\/aforistica\/el-duelo-de-existir\/\">El duelo de existir<\/a><\/li>\n<\/ul>\n<p>Entendemos la afor\u00edstica como aforo ling\u00fc\u00edstico, es decir, como un modo de cobijar simb\u00f3licamente en la escritura la realidad vivida y convivida, especialmente las realidades que no suelen encontrar atenci\u00f3n espec\u00edfica: lo cotidiano y el mundo de la vida, los afectos y sentimientos, el anhelo y los deseos, la rememoraci\u00f3n y los proyectos, los asuntos personales e interpersonales, las cosas de nuestro entorno humano, incluyendo lo excluido como insignificante.<\/p>\n<p>Ver ta<\/p>\n<p>&nbsp;<\/p>\n","protected":false},"excerpt":{"rendered":"<p>de\u00a0Andr\u00e9s Ortiz-Os\u00e9s Esta secci\u00f3n ofrece rese\u00f1as y otros contenidos selectos del g\u00e9nero afor\u00edstico: Andr\u00e9s Ortiz-Os\u00e9s y los aforismos (Ibon Zubiaur) Cien aforismos l\u00fadico &#8211; l\u00facidos El duelo de existir Entendemos la afor\u00edstica como aforo ling\u00fc\u00edstico, es decir, como un modo de cobijar simb\u00f3licamente en la escritura la realidad vivida y convivida, especialmente las realidades que [&hellip;]<\/p>\n","protected":false},"author":416,"featured_media":0,"parent":0,"menu_order":2,"comment_status":"closed","ping_status":"closed","template":"","meta":{"footnotes":""},"class_list":["post-10","page","type-page","status-publish","hentry"],"_links":{"self":[{"href":"https:\/\/blogs.deusto.es\/hermes\/wp-json\/wp\/v2\/pages\/10","targetHints":{"allow":["GET"]}}],"collection":[{"href":"https:\/\/blogs.deusto.es\/hermes\/wp-json\/wp\/v2\/pages"}],"about":[{"href":"https:\/\/blogs.deusto.es\/hermes\/wp-json\/wp\/v2\/types\/page"}],"author":[{"embeddable":true,"href":"https:\/\/blogs.deusto.es\/hermes\/wp-json\/wp\/v2\/users\/416"}],"replies":[{"embeddable":true,"href":"https:\/\/blogs.deusto.es\/hermes\/wp-json\/wp\/v2\/comments?post=10"}],"version-history":[{"count":22,"href":"https:\/\/blogs.deusto.es\/hermes\/wp-json\/wp\/v2\/pages\/10\/revisions"}],"predecessor-version":[{"id":23,"href":"https:\/\/blogs.deusto.es\/hermes\/wp-json\/wp\/v2\/pages\/10\/revisions\/23"}],"wp:attachment":[{"href":"https:\/\/blogs.deusto.es\/hermes\/wp-json\/wp\/v2\/media?parent=10"}],"curies":[{"name":"wp","href":"https:\/\/api.w.org\/{rel}","templated":true}]}}