{"id":37,"date":"2009-11-24T10:19:59","date_gmt":"2009-11-24T09:19:59","guid":{"rendered":"https:\/\/preblogs.deusto.es\/hermes\/?page_id=37"},"modified":"2009-11-24T11:09:33","modified_gmt":"2009-11-24T10:09:33","slug":"cien-aforismos-ludico-lucidos","status":"publish","type":"page","link":"https:\/\/blogs.deusto.es\/hermes\/aforistica\/cien-aforismos-ludico-lucidos\/","title":{"rendered":"Cien aforismos l\u00fadico-l\u00facidos"},"content":{"rendered":"<p style=\"text-align: center;\"><a href=\"http:\/\/es.wikipedia.org\/wiki\/Andr%C3%A9s_Ortiz-Os%C3%A9s\">Andr\u00e9s Ort\u00edz-Os\u00e9s<\/a><\/p>\n<p>(<em>Pre\u00e1mbulo<\/em>) Ofrecemos aqu\u00ed cien aforismos l\u00fadico-l\u00facidos, los cuales trasparentan un cierto sentimiento tragic\u00f3mico de la existencia del hombre en este mundo: a trav\u00e9s de la clave simb\u00f3lica del humor, la iron\u00eda y la melancol\u00eda.<\/p>\n<ol>\n<li>Vida: brutal esfuerzo del ser por arribar al borde de la (la) nada.<\/li>\n<li>Amor: gran fest\u00edn que nos deja m\u00e1s hambrientos.<\/li>\n<li>Nada: el para\u00edso trasterrenal del ser.<\/li>\n<li>Saber: cuanto m\u00e1s sabes, m\u00e1s sabes que no sabes.<\/li>\n<li>Dinero: cuanto m\u00e1s tienes, m\u00e1s sabes lo que no tienes.<\/li>\n<li>Dios es amor: pero el amor es diablesco.<\/li>\n<li>Dios es la eternidad, el hombre el tiempo y el diablo el contratiempo.<\/li>\n<li>El mar relaja la mar.<\/li>\n<li>El hombre es un animal eximio: ex-simio.<\/li>\n<li>Vida: lo que le pasa a los muertos.<\/li>\n<li>Muerte: lo que le pasa a los vivos.<\/li>\n<li>Esperando a Jodot.<\/li>\n<li>Dios: el creador de todo.<\/li>\n<li>Creyente: el creador de Dios.<\/li>\n<li>Felicidad: palabra dicha con facilidad.<\/li>\n<li>Falicidad: palabra dicha con felicidad.<\/li>\n<li>Libro hispano: libro vano o en vano.<\/li>\n<li>Escol\u00e1stica: filosof\u00eda con la cual y sin la cual todo se queda tal cual.<\/li>\n<li>Catolicismo: cristianismo en conserva.<\/li>\n<li>Protestantismo: cristianismo en comida-r\u00e1pida.<\/li>\n<li>Moral sexual: minusturbaci\u00f3n.<\/li>\n<li>Maestro: el que ense\u00f1a lo escondido.<\/li>\n<li>Disc\u00edpulo: el que esconde lo ense\u00f1ado.<\/li>\n<li>Divinidad: Ser Supremo al que rezamos tras una cat\u00e1strofe que al parecer podr\u00eda haber evitado (te rogamos acl\u00e1ranos).<\/li>\n<li>Raz\u00f3n: lo que tenemos en com\u00fan nosotros.<\/li>\n<li>Sinraz\u00f3n: lo que tienen en com\u00fan los otros.<\/li>\n<li>Revoluci\u00f3n: evoluci\u00f3n con rev\u00f3lver.<\/li>\n<li>Mujer: hembra.<\/li>\n<li>Hombre: hembro.<\/li>\n<li>Heterosexual: heterodoxo sexual que prefiere la otredad.<\/li>\n<li>Homosexual: patriota sexual que prefiere lo propio.<\/li>\n<li>Fe: Dios est\u00e1 en las nubes.<\/li>\n<li>Era un pobre hombre: valga la redundancia.<\/li>\n<li>Seriedad: tomar la realidad como no es.<\/li>\n<li>Cachondeo: tomar la realidad como es.<\/li>\n<li>Justicia: virtud simbolizada por la ceguera.<\/li>\n<li>Sacerdote: liturgo taumaturgo.<\/li>\n<li>Psicoanalista: liturgo traumaturgo.<\/li>\n<li>Sirviente: el que sirve porque no sirve.<\/li>\n<li>Espa\u00f1a: pa\u00eds de (ex)combatientes.<\/li>\n<li>Expa\u00f1a: pa\u00eds de (ex)combatidos.<\/li>\n<li>Iglesia: lugar de encuentro de curas a oscuras.<\/li>\n<li>Ej\u00e9rcito: castro de castrenses a menudo castrantes.<\/li>\n<li>F\u00fchrer: homo furiosus.<\/li>\n<li>Nacionalismo: nazi-onanismo.<\/li>\n<li>Boina: funda mental a menudo fundamentalista.<\/li>\n<li>Terrorista: redentor irredento.<\/li>\n<li>Papa: pont\u00edfice cuyo papado suele acabar con papada.<\/li>\n<li>Franco: general\u00edsimo.<\/li>\n<li>Aznar: singular\u00edsimo.<\/li>\n<li>Heterosexualidad: sexualidad a priori.<\/li>\n<li>Homosexualidad: sexualidad a posteriori.<\/li>\n<li>Sexo: fricci\u00f3n sin ficci\u00f3n.<\/li>\n<li>Amor plat\u00f3nico: ficci\u00f3n sin fricci\u00f3n (amor aplatanado).<\/li>\n<li>Eros: fricci\u00f3n y ficci\u00f3n.<\/li>\n<li>Amor plut\u00f3nico: aqu\u00ed te hallo aqu\u00ed te hollo.<\/li>\n<li>Latino: ladino.<\/li>\n<li>Occidental: mal oriental\/orientado.<\/li>\n<li>Sudista: el que suda el\/al sur.<\/li>\n<li>Europeo: (N)eur\u00f3tico.<\/li>\n<li>Germano: hermano \u00e1spero.<\/li>\n<li>Yugoslavo: eslavo bajo yugo.<\/li>\n<li>Oriental: aval oval.<\/li>\n<li>Japon\u00e9s: niquita nip\u00f3n.<\/li>\n<li>Catal\u00e1n: cuotaland.<\/li>\n<li>Aragonesa: ma\u00f1a con fuerza.<\/li>\n<li>Aforismo: el fuero de lo desaforado.<\/li>\n<li>Mito: es Aquello que nos creemos tanto que no creemos que nos lo creemos (R. Panikkar).<\/li>\n<li>Ateo: creyente en la increencia.<\/li>\n<li>Cura: crust\u00e1ceo curi\u00e1ceo.<\/li>\n<li>Bush: hombre-mata (bosquimano) que no est\u00e1 bien del capitolio.<\/li>\n<li>Sadam: Sat\u00e1n.<\/li>\n<li>Armas de destrucci\u00f3n masiva: armas de destrucci\u00f3n m\u00e1s IVA (americano).<\/li>\n<li>Nombre para un cura trabucaire con donaire: Trabucodonosor.<\/li>\n<li>Posmodernidad: \u00e9poca posepocal (apocada).<\/li>\n<li>Opio del pueblo: con la iglesia hemos dopado.<\/li>\n<li>Loco: ido.<\/li>\n<li>Cuerdo: vuelto (revenido).<\/li>\n<li>Tontos: tantos.<\/li>\n<li>Tont\u00f3n: tonto que va al tun-t\u00fan.<\/li>\n<li>Matrimonio: uni\u00f3n heterosexual.<\/li>\n<li>Fratrimonio: uni\u00f3n homosexual.<\/li>\n<li>Patrimonio: uni\u00f3n bancaria.<\/li>\n<li>Placer: lo que calma pero no colma.<\/li>\n<li>Desganado: por falta de ganado.<\/li>\n<li>La naci\u00f3n es la matria, el Estado es la patria, la ciudadan\u00eda es la fratria.<\/li>\n<li>Canonizan al Escriba de Balaguer: rezar\u00e9 por \u00e9l<\/li>\n<li>Antes los alumnos eran marxianos (que ya es decir): ahora los alumnos son marcianos (que ya es no decir).<\/li>\n<li>El remedio est\u00e1 en el medio: y la remediaci\u00f3n est\u00e1 en la mediaci\u00f3n.<\/li>\n<li>El sentido de la vida: la asunci\u00f3n del sinsentido (muerte).<\/li>\n<li>Castigar es castrar (castum-agere).<\/li>\n<li>Sentido: sutura surreal de la fisura real.<\/li>\n<li>Dios m\u00edo, Dios m\u00edo, por qu\u00e9 no me has abandonado.<\/li>\n<li>Hagas lo que hagas: lo q\u00b4agas.<\/li>\n<li>La peste aviar nos puede aviar.<\/li>\n<li>La verdad os har\u00e1 libres: y el sentido os librar\u00e1 de la verdad.<\/li>\n<li>Ama y haz lo que puedas.<\/li>\n<li>Mi epitafio: Aqu\u00ed yazgo y yazgo bien, yo descanso y vosotros tambi\u00e9n.<\/li>\n<li>Reuni\u00f3n en C\u00e9saraugusta de antiguos compa\u00f1eros de estudios en Innsbruck: gozo y melancol\u00eda pues todo sigue igual y diferente (entonces comenz\u00e1bamos a tener futuro y ahora comenzamos a tener pasado).<\/li>\n<\/ol>\n<p><strong>EPIGRAMA (HOMENAJE A E. CARDENAL)<\/strong><\/p>\n<p>Al amarte yo a ti<br \/>\nT\u00fa y yo hemos ganado:<br \/>\nYo porque t\u00fa eres<br \/>\nLo que yo m\u00e1s estimo<br \/>\nT\u00fa porque yo soy<br \/>\nAl que t\u00fa estimas m\u00e1s.<br \/>\nPero de nosotros dos<br \/>\nYo estimo m\u00e1s que vos:<br \/>\nPorque t\u00fa puedes amar a otros<br \/>\nComo me amas a m\u00ed<br \/>\nMas yo no podr\u00e9 amar a otras<br \/>\nDespu\u00e9s de amarte a ti:<br \/>\nDespu\u00e9s de amarte as\u00ed.<\/p>\n","protected":false},"excerpt":{"rendered":"<p>Andr\u00e9s Ort\u00edz-Os\u00e9s (Pre\u00e1mbulo) Ofrecemos aqu\u00ed cien aforismos l\u00fadico-l\u00facidos, los cuales trasparentan un cierto sentimiento tragic\u00f3mico de la existencia del hombre en este mundo: a trav\u00e9s de la clave simb\u00f3lica del humor, la iron\u00eda y la melancol\u00eda. Vida: brutal esfuerzo del ser por arribar al borde de la (la) nada. Amor: gran fest\u00edn que nos deja [&hellip;]<\/p>\n","protected":false},"author":416,"featured_media":0,"parent":10,"menu_order":0,"comment_status":"open","ping_status":"open","template":"","meta":{"footnotes":""},"class_list":["post-37","page","type-page","status-publish","hentry"],"_links":{"self":[{"href":"https:\/\/blogs.deusto.es\/hermes\/wp-json\/wp\/v2\/pages\/37","targetHints":{"allow":["GET"]}}],"collection":[{"href":"https:\/\/blogs.deusto.es\/hermes\/wp-json\/wp\/v2\/pages"}],"about":[{"href":"https:\/\/blogs.deusto.es\/hermes\/wp-json\/wp\/v2\/types\/page"}],"author":[{"embeddable":true,"href":"https:\/\/blogs.deusto.es\/hermes\/wp-json\/wp\/v2\/users\/416"}],"replies":[{"embeddable":true,"href":"https:\/\/blogs.deusto.es\/hermes\/wp-json\/wp\/v2\/comments?post=37"}],"version-history":[{"count":4,"href":"https:\/\/blogs.deusto.es\/hermes\/wp-json\/wp\/v2\/pages\/37\/revisions"}],"predecessor-version":[{"id":67,"href":"https:\/\/blogs.deusto.es\/hermes\/wp-json\/wp\/v2\/pages\/37\/revisions\/67"}],"up":[{"embeddable":true,"href":"https:\/\/blogs.deusto.es\/hermes\/wp-json\/wp\/v2\/pages\/10"}],"wp:attachment":[{"href":"https:\/\/blogs.deusto.es\/hermes\/wp-json\/wp\/v2\/media?parent=37"}],"curies":[{"name":"wp","href":"https:\/\/api.w.org\/{rel}","templated":true}]}}