{"id":8,"date":"2009-11-19T13:40:51","date_gmt":"2009-11-19T12:40:51","guid":{"rendered":"https:\/\/preblogs.deusto.es\/hermes\/?page_id=8"},"modified":"2012-06-25T11:39:38","modified_gmt":"2012-06-25T09:39:38","slug":"filosofica","status":"publish","type":"page","link":"https:\/\/blogs.deusto.es\/hermes\/filosofica\/","title":{"rendered":"Filos\u00f3fica"},"content":{"rendered":"<p>Esta secci\u00f3n ofrece una muestra de art\u00edculos filos\u00f3ficos seleccionados por el propio autor:<\/p>\n<ul>\n<li><a href=\"https:\/\/blogs.deusto.es\/hermes\/filosofica\/dialectica-de-contrarios\/\">Dial\u00e9ctica de contrarios<\/a><\/li>\n<li><a href=\"https:\/\/blogs.deusto.es\/hermes\/filosofica\/pregon-amor-y-humor\/\">Preg\u00f3n: <\/a><a href=\"https:\/\/blogs.deusto.es\/hermes\/filosofica\/pregon-amor-y-humor\/\">Amor y Humor<\/a><\/li>\n<li><a href=\"https:\/\/blogs.deusto.es\/hermes\/filosofica\/manifiesto-del-sentido\/\">Manifiesto del Sentido<\/a><\/li>\n<li><a href=\"https:\/\/blogs.deusto.es\/hermes\/filosofica\/el-sentido-de-la-vida\/\">El sentido de la vida<\/a><\/li>\n<li><a href=\"https:\/\/blogs.deusto.es\/hermes\/filosofica\/galeria-de-simbolos\/\">Galer\u00eda de s\u00edmbolos<\/a><\/li>\n<li><a href=\"https:\/\/blogs.deusto.es\/hermes\/filosofica\/nietzsche-la-ilustracion-romantica\/\">Nietzsche: La ilustraci\u00f3n rom\u00e1ntica<\/a><\/li>\n<li><a title=\"Ampliar la humanidad. El fil\u00f3sofo Vattimo y la crisis\" href=\"https:\/\/blogs.deusto.es\/hermes\/filosofica\/ampliar-la-humanidad-el-filosofo-vattimo-y-la-crisis\/\">El fil\u00f3sofo Vattimo y la crisis<\/a><\/li>\n<li><a href=\"https:\/\/blogs.deusto.es\/hermes\/filosofica\/hermeneutica-cosmologica-un-mundo-problematico\/\">Hermen\u00e9utica cosmol\u00f3gica: Un mundo problem\u00e1tico<\/a><\/li>\n<li><a href=\"https:\/\/blogs.deusto.es\/hermes\/filosofica\/el-circulo-eranos\/\">El C\u00edrculo Eranos<\/a> (Eugenio Trias)<\/li>\n<li><a href=\"https:\/\/blogs.deusto.es\/hermes\/filosofica\/heidegger-segun-ortiz-oses\/\">Heidegger seg\u00fan Ortiz-Os\u00e9s<\/a> (Isidoro Reguera)<\/li>\n<li><a href=\"https:\/\/blogs.deusto.es\/hermes\/filosofica\/la-mitologia-vasca\/\">La mitolog\u00eda vasca<\/a><\/li>\n<\/ul>\n<p>En \u00ab<a href=\"https:\/\/blogs.deusto.es\/hermes\/filosofica\/la-filosofia-de-ortiz-oses\/\">La filosof\u00eda de Ortiz-Os\u00e9s<\/a>\u00bb\u00a0dice <a href=\"http:\/\/dialnet.unirioja.es\/servlet\/autor?codigo=46403\">Luis Garagalza<\/a> (Universidad del Pa\u00eds Vasco):<\/p>\n<blockquote><p>El inter\u00e9s de la filosof\u00eda ortiz-osesiana est\u00e1 en haber planteado la cuesti\u00f3n candente de la <em>identidad<\/em> personal y humana no de un modo fundamentalista sino hermen\u00e9utico y abierto. Como adujera Feuerbach, que seg\u00fan J. Manzana inspira a nuestro autor, el hombre es masculino o femenino y, en consecuencia, est\u00e1 en correlaci\u00f3n radicada con la otredad femenina o masculina respectivamente. La \u00fanica correcci\u00f3n de Ortiz-Os\u00e9s al respecto estar\u00eda en afirmar junguianamente que la d<em>u<\/em>al\u00e9ctica de los contrarios est\u00e1 no s\u00f3lo fuera, sino tambi\u00e9n dentro de nosotros mismos. Pero en ambos casos se trata de una identidad herida, una identidad diferida, que nuestro fil\u00f3sofo denomina \u201cdidentidad\u201d.<\/p>\n<p>El sentido de nuestra identidad es pues el sentido de alguien\/algo concebido relacionalmente, de una esencia que se hace existencialmente, del ser en devenir. El arquetipo de una tal \u201cdidentidad\u201d es el amor, cuya identidad est\u00e1 en afirmarse en otredad.<\/p><\/blockquote>\n","protected":false},"excerpt":{"rendered":"<p>Esta secci\u00f3n ofrece una muestra de art\u00edculos filos\u00f3ficos seleccionados por el propio autor: Dial\u00e9ctica de contrarios Preg\u00f3n: Amor y Humor Manifiesto del Sentido El sentido de la vida Galer\u00eda de s\u00edmbolos Nietzsche: La ilustraci\u00f3n rom\u00e1ntica El fil\u00f3sofo Vattimo y la crisis Hermen\u00e9utica cosmol\u00f3gica: Un mundo problem\u00e1tico El C\u00edrculo Eranos (Eugenio Trias) Heidegger seg\u00fan Ortiz-Os\u00e9s (Isidoro [&hellip;]<\/p>\n","protected":false},"author":149,"featured_media":0,"parent":0,"menu_order":3,"comment_status":"open","ping_status":"open","template":"","meta":{"footnotes":""},"class_list":["post-8","page","type-page","status-publish","hentry"],"_links":{"self":[{"href":"https:\/\/blogs.deusto.es\/hermes\/wp-json\/wp\/v2\/pages\/8","targetHints":{"allow":["GET"]}}],"collection":[{"href":"https:\/\/blogs.deusto.es\/hermes\/wp-json\/wp\/v2\/pages"}],"about":[{"href":"https:\/\/blogs.deusto.es\/hermes\/wp-json\/wp\/v2\/types\/page"}],"author":[{"embeddable":true,"href":"https:\/\/blogs.deusto.es\/hermes\/wp-json\/wp\/v2\/users\/149"}],"replies":[{"embeddable":true,"href":"https:\/\/blogs.deusto.es\/hermes\/wp-json\/wp\/v2\/comments?post=8"}],"version-history":[{"count":28,"href":"https:\/\/blogs.deusto.es\/hermes\/wp-json\/wp\/v2\/pages\/8\/revisions"}],"predecessor-version":[{"id":33,"href":"https:\/\/blogs.deusto.es\/hermes\/wp-json\/wp\/v2\/pages\/8\/revisions\/33"}],"wp:attachment":[{"href":"https:\/\/blogs.deusto.es\/hermes\/wp-json\/wp\/v2\/media?parent=8"}],"curies":[{"name":"wp","href":"https:\/\/api.w.org\/{rel}","templated":true}]}}