{"id":11807,"date":"2020-11-09T11:01:23","date_gmt":"2020-11-09T10:01:23","guid":{"rendered":"https:\/\/preblogs.deusto.es\/iedeusto\/?page_id=11807"},"modified":"2023-06-09T11:32:36","modified_gmt":"2023-06-09T09:32:36","slug":"semana-deusto-emprende","status":"publish","type":"page","link":"https:\/\/blogs.deusto.es\/iedeusto\/semana-deusto-emprende\/","title":{"rendered":"Semana Deusto Emprende 2020"},"content":{"rendered":"\t\t<div data-elementor-type=\"wp-page\" data-elementor-id=\"11807\" class=\"elementor elementor-11807\" data-elementor-post-type=\"page\">\n\t\t\t\t\t\t<section class=\"elementor-section elementor-top-section elementor-element elementor-element-303e5843 elementor-section-boxed elementor-section-height-default elementor-section-height-default\" data-id=\"303e5843\" data-element_type=\"section\" data-e-type=\"section\">\n\t\t\t\t\t\t<div class=\"elementor-container elementor-column-gap-default\">\n\t\t\t\t\t<div class=\"elementor-column elementor-col-100 elementor-top-column elementor-element elementor-element-3ca33c16\" data-id=\"3ca33c16\" data-element_type=\"column\" data-e-type=\"column\">\n\t\t\t<div class=\"elementor-widget-wrap elementor-element-populated\">\n\t\t\t\t\t\t<div class=\"elementor-element elementor-element-1522f37 elementor-widget elementor-widget-image\" data-id=\"1522f37\" data-element_type=\"widget\" data-e-type=\"widget\" data-widget_type=\"image.default\">\n\t\t\t\t<div class=\"elementor-widget-container\">\n\t\t\t\t\t\t\t\t\t\t\t\t\t\t\t\t<a href=\"https:\/\/blogs.deusto.es\/iedeusto\/wp-content\/uploads\/sites\/27\/2020\/11\/CALENDARIO-SEMANA-EMPRENDE-2.pdf\">\n\t\t\t\t\t\t\t<img fetchpriority=\"high\" decoding=\"async\" width=\"720\" height=\"405\" src=\"https:\/\/blogs.deusto.es\/wp-content\/uploads\/sites\/27\/2020\/11\/Captura-6.jpg\" class=\"attachment-large size-large wp-image-12221\" alt=\"\" srcset=\"https:\/\/blogs.deusto.es\/wp-content\/uploads\/sites\/27\/2020\/11\/Captura-6.jpg 720w, https:\/\/blogs.deusto.es\/wp-content\/uploads\/sites\/27\/2020\/11\/Captura-6-300x169.jpg 300w\" sizes=\"(max-width: 720px) 100vw, 720px\" \/>\t\t\t\t\t\t\t\t<\/a>\n\t\t\t\t\t\t\t\t\t\t\t\t\t\t\t<\/div>\n\t\t\t\t<\/div>\n\t\t\t\t\t<\/div>\n\t\t<\/div>\n\t\t\t\t\t<\/div>\n\t\t<\/section>\n\t\t\t\t<section class=\"elementor-section elementor-top-section elementor-element elementor-element-700a0c6 elementor-section-boxed elementor-section-height-default elementor-section-height-default\" data-id=\"700a0c6\" data-element_type=\"section\" data-e-type=\"section\">\n\t\t\t\t\t\t<div class=\"elementor-container elementor-column-gap-default\">\n\t\t\t\t\t<div class=\"elementor-column elementor-col-100 elementor-top-column elementor-element elementor-element-16a35e0\" data-id=\"16a35e0\" data-element_type=\"column\" data-e-type=\"column\">\n\t\t\t<div class=\"elementor-widget-wrap elementor-element-populated\">\n\t\t\t\t\t\t<div class=\"elementor-element elementor-element-a80744c elementor-widget elementor-widget-text-editor\" data-id=\"a80744c\" data-element_type=\"widget\" data-e-type=\"widget\" data-widget_type=\"text-editor.default\">\n\t\t\t\t<div class=\"elementor-widget-container\">\n\t\t\t\t\t\t\t\t\t<p><strong style=\"font-size: 0.875rem\"><a href=\"https:\/\/blogs.deusto.es\/iedeusto\/wp-content\/uploads\/sites\/27\/2020\/11\/CALENDARIO-SEMANA-EMPRENDE_Links_11-11.pdf\">Descargar programa<\/a><\/strong><\/p>\n<p><strong>Ver todas las activid<\/strong><strong style=\"font-size: 0.875rem\">ades&nbsp;<\/strong><span style=\"font-size: 0.875rem\"><span style=\"font-weight: bold\">en el siguiente&nbsp;<\/span><a style=\"font-weight: bold\" href=\"https:\/\/blogs.deusto.es\/iedeusto\/wp-content\/uploads\/sites\/27\/2020\/11\/CALENDARIO-SEMANA-EMPRENDE_Links_11-11.pdf\">enlace<\/a>&nbsp;<\/span><strong style=\"font-size: 0.875rem\">y a continuaci\u00f3n dividas por d\u00edas:<\/strong><\/p>\t\t\t\t\t\t\t\t<\/div>\n\t\t\t\t<\/div>\n\t\t\t\t<div class=\"elementor-element elementor-element-37a07de elementor-align-center elementor-widget elementor-widget-button\" data-id=\"37a07de\" data-element_type=\"widget\" data-e-type=\"widget\" data-widget_type=\"button.default\">\n\t\t\t\t<div class=\"elementor-widget-container\">\n\t\t\t\t\t\t\t\t\t<div class=\"elementor-button-wrapper\">\n\t\t\t\t\t<a class=\"elementor-button elementor-button-link elementor-size-sm\" href=\"https:\/\/www.google.com\/url?q=https:\/\/blogs.deusto.es\/iedeusto\/semana-deusto-emprende-2020-inauguracion-citizen-bootcamp\/&#038;sa=D&#038;source=hangouts&#038;ust=1605084727824000&#038;usg=AFQjCNEsLkRdw9wRm3n3TKUZYhBSdhN6RA\">\n\t\t\t\t\t\t<span class=\"elementor-button-content-wrapper\">\n\t\t\t\t\t\t\t\t\t<span class=\"elementor-button-text\">Jueves, 12 de noviembre<\/span>\n\t\t\t\t\t<\/span>\n\t\t\t\t\t<\/a>\n\t\t\t\t<\/div>\n\t\t\t\t\t\t\t\t<\/div>\n\t\t\t\t<\/div>\n\t\t\t\t<div class=\"elementor-element elementor-element-b712b0f elementor-align-center elementor-widget elementor-widget-button\" data-id=\"b712b0f\" data-element_type=\"widget\" data-e-type=\"widget\" data-widget_type=\"button.default\">\n\t\t\t\t<div class=\"elementor-widget-container\">\n\t\t\t\t\t\t\t\t\t<div class=\"elementor-button-wrapper\">\n\t\t\t\t\t<a class=\"elementor-button elementor-button-link elementor-size-sm\" href=\"https:\/\/blogs.deusto.es\/iedeusto\/category\/deusto-emprende-2020\/viernes-13\/\">\n\t\t\t\t\t\t<span class=\"elementor-button-content-wrapper\">\n\t\t\t\t\t\t\t\t\t<span class=\"elementor-button-text\">Viernes, 13 de noviembre<\/span>\n\t\t\t\t\t<\/span>\n\t\t\t\t\t<\/a>\n\t\t\t\t<\/div>\n\t\t\t\t\t\t\t\t<\/div>\n\t\t\t\t<\/div>\n\t\t\t\t<div class=\"elementor-element elementor-element-75f822b elementor-align-center elementor-widget elementor-widget-button\" data-id=\"75f822b\" data-element_type=\"widget\" data-e-type=\"widget\" data-widget_type=\"button.default\">\n\t\t\t\t<div class=\"elementor-widget-container\">\n\t\t\t\t\t\t\t\t\t<div class=\"elementor-button-wrapper\">\n\t\t\t\t\t<a class=\"elementor-button elementor-button-link elementor-size-sm\" href=\"https:\/\/blogs.deusto.es\/iedeusto\/category\/deusto-emprende-2020\/lunes\/\">\n\t\t\t\t\t\t<span class=\"elementor-button-content-wrapper\">\n\t\t\t\t\t\t\t\t\t<span class=\"elementor-button-text\">Lunes, 16 de noviembre<\/span>\n\t\t\t\t\t<\/span>\n\t\t\t\t\t<\/a>\n\t\t\t\t<\/div>\n\t\t\t\t\t\t\t\t<\/div>\n\t\t\t\t<\/div>\n\t\t\t\t<div class=\"elementor-element elementor-element-015639b elementor-align-center elementor-widget elementor-widget-button\" data-id=\"015639b\" data-element_type=\"widget\" data-e-type=\"widget\" data-widget_type=\"button.default\">\n\t\t\t\t<div class=\"elementor-widget-container\">\n\t\t\t\t\t\t\t\t\t<div class=\"elementor-button-wrapper\">\n\t\t\t\t\t<a class=\"elementor-button elementor-button-link elementor-size-sm\" href=\"https:\/\/blogs.deusto.es\/iedeusto\/category\/deusto-emprende-2020\/martes\/\">\n\t\t\t\t\t\t<span class=\"elementor-button-content-wrapper\">\n\t\t\t\t\t\t\t\t\t<span class=\"elementor-button-text\">Martes, 17 de noviembre     <\/span>\n\t\t\t\t\t<\/span>\n\t\t\t\t\t<\/a>\n\t\t\t\t<\/div>\n\t\t\t\t\t\t\t\t<\/div>\n\t\t\t\t<\/div>\n\t\t\t\t<div class=\"elementor-element elementor-element-7655105 elementor-align-center elementor-widget elementor-widget-button\" data-id=\"7655105\" data-element_type=\"widget\" data-e-type=\"widget\" data-widget_type=\"button.default\">\n\t\t\t\t<div class=\"elementor-widget-container\">\n\t\t\t\t\t\t\t\t\t<div class=\"elementor-button-wrapper\">\n\t\t\t\t\t<a class=\"elementor-button elementor-button-link elementor-size-sm\" href=\"https:\/\/blogs.deusto.es\/iedeusto\/category\/deusto-emprende-2020\/miercoles\/\">\n\t\t\t\t\t\t<span class=\"elementor-button-content-wrapper\">\n\t\t\t\t\t\t\t\t\t<span class=\"elementor-button-text\">Mi\u00e9rcoles, 18 de noviembre<\/span>\n\t\t\t\t\t<\/span>\n\t\t\t\t\t<\/a>\n\t\t\t\t<\/div>\n\t\t\t\t\t\t\t\t<\/div>\n\t\t\t\t<\/div>\n\t\t\t\t<div class=\"elementor-element elementor-element-83d2e61 elementor-align-center elementor-widget elementor-widget-button\" data-id=\"83d2e61\" data-element_type=\"widget\" data-e-type=\"widget\" data-widget_type=\"button.default\">\n\t\t\t\t<div class=\"elementor-widget-container\">\n\t\t\t\t\t\t\t\t\t<div class=\"elementor-button-wrapper\">\n\t\t\t\t\t<a class=\"elementor-button elementor-button-link elementor-size-sm\" href=\"https:\/\/blogs.deusto.es\/iedeusto\/category\/deusto-emprende-2020\/jueves\/\">\n\t\t\t\t\t\t<span class=\"elementor-button-content-wrapper\">\n\t\t\t\t\t\t\t\t\t<span class=\"elementor-button-text\">Jueves, 19 de noviembre<\/span>\n\t\t\t\t\t<\/span>\n\t\t\t\t\t<\/a>\n\t\t\t\t<\/div>\n\t\t\t\t\t\t\t\t<\/div>\n\t\t\t\t<\/div>\n\t\t\t\t<div class=\"elementor-element elementor-element-a23a12d elementor-align-center elementor-widget elementor-widget-button\" data-id=\"a23a12d\" data-element_type=\"widget\" data-e-type=\"widget\" data-widget_type=\"button.default\">\n\t\t\t\t<div class=\"elementor-widget-container\">\n\t\t\t\t\t\t\t\t\t<div class=\"elementor-button-wrapper\">\n\t\t\t\t\t<a class=\"elementor-button elementor-button-link elementor-size-sm\" href=\"https:\/\/blogs.deusto.es\/iedeusto\/category\/deusto-emprende-2020\/viernes\/\">\n\t\t\t\t\t\t<span class=\"elementor-button-content-wrapper\">\n\t\t\t\t\t\t\t\t\t<span class=\"elementor-button-text\">Viernes, 20 de noviembre<\/span>\n\t\t\t\t\t<\/span>\n\t\t\t\t\t<\/a>\n\t\t\t\t<\/div>\n\t\t\t\t\t\t\t\t<\/div>\n\t\t\t\t<\/div>\n\t\t\t\t<div class=\"elementor-element elementor-element-795290e elementor-align-center elementor-widget elementor-widget-button\" data-id=\"795290e\" data-element_type=\"widget\" data-e-type=\"widget\" data-widget_type=\"button.default\">\n\t\t\t\t<div class=\"elementor-widget-container\">\n\t\t\t\t\t\t\t\t\t<div class=\"elementor-button-wrapper\">\n\t\t\t\t\t<a class=\"elementor-button elementor-button-link elementor-size-sm\" href=\"https:\/\/blogs.deusto.es\/iedeusto\/category\/deusto-emprende-2020\/otras-actividades\/\">\n\t\t\t\t\t\t<span class=\"elementor-button-content-wrapper\">\n\t\t\t\t\t\t\t\t\t<span class=\"elementor-button-text\">Durante toda la semana<\/span>\n\t\t\t\t\t<\/span>\n\t\t\t\t\t<\/a>\n\t\t\t\t<\/div>\n\t\t\t\t\t\t\t\t<\/div>\n\t\t\t\t<\/div>\n\t\t\t\t<div class=\"elementor-element elementor-element-7143a5f elementor-align-center elementor-widget elementor-widget-button\" data-id=\"7143a5f\" data-element_type=\"widget\" data-e-type=\"widget\" data-widget_type=\"button.default\">\n\t\t\t\t<div class=\"elementor-widget-container\">\n\t\t\t\t\t\t\t\t\t<div class=\"elementor-button-wrapper\">\n\t\t\t\t\t<a class=\"elementor-button elementor-button-link elementor-size-sm\" href=\"http:\/\/deustoemprende.deusto.es\/\">\n\t\t\t\t\t\t<span class=\"elementor-button-content-wrapper\">\n\t\t\t\t\t\t\t\t\t<span class=\"elementor-button-text\">Ver ediciones anteriores<\/span>\n\t\t\t\t\t<\/span>\n\t\t\t\t\t<\/a>\n\t\t\t\t<\/div>\n\t\t\t\t\t\t\t\t<\/div>\n\t\t\t\t<\/div>\n\t\t\t\t\t<\/div>\n\t\t<\/div>\n\t\t\t\t\t<\/div>\n\t\t<\/section>\n\t\t\t\t<section class=\"elementor-section elementor-top-section elementor-element elementor-element-9fb32f4 elementor-section-boxed elementor-section-height-default elementor-section-height-default\" data-id=\"9fb32f4\" data-element_type=\"section\" data-e-type=\"section\">\n\t\t\t\t\t\t<div class=\"elementor-container elementor-column-gap-default\">\n\t\t\t\t\t<div class=\"elementor-column elementor-col-100 elementor-top-column elementor-element elementor-element-bff0bcc\" data-id=\"bff0bcc\" data-element_type=\"column\" data-e-type=\"column\">\n\t\t\t<div class=\"elementor-widget-wrap elementor-element-populated\">\n\t\t\t\t\t\t<div class=\"elementor-element elementor-element-f3bdeba elementor-widget elementor-widget-text-editor\" data-id=\"f3bdeba\" data-element_type=\"widget\" data-e-type=\"widget\" data-widget_type=\"text-editor.default\">\n\t\t\t\t<div class=\"elementor-widget-container\">\n\t\t\t\t\t\t\t\t\t<p><\/p>\n<p><\/p>\n<p><a href=\"https:\/\/blogs.deusto.es\/iedeusto\/semana-deusto-emprende-2020-climathon-ura\/\">Climathon<\/a><\/p>\n<p><\/p>\n<p><\/p>\n<p><strong><em>LUNES 16 DE NOVIEMBRE<\/em><\/strong><\/p>\n<p><\/p>\n<p><\/p>\n<p><a href=\"https:\/\/blogs.deusto.es\/iedeusto\/semana-deusto-emprende-2020-oportunidades-deusto-emprende-y-visita-a-innogune\/\">Oportunidades Deusto Emprende<\/a><\/p>\n<p><\/p>\n<p><\/p>\n<p><a href=\"https:\/\/blogs.deusto.es\/iedeusto\/semana-deusto-emprende-2020-brainstorming-creativo\/\">Brainstorming creativo<\/a><\/p>\n<p><\/p>\n<p><\/p>\n<p><i><a href=\"https:\/\/blogs.deusto.es\/iedeusto\/semana-deusto-emprende-2020-presentacion-creaction-y-testimonios\/\">Creaction!<\/a><\/i><\/p>\n<p><\/p>\n<p><\/p>\n<p><strong><em>MARTES 17 DE NOVIEMBRE<\/em><\/strong><\/p>\n<p><\/p>\n<p><\/p>\n<p><a href=\"https:\/\/blogs.deusto.es\/iedeusto\/semana-deusto-emprende-2020-experience-sharing\/\">Experience sharing<\/a><\/p>\n<p><\/p>\n<p><\/p>\n<p><a href=\"https:\/\/blogs.deusto.es\/iedeusto\/semana-deusto-emprende-2020-oportunidades-deusto-emprende-visita-virtual-deustokabi\/\">Visita virtual DeustoKabi Bilbao<\/a><\/p>\n<p><\/p>\n<p><\/p>\n<p><a href=\"https:\/\/blogs.deusto.es\/iedeusto\/semana-deusto-emprende-coloquio-deusto-emprende-books-el-batacazo-emprendedor\/\">Deusto Emprende Books &#8211; El batacazo emprendedor<\/a><\/p>\n<p><\/p>\n<p><\/p>\n<p><a href=\"https:\/\/blogs.deusto.es\/iedeusto\/semana-deusto-emprende-deusto-emprende-books-el-ceo-inconformista\/\">Deusto Emprende Books &#8211; El CEO inconformista<\/a><\/p>\n<p><\/p>\n<p><\/p>\n<p><strong><em>MI\u00c9RCOLES 18 DE NOVIEMBRE<\/em><\/strong><\/p>\n<p><\/p>\n<p><\/p>\n<p><a href=\"https:\/\/blogs.deusto.es\/iedeusto\/semana-deusto-emprende-2020-visita-virtual-a-la-incubadora-innogune-donostia\/\">Visita virtual Innogune Donostia<\/a><\/p>\n<p><\/p>\n<p><\/p>\n<p><a href=\"https:\/\/blogs.deusto.es\/iedeusto\/semana-deusto-emprende-2020-presentacion-del-informe-aeban\/\">Presentaci\u00f3n del informe AEBAN<\/a><\/p>\n<p><\/p>\n<p><\/p>\n<p><a href=\"https:\/\/blogs.deusto.es\/iedeusto\/semana-deusto-emprende-2020-webinar-innovacion-frugal\/\">Innovaci\u00f3n Frugal<\/a><\/p>\n<p><\/p>\n<p><\/p>\n<p>Creatividad e Incubaci\u00f3n de ideas empresariales<\/p>\n<p><\/p>\n<p><\/p>\n<p><strong><em>JUEVES 17 DE NOVIEMBRE<\/em><\/strong><\/p>\n<p><\/p>\n<p><\/p>\n<p><a href=\"https:\/\/blogs.deusto.es\/iedeusto\/semana-deusto-emprende-2020-brainstorming-creativo\/\">Brainstorming creativo<\/a><\/p>\n<p><\/p>\n<p><\/p>\n<p><a href=\"https:\/\/blogs.deusto.es\/iedeusto\/semana-deusto-emprende-2020-oportunidades-deusto-emprende-y-visita-a-innogune\/\">Oportunidades Deusto Emprende<\/a><\/p>\n<p><\/p>\n<p><\/p>\n<p><\/p>\n<p><\/p>\n<p><strong><em>VIERNES 18 DE NOVIEMBRE<\/em><\/strong><\/p>\n<p><\/p>\n<p><\/p>\n<p><a href=\"https:\/\/blogs.deusto.es\/iedeusto\/semana-deusto-emprende-2020-presentacion-modelo-deusto-de-emprendimiento-alumnado\/\">Presentaci\u00f3n del modelo Deusto de Emprendimiento<\/a><\/p>\n<p><\/p>\n<p><\/p>\n<p><a href=\"https:\/\/blogs.deusto.es\/iedeusto\/semana-deusto-emprende-2020-presentacion-creaction-y-testimonios\/\">Creaction!<\/a><\/p>\n<p><\/p>\n<p><\/p>\n<p><strong><em>Durante toda la semana<\/em><\/strong><\/p>\n<p><\/p>\n<p><\/p>\n<p><a href=\"https:\/\/blogs.deusto.es\/iedeusto\/deusto-emprende-podcast\/\">Podcast &#8216;Uniendo Mundos&#8217; (Spotify)<\/a><\/p>\n<p><\/p>\n<p><\/p>\n<p><a href=\"https:\/\/blogs.deusto.es\/iedeusto\/semana-deusto-emprende-2020-espacio-deusto-emprende\/\">Espacio &#8211; Contenedores Deusto Emprende en Plaza de la Memoria (Presencial en Bilbao)<\/a><\/p>\n<p><\/p>\n<p><\/p>\n<p><a href=\"https:\/\/blogs.deusto.es\/iedeusto\/semana-deusto-emprende-2020-escultura-tu-eliges-nuestro-mar\/\">Escultura \u00abT\u00fa eliges nuestro mar\u00bb(Presencial en campus Donostia)<\/a><\/p>\n<p><\/p>\n<p><\/p>\n<p><a href=\"https:\/\/blogs.deusto.es\/iedeusto\/inspiracion-deusto-emprende\/\">Paneles QR Proyectos inspiradores (Presencial Campus Donostia y Bilbao)<\/a><\/p>\n<p>\u00a0<\/p>\n<p><a href=\"http:\/\/deustoemprende.deusto.es\/\"><strong>Ediciones anteriores de la Semana Deusto Emprende<\/strong><\/a><\/p>\n<p><\/p>\t\t\t\t\t\t\t\t<\/div>\n\t\t\t\t<\/div>\n\t\t\t\t\t<\/div>\n\t\t<\/div>\n\t\t\t\t\t<\/div>\n\t\t<\/section>\n\t\t\t\t<\/div>\n\t\t<p><span class='st_facebook_buttons' st_title='Semana Deusto Emprende 2020' st_url='https:\/\/blogs.deusto.es\/iedeusto\/semana-deusto-emprende\/' displayText='facebook'><\/span><span st_via='deustoDEC' st_username='deustoDEC' class='st_twitter_buttons' st_title='Semana Deusto Emprende 2020' st_url='https:\/\/blogs.deusto.es\/iedeusto\/semana-deusto-emprende\/' displayText='twitter'><\/span><span class='st_email_buttons' st_title='Semana Deusto Emprende 2020' st_url='https:\/\/blogs.deusto.es\/iedeusto\/semana-deusto-emprende\/' displayText='email'><\/span><span class='st_fblike_buttons' st_title='Semana Deusto Emprende 2020' st_url='https:\/\/blogs.deusto.es\/iedeusto\/semana-deusto-emprende\/' displayText='fblike'><\/span><span class='st_plusone_buttons' st_title='Semana Deusto Emprende 2020' st_url='https:\/\/blogs.deusto.es\/iedeusto\/semana-deusto-emprende\/' displayText='plusone'><\/span><span class='st_pinterest_buttons' st_title='Semana Deusto Emprende 2020' st_url='https:\/\/blogs.deusto.es\/iedeusto\/semana-deusto-emprende\/' displayText='pinterest'><\/span><span class='st_sharethis_buttons' st_title='Semana Deusto Emprende 2020' st_url='https:\/\/blogs.deusto.es\/iedeusto\/semana-deusto-emprende\/' displayText='sharethis'><\/span><\/p>","protected":false},"excerpt":{"rendered":"<p>Descargar programa Ver todas las actividades&nbsp;en el siguiente&nbsp;enlace&nbsp;y a continuaci\u00f3n dividas por d\u00edas: Jueves, 12 de noviembre Viernes, 13 de noviembre Lunes, 16 de noviembre Martes, 17 de noviembre Mi\u00e9rcoles, 18 de noviembre Jueves, 19 de noviembre Viernes, 20 de noviembre Durante toda la semana Ver ediciones anteriores Climathon LUNES 16 DE NOVIEMBRE Oportunidades Deusto [&hellip;]<\/p>\n<p><span class='st_facebook_buttons' st_title='Semana Deusto Emprende 2020' st_url='https:\/\/blogs.deusto.es\/iedeusto\/semana-deusto-emprende\/' displayText='facebook'><\/span><span st_via='deustoDEC' st_username='deustoDEC' class='st_twitter_buttons' st_title='Semana Deusto Emprende 2020' st_url='https:\/\/blogs.deusto.es\/iedeusto\/semana-deusto-emprende\/' displayText='twitter'><\/span><span class='st_email_buttons' st_title='Semana Deusto Emprende 2020' st_url='https:\/\/blogs.deusto.es\/iedeusto\/semana-deusto-emprende\/' displayText='email'><\/span><span class='st_fblike_buttons' st_title='Semana Deusto Emprende 2020' st_url='https:\/\/blogs.deusto.es\/iedeusto\/semana-deusto-emprende\/' displayText='fblike'><\/span><span class='st_plusone_buttons' st_title='Semana Deusto Emprende 2020' st_url='https:\/\/blogs.deusto.es\/iedeusto\/semana-deusto-emprende\/' displayText='plusone'><\/span><span class='st_pinterest_buttons' st_title='Semana Deusto Emprende 2020' st_url='https:\/\/blogs.deusto.es\/iedeusto\/semana-deusto-emprende\/' displayText='pinterest'><\/span><span class='st_sharethis_buttons' st_title='Semana Deusto Emprende 2020' st_url='https:\/\/blogs.deusto.es\/iedeusto\/semana-deusto-emprende\/' displayText='sharethis'><\/span><\/p>","protected":false},"author":387,"featured_media":0,"parent":0,"menu_order":0,"comment_status":"closed","ping_status":"closed","template":"","meta":{"site-sidebar-layout":"default","site-content-layout":"","ast-site-content-layout":"default","site-content-style":"default","site-sidebar-style":"default","ast-global-header-display":"","ast-banner-title-visibility":"","ast-main-header-display":"","ast-hfb-above-header-display":"","ast-hfb-below-header-display":"","ast-hfb-mobile-header-display":"","site-post-title":"","ast-breadcrumbs-content":"","ast-featured-img":"","footer-sml-layout":"","ast-disable-related-posts":"","theme-transparent-header-meta":"","adv-header-id-meta":"","stick-header-meta":"","header-above-stick-meta":"","header-main-stick-meta":"","header-below-stick-meta":"","astra-migrate-meta-layouts":"default","ast-page-background-enabled":"default","ast-page-background-meta":{"desktop":{"background-color":"var(--ast-global-color-4)","background-image":"","background-repeat":"repeat","background-position":"center center","background-size":"auto","background-attachment":"scroll","background-type":"","background-media":"","overlay-type":"","overlay-color":"","overlay-opacity":"","overlay-gradient":""},"tablet":{"background-color":"","background-image":"","background-repeat":"repeat","background-position":"center center","background-size":"auto","background-attachment":"scroll","background-type":"","background-media":"","overlay-type":"","overlay-color":"","overlay-opacity":"","overlay-gradient":""},"mobile":{"background-color":"","background-image":"","background-repeat":"repeat","background-position":"center center","background-size":"auto","background-attachment":"scroll","background-type":"","background-media":"","overlay-type":"","overlay-color":"","overlay-opacity":"","overlay-gradient":""}},"ast-content-background-meta":{"desktop":{"background-color":"var(--ast-global-color-5)","background-image":"","background-repeat":"repeat","background-position":"center center","background-size":"auto","background-attachment":"scroll","background-type":"","background-media":"","overlay-type":"","overlay-color":"","overlay-opacity":"","overlay-gradient":""},"tablet":{"background-color":"var(--ast-global-color-5)","background-image":"","background-repeat":"repeat","background-position":"center center","background-size":"auto","background-attachment":"scroll","background-type":"","background-media":"","overlay-type":"","overlay-color":"","overlay-opacity":"","overlay-gradient":""},"mobile":{"background-color":"var(--ast-global-color-5)","background-image":"","background-repeat":"repeat","background-position":"center center","background-size":"auto","background-attachment":"scroll","background-type":"","background-media":"","overlay-type":"","overlay-color":"","overlay-opacity":"","overlay-gradient":""}},"footnotes":""},"class_list":["post-11807","page","type-page","status-publish","hentry"],"aioseo_notices":[],"_links":{"self":[{"href":"https:\/\/blogs.deusto.es\/iedeusto\/wp-json\/wp\/v2\/pages\/11807","targetHints":{"allow":["GET"]}}],"collection":[{"href":"https:\/\/blogs.deusto.es\/iedeusto\/wp-json\/wp\/v2\/pages"}],"about":[{"href":"https:\/\/blogs.deusto.es\/iedeusto\/wp-json\/wp\/v2\/types\/page"}],"author":[{"embeddable":true,"href":"https:\/\/blogs.deusto.es\/iedeusto\/wp-json\/wp\/v2\/users\/387"}],"replies":[{"embeddable":true,"href":"https:\/\/blogs.deusto.es\/iedeusto\/wp-json\/wp\/v2\/comments?post=11807"}],"version-history":[{"count":46,"href":"https:\/\/blogs.deusto.es\/iedeusto\/wp-json\/wp\/v2\/pages\/11807\/revisions"}],"predecessor-version":[{"id":13576,"href":"https:\/\/blogs.deusto.es\/iedeusto\/wp-json\/wp\/v2\/pages\/11807\/revisions\/13576"}],"wp:attachment":[{"href":"https:\/\/blogs.deusto.es\/iedeusto\/wp-json\/wp\/v2\/media?parent=11807"}],"curies":[{"name":"wp","href":"https:\/\/api.w.org\/{rel}","templated":true}]}}