{"id":11808,"date":"2020-11-09T11:01:23","date_gmt":"2020-11-09T10:01:23","guid":{"rendered":"https:\/\/preblogs.deusto.es\/iedeusto\/?page_id=11808"},"modified":"2023-06-09T11:32:35","modified_gmt":"2023-06-09T09:32:35","slug":"deusto-emprende-podcast","status":"publish","type":"page","link":"https:\/\/blogs.deusto.es\/iedeusto\/deusto-emprende-podcast\/","title":{"rendered":"Deusto Emprende Podcast"},"content":{"rendered":"\n<h2 class=\"has-text-align-center wp-block-heading\"><em>UNIENDO MUNDOS<\/em><\/h2>\n\n\n\n<h3 class=\"has-text-align-center wp-block-heading\">Un podcast creado por Deusto Emprende<\/h3>\n\n\n\n<p class=\"has-text-align-left\">En este nuevo podcast presentado por Deusto Emprende tiene como objetivo invitar a emprendedores de la comunidad de la Universidad de Deusto a entablar conversaciones sobre el emprendimiento. Se hablar\u00e1 de temas desde c\u00f3mo se afronta la persona emprendedora a estos tiempos de COVID hasta previsiones al futuro de j\u00f3venes emprendedores.<\/p>\n\n\n\n<p>\u00bfPor qu\u00e9 llamarlo \u00abUniendo Mundos\u00bb? Se unen a personas con experiencias en el mundo del emprendimiento muy diversas para darles una oportunidad de conversar de manera informal y bas\u00e1ndose en vivencias propias.<\/p>\n\n\n\n<p>Podr\u00e1s encontrar cada programa publicado en la cuenta de <a href=\"https:\/\/www.ivoox.com\/podcast-uniendo-mundos-podcast-deusto-emprende_sq_f11105515_1.html\">iVoox<\/a>, <a href=\"https:\/\/open.spotify.com\/show\/2Eyqjn9OG1WRzMKqWUlwLR\">Spotify<\/a> y <a href=\"https:\/\/www.youtube.com\/user\/deusto\/search?query=uniendo%20mundos\">Youtube <\/a>de la Universidad de Deusto.\u00a0<br><\/p>\n\n\n\n<div class=\"wp-block-group\"><div class=\"wp-block-group__inner-container is-layout-flow wp-block-group-is-layout-flow\">\n<figure class=\"wp-block-gallery columns-2 is-cropped wp-block-gallery-1 is-layout-flex wp-block-gallery-is-layout-flex\"><ul class=\"blocks-gallery-grid\"><li class=\"blocks-gallery-item\"><figure><img fetchpriority=\"high\" decoding=\"async\" width=\"400\" height=\"400\" src=\"https:\/\/blogs.deusto.es\/iedeusto\/wp-content\/uploads\/sites\/27\/2020\/11\/Avatar-Aitor-Garbin\u0303e.jpg\" alt=\"\" data-id=\"12328\" data-link=\"https:\/\/blogs.deusto.es\/iedeusto\/deusto-emprende-podcast\/avatar-aitor-garbin%cc%83e\/\" class=\"wp-image-12328\" srcset=\"https:\/\/blogs.deusto.es\/wp-content\/uploads\/sites\/27\/2020\/11\/Avatar-Aitor-Garbin\u0303e.jpg 400w, https:\/\/blogs.deusto.es\/wp-content\/uploads\/sites\/27\/2020\/11\/Avatar-Aitor-Garbin\u0303e-300x300.jpg 300w, https:\/\/blogs.deusto.es\/wp-content\/uploads\/sites\/27\/2020\/11\/Avatar-Aitor-Garbin\u0303e-150x150.jpg 150w, https:\/\/blogs.deusto.es\/wp-content\/uploads\/sites\/27\/2020\/11\/Avatar-Aitor-Garbin\u0303e-75x75.jpg 75w\" sizes=\"(max-width: 400px) 100vw, 400px\" \/><figcaption class=\"blocks-gallery-item__caption\"><a href=\"https:\/\/open.spotify.com\/episode\/6tsMXTng5jYN8LEO41tD2Z\">1er Episodio<\/a><\/figcaption><\/figure><\/li><li class=\"blocks-gallery-item\"><figure><img decoding=\"async\" width=\"450\" height=\"450\" src=\"https:\/\/blogs.deusto.es\/iedeusto\/wp-content\/uploads\/sites\/27\/2020\/11\/Avatar-XabierIsabel.jpg\" alt=\"\" data-id=\"12329\" data-link=\"https:\/\/blogs.deusto.es\/iedeusto\/deusto-emprende-podcast\/avatar-xabierisabel\/\" class=\"wp-image-12329\" srcset=\"https:\/\/blogs.deusto.es\/wp-content\/uploads\/sites\/27\/2020\/11\/Avatar-XabierIsabel.jpg 450w, https:\/\/blogs.deusto.es\/wp-content\/uploads\/sites\/27\/2020\/11\/Avatar-XabierIsabel-300x300.jpg 300w, https:\/\/blogs.deusto.es\/wp-content\/uploads\/sites\/27\/2020\/11\/Avatar-XabierIsabel-150x150.jpg 150w, https:\/\/blogs.deusto.es\/wp-content\/uploads\/sites\/27\/2020\/11\/Avatar-XabierIsabel-75x75.jpg 75w\" sizes=\"(max-width: 450px) 100vw, 450px\" \/><figcaption class=\"blocks-gallery-item__caption\"><a href=\"https:\/\/open.spotify.com\/episode\/3207pQ42VTVQho9a5hKY06\">2\u00ba Episodio<\/a><\/figcaption><\/figure><\/li><\/ul><\/figure>\n\n\n\n<p><\/p>\n<\/div><\/div>\n\n\n\n<figure class=\"wp-block-gallery columns-2 is-cropped wp-block-gallery-2 is-layout-flex wp-block-gallery-is-layout-flex\"><ul class=\"blocks-gallery-grid\"><li class=\"blocks-gallery-item\"><figure><img decoding=\"async\" width=\"450\" height=\"450\" src=\"https:\/\/blogs.deusto.es\/iedeusto\/wp-content\/uploads\/sites\/27\/2020\/11\/JosiGuillermo2-1.jpg\" alt=\"\" data-id=\"12332\" class=\"wp-image-12332\" srcset=\"https:\/\/blogs.deusto.es\/wp-content\/uploads\/sites\/27\/2020\/11\/JosiGuillermo2-1.jpg 450w, https:\/\/blogs.deusto.es\/wp-content\/uploads\/sites\/27\/2020\/11\/JosiGuillermo2-1-300x300.jpg 300w, https:\/\/blogs.deusto.es\/wp-content\/uploads\/sites\/27\/2020\/11\/JosiGuillermo2-1-150x150.jpg 150w, https:\/\/blogs.deusto.es\/wp-content\/uploads\/sites\/27\/2020\/11\/JosiGuillermo2-1-75x75.jpg 75w\" sizes=\"(max-width: 450px) 100vw, 450px\" \/><figcaption class=\"blocks-gallery-item__caption\"><a href=\"https:\/\/open.spotify.com\/episode\/57D8FdcWm1y0KTE0rU7L7Q\">3er Episodio<\/a><\/figcaption><\/figure><\/li><li class=\"blocks-gallery-item\"><figure><img loading=\"lazy\" decoding=\"async\" width=\"964\" height=\"964\" src=\"https:\/\/blogs.deusto.es\/iedeusto\/wp-content\/uploads\/sites\/27\/2020\/11\/Avatar-MaiteAdriana.jpg\" alt=\"\" data-id=\"12333\" data-full-url=\"https:\/\/blogs.deusto.es\/iedeusto\/wp-content\/uploads\/sites\/27\/2020\/11\/Avatar-MaiteAdriana.jpg\" data-link=\"https:\/\/blogs.deusto.es\/iedeusto\/deusto-emprende-podcast\/avatar-maiteadriana\/\" class=\"wp-image-12333\" srcset=\"https:\/\/blogs.deusto.es\/wp-content\/uploads\/sites\/27\/2020\/11\/Avatar-MaiteAdriana.jpg 964w, https:\/\/blogs.deusto.es\/wp-content\/uploads\/sites\/27\/2020\/11\/Avatar-MaiteAdriana-300x300.jpg 300w, https:\/\/blogs.deusto.es\/wp-content\/uploads\/sites\/27\/2020\/11\/Avatar-MaiteAdriana-150x150.jpg 150w, https:\/\/blogs.deusto.es\/wp-content\/uploads\/sites\/27\/2020\/11\/Avatar-MaiteAdriana-768x768.jpg 768w, https:\/\/blogs.deusto.es\/wp-content\/uploads\/sites\/27\/2020\/11\/Avatar-MaiteAdriana-75x75.jpg 75w\" sizes=\"(max-width: 964px) 100vw, 964px\" \/><figcaption class=\"blocks-gallery-item__caption\"><a href=\"https:\/\/open.spotify.com\/episode\/0n3oYnYvVBiXkRTGCauFny\" title=\"https:\/\/www.ivoox.com\/adriana-azurmendi-maite-mateo-audios-mp3_rf_60656947_1.html\">Especial D\u00eda Internacional de la Mujer Emprendedora<\/a><\/figcaption><\/figure><\/li><\/ul><\/figure>\n\n\n\n<figure class=\"wp-block-gallery columns-2 is-cropped wp-block-gallery-3 is-layout-flex wp-block-gallery-is-layout-flex\"><ul class=\"blocks-gallery-grid\"><li class=\"blocks-gallery-item\"><figure><img loading=\"lazy\" decoding=\"async\" width=\"606\" height=\"606\" src=\"https:\/\/blogs.deusto.es\/iedeusto\/wp-content\/uploads\/sites\/27\/2020\/11\/AlbertoIn\u0303aki-1.jpg\" alt=\"\" data-id=\"12334\" data-link=\"https:\/\/blogs.deusto.es\/iedeusto\/deusto-emprende-podcast\/albertoin%cc%83aki-1\/\" class=\"wp-image-12334\" srcset=\"https:\/\/blogs.deusto.es\/wp-content\/uploads\/sites\/27\/2020\/11\/AlbertoIn\u0303aki-1.jpg 606w, https:\/\/blogs.deusto.es\/wp-content\/uploads\/sites\/27\/2020\/11\/AlbertoIn\u0303aki-1-300x300.jpg 300w, https:\/\/blogs.deusto.es\/wp-content\/uploads\/sites\/27\/2020\/11\/AlbertoIn\u0303aki-1-150x150.jpg 150w, https:\/\/blogs.deusto.es\/wp-content\/uploads\/sites\/27\/2020\/11\/AlbertoIn\u0303aki-1-75x75.jpg 75w\" sizes=\"(max-width: 606px) 100vw, 606px\" \/><figcaption class=\"blocks-gallery-item__caption\"><a href=\"https:\/\/open.spotify.com\/episode\/1QWWe5vyTcRSIv1WyBBGKB\">4\u00ba Episodio<\/a><\/figcaption><\/figure><\/li><li class=\"blocks-gallery-item\"><figure><img loading=\"lazy\" decoding=\"async\" width=\"500\" height=\"500\" src=\"https:\/\/blogs.deusto.es\/iedeusto\/wp-content\/uploads\/sites\/27\/2020\/11\/MaiaraAlex.jpg\" alt=\"\" data-id=\"12335\" data-full-url=\"https:\/\/blogs.deusto.es\/iedeusto\/wp-content\/uploads\/sites\/27\/2020\/11\/MaiaraAlex.jpg\" data-link=\"https:\/\/blogs.deusto.es\/iedeusto\/deusto-emprende-podcast\/maiaraalex\/\" class=\"wp-image-12335\" srcset=\"https:\/\/blogs.deusto.es\/wp-content\/uploads\/sites\/27\/2020\/11\/MaiaraAlex.jpg 500w, https:\/\/blogs.deusto.es\/wp-content\/uploads\/sites\/27\/2020\/11\/MaiaraAlex-300x300.jpg 300w, https:\/\/blogs.deusto.es\/wp-content\/uploads\/sites\/27\/2020\/11\/MaiaraAlex-150x150.jpg 150w, https:\/\/blogs.deusto.es\/wp-content\/uploads\/sites\/27\/2020\/11\/MaiaraAlex-75x75.jpg 75w\" sizes=\"(max-width: 500px) 100vw, 500px\" \/><figcaption class=\"blocks-gallery-item__caption\"><a href=\"https:\/\/open.spotify.com\/episode\/30yicDannbDmWcJn8hUKOC\" title=\"https:\/\/www.ivoox.com\/maiara-marth-alex-alonso-audios-mp3_rf_60703078_1.html\">5\u00ba Episodio<\/a><\/figcaption><\/figure><\/li><\/ul><\/figure>\n<p><span class='st_facebook_buttons' st_title='Deusto Emprende Podcast' st_url='https:\/\/blogs.deusto.es\/iedeusto\/deusto-emprende-podcast\/' displayText='facebook'><\/span><span st_via='deustoDEC' st_username='deustoDEC' class='st_twitter_buttons' st_title='Deusto Emprende Podcast' st_url='https:\/\/blogs.deusto.es\/iedeusto\/deusto-emprende-podcast\/' displayText='twitter'><\/span><span class='st_email_buttons' st_title='Deusto Emprende Podcast' st_url='https:\/\/blogs.deusto.es\/iedeusto\/deusto-emprende-podcast\/' displayText='email'><\/span><span class='st_fblike_buttons' st_title='Deusto Emprende Podcast' st_url='https:\/\/blogs.deusto.es\/iedeusto\/deusto-emprende-podcast\/' displayText='fblike'><\/span><span class='st_plusone_buttons' st_title='Deusto Emprende Podcast' st_url='https:\/\/blogs.deusto.es\/iedeusto\/deusto-emprende-podcast\/' displayText='plusone'><\/span><span class='st_pinterest_buttons' st_title='Deusto Emprende Podcast' st_url='https:\/\/blogs.deusto.es\/iedeusto\/deusto-emprende-podcast\/' displayText='pinterest'><\/span><span class='st_sharethis_buttons' st_title='Deusto Emprende Podcast' st_url='https:\/\/blogs.deusto.es\/iedeusto\/deusto-emprende-podcast\/' displayText='sharethis'><\/span><\/p>","protected":false},"excerpt":{"rendered":"<p>UNIENDO MUNDOS Un podcast creado por Deusto Emprende En este nuevo podcast presentado por Deusto Emprende tiene como objetivo invitar a emprendedores de la comunidad de la Universidad de Deusto a entablar conversaciones sobre el emprendimiento. Se hablar\u00e1 de temas desde c\u00f3mo se afronta la persona emprendedora a estos tiempos de COVID hasta previsiones al [&hellip;]<\/p>\n<p><span class='st_facebook_buttons' st_title='Deusto Emprende Podcast' st_url='https:\/\/blogs.deusto.es\/iedeusto\/deusto-emprende-podcast\/' displayText='facebook'><\/span><span st_via='deustoDEC' st_username='deustoDEC' class='st_twitter_buttons' st_title='Deusto Emprende Podcast' st_url='https:\/\/blogs.deusto.es\/iedeusto\/deusto-emprende-podcast\/' displayText='twitter'><\/span><span class='st_email_buttons' st_title='Deusto Emprende Podcast' st_url='https:\/\/blogs.deusto.es\/iedeusto\/deusto-emprende-podcast\/' displayText='email'><\/span><span class='st_fblike_buttons' st_title='Deusto Emprende Podcast' st_url='https:\/\/blogs.deusto.es\/iedeusto\/deusto-emprende-podcast\/' displayText='fblike'><\/span><span class='st_plusone_buttons' st_title='Deusto Emprende Podcast' st_url='https:\/\/blogs.deusto.es\/iedeusto\/deusto-emprende-podcast\/' displayText='plusone'><\/span><span class='st_pinterest_buttons' st_title='Deusto Emprende Podcast' st_url='https:\/\/blogs.deusto.es\/iedeusto\/deusto-emprende-podcast\/' displayText='pinterest'><\/span><span class='st_sharethis_buttons' st_title='Deusto Emprende Podcast' st_url='https:\/\/blogs.deusto.es\/iedeusto\/deusto-emprende-podcast\/' displayText='sharethis'><\/span><\/p>","protected":false},"author":387,"featured_media":0,"parent":0,"menu_order":0,"comment_status":"closed","ping_status":"closed","template":"","meta":{"site-sidebar-layout":"default","site-content-layout":"","ast-site-content-layout":"default","site-content-style":"default","site-sidebar-style":"default","ast-global-header-display":"","ast-banner-title-visibility":"","ast-main-header-display":"","ast-hfb-above-header-display":"","ast-hfb-below-header-display":"","ast-hfb-mobile-header-display":"","site-post-title":"","ast-breadcrumbs-content":"","ast-featured-img":"","footer-sml-layout":"","theme-transparent-header-meta":"","adv-header-id-meta":"","stick-header-meta":"","header-above-stick-meta":"","header-main-stick-meta":"","header-below-stick-meta":"","astra-migrate-meta-layouts":"default","ast-page-background-enabled":"default","ast-page-background-meta":{"desktop":{"background-color":"var(--ast-global-color-4)","background-image":"","background-repeat":"repeat","background-position":"center center","background-size":"auto","background-attachment":"scroll","background-type":"","background-media":"","overlay-type":"","overlay-color":"","overlay-opacity":"","overlay-gradient":""},"tablet":{"background-color":"","background-image":"","background-repeat":"repeat","background-position":"center center","background-size":"auto","background-attachment":"scroll","background-type":"","background-media":"","overlay-type":"","overlay-color":"","overlay-opacity":"","overlay-gradient":""},"mobile":{"background-color":"","background-image":"","background-repeat":"repeat","background-position":"center center","background-size":"auto","background-attachment":"scroll","background-type":"","background-media":"","overlay-type":"","overlay-color":"","overlay-opacity":"","overlay-gradient":""}},"ast-content-background-meta":{"desktop":{"background-color":"var(--ast-global-color-5)","background-image":"","background-repeat":"repeat","background-position":"center center","background-size":"auto","background-attachment":"scroll","background-type":"","background-media":"","overlay-type":"","overlay-color":"","overlay-opacity":"","overlay-gradient":""},"tablet":{"background-color":"var(--ast-global-color-5)","background-image":"","background-repeat":"repeat","background-position":"center center","background-size":"auto","background-attachment":"scroll","background-type":"","background-media":"","overlay-type":"","overlay-color":"","overlay-opacity":"","overlay-gradient":""},"mobile":{"background-color":"var(--ast-global-color-5)","background-image":"","background-repeat":"repeat","background-position":"center center","background-size":"auto","background-attachment":"scroll","background-type":"","background-media":"","overlay-type":"","overlay-color":"","overlay-opacity":"","overlay-gradient":""}},"footnotes":""},"class_list":["post-11808","page","type-page","status-publish","hentry"],"aioseo_notices":[],"_links":{"self":[{"href":"https:\/\/blogs.deusto.es\/iedeusto\/wp-json\/wp\/v2\/pages\/11808","targetHints":{"allow":["GET"]}}],"collection":[{"href":"https:\/\/blogs.deusto.es\/iedeusto\/wp-json\/wp\/v2\/pages"}],"about":[{"href":"https:\/\/blogs.deusto.es\/iedeusto\/wp-json\/wp\/v2\/types\/page"}],"author":[{"embeddable":true,"href":"https:\/\/blogs.deusto.es\/iedeusto\/wp-json\/wp\/v2\/users\/387"}],"replies":[{"embeddable":true,"href":"https:\/\/blogs.deusto.es\/iedeusto\/wp-json\/wp\/v2\/comments?post=11808"}],"version-history":[{"count":6,"href":"https:\/\/blogs.deusto.es\/iedeusto\/wp-json\/wp\/v2\/pages\/11808\/revisions"}],"predecessor-version":[{"id":12715,"href":"https:\/\/blogs.deusto.es\/iedeusto\/wp-json\/wp\/v2\/pages\/11808\/revisions\/12715"}],"wp:attachment":[{"href":"https:\/\/blogs.deusto.es\/iedeusto\/wp-json\/wp\/v2\/media?parent=11808"}],"curies":[{"name":"wp","href":"https:\/\/api.w.org\/{rel}","templated":true}]}}