{"id":17647,"date":"2023-07-06T08:54:01","date_gmt":"2023-07-06T06:54:01","guid":{"rendered":"https:\/\/preblogs.deusto.es\/iedeusto\/?page_id=17647"},"modified":"2024-04-26T09:51:37","modified_gmt":"2024-04-26T07:51:37","slug":"iet","status":"publish","type":"page","link":"https:\/\/blogs.deusto.es\/iedeusto\/iet\/","title":{"rendered":"I+E+t"},"content":{"rendered":"\n<p><strong><em>De la era del cambio, al cambio de era.<\/em><\/strong><\/p>\n\n\n\n<p>Vivimos en la era I+D+i. La era del cambio. De la aceleraci\u00f3n. De una revoluci\u00f3n sin precedentes. Estamos en las puertas de un cambio de era. En un mundo que plantea cada vez m\u00e1s retos. Retos cada vez m\u00e1s globales. Retos que requieren soluciones, cambios \u2026 evolucionar \u2026 <strong><em>transformarnos<\/em><\/strong>.<\/p>\n\n\n\n<figure class=\"wp-block-embed is-type-video is-provider-youtube wp-block-embed-youtube wp-embed-aspect-16-9 wp-has-aspect-ratio\"><div class=\"wp-block-embed__wrapper\">\n<iframe title=\"Deusto Emprende hace hincapi\u00e9 en la transformaci\u00f3n, dando paso a la nueva era I+E+t\" width=\"500\" height=\"281\" src=\"https:\/\/www.youtube.com\/embed\/cFgwiC4Wtbw?feature=oembed\" frameborder=\"0\" allow=\"accelerometer; autoplay; clipboard-write; encrypted-media; gyroscope; picture-in-picture; web-share\" referrerpolicy=\"strict-origin-when-cross-origin\" allowfullscreen><\/iframe>\n<\/div><\/figure>\n\n\n\n<p><strong><em>Personas I+E+t para la nueva era: personas que transforman el mundo.<\/em><\/strong><\/p>\n\n\n\n<p>En los \u00faltimos a\u00f1os, hemos sido testigos del surgimiento de una nueva fuerza transformadora cada vez m\u00e1s necesaria en cada perfil profesional, empresa, organizaci\u00f3n e instituci\u00f3n: <strong><em>personas innovadoras y emprendedoras<\/em><\/strong>. Y nunca ha habido tantas oportunidades y posibilidades de innovaci\u00f3n y emprendimiento. Se han convertido en una necesidad. Se trata de c\u00f3mo nos adaptamos y exploramos soluciones para el cambio; de transformar el presente y tener un impacto positivo; siempre con el objetivo de crear un futuro mejor y m\u00e1s sostenible.<\/p>\n\n\n\n<p class=\"has-text-align-center\"><em>Nos formamos. Nos transformamos. Continuamente.<\/em> <em>Y con nuestra transformaci\u00f3n, transformamos nuestro entorno.<\/em><\/p>\n\n\n\n<figure class=\"wp-block-image aligncenter size-full is-resized\"><a href=\"https:\/\/blogs.deusto.es\/wp-content\/uploads\/sites\/27\/2024\/04\/Captura-de-pantalla-2024-04-24-152848.png\"><img fetchpriority=\"high\" decoding=\"async\" width=\"845\" height=\"467\" src=\"https:\/\/blogs.deusto.es\/wp-content\/uploads\/sites\/27\/2024\/04\/Captura-de-pantalla-2024-04-24-152848.png\" alt=\"\" class=\"wp-image-18927\" style=\"width:985px;height:auto\" srcset=\"https:\/\/blogs.deusto.es\/wp-content\/uploads\/sites\/27\/2024\/04\/Captura-de-pantalla-2024-04-24-152848.png 845w, https:\/\/blogs.deusto.es\/wp-content\/uploads\/sites\/27\/2024\/04\/Captura-de-pantalla-2024-04-24-152848-300x166.png 300w, https:\/\/blogs.deusto.es\/wp-content\/uploads\/sites\/27\/2024\/04\/Captura-de-pantalla-2024-04-24-152848-768x424.png 768w\" sizes=\"(max-width: 845px) 100vw, 845px\" \/><\/a><\/figure>\n\n\n\n<p><strong><em>La Ley de Causa y Efecto: m\u00e9todo y modelo Deusto Emprende.<\/em><\/strong><\/p>\n\n\n\n<p>\u00abLa locura es hacer siempre lo mismo y esperar resultados diferentes\u00bb. Lo dijo Einstein. En la Unidad de Innovaci\u00f3n y Emprendimiento Deusto Emprende nos valemos de un m\u00e9todo diferente: el m\u00e9todo I+E+t porque buscamos resultados diferentes. Avalado por nuestro propio modelo de innovaci\u00f3n y emprendimiento &#8211; el Modelo Deusto de Emprendimiento H4C3R, nuestro prop\u00f3sito es formar y acompa\u00f1ar a personas y profesionales que se transforman para hacer la diferencia.<\/p>\n\n\n\n<p>La ley universal de causa y efecto establece que toda acci\u00f3n provoca una reacci\u00f3n, una consecuencia o un resultado. Y viceversa. En nuestro caso, el resultado que queremos lograr es la generaci\u00f3n de un impacto positivo: una transformaci\u00f3n personal, social, econ\u00f3mica y cultural a trav\u00e9s de la innovaci\u00f3n y el emprendimiento. Y para provocar esta reacci\u00f3n, formamos y acompa\u00f1amos a personas y profesionales, fomentando la cultura emprendedora e innovadora dentro y fuera de la Universidad como agente de referencia.<\/p>\n\n\n\n<figure class=\"wp-block-image aligncenter size-full is-resized\"><a href=\"https:\/\/blogs.deusto.es\/wp-content\/uploads\/sites\/27\/2024\/04\/Captura-de-pantalla-2024-04-24-153145-1.png\"><img decoding=\"async\" width=\"847\" height=\"459\" src=\"https:\/\/blogs.deusto.es\/wp-content\/uploads\/sites\/27\/2024\/04\/Captura-de-pantalla-2024-04-24-153145-1.png\" alt=\"\" class=\"wp-image-18939\" style=\"width:997px;height:auto\" srcset=\"https:\/\/blogs.deusto.es\/wp-content\/uploads\/sites\/27\/2024\/04\/Captura-de-pantalla-2024-04-24-153145-1.png 847w, https:\/\/blogs.deusto.es\/wp-content\/uploads\/sites\/27\/2024\/04\/Captura-de-pantalla-2024-04-24-153145-1-300x163.png 300w, https:\/\/blogs.deusto.es\/wp-content\/uploads\/sites\/27\/2024\/04\/Captura-de-pantalla-2024-04-24-153145-1-768x416.png 768w\" sizes=\"(max-width: 847px) 100vw, 847px\" \/><\/a><\/figure>\n\n\n\n<figure class=\"wp-block-image aligncenter size-full is-resized\"><a href=\"https:\/\/blogs.deusto.es\/wp-content\/uploads\/sites\/27\/2024\/04\/Captura-de-pantalla-2024-04-24-153616.png\"><img decoding=\"async\" width=\"846\" height=\"467\" src=\"https:\/\/blogs.deusto.es\/wp-content\/uploads\/sites\/27\/2024\/04\/Captura-de-pantalla-2024-04-24-153616.png\" alt=\"\" class=\"wp-image-18935\" style=\"width:994px;height:auto\" srcset=\"https:\/\/blogs.deusto.es\/wp-content\/uploads\/sites\/27\/2024\/04\/Captura-de-pantalla-2024-04-24-153616.png 846w, https:\/\/blogs.deusto.es\/wp-content\/uploads\/sites\/27\/2024\/04\/Captura-de-pantalla-2024-04-24-153616-300x166.png 300w, https:\/\/blogs.deusto.es\/wp-content\/uploads\/sites\/27\/2024\/04\/Captura-de-pantalla-2024-04-24-153616-768x424.png 768w\" sizes=\"(max-width: 846px) 100vw, 846px\" \/><\/a><\/figure>\n\n\n\n<p><strong><em>\u00bfPreguntas? \u00a1Respuestas!<\/em><\/strong><\/p>\n\n\n\n<p>\u00bfPor qu\u00e9 aprender innovaci\u00f3n si no quiero crear nada nuevo?<\/p>\n\n\n\n<p><em>Porque adquirir\u00e1s aptitudes de pensamiento cr\u00edtico y creativo; de observaci\u00f3n y anticipaci\u00f3n a los cambios; de proyecci\u00f3n de nuevas ideas y de resoluci\u00f3n de problemas.<\/em><\/p>\n\n\n\n<p>\u00bfPor qu\u00e9 aprender emprendimiento si no quiero empezar una empresa?<\/p>\n\n\n\n<p><em>Porque aprender\u00e1s o mejorar\u00e1s varias cualidades: iniciativa, persistencia, superaci\u00f3n, auto-motivaci\u00f3n y capacidad de asumir responsabilidades y desarrollar oportunidades.<\/em><\/p>\n\n\n\n<p>\u00bfPor qu\u00e9 combinar innovaci\u00f3n y emprendimiento?<\/p>\n\n\n\n<p><em>Porque precisamente el aprendizaje combinado de estas disciplinas potenciar\u00e1 tu perfil con las habilidades integrales que requiere el presente y futuro laboral.<\/em><\/p>\n\n\n\n<p>\u00bfPor qu\u00e9 sumar emprendimiento e innovaci\u00f3n?<\/p>\n\n\n\n<p><em>Porque ambas disciplinas potencian cualquier perfil profesional y suman habilidades transversales indispensables para el presente y futuro laboral.<\/em><\/p>\n\n\n\n<p>\u00bfPor qu\u00e9 es clave la transformaci\u00f3n?<\/p>\n\n\n\n<p><em>Porque la adquisici\u00f3n de competencias innovadoras y emprendedoras implica una transformaci\u00f3n personal. Que, a su vez, impulsa una transformaci\u00f3n colectiva &#8211; social, econ\u00f3mica y cultural.<\/em><\/p>\n\n\n\n<p>\u00bfPor qu\u00e9 es importante la cooperaci\u00f3n?<\/p>\n\n\n\n<p><em>Porque la cooperaci\u00f3n tiene un efecto multiplicador. El capital relacional (personas y entidades) es necesario para lograr un Ecosistema de Innovaci\u00f3n y Emprendimiento que funcione y tenga \u00e9xito.<\/em><\/p>\n<p><span class='st_facebook_buttons' st_title='I+E+t' st_url='https:\/\/blogs.deusto.es\/iedeusto\/iet\/' displayText='facebook'><\/span><span st_via='deustoDEC' st_username='deustoDEC' class='st_twitter_buttons' st_title='I+E+t' st_url='https:\/\/blogs.deusto.es\/iedeusto\/iet\/' displayText='twitter'><\/span><span class='st_email_buttons' st_title='I+E+t' st_url='https:\/\/blogs.deusto.es\/iedeusto\/iet\/' displayText='email'><\/span><span class='st_fblike_buttons' st_title='I+E+t' st_url='https:\/\/blogs.deusto.es\/iedeusto\/iet\/' displayText='fblike'><\/span><span class='st_plusone_buttons' st_title='I+E+t' st_url='https:\/\/blogs.deusto.es\/iedeusto\/iet\/' displayText='plusone'><\/span><span class='st_pinterest_buttons' st_title='I+E+t' st_url='https:\/\/blogs.deusto.es\/iedeusto\/iet\/' displayText='pinterest'><\/span><span class='st_sharethis_buttons' st_title='I+E+t' st_url='https:\/\/blogs.deusto.es\/iedeusto\/iet\/' displayText='sharethis'><\/span><\/p>","protected":false},"excerpt":{"rendered":"<p>De la era del cambio, al cambio de era. Vivimos en la era I+D+i. La era del cambio. De la aceleraci\u00f3n. De una revoluci\u00f3n sin precedentes. Estamos en las puertas de un cambio de era. En un mundo que plantea cada vez m\u00e1s retos. Retos cada vez m\u00e1s globales. Retos que requieren soluciones, cambios \u2026 [&hellip;]<\/p>\n<p><span class='st_facebook_buttons' st_title='I+E+t' st_url='https:\/\/blogs.deusto.es\/iedeusto\/iet\/' displayText='facebook'><\/span><span st_via='deustoDEC' st_username='deustoDEC' class='st_twitter_buttons' st_title='I+E+t' st_url='https:\/\/blogs.deusto.es\/iedeusto\/iet\/' displayText='twitter'><\/span><span class='st_email_buttons' st_title='I+E+t' st_url='https:\/\/blogs.deusto.es\/iedeusto\/iet\/' displayText='email'><\/span><span class='st_fblike_buttons' st_title='I+E+t' st_url='https:\/\/blogs.deusto.es\/iedeusto\/iet\/' displayText='fblike'><\/span><span class='st_plusone_buttons' st_title='I+E+t' st_url='https:\/\/blogs.deusto.es\/iedeusto\/iet\/' displayText='plusone'><\/span><span class='st_pinterest_buttons' st_title='I+E+t' st_url='https:\/\/blogs.deusto.es\/iedeusto\/iet\/' displayText='pinterest'><\/span><span class='st_sharethis_buttons' st_title='I+E+t' st_url='https:\/\/blogs.deusto.es\/iedeusto\/iet\/' displayText='sharethis'><\/span><\/p>","protected":false},"author":52,"featured_media":0,"parent":0,"menu_order":0,"comment_status":"closed","ping_status":"closed","template":"","meta":{"site-sidebar-layout":"default","site-content-layout":"","ast-site-content-layout":"default","site-content-style":"default","site-sidebar-style":"default","ast-global-header-display":"","ast-banner-title-visibility":"","ast-main-header-display":"","ast-hfb-above-header-display":"","ast-hfb-below-header-display":"","ast-hfb-mobile-header-display":"","site-post-title":"","ast-breadcrumbs-content":"","ast-featured-img":"","footer-sml-layout":"","ast-disable-related-posts":"","theme-transparent-header-meta":"","adv-header-id-meta":"","stick-header-meta":"","header-above-stick-meta":"","header-main-stick-meta":"","header-below-stick-meta":"","astra-migrate-meta-layouts":"set","ast-page-background-enabled":"default","ast-page-background-meta":{"desktop":{"background-color":"var(--ast-global-color-4)","background-image":"","background-repeat":"repeat","background-position":"center center","background-size":"auto","background-attachment":"scroll","background-type":"","background-media":"","overlay-type":"","overlay-color":"","overlay-opacity":"","overlay-gradient":""},"tablet":{"background-color":"","background-image":"","background-repeat":"repeat","background-position":"center center","background-size":"auto","background-attachment":"scroll","background-type":"","background-media":"","overlay-type":"","overlay-color":"","overlay-opacity":"","overlay-gradient":""},"mobile":{"background-color":"","background-image":"","background-repeat":"repeat","background-position":"center center","background-size":"auto","background-attachment":"scroll","background-type":"","background-media":"","overlay-type":"","overlay-color":"","overlay-opacity":"","overlay-gradient":""}},"ast-content-background-meta":{"desktop":{"background-color":"var(--ast-global-color-5)","background-image":"","background-repeat":"repeat","background-position":"center center","background-size":"auto","background-attachment":"scroll","background-type":"","background-media":"","overlay-type":"","overlay-color":"","overlay-opacity":"","overlay-gradient":""},"tablet":{"background-color":"var(--ast-global-color-5)","background-image":"","background-repeat":"repeat","background-position":"center center","background-size":"auto","background-attachment":"scroll","background-type":"","background-media":"","overlay-type":"","overlay-color":"","overlay-opacity":"","overlay-gradient":""},"mobile":{"background-color":"var(--ast-global-color-5)","background-image":"","background-repeat":"repeat","background-position":"center center","background-size":"auto","background-attachment":"scroll","background-type":"","background-media":"","overlay-type":"","overlay-color":"","overlay-opacity":"","overlay-gradient":""}},"footnotes":""},"class_list":["post-17647","page","type-page","status-publish","hentry"],"aioseo_notices":[],"_links":{"self":[{"href":"https:\/\/blogs.deusto.es\/iedeusto\/wp-json\/wp\/v2\/pages\/17647","targetHints":{"allow":["GET"]}}],"collection":[{"href":"https:\/\/blogs.deusto.es\/iedeusto\/wp-json\/wp\/v2\/pages"}],"about":[{"href":"https:\/\/blogs.deusto.es\/iedeusto\/wp-json\/wp\/v2\/types\/page"}],"author":[{"embeddable":true,"href":"https:\/\/blogs.deusto.es\/iedeusto\/wp-json\/wp\/v2\/users\/52"}],"replies":[{"embeddable":true,"href":"https:\/\/blogs.deusto.es\/iedeusto\/wp-json\/wp\/v2\/comments?post=17647"}],"version-history":[{"count":15,"href":"https:\/\/blogs.deusto.es\/iedeusto\/wp-json\/wp\/v2\/pages\/17647\/revisions"}],"predecessor-version":[{"id":18950,"href":"https:\/\/blogs.deusto.es\/iedeusto\/wp-json\/wp\/v2\/pages\/17647\/revisions\/18950"}],"wp:attachment":[{"href":"https:\/\/blogs.deusto.es\/iedeusto\/wp-json\/wp\/v2\/media?parent=17647"}],"curies":[{"name":"wp","href":"https:\/\/api.w.org\/{rel}","templated":true}]}}