{"id":17649,"date":"2023-07-06T08:56:49","date_gmt":"2023-07-06T06:56:49","guid":{"rendered":"https:\/\/preblogs.deusto.es\/iedeusto\/?page_id=17649"},"modified":"2023-07-06T08:56:52","modified_gmt":"2023-07-06T06:56:52","slug":"innovacion","status":"publish","type":"page","link":"https:\/\/blogs.deusto.es\/iedeusto\/innovacion\/","title":{"rendered":"Innovaci\u00f3n"},"content":{"rendered":"\n<p>En un entorno din\u00e1mico y cambiante, la innovaci\u00f3n se ha convertido en el motor principal del progreso y el \u00e9xito en todos los \u00e1mbitos de la sociedad. Desde Deusto Emprende tenemos la convicci\u00f3n de que la innovaci\u00f3n es mucho m\u00e1s que un concepto que est\u00e1 en auge; es el combustible que impulsa el crecimiento, la transformaci\u00f3n y la mejora continua.&nbsp;<\/p>\n\n\n\n<p>Participamos en proyectos de investigaci\u00f3n y cocreaci\u00f3n, en colaboraci\u00f3n con el resto de agentes del ecosistema a nivel local, nacional e internacional, un puente para conectar y seguir creciendo y convertirse en referentes del sector.&nbsp;<\/p>\n\n\n\n<p>A continuaci\u00f3n presentamos distintos actividades y proyectos que estamos llevando a cabo en materia de innovaci\u00f3n:&nbsp;<\/p>\n\n\n\n<h3 class=\"wp-block-heading\"><strong>Deusto Conversaciones Innovaci\u00f3n&nbsp;<\/strong><\/h3>\n\n\n\n<p>Con el fin de sensibilizar a la sociedad y tratar distintos conceptos y tem\u00e1ticas en relaci\u00f3n con la \u2018Innovaci\u00f3n\u2019, hemos creado una serie de v\u00eddeos bajo el nombre de \u2018Deusto Conversaciones Innovaci\u00f3n.&nbsp;<\/p>\n\n\n\n<p>Para esta primera temporada, Garbi\u00f1e Henry, Directora de Innovaci\u00f3n y Emprendimiento de la Universidad de Deusto conversa acerca de distintos aspectos con Jos\u00e9 Luis Larrea, Presidente del Consejo Asesor de Deusto Social Lab y miembro del Consejo de Gobierno de la Universidad de Deusto.&nbsp;<br><br><\/p>\n\n\n\n<div class=\"wp-block-columns is-layout-flex wp-container-core-columns-is-layout-28f84493 wp-block-columns-is-layout-flex\">\n<div class=\"wp-block-column is-layout-flow wp-block-column-is-layout-flow\">\n<figure class=\"wp-block-embed is-type-video is-provider-youtube wp-block-embed-youtube wp-embed-aspect-16-9 wp-has-aspect-ratio\"><div class=\"wp-block-embed__wrapper\">\n <iframe title=\"Deusto Conversaciones Innovaci\u00f3n. El valor de la palabra (Jos\u00e9 Luis Larrea)\" width=\"500\" height=\"281\" src=\"https:\/\/www.youtube.com\/embed\/Am913BrItJM?feature=oembed&#038;enablejsapi=1&#038;origin=https:\/\/blogs.deusto.es\" frameborder=\"0\" allow=\"accelerometer; autoplay; clipboard-write; encrypted-media; gyroscope; picture-in-picture; web-share\" referrerpolicy=\"strict-origin-when-cross-origin\" allowfullscreen><\/iframe>\n<\/div><figcaption>El valor de la palabra<\/figcaption><\/figure>\n<\/div>\n\n\n\n<div class=\"wp-block-column is-layout-flow wp-block-column-is-layout-flow\">\n<figure class=\"wp-block-embed is-type-video is-provider-youtube wp-block-embed-youtube wp-embed-aspect-16-9 wp-has-aspect-ratio\"><div class=\"wp-block-embed__wrapper\">\n<iframe title=\"Deusto Conversaciones Innovaci\u00f3n. 1.\u00aa Ley de la Innovaci\u00f3n (Jos\u00e9 Luis Larrea)\" width=\"500\" height=\"281\" src=\"https:\/\/www.youtube.com\/embed\/yOBNXu2l3Yw?feature=oembed&#038;enablejsapi=1&#038;origin=https:\/\/blogs.deusto.es\" frameborder=\"0\" allow=\"accelerometer; autoplay; clipboard-write; encrypted-media; gyroscope; picture-in-picture; web-share\" referrerpolicy=\"strict-origin-when-cross-origin\" allowfullscreen><\/iframe>\n<\/div><figcaption>1.\u00aa Ley de la Innovaci\u00f3n<\/figcaption><\/figure>\n<\/div>\n\n\n\n<div class=\"wp-block-column is-layout-flow wp-block-column-is-layout-flow\">\n<figure class=\"wp-block-embed is-type-video is-provider-youtube wp-block-embed-youtube wp-embed-aspect-16-9 wp-has-aspect-ratio\"><div class=\"wp-block-embed__wrapper\">\n<iframe title=\"Deusto Conversaciones Innovaci\u00f3n. 2.\u00aa Ley de la Innovaci\u00f3n (Jos\u00e9 Luis Larrea)\" width=\"500\" height=\"281\" src=\"https:\/\/www.youtube.com\/embed\/ILS47wsGkOQ?feature=oembed&#038;enablejsapi=1&#038;origin=https:\/\/blogs.deusto.es\" frameborder=\"0\" allow=\"accelerometer; autoplay; clipboard-write; encrypted-media; gyroscope; picture-in-picture; web-share\" referrerpolicy=\"strict-origin-when-cross-origin\" allowfullscreen><\/iframe>\n<\/div><figcaption>2.\u00aa Ley de la Innovaci\u00f3n<\/figcaption><\/figure>\n<\/div>\n<\/div>\n\n\n\n<div class=\"wp-block-columns is-layout-flex wp-container-core-columns-is-layout-28f84493 wp-block-columns-is-layout-flex\">\n<div class=\"wp-block-column is-layout-flow wp-block-column-is-layout-flow\">\n<figure class=\"wp-block-embed is-type-video is-provider-youtube wp-block-embed-youtube wp-embed-aspect-16-9 wp-has-aspect-ratio\"><div class=\"wp-block-embed__wrapper\">\n<iframe title=\"Deusto Conversaciones Innovaci\u00f3n. 4.\u00aa Ley de la Innovaci\u00f3n (Jos\u00e9 Luis Larrea)\" width=\"500\" height=\"281\" src=\"https:\/\/www.youtube.com\/embed\/lR5UVtg4c8E?feature=oembed&#038;enablejsapi=1&#038;origin=https:\/\/blogs.deusto.es\" frameborder=\"0\" allow=\"accelerometer; autoplay; clipboard-write; encrypted-media; gyroscope; picture-in-picture; web-share\" referrerpolicy=\"strict-origin-when-cross-origin\" allowfullscreen><\/iframe>\n<\/div><figcaption>3.\u00aa Ley de la innovaci\u00f3n<\/figcaption><\/figure>\n<\/div>\n\n\n\n<div class=\"wp-block-column is-layout-flow wp-block-column-is-layout-flow\">\n<figure class=\"wp-block-embed is-type-video is-provider-youtube wp-block-embed-youtube wp-embed-aspect-16-9 wp-has-aspect-ratio\"><div class=\"wp-block-embed__wrapper\">\n<iframe title=\"Deusto Conversaciones Innovaci\u00f3n. 4.\u00aa Ley de la Innovaci\u00f3n (Jos\u00e9 Luis Larrea)\" width=\"500\" height=\"281\" src=\"https:\/\/www.youtube.com\/embed\/lR5UVtg4c8E?feature=oembed&#038;enablejsapi=1&#038;origin=https:\/\/blogs.deusto.es\" frameborder=\"0\" allow=\"accelerometer; autoplay; clipboard-write; encrypted-media; gyroscope; picture-in-picture; web-share\" referrerpolicy=\"strict-origin-when-cross-origin\" allowfullscreen><\/iframe>\n<\/div><figcaption>4.\u00aa Ley de la Innovaci\u00f3n<\/figcaption><\/figure>\n<\/div>\n\n\n\n<div class=\"wp-block-column is-layout-flow wp-block-column-is-layout-flow\">\n<figure class=\"wp-block-embed is-type-video is-provider-youtube wp-block-embed-youtube wp-embed-aspect-16-9 wp-has-aspect-ratio\"><div class=\"wp-block-embed__wrapper\">\n<iframe title=\"Deusto Conversaciones Innovaci\u00f3n. 5.\u00aa Ley de la Innovaci\u00f3n (Jos\u00e9 Luis Larrea)\" width=\"500\" height=\"281\" src=\"https:\/\/www.youtube.com\/embed\/8mex_vZhvZg?feature=oembed&#038;enablejsapi=1&#038;origin=https:\/\/blogs.deusto.es\" frameborder=\"0\" allow=\"accelerometer; autoplay; clipboard-write; encrypted-media; gyroscope; picture-in-picture; web-share\" referrerpolicy=\"strict-origin-when-cross-origin\" allowfullscreen><\/iframe>\n<\/div><figcaption>5.\u00aa Ley de la Innovaci\u00f3n<\/figcaption><\/figure>\n<\/div>\n<\/div>\n\n\n\n<div class=\"wp-block-columns is-layout-flex wp-container-core-columns-is-layout-28f84493 wp-block-columns-is-layout-flex\">\n<div class=\"wp-block-column is-layout-flow wp-block-column-is-layout-flow\">\n<figure class=\"wp-block-embed is-type-video is-provider-youtube wp-block-embed-youtube wp-embed-aspect-16-9 wp-has-aspect-ratio\"><div class=\"wp-block-embed__wrapper\">\n<iframe title=\"Deusto Conversaciones Innovaci\u00f3n. El arte de compartir y la innovaci\u00f3n (Jos\u00e9 Luis Larrea)\" width=\"500\" height=\"281\" src=\"https:\/\/www.youtube.com\/embed\/0wfUxBfFx0U?feature=oembed&#038;enablejsapi=1&#038;origin=https:\/\/blogs.deusto.es\" frameborder=\"0\" allow=\"accelerometer; autoplay; clipboard-write; encrypted-media; gyroscope; picture-in-picture; web-share\" referrerpolicy=\"strict-origin-when-cross-origin\" allowfullscreen><\/iframe>\n<\/div><figcaption>El arte de compartir y la innovaci\u00f3n<\/figcaption><\/figure>\n<\/div>\n\n\n\n<div class=\"wp-block-column is-layout-flow wp-block-column-is-layout-flow\">\n<figure class=\"wp-block-embed is-type-video is-provider-youtube wp-block-embed-youtube wp-embed-aspect-16-9 wp-has-aspect-ratio\"><div class=\"wp-block-embed__wrapper\">\n<iframe title=\"Deusto Conversaciones Innovaci\u00f3n. Dificultades para abordar el cambio, transformaci\u00f3n e innovaci\u00f3n\" width=\"500\" height=\"281\" src=\"https:\/\/www.youtube.com\/embed\/SUX0TYU7wcY?feature=oembed&#038;enablejsapi=1&#038;origin=https:\/\/blogs.deusto.es\" frameborder=\"0\" allow=\"accelerometer; autoplay; clipboard-write; encrypted-media; gyroscope; picture-in-picture; web-share\" referrerpolicy=\"strict-origin-when-cross-origin\" allowfullscreen><\/iframe>\n<\/div><figcaption>Dificultades para abordar el cambio, transformaci\u00f3n e innovaci\u00f3n<\/figcaption><\/figure>\n<\/div>\n\n\n\n<div class=\"wp-block-column is-layout-flow wp-block-column-is-layout-flow\">\n<figure class=\"wp-block-embed is-type-video is-provider-youtube wp-block-embed-youtube wp-embed-aspect-16-9 wp-has-aspect-ratio\"><div class=\"wp-block-embed__wrapper\">\n<iframe title=\"Deusto Conversaciones Innovaci\u00f3n. El nuevo paradigma relacional y la innovaci\u00f3n (Jos\u00e9 Luis Larrea)\" width=\"500\" height=\"281\" src=\"https:\/\/www.youtube.com\/embed\/4FXGObapDNw?feature=oembed&#038;enablejsapi=1&#038;origin=https:\/\/blogs.deusto.es\" frameborder=\"0\" allow=\"accelerometer; autoplay; clipboard-write; encrypted-media; gyroscope; picture-in-picture; web-share\" referrerpolicy=\"strict-origin-when-cross-origin\" allowfullscreen><\/iframe>\n<\/div><figcaption>El nuevo paradigma relacional y la innovaci\u00f3n<\/figcaption><\/figure>\n<\/div>\n<\/div>\n\n\n\n<div class=\"wp-block-columns is-layout-flex wp-container-core-columns-is-layout-28f84493 wp-block-columns-is-layout-flex\">\n<div class=\"wp-block-column is-layout-flow wp-block-column-is-layout-flow\">\n<figure class=\"wp-block-embed is-type-video is-provider-youtube wp-block-embed-youtube wp-embed-aspect-16-9 wp-has-aspect-ratio\"><div class=\"wp-block-embed__wrapper\">\n<iframe title=\"Deusto Conversaciones Innovaci\u00f3n. Un mundo en transformaci\u00f3n (Jos\u00e9 Luis Larrea)\" width=\"500\" height=\"281\" src=\"https:\/\/www.youtube.com\/embed\/IeqhJvn1f3s?feature=oembed&#038;enablejsapi=1&#038;origin=https:\/\/blogs.deusto.es\" frameborder=\"0\" allow=\"accelerometer; autoplay; clipboard-write; encrypted-media; gyroscope; picture-in-picture; web-share\" referrerpolicy=\"strict-origin-when-cross-origin\" allowfullscreen><\/iframe>\n<\/div><figcaption>Un mundo en transformaci\u00f3n<\/figcaption><\/figure>\n<\/div>\n\n\n\n<div class=\"wp-block-column is-layout-flow wp-block-column-is-layout-flow\"><\/div>\n\n\n\n<div class=\"wp-block-column is-layout-flow wp-block-column-is-layout-flow\"><\/div>\n<\/div>\n\n\n\n<h3 class=\"wp-block-heading\"><strong>Acompa\u00f1amiento a proyectos de intraemprendimiento&nbsp;<\/strong><\/h3>\n\n\n\n<p>En el marco del M\u00e1ster Dual en Emprendimiento en Acci\u00f3n, ofrecemos orientaci\u00f3n y acompa\u00f1amiento a distintos proyectos de intraemprendimiento que est\u00e1n en fase de dise\u00f1o y ejecuci\u00f3n. Para ello, utilizamos herramientas y metodolog\u00edas de trabajo como la \u2018Design Thinking\u2019 o la Metodolog\u00eda AGILE.<\/p>\n\n\n\n<p>Descubre m\u00e1s acerca del M\u00e1ster Dual en Emprendimiento en Acci\u00f3n <a href=\"https:\/\/www.deusto.es\/es\/inicio\/estudia\/estudios\/master-propio\/master-dual-emprendimiento-accion\">aqu\u00ed<\/a>.&nbsp;<\/p>\n<p><span class='st_facebook_buttons' st_title='Innovaci\u00f3n' st_url='https:\/\/blogs.deusto.es\/iedeusto\/innovacion\/' displayText='facebook'><\/span><span st_via='deustoDEC' st_username='deustoDEC' class='st_twitter_buttons' st_title='Innovaci\u00f3n' st_url='https:\/\/blogs.deusto.es\/iedeusto\/innovacion\/' displayText='twitter'><\/span><span class='st_email_buttons' st_title='Innovaci\u00f3n' st_url='https:\/\/blogs.deusto.es\/iedeusto\/innovacion\/' displayText='email'><\/span><span class='st_fblike_buttons' st_title='Innovaci\u00f3n' st_url='https:\/\/blogs.deusto.es\/iedeusto\/innovacion\/' displayText='fblike'><\/span><span class='st_plusone_buttons' st_title='Innovaci\u00f3n' st_url='https:\/\/blogs.deusto.es\/iedeusto\/innovacion\/' displayText='plusone'><\/span><span class='st_pinterest_buttons' st_title='Innovaci\u00f3n' st_url='https:\/\/blogs.deusto.es\/iedeusto\/innovacion\/' displayText='pinterest'><\/span><span class='st_sharethis_buttons' st_title='Innovaci\u00f3n' st_url='https:\/\/blogs.deusto.es\/iedeusto\/innovacion\/' displayText='sharethis'><\/span><\/p>","protected":false},"excerpt":{"rendered":"<p>En un entorno din\u00e1mico y cambiante, la innovaci\u00f3n se ha convertido en el motor principal del progreso y el \u00e9xito en todos los \u00e1mbitos de la sociedad. Desde Deusto Emprende tenemos la convicci\u00f3n de que la innovaci\u00f3n es mucho m\u00e1s que un concepto que est\u00e1 en auge; es el combustible que impulsa el crecimiento, la [&hellip;]<\/p>\n<p><span class='st_facebook_buttons' st_title='Innovaci\u00f3n' st_url='https:\/\/blogs.deusto.es\/iedeusto\/innovacion\/' displayText='facebook'><\/span><span st_via='deustoDEC' st_username='deustoDEC' class='st_twitter_buttons' st_title='Innovaci\u00f3n' st_url='https:\/\/blogs.deusto.es\/iedeusto\/innovacion\/' displayText='twitter'><\/span><span class='st_email_buttons' st_title='Innovaci\u00f3n' st_url='https:\/\/blogs.deusto.es\/iedeusto\/innovacion\/' displayText='email'><\/span><span class='st_fblike_buttons' st_title='Innovaci\u00f3n' st_url='https:\/\/blogs.deusto.es\/iedeusto\/innovacion\/' displayText='fblike'><\/span><span class='st_plusone_buttons' st_title='Innovaci\u00f3n' st_url='https:\/\/blogs.deusto.es\/iedeusto\/innovacion\/' displayText='plusone'><\/span><span class='st_pinterest_buttons' st_title='Innovaci\u00f3n' st_url='https:\/\/blogs.deusto.es\/iedeusto\/innovacion\/' displayText='pinterest'><\/span><span class='st_sharethis_buttons' st_title='Innovaci\u00f3n' st_url='https:\/\/blogs.deusto.es\/iedeusto\/innovacion\/' displayText='sharethis'><\/span><\/p>","protected":false},"author":52,"featured_media":0,"parent":0,"menu_order":0,"comment_status":"closed","ping_status":"closed","template":"","meta":{"site-sidebar-layout":"default","site-content-layout":"","ast-site-content-layout":"default","site-content-style":"default","site-sidebar-style":"default","ast-global-header-display":"","ast-banner-title-visibility":"","ast-main-header-display":"","ast-hfb-above-header-display":"","ast-hfb-below-header-display":"","ast-hfb-mobile-header-display":"","site-post-title":"","ast-breadcrumbs-content":"","ast-featured-img":"","footer-sml-layout":"","theme-transparent-header-meta":"","adv-header-id-meta":"","stick-header-meta":"","header-above-stick-meta":"","header-main-stick-meta":"","header-below-stick-meta":"","astra-migrate-meta-layouts":"default","ast-page-background-enabled":"default","ast-page-background-meta":{"desktop":{"background-color":"var(--ast-global-color-4)","background-image":"","background-repeat":"repeat","background-position":"center center","background-size":"auto","background-attachment":"scroll","background-type":"","background-media":"","overlay-type":"","overlay-color":"","overlay-opacity":"","overlay-gradient":""},"tablet":{"background-color":"","background-image":"","background-repeat":"repeat","background-position":"center center","background-size":"auto","background-attachment":"scroll","background-type":"","background-media":"","overlay-type":"","overlay-color":"","overlay-opacity":"","overlay-gradient":""},"mobile":{"background-color":"","background-image":"","background-repeat":"repeat","background-position":"center center","background-size":"auto","background-attachment":"scroll","background-type":"","background-media":"","overlay-type":"","overlay-color":"","overlay-opacity":"","overlay-gradient":""}},"ast-content-background-meta":{"desktop":{"background-color":"var(--ast-global-color-5)","background-image":"","background-repeat":"repeat","background-position":"center center","background-size":"auto","background-attachment":"scroll","background-type":"","background-media":"","overlay-type":"","overlay-color":"","overlay-opacity":"","overlay-gradient":""},"tablet":{"background-color":"var(--ast-global-color-5)","background-image":"","background-repeat":"repeat","background-position":"center center","background-size":"auto","background-attachment":"scroll","background-type":"","background-media":"","overlay-type":"","overlay-color":"","overlay-opacity":"","overlay-gradient":""},"mobile":{"background-color":"var(--ast-global-color-5)","background-image":"","background-repeat":"repeat","background-position":"center center","background-size":"auto","background-attachment":"scroll","background-type":"","background-media":"","overlay-type":"","overlay-color":"","overlay-opacity":"","overlay-gradient":""}},"footnotes":""},"class_list":["post-17649","page","type-page","status-publish","hentry"],"aioseo_notices":[],"_links":{"self":[{"href":"https:\/\/blogs.deusto.es\/iedeusto\/wp-json\/wp\/v2\/pages\/17649","targetHints":{"allow":["GET"]}}],"collection":[{"href":"https:\/\/blogs.deusto.es\/iedeusto\/wp-json\/wp\/v2\/pages"}],"about":[{"href":"https:\/\/blogs.deusto.es\/iedeusto\/wp-json\/wp\/v2\/types\/page"}],"author":[{"embeddable":true,"href":"https:\/\/blogs.deusto.es\/iedeusto\/wp-json\/wp\/v2\/users\/52"}],"replies":[{"embeddable":true,"href":"https:\/\/blogs.deusto.es\/iedeusto\/wp-json\/wp\/v2\/comments?post=17649"}],"version-history":[{"count":5,"href":"https:\/\/blogs.deusto.es\/iedeusto\/wp-json\/wp\/v2\/pages\/17649\/revisions"}],"predecessor-version":[{"id":17954,"href":"https:\/\/blogs.deusto.es\/iedeusto\/wp-json\/wp\/v2\/pages\/17649\/revisions\/17954"}],"wp:attachment":[{"href":"https:\/\/blogs.deusto.es\/iedeusto\/wp-json\/wp\/v2\/media?parent=17649"}],"curies":[{"name":"wp","href":"https:\/\/api.w.org\/{rel}","templated":true}]}}