{"id":17666,"date":"2023-07-06T08:55:46","date_gmt":"2023-07-06T06:55:46","guid":{"rendered":"https:\/\/preblogs.deusto.es\/iedeusto\/?page_id=17666"},"modified":"2023-07-06T16:54:45","modified_gmt":"2023-07-06T14:54:45","slug":"creer","status":"publish","type":"page","link":"https:\/\/blogs.deusto.es\/iedeusto\/creer\/","title":{"rendered":"Creer"},"content":{"rendered":"\n<div class=\"inherit-container-width wp-block-group alignwide is-layout-constrained wp-block-group-is-layout-constrained\"><div class=\"wp-block-group__inner-container\">\n<div class=\"wp-block-query alignfull is-layout-flow wp-block-query-is-layout-flow\"><ul class=\"is-flex-container columns-3 wp-block-post-template is-layout-flow wp-block-post-template-is-layout-flow\"><li class=\"wp-block-post post-21083 post type-post status-publish format-standard has-post-thumbnail hentry category-creer category-deusto-emprende-2026 category-estudiantes category-taller tag-creatividad tag-emprendimiento tag-estudiantes tag-formacion tag-innogune tag-innovacion tag-universidad-de-deusto\">\n\n<div class=\"inherit-container-width wp-block-group alignwide is-layout-constrained wp-container-core-group-is-layout-63b382b2 wp-block-group-is-layout-constrained\" style=\"padding-top:30px;padding-right:30px;padding-bottom:30px;padding-left:30px\"><div class=\"wp-block-group__inner-container\"><figure class=\"wp-block-post-featured-image\"><img fetchpriority=\"high\" decoding=\"async\" width=\"2560\" height=\"1182\" src=\"https:\/\/blogs.deusto.es\/wp-content\/uploads\/sites\/27\/2026\/03\/20260313_103000-1-scaled.jpg\" class=\"attachment-post-thumbnail size-post-thumbnail wp-post-image\" alt=\"\" style=\"object-fit:cover;\" srcset=\"https:\/\/blogs.deusto.es\/wp-content\/uploads\/sites\/27\/2026\/03\/20260313_103000-1-scaled.jpg 2560w, https:\/\/blogs.deusto.es\/wp-content\/uploads\/sites\/27\/2026\/03\/20260313_103000-1-300x139.jpg 300w, https:\/\/blogs.deusto.es\/wp-content\/uploads\/sites\/27\/2026\/03\/20260313_103000-1-1024x473.jpg 1024w, https:\/\/blogs.deusto.es\/wp-content\/uploads\/sites\/27\/2026\/03\/20260313_103000-1-768x355.jpg 768w, https:\/\/blogs.deusto.es\/wp-content\/uploads\/sites\/27\/2026\/03\/20260313_103000-1-1536x709.jpg 1536w, https:\/\/blogs.deusto.es\/wp-content\/uploads\/sites\/27\/2026\/03\/20260313_103000-1-2048x946.jpg 2048w\" sizes=\"(max-width: 2560px) 100vw, 2560px\" \/><\/figure>\n\n<h2 class=\"wp-block-post-title has-medium-font-size\"><a href=\"https:\/\/blogs.deusto.es\/iedeusto\/impulsando-la-creatividad-en-el-aula\/\" target=\"_self\" >Impulsando el emprendimiento, la innovaci\u00f3n y la creatividad entre estudiantes de la Deusto Business School<\/a><\/h2>\n\n<div style=\"font-size:16px;\" class=\"wp-block-post-excerpt\"><p class=\"wp-block-post-excerpt__excerpt\">El pasado viernes 13 de marzo, Deusto Emprende llev\u00f3 a cabo un taller de creatividad e innovaci\u00f3n en el campus de Donosti de la Universidad de Deusto, dirigido a m\u00e1s de 120 estudiantes de Deusto Business School. La sesi\u00f3n fue dinamizada por Elene Susperregi Telletxea y Mikel Korta Esnal, quienes guiaron al alumnado a trav\u00e9s&hellip; <\/p><\/div><\/div><\/div>\n\n<\/li><li class=\"wp-block-post post-21023 post type-post status-publish format-standard has-post-thumbnail hentry category-creer category-deusto-emprende-2026 category-estudiantes category-personas-emprendedoras category-semana-deusto-emprende-2025 tag-emprendimiento tag-innovacion tag-universidad-de-deusto\">\n\n<div class=\"inherit-container-width wp-block-group alignwide is-layout-constrained wp-container-core-group-is-layout-63b382b2 wp-block-group-is-layout-constrained\" style=\"padding-top:30px;padding-right:30px;padding-bottom:30px;padding-left:30px\"><div class=\"wp-block-group__inner-container\"><figure class=\"wp-block-post-featured-image\"><img decoding=\"async\" width=\"2500\" height=\"1663\" src=\"https:\/\/blogs.deusto.es\/wp-content\/uploads\/sites\/27\/2026\/03\/Z621432-1.png\" class=\"attachment-post-thumbnail size-post-thumbnail wp-post-image\" alt=\"\" style=\"object-fit:cover;\" srcset=\"https:\/\/blogs.deusto.es\/wp-content\/uploads\/sites\/27\/2026\/03\/Z621432-1.png 2500w, https:\/\/blogs.deusto.es\/wp-content\/uploads\/sites\/27\/2026\/03\/Z621432-1-300x200.png 300w, https:\/\/blogs.deusto.es\/wp-content\/uploads\/sites\/27\/2026\/03\/Z621432-1-1024x681.png 1024w, https:\/\/blogs.deusto.es\/wp-content\/uploads\/sites\/27\/2026\/03\/Z621432-1-768x511.png 768w, https:\/\/blogs.deusto.es\/wp-content\/uploads\/sites\/27\/2026\/03\/Z621432-1-1536x1022.png 1536w, https:\/\/blogs.deusto.es\/wp-content\/uploads\/sites\/27\/2026\/03\/Z621432-1-2048x1362.png 2048w\" sizes=\"(max-width: 2500px) 100vw, 2500px\" \/><\/figure>\n\n<h2 class=\"wp-block-post-title has-medium-font-size\"><a href=\"https:\/\/blogs.deusto.es\/iedeusto\/entrega-de-los-premios-deusto-emprende-2025\/\" target=\"_self\" >Entrega de los Premios Deusto Emprende 2025<\/a><\/h2>\n\n<div style=\"font-size:16px;\" class=\"wp-block-post-excerpt\"><p class=\"wp-block-post-excerpt__excerpt\">El pasado viernes, 27 de febrero, celebramos la entrega de los Premios Deusto Emprende 2025, un encuentro con el que pusimos el broche final a la Semana Deusto Emprende 2025. Un acto que, m\u00e1s all\u00e1 de la entrega de premios, sirvi\u00f3 para reconocer la participaci\u00f3n y el compromiso de toda la comunidad universitaria en las&hellip; <\/p><\/div><\/div><\/div>\n\n<\/li><li class=\"wp-block-post post-21007 post type-post status-publish format-standard has-post-thumbnail hentry category-creer tag-creer tag-emprendimiento tag-estudiantes tag-formacion tag-innogune tag-innovacion tag-innovacion-social-2 tag-universidad-de-deusto\">\n\n<div class=\"inherit-container-width wp-block-group alignwide is-layout-constrained wp-container-core-group-is-layout-63b382b2 wp-block-group-is-layout-constrained\" style=\"padding-top:30px;padding-right:30px;padding-bottom:30px;padding-left:30px\"><div class=\"wp-block-group__inner-container\"><figure class=\"wp-block-post-featured-image\"><img decoding=\"async\" width=\"800\" height=\"600\" src=\"https:\/\/blogs.deusto.es\/wp-content\/uploads\/sites\/27\/2026\/02\/1772029268459.jpg\" class=\"attachment-post-thumbnail size-post-thumbnail wp-post-image\" alt=\"\" style=\"object-fit:cover;\" srcset=\"https:\/\/blogs.deusto.es\/wp-content\/uploads\/sites\/27\/2026\/02\/1772029268459.jpg 800w, https:\/\/blogs.deusto.es\/wp-content\/uploads\/sites\/27\/2026\/02\/1772029268459-300x225.jpg 300w, https:\/\/blogs.deusto.es\/wp-content\/uploads\/sites\/27\/2026\/02\/1772029268459-768x576.jpg 768w\" sizes=\"(max-width: 800px) 100vw, 800px\" \/><\/figure>\n\n<h2 class=\"wp-block-post-title has-medium-font-size\"><a href=\"https:\/\/blogs.deusto.es\/iedeusto\/seguimos-acercando-la-cultura-innovadora-y-emprendedora-al-alumnado\/\" target=\"_self\" >\u00a1Seguimos acercando la cultura innovadora y emprendedora al alumnado!<\/a><\/h2>\n\n<div style=\"font-size:16px;\" class=\"wp-block-post-excerpt\"><p class=\"wp-block-post-excerpt__excerpt\">En el marco de la asignatura de Innovaci\u00f3n Social del grado en Comunicaci\u00f3n, el d\u00eda 24 de febrero contamos con la participaci\u00f3n de Garbi\u00f1e Henry, directora de innovaci\u00f3n y emprendimiento de la Universidad de Deusto. Esta sesi\u00f3n constituy\u00f3 un espacio de aprendizaje y reflexi\u00f3n sobre el papel de la innovaci\u00f3n en la transformaci\u00f3n social y&hellip; <\/p><\/div><\/div><\/div>\n\n<\/li><li class=\"wp-block-post post-20629 post type-post status-publish format-standard has-post-thumbnail hentry category-creer category-deusto-emprende-2025\">\n\n<div class=\"inherit-container-width wp-block-group alignwide is-layout-constrained wp-container-core-group-is-layout-63b382b2 wp-block-group-is-layout-constrained\" style=\"padding-top:30px;padding-right:30px;padding-bottom:30px;padding-left:30px\"><div class=\"wp-block-group__inner-container\"><figure class=\"wp-block-post-featured-image\"><img loading=\"lazy\" decoding=\"async\" width=\"2560\" height=\"1707\" src=\"https:\/\/blogs.deusto.es\/wp-content\/uploads\/sites\/27\/2025\/12\/54954906307_3a084a093d_o-1-scaled.jpg\" class=\"attachment-post-thumbnail size-post-thumbnail wp-post-image\" alt=\"\" style=\"object-fit:cover;\" srcset=\"https:\/\/blogs.deusto.es\/wp-content\/uploads\/sites\/27\/2025\/12\/54954906307_3a084a093d_o-1-scaled.jpg 2560w, https:\/\/blogs.deusto.es\/wp-content\/uploads\/sites\/27\/2025\/12\/54954906307_3a084a093d_o-1-300x200.jpg 300w, https:\/\/blogs.deusto.es\/wp-content\/uploads\/sites\/27\/2025\/12\/54954906307_3a084a093d_o-1-1024x683.jpg 1024w, https:\/\/blogs.deusto.es\/wp-content\/uploads\/sites\/27\/2025\/12\/54954906307_3a084a093d_o-1-768x512.jpg 768w, https:\/\/blogs.deusto.es\/wp-content\/uploads\/sites\/27\/2025\/12\/54954906307_3a084a093d_o-1-1536x1024.jpg 1536w, https:\/\/blogs.deusto.es\/wp-content\/uploads\/sites\/27\/2025\/12\/54954906307_3a084a093d_o-1-2048x1365.jpg 2048w\" sizes=\"(max-width: 2560px) 100vw, 2560px\" \/><\/figure>\n\n<h2 class=\"wp-block-post-title has-medium-font-size\"><a href=\"https:\/\/blogs.deusto.es\/iedeusto\/celebramos-la-iv-gala-deusto-santander-consolidando-nuestro-ecosistema-de-innovacion-y-emprendimiento\/\" target=\"_self\" >Celebramos la IV Gala Deusto-Santander, consolidando nuestro ecosistema de innovaci\u00f3n y emprendimiento<\/a><\/h2>\n\n<div style=\"font-size:16px;\" class=\"wp-block-post-excerpt\"><p class=\"wp-block-post-excerpt__excerpt\">La Universidad de Deusto acogi\u00f3 el mi\u00e9rcoles 26 de noviembre la IV Gala de Emprendimiento Deusto-Santander, un evento que reuni\u00f3 en un lugar emblem\u00e1tico y especial como lo es el Paraninfo a cerca de 200 asistentes. Entre ellos se encontraban estudiantes de ambos campus de Bilbao y Donostia-San Sebasti\u00e1n, facilitadores, ponentes y representantes de startups&hellip; <\/p><\/div><\/div><\/div>\n\n<\/li><li class=\"wp-block-post post-20729 post type-post status-publish format-standard has-post-thumbnail hentry category-creer category-deusto-emprende-2025 category-estudiantes category-semana-deusto-emprende-2025 tag-campus-bilbao tag-emprendedors-2 tag-emprendimiento tag-estudiantes tag-innovacion tag-semanadeustoemprende2025 tag-universidad-de-deusto\">\n\n<div class=\"inherit-container-width wp-block-group alignwide is-layout-constrained wp-container-core-group-is-layout-63b382b2 wp-block-group-is-layout-constrained\" style=\"padding-top:30px;padding-right:30px;padding-bottom:30px;padding-left:30px\"><div class=\"wp-block-group__inner-container\"><figure class=\"wp-block-post-featured-image\"><img loading=\"lazy\" decoding=\"async\" width=\"799\" height=\"532\" src=\"https:\/\/blogs.deusto.es\/wp-content\/uploads\/sites\/27\/2025\/12\/54956048850_474bc7c20c_c.jpg\" class=\"attachment-post-thumbnail size-post-thumbnail wp-post-image\" alt=\"\" style=\"object-fit:cover;\" srcset=\"https:\/\/blogs.deusto.es\/wp-content\/uploads\/sites\/27\/2025\/12\/54956048850_474bc7c20c_c.jpg 799w, https:\/\/blogs.deusto.es\/wp-content\/uploads\/sites\/27\/2025\/12\/54956048850_474bc7c20c_c-300x200.jpg 300w, https:\/\/blogs.deusto.es\/wp-content\/uploads\/sites\/27\/2025\/12\/54956048850_474bc7c20c_c-768x511.jpg 768w\" sizes=\"(max-width: 799px) 100vw, 799px\" \/><\/figure>\n\n<h2 class=\"wp-block-post-title has-medium-font-size\"><a href=\"https:\/\/blogs.deusto.es\/iedeusto\/semana-deusto-emprende-2025-actividades-y-exposiciones-en-el-claustro-del-auditorio\/\" target=\"_self\" >Semana Deusto Emprende 2025: Actividades y exposiciones en el Claustro del Auditorio<\/a><\/h2>\n\n<div style=\"font-size:16px;\" class=\"wp-block-post-excerpt\"><p class=\"wp-block-post-excerpt__excerpt\">La&nbsp;Universidad de Deusto&nbsp;ha concluido la Semana Deusto Emprende 2025 con una participaci\u00f3n de m\u00e1s de 2.000 personas, consolid\u00e1ndose como uno de los principales encuentros universitarios de innovaci\u00f3n y cultura emprendedora del entorno. La iniciativa, impulsada por&nbsp;Rural Kutxa&nbsp;y desarrollada en colaboraci\u00f3n con&nbsp;Eusko Jaurlaritza \u2013 Gobierno Vasco, se celebr\u00f3 entre el 17 y el 21 de noviembre&hellip; <\/p><\/div><\/div><\/div>\n\n<\/li><li class=\"wp-block-post post-20723 post type-post status-publish format-standard has-post-thumbnail hentry category-crecer-2 category-creer category-deusto-emprende-2025\">\n\n<div class=\"inherit-container-width wp-block-group alignwide is-layout-constrained wp-container-core-group-is-layout-63b382b2 wp-block-group-is-layout-constrained\" style=\"padding-top:30px;padding-right:30px;padding-bottom:30px;padding-left:30px\"><div class=\"wp-block-group__inner-container\"><figure class=\"wp-block-post-featured-image\"><img loading=\"lazy\" decoding=\"async\" width=\"2560\" height=\"1707\" src=\"https:\/\/blogs.deusto.es\/wp-content\/uploads\/sites\/27\/2025\/12\/DSC0070-2-scaled.jpg\" class=\"attachment-post-thumbnail size-post-thumbnail wp-post-image\" alt=\"\" style=\"object-fit:cover;\" srcset=\"https:\/\/blogs.deusto.es\/wp-content\/uploads\/sites\/27\/2025\/12\/DSC0070-2-scaled.jpg 2560w, https:\/\/blogs.deusto.es\/wp-content\/uploads\/sites\/27\/2025\/12\/DSC0070-2-300x200.jpg 300w, https:\/\/blogs.deusto.es\/wp-content\/uploads\/sites\/27\/2025\/12\/DSC0070-2-1024x683.jpg 1024w, https:\/\/blogs.deusto.es\/wp-content\/uploads\/sites\/27\/2025\/12\/DSC0070-2-768x512.jpg 768w, https:\/\/blogs.deusto.es\/wp-content\/uploads\/sites\/27\/2025\/12\/DSC0070-2-1536x1024.jpg 1536w, https:\/\/blogs.deusto.es\/wp-content\/uploads\/sites\/27\/2025\/12\/DSC0070-2-2048x1365.jpg 2048w\" sizes=\"(max-width: 2560px) 100vw, 2560px\" \/><\/figure>\n\n<h2 class=\"wp-block-post-title has-medium-font-size\"><a href=\"https:\/\/blogs.deusto.es\/iedeusto\/semana-deusto-emprende-2025-en-colaboracion-con-la-facultad-de-ciencias-sociales-y-humanas\/\" target=\"_self\" >Semana Deusto Emprende 2025 en colaboraci\u00f3n con la Facultad de Ciencias Sociales y Humanas<\/a><\/h2>\n\n<div style=\"font-size:16px;\" class=\"wp-block-post-excerpt\"><p class=\"wp-block-post-excerpt__excerpt\">En el marco de la Semana Deusto Emprende, hemos organizado diversos talleres con la Facultad de Ciencias Sociales y Humanas de la Universidad de Deusto, en los que m\u00e1s de 220 estudiantes de ambos campus han participado en siete tipos de talleres. Estos espacios han tenido como principal objetivo potenciar sus habilidades emprendedoras y creativas.&hellip; <\/p><\/div><\/div><\/div>\n\n<\/li><\/ul>\n\n<nav class=\"wp-block-query-pagination is-layout-flex wp-block-query-pagination-is-layout-flex\" aria-label=\"Paginaci\u00f3n\">\n\n\n<div class=\"wp-block-query-pagination-numbers\"><span aria-current=\"page\" class=\"page-numbers current\">1<\/span>\n<a class=\"page-numbers\" href=\"?query-28-page=2\">2<\/a>\n<a class=\"page-numbers\" href=\"?query-28-page=3\">3<\/a>\n<span class=\"page-numbers dots\">&hellip;<\/span>\n<a class=\"page-numbers\" href=\"?query-28-page=15\">15<\/a><\/div>\n\n<a href=\"\/iedeusto\/wp-json\/wp\/v2\/pages\/17666?query-28-page=2\" class=\"wp-block-query-pagination-next\">P\u00e1gina siguiente<span class='wp-block-query-pagination-next-arrow is-arrow-arrow' aria-hidden='true'>\u2192<\/span><\/a>\n<\/nav><\/div>\n<\/div><\/div>\n","protected":false},"excerpt":{"rendered":"<p><span class='st_facebook_buttons' st_title='Creer' st_url='https:\/\/blogs.deusto.es\/iedeusto\/creer\/' displayText='facebook'><\/span><span st_via='deustoDEC' st_username='deustoDEC' class='st_twitter_buttons' st_title='Creer' st_url='https:\/\/blogs.deusto.es\/iedeusto\/creer\/' displayText='twitter'><\/span><span class='st_email_buttons' st_title='Creer' st_url='https:\/\/blogs.deusto.es\/iedeusto\/creer\/' displayText='email'><\/span><span class='st_fblike_buttons' st_title='Creer' st_url='https:\/\/blogs.deusto.es\/iedeusto\/creer\/' displayText='fblike'><\/span><span class='st_plusone_buttons' st_title='Creer' st_url='https:\/\/blogs.deusto.es\/iedeusto\/creer\/' displayText='plusone'><\/span><span class='st_pinterest_buttons' st_title='Creer' st_url='https:\/\/blogs.deusto.es\/iedeusto\/creer\/' displayText='pinterest'><\/span><span class='st_sharethis_buttons' st_title='Creer' st_url='https:\/\/blogs.deusto.es\/iedeusto\/creer\/' displayText='sharethis'><\/span><\/p>","protected":false},"author":52,"featured_media":0,"parent":0,"menu_order":0,"comment_status":"closed","ping_status":"closed","template":"","meta":{"site-sidebar-layout":"default","site-content-layout":"","ast-site-content-layout":"default","site-content-style":"default","site-sidebar-style":"default","ast-global-header-display":"","ast-banner-title-visibility":"","ast-main-header-display":"","ast-hfb-above-header-display":"","ast-hfb-below-header-display":"","ast-hfb-mobile-header-display":"","site-post-title":"","ast-breadcrumbs-content":"","ast-featured-img":"","footer-sml-layout":"","ast-disable-related-posts":"","theme-transparent-header-meta":"","adv-header-id-meta":"","stick-header-meta":"","header-above-stick-meta":"","header-main-stick-meta":"","header-below-stick-meta":"","astra-migrate-meta-layouts":"default","ast-page-background-enabled":"default","ast-page-background-meta":{"desktop":{"background-color":"var(--ast-global-color-4)","background-image":"","background-repeat":"repeat","background-position":"center center","background-size":"auto","background-attachment":"scroll","background-type":"","background-media":"","overlay-type":"","overlay-color":"","overlay-opacity":"","overlay-gradient":""},"tablet":{"background-color":"","background-image":"","background-repeat":"repeat","background-position":"center center","background-size":"auto","background-attachment":"scroll","background-type":"","background-media":"","overlay-type":"","overlay-color":"","overlay-opacity":"","overlay-gradient":""},"mobile":{"background-color":"","background-image":"","background-repeat":"repeat","background-position":"center center","background-size":"auto","background-attachment":"scroll","background-type":"","background-media":"","overlay-type":"","overlay-color":"","overlay-opacity":"","overlay-gradient":""}},"ast-content-background-meta":{"desktop":{"background-color":"var(--ast-global-color-5)","background-image":"","background-repeat":"repeat","background-position":"center center","background-size":"auto","background-attachment":"scroll","background-type":"","background-media":"","overlay-type":"","overlay-color":"","overlay-opacity":"","overlay-gradient":""},"tablet":{"background-color":"var(--ast-global-color-5)","background-image":"","background-repeat":"repeat","background-position":"center center","background-size":"auto","background-attachment":"scroll","background-type":"","background-media":"","overlay-type":"","overlay-color":"","overlay-opacity":"","overlay-gradient":""},"mobile":{"background-color":"var(--ast-global-color-5)","background-image":"","background-repeat":"repeat","background-position":"center center","background-size":"auto","background-attachment":"scroll","background-type":"","background-media":"","overlay-type":"","overlay-color":"","overlay-opacity":"","overlay-gradient":""}},"footnotes":""},"class_list":["post-17666","page","type-page","status-publish","hentry"],"aioseo_notices":[],"_links":{"self":[{"href":"https:\/\/blogs.deusto.es\/iedeusto\/wp-json\/wp\/v2\/pages\/17666","targetHints":{"allow":["GET"]}}],"collection":[{"href":"https:\/\/blogs.deusto.es\/iedeusto\/wp-json\/wp\/v2\/pages"}],"about":[{"href":"https:\/\/blogs.deusto.es\/iedeusto\/wp-json\/wp\/v2\/types\/page"}],"author":[{"embeddable":true,"href":"https:\/\/blogs.deusto.es\/iedeusto\/wp-json\/wp\/v2\/users\/52"}],"replies":[{"embeddable":true,"href":"https:\/\/blogs.deusto.es\/iedeusto\/wp-json\/wp\/v2\/comments?post=17666"}],"version-history":[{"count":7,"href":"https:\/\/blogs.deusto.es\/iedeusto\/wp-json\/wp\/v2\/pages\/17666\/revisions"}],"predecessor-version":[{"id":17818,"href":"https:\/\/blogs.deusto.es\/iedeusto\/wp-json\/wp\/v2\/pages\/17666\/revisions\/17818"}],"wp:attachment":[{"href":"https:\/\/blogs.deusto.es\/iedeusto\/wp-json\/wp\/v2\/media?parent=17666"}],"curies":[{"name":"wp","href":"https:\/\/api.w.org\/{rel}","templated":true}]}}