{"id":17668,"date":"2023-07-06T08:55:28","date_gmt":"2023-07-06T06:55:28","guid":{"rendered":"https:\/\/preblogs.deusto.es\/iedeusto\/?page_id=17668"},"modified":"2023-07-06T16:51:27","modified_gmt":"2023-07-06T14:51:27","slug":"crecer","status":"publish","type":"page","link":"https:\/\/blogs.deusto.es\/iedeusto\/crecer\/","title":{"rendered":"Crecer"},"content":{"rendered":"\n<div class=\"inherit-container-width wp-block-group alignwide is-layout-constrained wp-block-group-is-layout-constrained\"><div class=\"wp-block-group__inner-container\">\n<div class=\"wp-block-query alignfull is-layout-flow wp-block-query-is-layout-flow\"><ul class=\"is-flex-container columns-3 wp-block-post-template is-layout-flow wp-block-post-template-is-layout-flow\"><li class=\"wp-block-post post-21060 post type-post status-publish format-standard has-post-thumbnail hentry category-cooperar category-crecer-2\">\n\n<div class=\"inherit-container-width wp-block-group alignwide is-layout-constrained wp-container-core-group-is-layout-63b382b2 wp-block-group-is-layout-constrained\" style=\"padding-top:30px;padding-right:30px;padding-bottom:30px;padding-left:30px\"><div class=\"wp-block-group__inner-container\"><figure class=\"wp-block-post-featured-image\"><img fetchpriority=\"high\" decoding=\"async\" width=\"993\" height=\"655\" src=\"https:\/\/blogs.deusto.es\/wp-content\/uploads\/sites\/27\/2026\/03\/Captura-de-pantalla-2026-03-11-122900.png\" class=\"attachment-post-thumbnail size-post-thumbnail wp-post-image\" alt=\"\" style=\"object-fit:cover;\" srcset=\"https:\/\/blogs.deusto.es\/wp-content\/uploads\/sites\/27\/2026\/03\/Captura-de-pantalla-2026-03-11-122900.png 993w, https:\/\/blogs.deusto.es\/wp-content\/uploads\/sites\/27\/2026\/03\/Captura-de-pantalla-2026-03-11-122900-300x198.png 300w, https:\/\/blogs.deusto.es\/wp-content\/uploads\/sites\/27\/2026\/03\/Captura-de-pantalla-2026-03-11-122900-768x507.png 768w\" sizes=\"(max-width: 993px) 100vw, 993px\" \/><\/figure>\n\n<h2 class=\"wp-block-post-title has-medium-font-size\"><a href=\"https:\/\/blogs.deusto.es\/iedeusto\/comienza-la-formacion-b-venture-en-la-universidad-de-deusto\/\" target=\"_self\" >\u00a1La Universidad de Deusto impulsa el talento emprendedor con el programa B-Venture Deusto Training Startups!<\/a><\/h2>\n\n<div style=\"font-size:16px;\" class=\"wp-block-post-excerpt\"><p class=\"wp-block-post-excerpt__excerpt\">La Universidad de Deusto se ha convertido estos d\u00edas en uno de los principales puntos de encuentro para el emprendimiento y la innovaci\u00f3n con el inicio del programa B-Venture Deusto Training Startups. Un total de 25 startups han sido seleccionadas para participar en este programa intensivo de formaci\u00f3n que se desarrolla durante tres fines de&hellip; <\/p><\/div><\/div><\/div>\n\n<\/li><li class=\"wp-block-post post-20995 post type-post status-publish format-standard has-post-thumbnail hentry category-crecer-2 tag-deustokabi tag-emprendedors-2 tag-emprendimiento tag-estudiantes tag-formacion tag-innogune tag-innovacion tag-universidad-de-deusto\">\n\n<div class=\"inherit-container-width wp-block-group alignwide is-layout-constrained wp-container-core-group-is-layout-63b382b2 wp-block-group-is-layout-constrained\" style=\"padding-top:30px;padding-right:30px;padding-bottom:30px;padding-left:30px\"><div class=\"wp-block-group__inner-container\"><figure class=\"wp-block-post-featured-image\"><img decoding=\"async\" width=\"2500\" height=\"1663\" src=\"https:\/\/blogs.deusto.es\/wp-content\/uploads\/sites\/27\/2026\/02\/Z620704-1.jpg\" class=\"attachment-post-thumbnail size-post-thumbnail wp-post-image\" alt=\"\" style=\"object-fit:cover;\" srcset=\"https:\/\/blogs.deusto.es\/wp-content\/uploads\/sites\/27\/2026\/02\/Z620704-1.jpg 2500w, https:\/\/blogs.deusto.es\/wp-content\/uploads\/sites\/27\/2026\/02\/Z620704-1-300x200.jpg 300w, https:\/\/blogs.deusto.es\/wp-content\/uploads\/sites\/27\/2026\/02\/Z620704-1-1024x681.jpg 1024w, https:\/\/blogs.deusto.es\/wp-content\/uploads\/sites\/27\/2026\/02\/Z620704-1-768x511.jpg 768w, https:\/\/blogs.deusto.es\/wp-content\/uploads\/sites\/27\/2026\/02\/Z620704-1-1536x1022.jpg 1536w, https:\/\/blogs.deusto.es\/wp-content\/uploads\/sites\/27\/2026\/02\/Z620704-1-2048x1362.jpg 2048w\" sizes=\"(max-width: 2500px) 100vw, 2500px\" \/><\/figure>\n\n<h2 class=\"wp-block-post-title has-medium-font-size\"><a href=\"https:\/\/blogs.deusto.es\/iedeusto\/la-septima-edicion-de-creaction-comienza-en-la-universidad-de-deusto\/\" target=\"_self\" >La s\u00e9ptima edici\u00f3n de creaction! comienza en la Universidad de Deusto<\/a><\/h2>\n\n<div style=\"font-size:16px;\" class=\"wp-block-post-excerpt\"><p class=\"wp-block-post-excerpt__excerpt\">El pasado 20 de febrero, la Universidad de Deusto dio inicio a la s\u00e9ptima edici\u00f3n del programa creaction!, una iniciativa orientada a fomentar el esp\u00edritu emprendedor, la innovaci\u00f3n y la creatividad entre el alumnado universitario. La sesi\u00f3n inaugural se desarroll\u00f3 en formato Launching Party y estuvo dinamizada por el equipo de Deusto Emprende, que propici\u00f3&hellip; <\/p><\/div><\/div><\/div>\n\n<\/li><li class=\"wp-block-post post-20919 post type-post status-publish format-standard has-post-thumbnail hentry category-crecer-2 category-deusto-emprende-2026 category-deusto-sip category-emprendimiento-social tag-emprendimiento tag-innovacion tag-innovacion-social-2 tag-universidad-de-deusto\">\n\n<div class=\"inherit-container-width wp-block-group alignwide is-layout-constrained wp-container-core-group-is-layout-63b382b2 wp-block-group-is-layout-constrained\" style=\"padding-top:30px;padding-right:30px;padding-bottom:30px;padding-left:30px\"><div class=\"wp-block-group__inner-container\"><figure class=\"wp-block-post-featured-image\"><img decoding=\"async\" width=\"1000\" height=\"397\" src=\"https:\/\/blogs.deusto.es\/wp-content\/uploads\/sites\/27\/2026\/02\/30012026-_DSC1914-Pano-1.png\" class=\"attachment-post-thumbnail size-post-thumbnail wp-post-image\" alt=\"\" style=\"object-fit:cover;\" srcset=\"https:\/\/blogs.deusto.es\/wp-content\/uploads\/sites\/27\/2026\/02\/30012026-_DSC1914-Pano-1.png 1000w, https:\/\/blogs.deusto.es\/wp-content\/uploads\/sites\/27\/2026\/02\/30012026-_DSC1914-Pano-1-300x119.png 300w, https:\/\/blogs.deusto.es\/wp-content\/uploads\/sites\/27\/2026\/02\/30012026-_DSC1914-Pano-1-768x305.png 768w\" sizes=\"(max-width: 1000px) 100vw, 1000px\" \/><\/figure>\n\n<h2 class=\"wp-block-post-title has-medium-font-size\"><a href=\"https:\/\/blogs.deusto.es\/iedeusto\/arranca-deustosip-2026-construyendo-comunidad-en-torno-a-la-innovacion-social\/\" target=\"_self\" >\u00a1Arranca DeustoSIP 2026! Construyendo comunidad en torno a la Innovaci\u00f3n Social<\/a><\/h2>\n\n<div style=\"font-size:16px;\" class=\"wp-block-post-excerpt\"><p class=\"wp-block-post-excerpt__excerpt\">El pasado viernes 30 de enero, la Universidad de Deusto dio el pistoletazo de salida a una nueva edici\u00f3n de Deusto Social Innovation Program (DeustoSIP). Este programa se consolida como un espacio de encuentro para personas interesadas en explorar c\u00f3mo la innovaci\u00f3n puede responder de manera creativa y efectiva a los retos sociales que nos&hellip; <\/p><\/div><\/div><\/div>\n\n<\/li><li class=\"wp-block-post post-20806 post type-post status-publish format-standard has-post-thumbnail hentry category-crecer-2 category-deusto-emprende-2025 category-estudiantes category-personas-emprendedoras category-programa-emprendimiento-juvenil tag-emprendimiento tag-estudiantes tag-formacion tag-innovacion tag-pej tag-programaemprendimientojuvenil tag-universidad-de-deusto\">\n\n<div class=\"inherit-container-width wp-block-group alignwide is-layout-constrained wp-container-core-group-is-layout-63b382b2 wp-block-group-is-layout-constrained\" style=\"padding-top:30px;padding-right:30px;padding-bottom:30px;padding-left:30px\"><div class=\"wp-block-group__inner-container\"><figure class=\"wp-block-post-featured-image\"><img loading=\"lazy\" decoding=\"async\" width=\"2048\" height=\"1362\" src=\"https:\/\/blogs.deusto.es\/wp-content\/uploads\/sites\/27\/2025\/12\/1765878429917.jpg\" class=\"attachment-post-thumbnail size-post-thumbnail wp-post-image\" alt=\"\" style=\"object-fit:cover;\" srcset=\"https:\/\/blogs.deusto.es\/wp-content\/uploads\/sites\/27\/2025\/12\/1765878429917.jpg 2048w, https:\/\/blogs.deusto.es\/wp-content\/uploads\/sites\/27\/2025\/12\/1765878429917-300x200.jpg 300w, https:\/\/blogs.deusto.es\/wp-content\/uploads\/sites\/27\/2025\/12\/1765878429917-1024x681.jpg 1024w, https:\/\/blogs.deusto.es\/wp-content\/uploads\/sites\/27\/2025\/12\/1765878429917-768x511.jpg 768w, https:\/\/blogs.deusto.es\/wp-content\/uploads\/sites\/27\/2025\/12\/1765878429917-1536x1022.jpg 1536w\" sizes=\"(max-width: 2048px) 100vw, 2048px\" \/><\/figure>\n\n<h2 class=\"wp-block-post-title has-medium-font-size\"><a href=\"https:\/\/blogs.deusto.es\/iedeusto\/tres-meses-de-ideas-aprendizaje-y-emprendimiento-cierre-del-programa-emprendimiento-juvenil\/\" target=\"_self\" >Tres meses de ideas, aprendizaje y emprendimiento: cierre del Programa Emprendimiento Juvenil<\/a><\/h2>\n\n<div style=\"font-size:16px;\" class=\"wp-block-post-excerpt\"><p class=\"wp-block-post-excerpt__excerpt\">El pasado 12 de diciembre tuvo lugar la sesi\u00f3n final de la novena edici\u00f3n del Programa Emprendimiento Juvenil de la Universidad de Deusto, un encuentro dio cierre a tres meses intensos de formaci\u00f3n y desarrollo de iniciativas emprendedores impulsadas por estudiantes de \u00faltimos cursos y personas egresadas recientemente. La jornada comenz\u00f3 con una breve introducci\u00f3n&hellip; <\/p><\/div><\/div><\/div>\n\n<\/li><li class=\"wp-block-post post-20750 post type-post status-publish format-standard has-post-thumbnail hentry category-campus-donostia-san-sebastian category-crecer-2 category-deusto-emprende-2025 category-estudiantes category-lotus tag-crecer-3 tag-emprendimiento tag-estudiantes tag-formacion tag-innogune tag-innovacion tag-universidad-de-deusto\">\n\n<div class=\"inherit-container-width wp-block-group alignwide is-layout-constrained wp-container-core-group-is-layout-63b382b2 wp-block-group-is-layout-constrained\" style=\"padding-top:30px;padding-right:30px;padding-bottom:30px;padding-left:30px\"><div class=\"wp-block-group__inner-container\"><figure class=\"wp-block-post-featured-image\"><img loading=\"lazy\" decoding=\"async\" width=\"2560\" height=\"1440\" src=\"https:\/\/blogs.deusto.es\/wp-content\/uploads\/sites\/27\/2025\/12\/IMG_9647-scaled.jpg\" class=\"attachment-post-thumbnail size-post-thumbnail wp-post-image\" alt=\"\" style=\"object-fit:cover;\" srcset=\"https:\/\/blogs.deusto.es\/wp-content\/uploads\/sites\/27\/2025\/12\/IMG_9647-scaled.jpg 2560w, https:\/\/blogs.deusto.es\/wp-content\/uploads\/sites\/27\/2025\/12\/IMG_9647-300x169.jpg 300w, https:\/\/blogs.deusto.es\/wp-content\/uploads\/sites\/27\/2025\/12\/IMG_9647-1024x576.jpg 1024w, https:\/\/blogs.deusto.es\/wp-content\/uploads\/sites\/27\/2025\/12\/IMG_9647-768x432.jpg 768w, https:\/\/blogs.deusto.es\/wp-content\/uploads\/sites\/27\/2025\/12\/IMG_9647-1536x864.jpg 1536w, https:\/\/blogs.deusto.es\/wp-content\/uploads\/sites\/27\/2025\/12\/IMG_9647-2048x1152.jpg 2048w\" sizes=\"(max-width: 2560px) 100vw, 2560px\" \/><\/figure>\n\n<h2 class=\"wp-block-post-title has-medium-font-size\"><a href=\"https:\/\/blogs.deusto.es\/iedeusto\/emprendimiento-transformador-en-el-campus-de-donostia-san-sebastian-un-espacio-para-formar-agentes-de-cambio\/\" target=\"_self\" >Emprendimiento transformador en el Campus de Donostia &#8211; San Sebasti\u00e1n: un espacio para formar agentes de cambio<\/a><\/h2>\n\n<div style=\"font-size:16px;\" class=\"wp-block-post-excerpt\"><p class=\"wp-block-post-excerpt__excerpt\">A lo largo de este semestre, desde Deusto Emprende hemos desarrollado el bloque de Emprendimiento Transformador dentro de la asignatura transversal Formaci\u00f3n Humana y en Valores. Dicha asignatura ha sido impartida en el campus de Donostia &#8211; San Sebasti\u00e1n de la Universidad de Deusto a estudiantes de tercer y cuarto curso de Ingenier\u00eda Inform\u00e1tica y&hellip; <\/p><\/div><\/div><\/div>\n\n<\/li><li class=\"wp-block-post post-20662 post type-post status-publish format-standard has-post-thumbnail hentry category-crecer-2 category-deusto-emprende-2025\">\n\n<div class=\"inherit-container-width wp-block-group alignwide is-layout-constrained wp-container-core-group-is-layout-63b382b2 wp-block-group-is-layout-constrained\" style=\"padding-top:30px;padding-right:30px;padding-bottom:30px;padding-left:30px\"><div class=\"wp-block-group__inner-container\"><figure class=\"wp-block-post-featured-image\"><img loading=\"lazy\" decoding=\"async\" width=\"2048\" height=\"1536\" src=\"https:\/\/blogs.deusto.es\/wp-content\/uploads\/sites\/27\/2025\/12\/1763671587315.jpg\" class=\"attachment-post-thumbnail size-post-thumbnail wp-post-image\" alt=\"\" style=\"object-fit:cover;\" srcset=\"https:\/\/blogs.deusto.es\/wp-content\/uploads\/sites\/27\/2025\/12\/1763671587315.jpg 2048w, https:\/\/blogs.deusto.es\/wp-content\/uploads\/sites\/27\/2025\/12\/1763671587315-300x225.jpg 300w, https:\/\/blogs.deusto.es\/wp-content\/uploads\/sites\/27\/2025\/12\/1763671587315-1024x768.jpg 1024w, https:\/\/blogs.deusto.es\/wp-content\/uploads\/sites\/27\/2025\/12\/1763671587315-768x576.jpg 768w, https:\/\/blogs.deusto.es\/wp-content\/uploads\/sites\/27\/2025\/12\/1763671587315-1536x1152.jpg 1536w\" sizes=\"(max-width: 2048px) 100vw, 2048px\" \/><\/figure>\n\n<h2 class=\"wp-block-post-title has-medium-font-size\"><a href=\"https:\/\/blogs.deusto.es\/iedeusto\/visitamos-el-ecosistema-de-innovacion-y-emprendimiento-de-boston-cambridge\/\" target=\"_self\" >Visitamos el ecosistema de innovaci\u00f3n y emprendimiento de Boston-Cambridge<\/a><\/h2>\n\n<div style=\"font-size:16px;\" class=\"wp-block-post-excerpt\"><p class=\"wp-block-post-excerpt__excerpt\">Del 17 al 21 de noviembre, Garbi\u00f1e Henry e Iraide Aramberria han participado en un curso intensivo celebrado en Boston &#8211; Cambridge (EEUU) en el marco del International Academic Program (IAP) en colaboraci\u00f3n con Harvard University- David Rockefeller Center for Latin American Studies (DRCLAS), que tuvo lugar en los campus del MIT, Massachusetts Institute of&hellip; <\/p><\/div><\/div><\/div>\n\n<\/li><\/ul>\n\n<nav class=\"wp-block-query-pagination is-layout-flex wp-block-query-pagination-is-layout-flex\" aria-label=\"Paginaci\u00f3n\">\n\n\n<div class=\"wp-block-query-pagination-numbers\"><span aria-current=\"page\" class=\"page-numbers current\">1<\/span>\n<a class=\"page-numbers\" href=\"?query-28-page=2\">2<\/a>\n<a class=\"page-numbers\" href=\"?query-28-page=3\">3<\/a>\n<span class=\"page-numbers dots\">&hellip;<\/span>\n<a class=\"page-numbers\" href=\"?query-28-page=12\">12<\/a><\/div>\n\n<a href=\"\/iedeusto\/wp-json\/wp\/v2\/pages\/17668?query-28-page=2\" class=\"wp-block-query-pagination-next\">P\u00e1gina siguiente<span class='wp-block-query-pagination-next-arrow is-arrow-arrow' aria-hidden='true'>\u2192<\/span><\/a>\n<\/nav><\/div>\n<\/div><\/div>\n","protected":false},"excerpt":{"rendered":"<p><span class='st_facebook_buttons' st_title='Crecer' st_url='https:\/\/blogs.deusto.es\/iedeusto\/crecer\/' displayText='facebook'><\/span><span st_via='deustoDEC' st_username='deustoDEC' class='st_twitter_buttons' st_title='Crecer' st_url='https:\/\/blogs.deusto.es\/iedeusto\/crecer\/' displayText='twitter'><\/span><span class='st_email_buttons' st_title='Crecer' st_url='https:\/\/blogs.deusto.es\/iedeusto\/crecer\/' displayText='email'><\/span><span class='st_fblike_buttons' st_title='Crecer' st_url='https:\/\/blogs.deusto.es\/iedeusto\/crecer\/' displayText='fblike'><\/span><span class='st_plusone_buttons' st_title='Crecer' st_url='https:\/\/blogs.deusto.es\/iedeusto\/crecer\/' displayText='plusone'><\/span><span class='st_pinterest_buttons' st_title='Crecer' st_url='https:\/\/blogs.deusto.es\/iedeusto\/crecer\/' displayText='pinterest'><\/span><span class='st_sharethis_buttons' st_title='Crecer' st_url='https:\/\/blogs.deusto.es\/iedeusto\/crecer\/' displayText='sharethis'><\/span><\/p>","protected":false},"author":52,"featured_media":0,"parent":0,"menu_order":0,"comment_status":"closed","ping_status":"closed","template":"","meta":{"site-sidebar-layout":"default","site-content-layout":"","ast-site-content-layout":"default","site-content-style":"default","site-sidebar-style":"default","ast-global-header-display":"","ast-banner-title-visibility":"","ast-main-header-display":"","ast-hfb-above-header-display":"","ast-hfb-below-header-display":"","ast-hfb-mobile-header-display":"","site-post-title":"","ast-breadcrumbs-content":"","ast-featured-img":"","footer-sml-layout":"","ast-disable-related-posts":"","theme-transparent-header-meta":"","adv-header-id-meta":"","stick-header-meta":"","header-above-stick-meta":"","header-main-stick-meta":"","header-below-stick-meta":"","astra-migrate-meta-layouts":"default","ast-page-background-enabled":"default","ast-page-background-meta":{"desktop":{"background-color":"var(--ast-global-color-4)","background-image":"","background-repeat":"repeat","background-position":"center center","background-size":"auto","background-attachment":"scroll","background-type":"","background-media":"","overlay-type":"","overlay-color":"","overlay-opacity":"","overlay-gradient":""},"tablet":{"background-color":"","background-image":"","background-repeat":"repeat","background-position":"center center","background-size":"auto","background-attachment":"scroll","background-type":"","background-media":"","overlay-type":"","overlay-color":"","overlay-opacity":"","overlay-gradient":""},"mobile":{"background-color":"","background-image":"","background-repeat":"repeat","background-position":"center center","background-size":"auto","background-attachment":"scroll","background-type":"","background-media":"","overlay-type":"","overlay-color":"","overlay-opacity":"","overlay-gradient":""}},"ast-content-background-meta":{"desktop":{"background-color":"var(--ast-global-color-5)","background-image":"","background-repeat":"repeat","background-position":"center center","background-size":"auto","background-attachment":"scroll","background-type":"","background-media":"","overlay-type":"","overlay-color":"","overlay-opacity":"","overlay-gradient":""},"tablet":{"background-color":"var(--ast-global-color-5)","background-image":"","background-repeat":"repeat","background-position":"center center","background-size":"auto","background-attachment":"scroll","background-type":"","background-media":"","overlay-type":"","overlay-color":"","overlay-opacity":"","overlay-gradient":""},"mobile":{"background-color":"var(--ast-global-color-5)","background-image":"","background-repeat":"repeat","background-position":"center center","background-size":"auto","background-attachment":"scroll","background-type":"","background-media":"","overlay-type":"","overlay-color":"","overlay-opacity":"","overlay-gradient":""}},"footnotes":""},"class_list":["post-17668","page","type-page","status-publish","hentry"],"aioseo_notices":[],"_links":{"self":[{"href":"https:\/\/blogs.deusto.es\/iedeusto\/wp-json\/wp\/v2\/pages\/17668","targetHints":{"allow":["GET"]}}],"collection":[{"href":"https:\/\/blogs.deusto.es\/iedeusto\/wp-json\/wp\/v2\/pages"}],"about":[{"href":"https:\/\/blogs.deusto.es\/iedeusto\/wp-json\/wp\/v2\/types\/page"}],"author":[{"embeddable":true,"href":"https:\/\/blogs.deusto.es\/iedeusto\/wp-json\/wp\/v2\/users\/52"}],"replies":[{"embeddable":true,"href":"https:\/\/blogs.deusto.es\/iedeusto\/wp-json\/wp\/v2\/comments?post=17668"}],"version-history":[{"count":3,"href":"https:\/\/blogs.deusto.es\/iedeusto\/wp-json\/wp\/v2\/pages\/17668\/revisions"}],"predecessor-version":[{"id":17816,"href":"https:\/\/blogs.deusto.es\/iedeusto\/wp-json\/wp\/v2\/pages\/17668\/revisions\/17816"}],"wp:attachment":[{"href":"https:\/\/blogs.deusto.es\/iedeusto\/wp-json\/wp\/v2\/media?parent=17668"}],"curies":[{"name":"wp","href":"https:\/\/api.w.org\/{rel}","templated":true}]}}