{"id":18067,"date":"2023-07-19T13:17:22","date_gmt":"2023-07-19T11:17:22","guid":{"rendered":"https:\/\/preblogs.deusto.es\/iedeusto\/?page_id=18067"},"modified":"2023-09-04T13:17:59","modified_gmt":"2023-09-04T11:17:59","slug":"grupo-motor-laboratorio-urbano-barakaldo","status":"publish","type":"page","link":"https:\/\/blogs.deusto.es\/iedeusto\/grupo-motor-laboratorio-urbano-barakaldo\/","title":{"rendered":"Grupo motor laboratorio urbano Barakaldo"},"content":{"rendered":"\n<h2 class=\"wp-block-heading\">Objeto<\/h2>\n\n\n\n<p>La Universidad de Deusto, a trav\u00e9s de Deusto Emprende, forma parte de la constituci\u00f3n del Grupo Motor del Laboratorio Urbano que Barakaldo, un proyecto de innovaci\u00f3n abierta en la ciudad que pretende resolver las necesidades, problem\u00e1ticas y desaf\u00edos relacionados con su gesti\u00f3n urbana que a trav\u00e9s de soluciones innovadoras.<\/p>\n\n\n\n<p>En este proyecto Deusto Emprende participa como agente encargado de crear, organizar y dinamizar el Grupo Motor que dar\u00e1 forma al Laboratorio, un grupo motor encargado de dar contenido al laboratorio y est\u00e1 formado por una composici\u00f3n multidisciplinar, contando con una representaci\u00f3n de todos los agentes que constituyen el ecosistema innovador de la Barakaldo.<\/p>\n\n\n\n<h2 class=\"wp-block-heading\">Metodolog\u00eda<\/h2>\n\n\n\n<p>Se utiliza la metodolog\u00eda basada en la teor\u00eda de \u201cLos seis estadios de los espacios para compartir\u201d de Jos\u00e9 Luis Larrea, que consiste en seis estadios principales: el est\u00edmulo, la conversaci\u00f3n, la reflexi\u00f3n, la acci\u00f3n, el reconocimiento y la divulgaci\u00f3n.&nbsp;<\/p>\n\n\n\n<p>El est\u00edmulo es clave para iniciar cualquier proceso de aprendizaje y activar la cooperaci\u00f3n con el objetivo de conseguir un futuro com\u00fan imaginado que lleve a la conversaci\u00f3n, que requiera de una reflexi\u00f3n individual y colectiva y que interpele a la acci\u00f3n en cooperaci\u00f3n. Esa acci\u00f3n pretende ser evaluada y reconocida como parte del proceso de transformaci\u00f3n y aprendizaje de cara a divulgar los conocimientos adquiridos. Todo ello de la mano de las personas, ya que son esenciales para lograr el cambio.<\/p>\n\n\n\n<h2 class=\"wp-block-heading\">Encuentros<\/h2>\n\n\n\n<p>Se realizan ocho encuentros:&nbsp;<\/p>\n\n\n\n<ul class=\"wp-block-list\"><li><strong>Acto de apertura<\/strong>: bienvenida e introducci\u00f3n al proyecto.&nbsp;<\/li><li><strong>Encuentro del Est\u00edmulo<\/strong>: los y las participantes proyecten necesidades que surgen de la ciudad, iniciando un proceso de aprendizaje y activando la cooperaci\u00f3n.<\/li><li><strong>Encuentro de la Conversaci\u00f3n<\/strong>: identificar y debatir sobre las actividades que se deber\u00edan llevar a cabo en el Laboratorio Urbano para consensuar aquellos aspectos relevantes del entorno que se considerasen necesarios activar, los y las participantes conversaron sobre los aspectos identificados en el encuentro anterior.&nbsp;<\/li><li><strong>Encuentro de la Reflexi\u00f3n<\/strong>: analizar las ideas compartidas en los encuentros previos desde la perspectiva personal y grupal, para definir y desarrollar una o varias l\u00edneas de acci\u00f3n que el Grupo Motor llevar\u00e1 a cabo en el Laboratorio Urbano Barakaldo.<\/li><li><strong>Estadio de la Acci\u00f3n<\/strong>: conocer las acciones, actividades e iniciativas que se llevan a cabo en Barakaldo, conociendo las empresas del Grupo Motor.<\/li><li><strong>Estadio del Reconocimiento<\/strong>: conocer los proyectos que han sido reconocidos en la ciudad, as\u00ed como identificar actividades orientadas a generar condiciones para aplicar todo lo visto en casos pr\u00e1cticos y conocerse para que surjan oportunidades de cooperar para transformar en el Laboratorio.&nbsp;<\/li><li><strong>Estadio de la Divulgaci\u00f3n<\/strong>: realizar una puesta en com\u00fan de todo lo estimulado, conversado, reflexionado, puesto en marcha, reconocido y divulgado en los encuentros del Grupo Motor del Laboratorio Urbano Barakaldo.&nbsp;<\/li><li><strong>Acto de cierre<\/strong>: exponer conclusiones finales del Grupo Motor Laboratorio Urbano Barakaldo.<\/li><\/ul>\n<p><span class='st_facebook_buttons' st_title='Grupo motor laboratorio urbano Barakaldo' st_url='https:\/\/blogs.deusto.es\/iedeusto\/grupo-motor-laboratorio-urbano-barakaldo\/' displayText='facebook'><\/span><span st_via='deustoDEC' st_username='deustoDEC' class='st_twitter_buttons' st_title='Grupo motor laboratorio urbano Barakaldo' st_url='https:\/\/blogs.deusto.es\/iedeusto\/grupo-motor-laboratorio-urbano-barakaldo\/' displayText='twitter'><\/span><span class='st_email_buttons' st_title='Grupo motor laboratorio urbano Barakaldo' st_url='https:\/\/blogs.deusto.es\/iedeusto\/grupo-motor-laboratorio-urbano-barakaldo\/' displayText='email'><\/span><span class='st_fblike_buttons' st_title='Grupo motor laboratorio urbano Barakaldo' st_url='https:\/\/blogs.deusto.es\/iedeusto\/grupo-motor-laboratorio-urbano-barakaldo\/' displayText='fblike'><\/span><span class='st_plusone_buttons' st_title='Grupo motor laboratorio urbano Barakaldo' st_url='https:\/\/blogs.deusto.es\/iedeusto\/grupo-motor-laboratorio-urbano-barakaldo\/' displayText='plusone'><\/span><span class='st_pinterest_buttons' st_title='Grupo motor laboratorio urbano Barakaldo' st_url='https:\/\/blogs.deusto.es\/iedeusto\/grupo-motor-laboratorio-urbano-barakaldo\/' displayText='pinterest'><\/span><span class='st_sharethis_buttons' st_title='Grupo motor laboratorio urbano Barakaldo' st_url='https:\/\/blogs.deusto.es\/iedeusto\/grupo-motor-laboratorio-urbano-barakaldo\/' displayText='sharethis'><\/span><\/p>","protected":false},"excerpt":{"rendered":"<p>Objeto La Universidad de Deusto, a trav\u00e9s de Deusto Emprende, forma parte de la constituci\u00f3n del Grupo Motor del Laboratorio Urbano que Barakaldo, un proyecto de innovaci\u00f3n abierta en la ciudad que pretende resolver las necesidades, problem\u00e1ticas y desaf\u00edos relacionados con su gesti\u00f3n urbana que a trav\u00e9s de soluciones innovadoras. En este proyecto Deusto Emprende [&hellip;]<\/p>\n<p><span class='st_facebook_buttons' st_title='Grupo motor laboratorio urbano Barakaldo' st_url='https:\/\/blogs.deusto.es\/iedeusto\/grupo-motor-laboratorio-urbano-barakaldo\/' displayText='facebook'><\/span><span st_via='deustoDEC' st_username='deustoDEC' class='st_twitter_buttons' st_title='Grupo motor laboratorio urbano Barakaldo' st_url='https:\/\/blogs.deusto.es\/iedeusto\/grupo-motor-laboratorio-urbano-barakaldo\/' displayText='twitter'><\/span><span class='st_email_buttons' st_title='Grupo motor laboratorio urbano Barakaldo' st_url='https:\/\/blogs.deusto.es\/iedeusto\/grupo-motor-laboratorio-urbano-barakaldo\/' displayText='email'><\/span><span class='st_fblike_buttons' st_title='Grupo motor laboratorio urbano Barakaldo' st_url='https:\/\/blogs.deusto.es\/iedeusto\/grupo-motor-laboratorio-urbano-barakaldo\/' displayText='fblike'><\/span><span class='st_plusone_buttons' st_title='Grupo motor laboratorio urbano Barakaldo' st_url='https:\/\/blogs.deusto.es\/iedeusto\/grupo-motor-laboratorio-urbano-barakaldo\/' displayText='plusone'><\/span><span class='st_pinterest_buttons' st_title='Grupo motor laboratorio urbano Barakaldo' st_url='https:\/\/blogs.deusto.es\/iedeusto\/grupo-motor-laboratorio-urbano-barakaldo\/' displayText='pinterest'><\/span><span class='st_sharethis_buttons' st_title='Grupo motor laboratorio urbano Barakaldo' st_url='https:\/\/blogs.deusto.es\/iedeusto\/grupo-motor-laboratorio-urbano-barakaldo\/' displayText='sharethis'><\/span><\/p>","protected":false},"author":387,"featured_media":0,"parent":0,"menu_order":0,"comment_status":"closed","ping_status":"closed","template":"","meta":{"site-sidebar-layout":"default","site-content-layout":"","ast-site-content-layout":"default","site-content-style":"default","site-sidebar-style":"default","ast-global-header-display":"","ast-banner-title-visibility":"","ast-main-header-display":"","ast-hfb-above-header-display":"","ast-hfb-below-header-display":"","ast-hfb-mobile-header-display":"","site-post-title":"","ast-breadcrumbs-content":"","ast-featured-img":"","footer-sml-layout":"","ast-disable-related-posts":"","theme-transparent-header-meta":"","adv-header-id-meta":"","stick-header-meta":"","header-above-stick-meta":"","header-main-stick-meta":"","header-below-stick-meta":"","astra-migrate-meta-layouts":"default","ast-page-background-enabled":"default","ast-page-background-meta":{"desktop":{"background-color":"var(--ast-global-color-4)","background-image":"","background-repeat":"repeat","background-position":"center center","background-size":"auto","background-attachment":"scroll","background-type":"","background-media":"","overlay-type":"","overlay-color":"","overlay-opacity":"","overlay-gradient":""},"tablet":{"background-color":"","background-image":"","background-repeat":"repeat","background-position":"center center","background-size":"auto","background-attachment":"scroll","background-type":"","background-media":"","overlay-type":"","overlay-color":"","overlay-opacity":"","overlay-gradient":""},"mobile":{"background-color":"","background-image":"","background-repeat":"repeat","background-position":"center center","background-size":"auto","background-attachment":"scroll","background-type":"","background-media":"","overlay-type":"","overlay-color":"","overlay-opacity":"","overlay-gradient":""}},"ast-content-background-meta":{"desktop":{"background-color":"var(--ast-global-color-5)","background-image":"","background-repeat":"repeat","background-position":"center center","background-size":"auto","background-attachment":"scroll","background-type":"","background-media":"","overlay-type":"","overlay-color":"","overlay-opacity":"","overlay-gradient":""},"tablet":{"background-color":"var(--ast-global-color-5)","background-image":"","background-repeat":"repeat","background-position":"center center","background-size":"auto","background-attachment":"scroll","background-type":"","background-media":"","overlay-type":"","overlay-color":"","overlay-opacity":"","overlay-gradient":""},"mobile":{"background-color":"var(--ast-global-color-5)","background-image":"","background-repeat":"repeat","background-position":"center center","background-size":"auto","background-attachment":"scroll","background-type":"","background-media":"","overlay-type":"","overlay-color":"","overlay-opacity":"","overlay-gradient":""}},"footnotes":""},"class_list":["post-18067","page","type-page","status-publish","hentry"],"aioseo_notices":[],"_links":{"self":[{"href":"https:\/\/blogs.deusto.es\/iedeusto\/wp-json\/wp\/v2\/pages\/18067","targetHints":{"allow":["GET"]}}],"collection":[{"href":"https:\/\/blogs.deusto.es\/iedeusto\/wp-json\/wp\/v2\/pages"}],"about":[{"href":"https:\/\/blogs.deusto.es\/iedeusto\/wp-json\/wp\/v2\/types\/page"}],"author":[{"embeddable":true,"href":"https:\/\/blogs.deusto.es\/iedeusto\/wp-json\/wp\/v2\/users\/387"}],"replies":[{"embeddable":true,"href":"https:\/\/blogs.deusto.es\/iedeusto\/wp-json\/wp\/v2\/comments?post=18067"}],"version-history":[{"count":6,"href":"https:\/\/blogs.deusto.es\/iedeusto\/wp-json\/wp\/v2\/pages\/18067\/revisions"}],"predecessor-version":[{"id":18130,"href":"https:\/\/blogs.deusto.es\/iedeusto\/wp-json\/wp\/v2\/pages\/18067\/revisions\/18130"}],"wp:attachment":[{"href":"https:\/\/blogs.deusto.es\/iedeusto\/wp-json\/wp\/v2\/media?parent=18067"}],"curies":[{"name":"wp","href":"https:\/\/api.w.org\/{rel}","templated":true}]}}