{"id":2089,"date":"2025-09-09T10:23:51","date_gmt":"2025-09-09T08:23:51","guid":{"rendered":"https:\/\/blogs.deusto.es\/lamiquiz\/?page_id=2089"},"modified":"2025-09-10T08:55:54","modified_gmt":"2025-09-10T06:55:54","slug":"whitewood","status":"publish","type":"page","link":"https:\/\/blogs.deusto.es\/lamiquiz\/whitewood\/","title":{"rendered":"whitewood"},"content":{"rendered":"\n<figure class=\"wp-block-image size-large\"><img fetchpriority=\"high\" decoding=\"async\" width=\"1013\" height=\"1024\" src=\"https:\/\/blogs.deusto.es\/wp-content\/uploads\/sites\/83\/2017\/01\/No-necesitamos-Heroes-1013x1024.jpg\" alt=\"\" class=\"wp-image-1542\" srcset=\"https:\/\/blogs.deusto.es\/wp-content\/uploads\/sites\/83\/2017\/01\/No-necesitamos-Heroes-1013x1024.jpg 1013w, https:\/\/blogs.deusto.es\/wp-content\/uploads\/sites\/83\/2017\/01\/No-necesitamos-Heroes-297x300.jpg 297w, https:\/\/blogs.deusto.es\/wp-content\/uploads\/sites\/83\/2017\/01\/No-necesitamos-Heroes-768x777.jpg 768w, https:\/\/blogs.deusto.es\/wp-content\/uploads\/sites\/83\/2017\/01\/No-necesitamos-Heroes.jpg 1512w\" sizes=\"(max-width: 1013px) 100vw, 1013px\" \/><\/figure>\n\n\n\n<div class=\"tralbumData tralbum-about\"><strong>Whitewood.<\/strong> Whitewood es el proyecto adolescente. Porque destilaba honestidad, ilusi\u00f3n, descaro y ganas de crear y sumar. No encaj\u00e1bamos entre el resto de grupos bizkainos que admir\u00e1bamos. Nace con 18 a\u00f1os reci\u00e9n cumplidos. La relaci\u00f3n primeriza. Durante casi 7 a\u00f1os Imanol (bajista), Dani (bater\u00eda) y yo (sumemos tambi\u00e9n a los tres guitarras que tuvimos durante estos a\u00f1os -Makuto, Jagoba y Neisan) dimos m\u00e1s de 100 conciertos.<\/div>\n<div class=\"tralbumData tralbum-about\"><strong>No necesitamos h\u00e9roes<\/strong> era el disco de las canciones. Pop, irreverente, imberbe. Grabado en Madrid por Iker Arranz, quien cre\u00eda ciegamente en nosotros. Pero una lesi\u00f3n de Imanol nos oblig\u00f3 a parar en el momento bonito. Y el castillo de naipes se derrumb\u00f3. Whitewood es, sin duda, el germen, de todo lo que ha venido despu\u00e9s.<\/div>\n<h3 class=\"credits-label\">credits<\/h3>\n<div class=\"tralbumData tralbum-credits\">\n\n2008.\n\nPuedes escuchar algunas de las canciones aqu\u00ed: <a href=\"https:\/\/myspace.com\/whitewood\/music\/songs\" target=\"_blank\">https:\/\/myspace.com\/whitewood\/music\/songs<\/a>\n\n<\/div>\n","protected":false},"excerpt":{"rendered":"<p>Whitewood. Whitewood es el proyecto adolescente. Porque destilaba honestidad, ilusi\u00f3n, descaro y ganas de crear y sumar. No encaj\u00e1bamos entre [&hellip;]<\/p>\n","protected":false},"author":691,"featured_media":0,"parent":0,"menu_order":0,"comment_status":"closed","ping_status":"closed","template":"","meta":{"site-sidebar-layout":"default","site-content-layout":"","ast-site-content-layout":"default","site-content-style":"default","site-sidebar-style":"default","ast-global-header-display":"","ast-banner-title-visibility":"","ast-main-header-display":"","ast-hfb-above-header-display":"","ast-hfb-below-header-display":"","ast-hfb-mobile-header-display":"","site-post-title":"","ast-breadcrumbs-content":"","ast-featured-img":"","footer-sml-layout":"","theme-transparent-header-meta":"","adv-header-id-meta":"","stick-header-meta":"","header-above-stick-meta":"","header-main-stick-meta":"","header-below-stick-meta":"","astra-migrate-meta-layouts":"default","ast-page-background-enabled":"default","ast-page-background-meta":{"desktop":{"background-color":"var(--ast-global-color-5)","background-image":"","background-repeat":"repeat","background-position":"center center","background-size":"auto","background-attachment":"scroll","background-type":"","background-media":"","overlay-type":"","overlay-color":"","overlay-opacity":"","overlay-gradient":""},"tablet":{"background-color":"","background-image":"","background-repeat":"repeat","background-position":"center center","background-size":"auto","background-attachment":"scroll","background-type":"","background-media":"","overlay-type":"","overlay-color":"","overlay-opacity":"","overlay-gradient":""},"mobile":{"background-color":"","background-image":"","background-repeat":"repeat","background-position":"center center","background-size":"auto","background-attachment":"scroll","background-type":"","background-media":"","overlay-type":"","overlay-color":"","overlay-opacity":"","overlay-gradient":""}},"ast-content-background-meta":{"desktop":{"background-color":"var(--ast-global-color-4)","background-image":"","background-repeat":"repeat","background-position":"center center","background-size":"auto","background-attachment":"scroll","background-type":"","background-media":"","overlay-type":"","overlay-color":"","overlay-opacity":"","overlay-gradient":""},"tablet":{"background-color":"var(--ast-global-color-4)","background-image":"","background-repeat":"repeat","background-position":"center center","background-size":"auto","background-attachment":"scroll","background-type":"","background-media":"","overlay-type":"","overlay-color":"","overlay-opacity":"","overlay-gradient":""},"mobile":{"background-color":"var(--ast-global-color-4)","background-image":"","background-repeat":"repeat","background-position":"center center","background-size":"auto","background-attachment":"scroll","background-type":"","background-media":"","overlay-type":"","overlay-color":"","overlay-opacity":"","overlay-gradient":""}},"footnotes":""},"class_list":["post-2089","page","type-page","status-publish","hentry"],"_links":{"self":[{"href":"https:\/\/blogs.deusto.es\/lamiquiz\/wp-json\/wp\/v2\/pages\/2089","targetHints":{"allow":["GET"]}}],"collection":[{"href":"https:\/\/blogs.deusto.es\/lamiquiz\/wp-json\/wp\/v2\/pages"}],"about":[{"href":"https:\/\/blogs.deusto.es\/lamiquiz\/wp-json\/wp\/v2\/types\/page"}],"author":[{"embeddable":true,"href":"https:\/\/blogs.deusto.es\/lamiquiz\/wp-json\/wp\/v2\/users\/691"}],"replies":[{"embeddable":true,"href":"https:\/\/blogs.deusto.es\/lamiquiz\/wp-json\/wp\/v2\/comments?post=2089"}],"version-history":[{"count":3,"href":"https:\/\/blogs.deusto.es\/lamiquiz\/wp-json\/wp\/v2\/pages\/2089\/revisions"}],"predecessor-version":[{"id":2114,"href":"https:\/\/blogs.deusto.es\/lamiquiz\/wp-json\/wp\/v2\/pages\/2089\/revisions\/2114"}],"wp:attachment":[{"href":"https:\/\/blogs.deusto.es\/lamiquiz\/wp-json\/wp\/v2\/media?parent=2089"}],"curies":[{"name":"wp","href":"https:\/\/api.w.org\/{rel}","templated":true}]}}