{"id":2092,"date":"2025-09-09T10:26:58","date_gmt":"2025-09-09T08:26:58","guid":{"rendered":"https:\/\/blogs.deusto.es\/lamiquiz\/?page_id=2092"},"modified":"2025-09-10T09:09:00","modified_gmt":"2025-09-10T07:09:00","slug":"yo-naufrago","status":"publish","type":"page","link":"https:\/\/blogs.deusto.es\/lamiquiz\/yo-naufrago\/","title":{"rendered":"Yo, n\u00e1ufrago"},"content":{"rendered":"\n<figure class=\"wp-block-image size-large\"><img fetchpriority=\"high\" decoding=\"async\" width=\"1024\" height=\"1024\" src=\"https:\/\/blogs.deusto.es\/wp-content\/uploads\/sites\/83\/2014\/06\/a1341176176_10-1024x1024.jpg\" alt=\"\" class=\"wp-image-744\" srcset=\"https:\/\/blogs.deusto.es\/wp-content\/uploads\/sites\/83\/2014\/06\/a1341176176_10-1024x1024.jpg 1024w, https:\/\/blogs.deusto.es\/wp-content\/uploads\/sites\/83\/2014\/06\/a1341176176_10-300x300.jpg 300w, https:\/\/blogs.deusto.es\/wp-content\/uploads\/sites\/83\/2014\/06\/a1341176176_10-150x150.jpg 150w, https:\/\/blogs.deusto.es\/wp-content\/uploads\/sites\/83\/2014\/06\/a1341176176_10-768x768.jpg 768w, https:\/\/blogs.deusto.es\/wp-content\/uploads\/sites\/83\/2014\/06\/a1341176176_10.jpg 1200w\" sizes=\"(max-width: 1024px) 100vw, 1024px\" \/><\/figure>\n\n\n\n<div class=\"tralbumData tralbum-about\"><strong>Yo, n\u00e1ufrago.<\/strong> Proyecto que nace tras la defunci\u00f3n de whitewood en 2008 en el que Imanol Mu\u00f1oz y yo compartimos tim\u00f3n con otros cuatro grumetes. <strong>Manual de Supervivencia<\/strong> es el disco de una ruptura. Un disco de intensidades y tristezas -casi una reacci\u00f3n al poprock de whitewood- que recorre las cinco etapas del dolor (negaci\u00f3n, negociaci\u00f3n, ira, depresi\u00f3n y aceptaci\u00f3n), y que acaba por vislumbrar una nueva paleta de colores.<\/div>\n<h3 class=\"credits-label\">credits<\/h3>\n<div class=\"tralbumData tralbum-credits\">\n\nEnero, 2012.\n\n<strong>Manual de Supervivencia<\/strong>\u00a0es grabado por Xanpe en Kobaestudio, Bilbao, durante los meses de noviembre de 2010 a febrero de 2011. Todas las canciones compuestas por \u00abYo, N\u00e1ufrago\u00bb con la colaboraci\u00f3n de Eneko MobyDick. Letras escritas por David Lam\u00edquiz\u00a0e Imanol Mu\u00f1oz excepto \u00abLlama el oc\u00e9ano\u00bb, que es un extracto de un poema de Pablo Neruda.\n\n<iframe src=\"https:\/\/open.spotify.com\/embed?uri=spotify:album:0XwXLpgQFnpBi1t0IXJ9uu&#038;theme=white\" width=\"300\" height=\"380\" frameborder=\"0\" allowtransparency=\"true\" allow=\"encrypted-media\"><\/iframe>\n\n\n\n<p><\/p>\n","protected":false},"excerpt":{"rendered":"<p>Yo, n\u00e1ufrago. Proyecto que nace tras la defunci\u00f3n de whitewood en 2008 en el que Imanol Mu\u00f1oz y yo compartimos [&hellip;]<\/p>\n","protected":false},"author":691,"featured_media":0,"parent":0,"menu_order":0,"comment_status":"closed","ping_status":"closed","template":"","meta":{"site-sidebar-layout":"default","site-content-layout":"","ast-site-content-layout":"default","site-content-style":"default","site-sidebar-style":"default","ast-global-header-display":"","ast-banner-title-visibility":"","ast-main-header-display":"","ast-hfb-above-header-display":"","ast-hfb-below-header-display":"","ast-hfb-mobile-header-display":"","site-post-title":"","ast-breadcrumbs-content":"","ast-featured-img":"","footer-sml-layout":"","theme-transparent-header-meta":"","adv-header-id-meta":"","stick-header-meta":"","header-above-stick-meta":"","header-main-stick-meta":"","header-below-stick-meta":"","astra-migrate-meta-layouts":"default","ast-page-background-enabled":"default","ast-page-background-meta":{"desktop":{"background-color":"var(--ast-global-color-5)","background-image":"","background-repeat":"repeat","background-position":"center center","background-size":"auto","background-attachment":"scroll","background-type":"","background-media":"","overlay-type":"","overlay-color":"","overlay-opacity":"","overlay-gradient":""},"tablet":{"background-color":"","background-image":"","background-repeat":"repeat","background-position":"center center","background-size":"auto","background-attachment":"scroll","background-type":"","background-media":"","overlay-type":"","overlay-color":"","overlay-opacity":"","overlay-gradient":""},"mobile":{"background-color":"","background-image":"","background-repeat":"repeat","background-position":"center center","background-size":"auto","background-attachment":"scroll","background-type":"","background-media":"","overlay-type":"","overlay-color":"","overlay-opacity":"","overlay-gradient":""}},"ast-content-background-meta":{"desktop":{"background-color":"var(--ast-global-color-4)","background-image":"","background-repeat":"repeat","background-position":"center center","background-size":"auto","background-attachment":"scroll","background-type":"","background-media":"","overlay-type":"","overlay-color":"","overlay-opacity":"","overlay-gradient":""},"tablet":{"background-color":"var(--ast-global-color-4)","background-image":"","background-repeat":"repeat","background-position":"center center","background-size":"auto","background-attachment":"scroll","background-type":"","background-media":"","overlay-type":"","overlay-color":"","overlay-opacity":"","overlay-gradient":""},"mobile":{"background-color":"var(--ast-global-color-4)","background-image":"","background-repeat":"repeat","background-position":"center center","background-size":"auto","background-attachment":"scroll","background-type":"","background-media":"","overlay-type":"","overlay-color":"","overlay-opacity":"","overlay-gradient":""}},"footnotes":""},"class_list":["post-2092","page","type-page","status-publish","hentry"],"_links":{"self":[{"href":"https:\/\/blogs.deusto.es\/lamiquiz\/wp-json\/wp\/v2\/pages\/2092","targetHints":{"allow":["GET"]}}],"collection":[{"href":"https:\/\/blogs.deusto.es\/lamiquiz\/wp-json\/wp\/v2\/pages"}],"about":[{"href":"https:\/\/blogs.deusto.es\/lamiquiz\/wp-json\/wp\/v2\/types\/page"}],"author":[{"embeddable":true,"href":"https:\/\/blogs.deusto.es\/lamiquiz\/wp-json\/wp\/v2\/users\/691"}],"replies":[{"embeddable":true,"href":"https:\/\/blogs.deusto.es\/lamiquiz\/wp-json\/wp\/v2\/comments?post=2092"}],"version-history":[{"count":2,"href":"https:\/\/blogs.deusto.es\/lamiquiz\/wp-json\/wp\/v2\/pages\/2092\/revisions"}],"predecessor-version":[{"id":2115,"href":"https:\/\/blogs.deusto.es\/lamiquiz\/wp-json\/wp\/v2\/pages\/2092\/revisions\/2115"}],"wp:attachment":[{"href":"https:\/\/blogs.deusto.es\/lamiquiz\/wp-json\/wp\/v2\/media?parent=2092"}],"curies":[{"name":"wp","href":"https:\/\/api.w.org\/{rel}","templated":true}]}}