{"id":2094,"date":"2025-09-09T10:29:49","date_gmt":"2025-09-09T08:29:49","guid":{"rendered":"https:\/\/blogs.deusto.es\/lamiquiz\/?page_id=2094"},"modified":"2025-09-10T09:10:58","modified_gmt":"2025-09-10T07:10:58","slug":"mobydick","status":"publish","type":"page","link":"https:\/\/blogs.deusto.es\/lamiquiz\/mobydick\/","title":{"rendered":"Mobydick"},"content":{"rendered":"\n<figure class=\"wp-block-image size-large\"><img fetchpriority=\"high\" decoding=\"async\" width=\"1024\" height=\"1024\" src=\"https:\/\/blogs.deusto.es\/wp-content\/uploads\/sites\/83\/2017\/02\/cd_aurreazala-1024x1024.jpg\" alt=\"\" class=\"wp-image-1484\" srcset=\"https:\/\/blogs.deusto.es\/wp-content\/uploads\/sites\/83\/2017\/02\/cd_aurreazala-1024x1024.jpg 1024w, https:\/\/blogs.deusto.es\/wp-content\/uploads\/sites\/83\/2017\/02\/cd_aurreazala-300x300.jpg 300w, https:\/\/blogs.deusto.es\/wp-content\/uploads\/sites\/83\/2017\/02\/cd_aurreazala-150x150.jpg 150w, https:\/\/blogs.deusto.es\/wp-content\/uploads\/sites\/83\/2017\/02\/cd_aurreazala-768x768.jpg 768w, https:\/\/blogs.deusto.es\/wp-content\/uploads\/sites\/83\/2017\/02\/cd_aurreazala-1536x1536.jpg 1536w, https:\/\/blogs.deusto.es\/wp-content\/uploads\/sites\/83\/2017\/02\/cd_aurreazala.jpg 1655w\" sizes=\"(max-width: 1024px) 100vw, 1024px\" \/><\/figure>\n\n\n\n<div class=\"tralbumData tralbum-about\"><strong>Mobydick.<\/strong> Eneko Burzako ten\u00eda ganas de grabar un disco grande. Y <strong>Cotard delusion<\/strong> es un disco grandioso.<\/div>\n<div class=\"tralbumData tralbum-about\">Hac\u00eda much\u00edsimo tiempo que rondaba en mi cabeza el poder vivir la experiencia de trabajar y grabar con Eneko, y esa posibilidad se puso a tiro en 2012. Era la primera vez que me involucraba en un proyecto en el que, como pianista y teclista, asum\u00eda un rol secundario. Asumimos, a su vez, que lo que est\u00e1bamos organizando era un proyecto profesional, que sin duda supon\u00eda un salto de calidad frente a proyectos previos.<\/div>\n<div class=\"tralbumData tralbum-about\">Eneko es perfeccionista, obsesivo, \u00e1cido y un t\u00edo enorme. Los casi dos a\u00f1os que trabaj\u00e9 a su lado no me los quita nadie. Grabaci\u00f3n en Madrid, conciertos con 10 personas en el escenario&#8230; aquella ballena era un disfrute.<\/div>\n<h3 class=\"credits-label\">credits<\/h3>\n<div class=\"tralbumData tralbum-credits\">\n\n2013.\n<iframe src=\"https:\/\/w.soundcloud.com\/player\/?url=https%3A\/\/api.soundcloud.com\/playlists\/6202789&amp;color=ff5500&amp;auto_play=false&amp;hide_related=false&amp;show_comments=true&amp;show_user=true&amp;show_reposts=false\" width=\"100%\" height=\"450\" frameborder=\"no\" scrolling=\"no\"><\/iframe>\n\n<\/div>\n","protected":false},"excerpt":{"rendered":"<p>Mobydick. Eneko Burzako ten\u00eda ganas de grabar un disco grande. Y Cotard delusion es un disco grandioso. Hac\u00eda much\u00edsimo tiempo [&hellip;]<\/p>\n","protected":false},"author":691,"featured_media":0,"parent":0,"menu_order":0,"comment_status":"closed","ping_status":"closed","template":"","meta":{"site-sidebar-layout":"default","site-content-layout":"","ast-site-content-layout":"default","site-content-style":"default","site-sidebar-style":"default","ast-global-header-display":"","ast-banner-title-visibility":"","ast-main-header-display":"","ast-hfb-above-header-display":"","ast-hfb-below-header-display":"","ast-hfb-mobile-header-display":"","site-post-title":"","ast-breadcrumbs-content":"","ast-featured-img":"","footer-sml-layout":"","theme-transparent-header-meta":"","adv-header-id-meta":"","stick-header-meta":"","header-above-stick-meta":"","header-main-stick-meta":"","header-below-stick-meta":"","astra-migrate-meta-layouts":"default","ast-page-background-enabled":"default","ast-page-background-meta":{"desktop":{"background-color":"var(--ast-global-color-5)","background-image":"","background-repeat":"repeat","background-position":"center center","background-size":"auto","background-attachment":"scroll","background-type":"","background-media":"","overlay-type":"","overlay-color":"","overlay-opacity":"","overlay-gradient":""},"tablet":{"background-color":"","background-image":"","background-repeat":"repeat","background-position":"center center","background-size":"auto","background-attachment":"scroll","background-type":"","background-media":"","overlay-type":"","overlay-color":"","overlay-opacity":"","overlay-gradient":""},"mobile":{"background-color":"","background-image":"","background-repeat":"repeat","background-position":"center center","background-size":"auto","background-attachment":"scroll","background-type":"","background-media":"","overlay-type":"","overlay-color":"","overlay-opacity":"","overlay-gradient":""}},"ast-content-background-meta":{"desktop":{"background-color":"var(--ast-global-color-4)","background-image":"","background-repeat":"repeat","background-position":"center center","background-size":"auto","background-attachment":"scroll","background-type":"","background-media":"","overlay-type":"","overlay-color":"","overlay-opacity":"","overlay-gradient":""},"tablet":{"background-color":"var(--ast-global-color-4)","background-image":"","background-repeat":"repeat","background-position":"center center","background-size":"auto","background-attachment":"scroll","background-type":"","background-media":"","overlay-type":"","overlay-color":"","overlay-opacity":"","overlay-gradient":""},"mobile":{"background-color":"var(--ast-global-color-4)","background-image":"","background-repeat":"repeat","background-position":"center center","background-size":"auto","background-attachment":"scroll","background-type":"","background-media":"","overlay-type":"","overlay-color":"","overlay-opacity":"","overlay-gradient":""}},"footnotes":""},"class_list":["post-2094","page","type-page","status-publish","hentry"],"_links":{"self":[{"href":"https:\/\/blogs.deusto.es\/lamiquiz\/wp-json\/wp\/v2\/pages\/2094","targetHints":{"allow":["GET"]}}],"collection":[{"href":"https:\/\/blogs.deusto.es\/lamiquiz\/wp-json\/wp\/v2\/pages"}],"about":[{"href":"https:\/\/blogs.deusto.es\/lamiquiz\/wp-json\/wp\/v2\/types\/page"}],"author":[{"embeddable":true,"href":"https:\/\/blogs.deusto.es\/lamiquiz\/wp-json\/wp\/v2\/users\/691"}],"replies":[{"embeddable":true,"href":"https:\/\/blogs.deusto.es\/lamiquiz\/wp-json\/wp\/v2\/comments?post=2094"}],"version-history":[{"count":2,"href":"https:\/\/blogs.deusto.es\/lamiquiz\/wp-json\/wp\/v2\/pages\/2094\/revisions"}],"predecessor-version":[{"id":2116,"href":"https:\/\/blogs.deusto.es\/lamiquiz\/wp-json\/wp\/v2\/pages\/2094\/revisions\/2116"}],"wp:attachment":[{"href":"https:\/\/blogs.deusto.es\/lamiquiz\/wp-json\/wp\/v2\/media?parent=2094"}],"curies":[{"name":"wp","href":"https:\/\/api.w.org\/{rel}","templated":true}]}}