{"id":2096,"date":"2025-09-09T10:36:12","date_gmt":"2025-09-09T08:36:12","guid":{"rendered":"https:\/\/blogs.deusto.es\/lamiquiz\/?page_id=2096"},"modified":"2025-09-10T09:12:13","modified_gmt":"2025-09-10T07:12:13","slug":"senores","status":"publish","type":"page","link":"https:\/\/blogs.deusto.es\/lamiquiz\/senores\/","title":{"rendered":"Se\u00f1ores"},"content":{"rendered":"\n<figure class=\"wp-block-image size-large\"><img fetchpriority=\"high\" decoding=\"async\" width=\"1024\" height=\"1022\" src=\"https:\/\/blogs.deusto.es\/wp-content\/uploads\/sites\/83\/2017\/03\/a3672252678_10-1024x1022.jpg\" alt=\"\" class=\"wp-image-1117\" srcset=\"https:\/\/blogs.deusto.es\/wp-content\/uploads\/sites\/83\/2017\/03\/a3672252678_10-1024x1022.jpg 1024w, https:\/\/blogs.deusto.es\/wp-content\/uploads\/sites\/83\/2017\/03\/a3672252678_10-300x300.jpg 300w, https:\/\/blogs.deusto.es\/wp-content\/uploads\/sites\/83\/2017\/03\/a3672252678_10-150x150.jpg 150w, https:\/\/blogs.deusto.es\/wp-content\/uploads\/sites\/83\/2017\/03\/a3672252678_10-768x767.jpg 768w, https:\/\/blogs.deusto.es\/wp-content\/uploads\/sites\/83\/2017\/03\/a3672252678_10.jpg 1200w\" sizes=\"(max-width: 1024px) 100vw, 1024px\" \/><\/figure>\n\n\n\n<strong>Se\u00f1ores. <\/strong>Se\u00f1ores (jaunak para muchos amigos) es el proyecto de Julen y Claudio, anteriormente tambi\u00e9n en Yo, n\u00e1ufrago y otros proyectos. En su disco\u00a0<strong>Curso pr\u00e1ctico de autoestima<\/strong> me animaron\u00a0a incorporar pianos en varias de sus canciones (junto con esas maravillosas trompetas que tambi\u00e9n animaban a este cuarteto de guitarras). Tras ello, han sido numerosas las veces en las que me han invitado a subirme a un escenario con ellos (Antzoki, festival BIME, etc.) e incluso se han acordado de m\u00ed <a href=\"http:\/\/www.rtve.es\/alacarta\/audios\/disco-grande\/disco-grande-senores-encienden-luz-alejandro-simon-partal-cuerpo-gentil-06-02-17\/3902980\/\">en alguna entrevista de post\u00edn.<\/a>\u00a0Es un lujo que me dejen sentirme \u00abel quinto se\u00f1or\u00bb.\n\n<iframe style=\"border: 0; width: 100%; height: 120px;\" src=\"https:\/\/bandcamp.com\/EmbeddedPlayer\/album=731678337\/size=large\/bgcol=ffffff\/linkcol=0687f5\/tracklist=false\/artwork=small\/transparent=true\/\" width=\"300\" height=\"150\" seamless=\"\"><a href=\"http:\/\/sres.bandcamp.com\/album\/curso-pr-ctico-de-autoestima\">Curso pr\u00e1ctico de autoestima by SE\u00d1ORES<\/a><\/iframe>\n","protected":false},"excerpt":{"rendered":"<p>Se\u00f1ores. Se\u00f1ores (jaunak para muchos amigos) es el proyecto de Julen y Claudio, anteriormente tambi\u00e9n en Yo, n\u00e1ufrago y otros [&hellip;]<\/p>\n","protected":false},"author":691,"featured_media":0,"parent":0,"menu_order":0,"comment_status":"closed","ping_status":"closed","template":"","meta":{"site-sidebar-layout":"default","site-content-layout":"","ast-site-content-layout":"default","site-content-style":"default","site-sidebar-style":"default","ast-global-header-display":"","ast-banner-title-visibility":"","ast-main-header-display":"","ast-hfb-above-header-display":"","ast-hfb-below-header-display":"","ast-hfb-mobile-header-display":"","site-post-title":"","ast-breadcrumbs-content":"","ast-featured-img":"","footer-sml-layout":"","theme-transparent-header-meta":"","adv-header-id-meta":"","stick-header-meta":"","header-above-stick-meta":"","header-main-stick-meta":"","header-below-stick-meta":"","astra-migrate-meta-layouts":"default","ast-page-background-enabled":"default","ast-page-background-meta":{"desktop":{"background-color":"var(--ast-global-color-5)","background-image":"","background-repeat":"repeat","background-position":"center center","background-size":"auto","background-attachment":"scroll","background-type":"","background-media":"","overlay-type":"","overlay-color":"","overlay-opacity":"","overlay-gradient":""},"tablet":{"background-color":"","background-image":"","background-repeat":"repeat","background-position":"center center","background-size":"auto","background-attachment":"scroll","background-type":"","background-media":"","overlay-type":"","overlay-color":"","overlay-opacity":"","overlay-gradient":""},"mobile":{"background-color":"","background-image":"","background-repeat":"repeat","background-position":"center center","background-size":"auto","background-attachment":"scroll","background-type":"","background-media":"","overlay-type":"","overlay-color":"","overlay-opacity":"","overlay-gradient":""}},"ast-content-background-meta":{"desktop":{"background-color":"var(--ast-global-color-4)","background-image":"","background-repeat":"repeat","background-position":"center center","background-size":"auto","background-attachment":"scroll","background-type":"","background-media":"","overlay-type":"","overlay-color":"","overlay-opacity":"","overlay-gradient":""},"tablet":{"background-color":"var(--ast-global-color-4)","background-image":"","background-repeat":"repeat","background-position":"center center","background-size":"auto","background-attachment":"scroll","background-type":"","background-media":"","overlay-type":"","overlay-color":"","overlay-opacity":"","overlay-gradient":""},"mobile":{"background-color":"var(--ast-global-color-4)","background-image":"","background-repeat":"repeat","background-position":"center center","background-size":"auto","background-attachment":"scroll","background-type":"","background-media":"","overlay-type":"","overlay-color":"","overlay-opacity":"","overlay-gradient":""}},"footnotes":""},"class_list":["post-2096","page","type-page","status-publish","hentry"],"_links":{"self":[{"href":"https:\/\/blogs.deusto.es\/lamiquiz\/wp-json\/wp\/v2\/pages\/2096","targetHints":{"allow":["GET"]}}],"collection":[{"href":"https:\/\/blogs.deusto.es\/lamiquiz\/wp-json\/wp\/v2\/pages"}],"about":[{"href":"https:\/\/blogs.deusto.es\/lamiquiz\/wp-json\/wp\/v2\/types\/page"}],"author":[{"embeddable":true,"href":"https:\/\/blogs.deusto.es\/lamiquiz\/wp-json\/wp\/v2\/users\/691"}],"replies":[{"embeddable":true,"href":"https:\/\/blogs.deusto.es\/lamiquiz\/wp-json\/wp\/v2\/comments?post=2096"}],"version-history":[{"count":2,"href":"https:\/\/blogs.deusto.es\/lamiquiz\/wp-json\/wp\/v2\/pages\/2096\/revisions"}],"predecessor-version":[{"id":2117,"href":"https:\/\/blogs.deusto.es\/lamiquiz\/wp-json\/wp\/v2\/pages\/2096\/revisions\/2117"}],"wp:attachment":[{"href":"https:\/\/blogs.deusto.es\/lamiquiz\/wp-json\/wp\/v2\/media?parent=2096"}],"curies":[{"name":"wp","href":"https:\/\/api.w.org\/{rel}","templated":true}]}}