{"id":332,"date":"2025-06-19T15:33:59","date_gmt":"2025-06-19T13:33:59","guid":{"rendered":"https:\/\/blogs.deusto.es\/maurreko\/?page_id=332"},"modified":"2025-06-19T15:34:00","modified_gmt":"2025-06-19T13:34:00","slug":"publicaciones","status":"publish","type":"page","link":"https:\/\/blogs.deusto.es\/maurreko\/publicaciones\/","title":{"rendered":"Publicaciones"},"content":{"rendered":"\n<p><strong>2025<\/strong><\/p>\n\n\n\n<p>Talent hotspots and the role of community density in youth soccer: The unique case of Athletic Club de Bilbao situated in the Basque Country, Spain.\u00a0<em>International Journal of Sports Science &amp; Coaching<\/em>,\u00a0<em>0<\/em>(0).\u00a0<a href=\"https:\/\/doi.org\/10.1177\/17479541251344589\">https:\/\/doi.org\/10.1177\/17479541251344589<\/a><\/p>\n\n\n\n<p><a href=\"https:\/\/deusto.portalcientifico.es\/documentos\/67aba0905fa2fc5d1231f801\">March 8, 2019: A snapshot of new participants in the feminist mobilisation<\/a>Papers: revista de sociolog\u00eda, Vol. 110, N\u00fam. 1.<a href=\"https:\/\/doi.org\/10.5565\/REV\/PAPERS.3281\">https:\/\/doi.org\/10.5565\/REV\/PAPERS.3281<\/a><\/p>\n\n\n\n<h3 class=\"wp-block-heading\">2024<\/h3>\n\n\n\n<p><a href=\"https:\/\/deusto.portalcientifico.es\/documentos\/665c66fec43f2e7b0338f906\">Canicross Pilot Programme: Basic Considerations for Its Implementation as an Extracurricular Sports Activity<\/a>Education Sciences, Vol. 14, N\u00fam. 5.<a href=\"https:\/\/doi.org\/10.3390\/EDUCSCI14050442\"> https:\/\/doi.org\/10.3390\/EDUCSCI14050442<\/a><\/p>\n\n\n\n<p><a href=\"https:\/\/deusto.portalcientifico.es\/documentos\/663136bf38b3d85bb144a774\">Deporte, ocio y smart city: Un trinomio en desarrollo<\/a>Ciudades para vivir: habitar y transitar (Los Libros de la Catarata), pp. 157-171<\/p>\n\n\n\n<p><a href=\"https:\/\/deusto.portalcientifico.es\/documentos\/672fc6d56d4b2a057b4bfaae\">Birthplace Effect in Soccer: A Systematic Review<\/a>Journal of Human Kinetics, Vol. 94, pp. 227-242.<a href=\"https:\/\/doi.org\/10.3390\/APP14114396\">https:\/\/doi.org\/10.3390\/APP14114396<\/a><\/p>\n\n\n\n<p><a href=\"https:\/\/deusto.portalcientifico.es\/documentos\/6678c7a43974ce515cb00a70\">Birthplace and Birthdate Effect during Talent Process in Professional Soccer Academy Players<\/a>Applied Sciences (Switzerland), Vol. 14, N\u00fam. 11.<a href=\"https:\/\/doi.org\/10.3390\/APP14114396\">https:\/\/doi.org\/10.3390\/APP14114396<\/a><\/p>\n\n\n\n<p><a href=\"https:\/\/deusto.portalcientifico.es\/documentos\/66fc387f8a660804e753220f\">Exploring Athletic Club de Bilbao&#8217;s Communication: Philosophy, Identity, and Fan\u00b4s Community<\/a>CIC: Cuadernos de informaci\u00f3n y comunicaci\u00f3n, N\u00fam. 29, pp. 117-131.<a href=\"https:\/\/doi.org\/10.5209\/CIYC.95737\">https:\/\/doi.org\/10.5209\/CIYC.95737<\/a><\/p>\n\n\n\n<p><a href=\"https:\/\/deusto.portalcientifico.es\/documentos\/663136bf38b3d85bb144a772\">Inclusi\u00f3n de la poblaci\u00f3n e-migrant: Desaf\u00edos de la cohesi\u00f3n social en las smart cities<\/a>Ciudades para vivir: habitar y transitar (Los Libros de la Catarata), pp. 120-135.<strong>ISBN<\/strong>:&nbsp;978-84-1352-943-1<\/p>\n\n\n\n<p><a href=\"https:\/\/deusto.portalcientifico.es\/documentos\/664b28becfa2e6324104028a\">Place Matters: A Study on the Influence of Birthplace and the Place of Development on Soccer Academy Players\u2019 Careers<\/a>Sports, Vol. 12, N\u00fam. 4.<a href=\"https:\/\/doi.org\/10.3390\/SPORTS12040099\">https:\/\/doi.org\/10.3390\/SPORTS12040099<\/a><\/p>\n\n\n\n<p><a href=\"https:\/\/deusto.portalcientifico.es\/documentos\/66e69b5513bd982b7f8c1f4e\">The nexus of fertility and politics: Exploring the influence of social tolerance, religiosity, and political conservatism on the acceptance of assisted reproduction in Spain<\/a> Human Reproduction, Vol. 39, N\u00fam. 9, pp. 2043-2052.<strong>DOI:<\/strong><a href=\"https:\/\/doi.org\/10.1093\/HUMREP\/DEAE169\" target=\"_blank\" rel=\"noreferrer noopener\">10.1093\/HUMREP\/DEAE169<\/a><\/p>\n\n\n\n<p><a href=\"https:\/\/deusto.portalcientifico.es\/documentos\/65351bbb7bba975a1cab0323\">Virtual Ethnography of Female Migrants: a WhatsApp Group as a Support Tool During Their Migration Process<\/a>Journal of International Migration and Integration, Vol. 25, N\u00fam. 2, pp. 553-571.<a href=\"https:\/\/doi.org\/10.1007\/S12134-023-01088-8\">https:\/\/doi.org\/10.1007\/S12134-023-01088-8<\/a><\/p>\n\n\n\n<h3 class=\"wp-block-heading\">2023<\/h3>\n\n\n\n<p><\/p>\n","protected":false},"excerpt":{"rendered":"<p>2025 Talent hotspots and the role of community density in youth soccer: The unique case of Athletic Club de Bilbao situated in the Basque Country, Spain.\u00a0International Journal of Sports Science &amp; Coaching,\u00a00(0).\u00a0https:\/\/doi.org\/10.1177\/17479541251344589 March 8, 2019: A snapshot of new participants in the feminist mobilisationPapers: revista de sociolog\u00eda, Vol. 110, N\u00fam. 1.https:\/\/doi.org\/10.5565\/REV\/PAPERS.3281 2024 Canicross Pilot Programme: [&hellip;]<\/p>\n","protected":false},"author":383,"featured_media":0,"parent":0,"menu_order":0,"comment_status":"closed","ping_status":"closed","template":"","meta":{"footnotes":""},"class_list":["post-332","page","type-page","status-publish","hentry"],"_links":{"self":[{"href":"https:\/\/blogs.deusto.es\/maurreko\/wp-json\/wp\/v2\/pages\/332","targetHints":{"allow":["GET"]}}],"collection":[{"href":"https:\/\/blogs.deusto.es\/maurreko\/wp-json\/wp\/v2\/pages"}],"about":[{"href":"https:\/\/blogs.deusto.es\/maurreko\/wp-json\/wp\/v2\/types\/page"}],"author":[{"embeddable":true,"href":"https:\/\/blogs.deusto.es\/maurreko\/wp-json\/wp\/v2\/users\/383"}],"replies":[{"embeddable":true,"href":"https:\/\/blogs.deusto.es\/maurreko\/wp-json\/wp\/v2\/comments?post=332"}],"version-history":[{"count":5,"href":"https:\/\/blogs.deusto.es\/maurreko\/wp-json\/wp\/v2\/pages\/332\/revisions"}],"predecessor-version":[{"id":400,"href":"https:\/\/blogs.deusto.es\/maurreko\/wp-json\/wp\/v2\/pages\/332\/revisions\/400"}],"wp:attachment":[{"href":"https:\/\/blogs.deusto.es\/maurreko\/wp-json\/wp\/v2\/media?parent=332"}],"curies":[{"name":"wp","href":"https:\/\/api.w.org\/{rel}","templated":true}]}}