{"id":393,"date":"2025-06-19T15:30:11","date_gmt":"2025-06-19T13:30:11","guid":{"rendered":"https:\/\/blogs.deusto.es\/maurreko\/?page_id=393"},"modified":"2025-06-19T15:30:12","modified_gmt":"2025-06-19T13:30:12","slug":"sobre-mi","status":"publish","type":"page","link":"https:\/\/blogs.deusto.es\/maurreko\/sobre-mi\/","title":{"rendered":"Sobre m\u00ed"},"content":{"rendered":"\n<p>Llevo m\u00e1s de 15 a\u00f1os dedicada a la docencia y a la investigaci\u00f3n en el \u00e1mbito de las ciencias sociales. Desde mi experiencia como acad\u00e9mica e impulsora de proyectos, creo en una forma distinta de mirar a las personas: con perspectiva de g\u00e9nero, sensibilidad emocional y atenci\u00f3n al contexto.<\/p>\n\n\n\n<p>Mi pilar metodol\u00f3gico es firme: el rigor del conocimiento cient\u00edfico. No doy nada por sentado. Me gu\u00eda la b\u00fasqueda constante de precisi\u00f3n, la mirada cr\u00edtica y el compromiso con los datos bien interpretados.<\/p>\n\n\n\n<p>Me interesan las personas, sus trayectorias y el desarrollo de su potencial. Porque talento hay. Lo que hace falta es saber verlo, cuidarlo y acompa\u00f1arlo.<\/p>\n\n\n\n<p>Si est\u00e1s leyendo esto, est\u00e1s en <em>Sorbitos<\/em>, un espacio donde comparto experiencias, preguntas y aprendizajes que invitan a mirar m\u00e1s despacio\u2026 y m\u00e1s profundo.<\/p>\n\n\n\n<figure class=\"wp-block-image size-large\"><img fetchpriority=\"high\" decoding=\"async\" width=\"1024\" height=\"357\" src=\"https:\/\/blogs.deusto.es\/wp-content\/uploads\/sites\/23\/2025\/06\/image-1-1024x357.png\" alt=\"\" class=\"wp-image-394\" srcset=\"https:\/\/blogs.deusto.es\/wp-content\/uploads\/sites\/23\/2025\/06\/image-1-1024x357.png 1024w, https:\/\/blogs.deusto.es\/wp-content\/uploads\/sites\/23\/2025\/06\/image-1-300x105.png 300w, https:\/\/blogs.deusto.es\/wp-content\/uploads\/sites\/23\/2025\/06\/image-1-768x268.png 768w, https:\/\/blogs.deusto.es\/wp-content\/uploads\/sites\/23\/2025\/06\/image-1-1536x536.png 1536w, https:\/\/blogs.deusto.es\/wp-content\/uploads\/sites\/23\/2025\/06\/image-1.png 1612w\" sizes=\"(max-width: 1024px) 100vw, 1024px\" \/><\/figure>\n","protected":false},"excerpt":{"rendered":"<p>Llevo m\u00e1s de 15 a\u00f1os dedicada a la docencia y a la investigaci\u00f3n en el \u00e1mbito de las ciencias sociales. Desde mi experiencia como acad\u00e9mica e impulsora de proyectos, creo en una forma distinta de mirar a las personas: con perspectiva de g\u00e9nero, sensibilidad emocional y atenci\u00f3n al contexto. Mi pilar metodol\u00f3gico es firme: el [&hellip;]<\/p>\n","protected":false},"author":383,"featured_media":0,"parent":0,"menu_order":0,"comment_status":"closed","ping_status":"closed","template":"","meta":{"footnotes":""},"class_list":["post-393","page","type-page","status-publish","hentry"],"_links":{"self":[{"href":"https:\/\/blogs.deusto.es\/maurreko\/wp-json\/wp\/v2\/pages\/393","targetHints":{"allow":["GET"]}}],"collection":[{"href":"https:\/\/blogs.deusto.es\/maurreko\/wp-json\/wp\/v2\/pages"}],"about":[{"href":"https:\/\/blogs.deusto.es\/maurreko\/wp-json\/wp\/v2\/types\/page"}],"author":[{"embeddable":true,"href":"https:\/\/blogs.deusto.es\/maurreko\/wp-json\/wp\/v2\/users\/383"}],"replies":[{"embeddable":true,"href":"https:\/\/blogs.deusto.es\/maurreko\/wp-json\/wp\/v2\/comments?post=393"}],"version-history":[{"count":1,"href":"https:\/\/blogs.deusto.es\/maurreko\/wp-json\/wp\/v2\/pages\/393\/revisions"}],"predecessor-version":[{"id":395,"href":"https:\/\/blogs.deusto.es\/maurreko\/wp-json\/wp\/v2\/pages\/393\/revisions\/395"}],"wp:attachment":[{"href":"https:\/\/blogs.deusto.es\/maurreko\/wp-json\/wp\/v2\/media?parent=393"}],"curies":[{"name":"wp","href":"https:\/\/api.w.org\/{rel}","templated":true}]}}