{"id":2,"date":"2022-06-16T13:53:43","date_gmt":"2022-06-16T13:53:43","guid":{"rendered":"http:\/\/preblogs.deusto.es\/sou\/?page_id=2"},"modified":"2022-09-08T15:18:09","modified_gmt":"2022-09-08T15:18:09","slug":"quienes-somos","status":"publish","type":"page","link":"https:\/\/blogs.deusto.es\/sou\/eu\/quienes-somos\/","title":{"rendered":"\u00bfQui\u00e9nes somos?"},"content":{"rendered":"\n<p><\/p>\n\n\n\n<p class=\"has-black-color has-text-color\" style=\"font-size:18px\">Este blog es una iniciativa del&nbsp;<strong>Servicio de Orientaci\u00f3n de la Universidad de Deusto<\/strong>&nbsp;(SOU). Nuestro objetivo es acompa\u00f1arte durante esta etapa en la universidad y ofrecerte el apoyo y los recursos que necesites en este proceso de desarrollo personal y profesional que est\u00e1s llevando a cabo.<\/p>\n\n\n\n<p class=\"has-black-color has-text-color\" style=\"font-size:18px\">Durante este viaje, son muchos los retos a lo que tendr\u00e1s que hacer frente (asignaturas, trabajos, pr\u00e1cticas, presentaciones\u2026), tendr\u00e1s oportunidades para ampliar tus conocimientos, conocer otras personas, establecer tus metas\u2026 Tendr\u00e1s \u00e9xitos y tambi\u00e9n algunos fracasos que aprender\u00e1s a manejar y superar. En ocasiones tendr\u00e1s claro tu camino y los pasos a dar y en otras tendr\u00e1s dudas de c\u00f3mo hacerlo.<\/p>\n\n\n\n<p class=\"has-black-color has-text-color\" style=\"font-size:18px\">Con este blog queremos proporcionarte informaci\u00f3n y recursos que pueden ayudarte en las distintas etapas de este viaje y que podr\u00e1s aplicar tanto en la universidad como en tu vida profesional y personal. Veremos t\u00e9cnicas para gestionar mejor nuestro tiempo y vencer la procrastinaci\u00f3n, estrategias para aprovechar mejor los momentos de estudio, abordaremos tambi\u00e9n contenidos para mejorar nuestros trabajos acad\u00e9micos, la gesti\u00f3n del estr\u00e9s y la ansiedad, formas de estudiar para los distintos tipos de ex\u00e1menes\u2026 <\/p>\n\n\n\n<p class=\"has-black-color has-text-color\" style=\"font-size:18px\">\u00bfHacemos este viaje juntos?<\/p>\n\n\n\n<p class=\"has-black-color has-text-color\" style=\"font-size:18px\"><\/p>\n","protected":false},"excerpt":{"rendered":"<p>Este blog es una iniciativa del&nbsp;Servicio de Orientaci\u00f3n de la Universidad de Deusto&nbsp;(SOU). Nuestro objetivo es acompa\u00f1arte durante esta etapa en la universidad y ofrecerte el apoyo y los recursos que necesites en este proceso de desarrollo personal y profesional que est\u00e1s llevando a cabo. Durante este viaje, son muchos los retos a lo que [&hellip;]<\/p>\n","protected":false},"author":200,"featured_media":0,"parent":0,"menu_order":0,"comment_status":"closed","ping_status":"open","template":"","meta":{"footnotes":""},"class_list":["post-2","page","type-page","status-publish","hentry"],"_links":{"self":[{"href":"https:\/\/blogs.deusto.es\/sou\/eu\/wp-json\/wp\/v2\/pages\/2","targetHints":{"allow":["GET"]}}],"collection":[{"href":"https:\/\/blogs.deusto.es\/sou\/eu\/wp-json\/wp\/v2\/pages"}],"about":[{"href":"https:\/\/blogs.deusto.es\/sou\/eu\/wp-json\/wp\/v2\/types\/page"}],"author":[{"embeddable":true,"href":"https:\/\/blogs.deusto.es\/sou\/eu\/wp-json\/wp\/v2\/users\/200"}],"replies":[{"embeddable":true,"href":"https:\/\/blogs.deusto.es\/sou\/eu\/wp-json\/wp\/v2\/comments?post=2"}],"version-history":[{"count":14,"href":"https:\/\/blogs.deusto.es\/sou\/eu\/wp-json\/wp\/v2\/pages\/2\/revisions"}],"predecessor-version":[{"id":319,"href":"https:\/\/blogs.deusto.es\/sou\/eu\/wp-json\/wp\/v2\/pages\/2\/revisions\/319"}],"wp:attachment":[{"href":"https:\/\/blogs.deusto.es\/sou\/eu\/wp-json\/wp\/v2\/media?parent=2"}],"curies":[{"name":"wp","href":"https:\/\/api.w.org\/{rel}","templated":true}]}}