{"id":19,"date":"2014-05-16T10:32:41","date_gmt":"2014-05-16T08:32:41","guid":{"rendered":"https:\/\/preblogs.deusto.es\/tequieromarketing\/?page_id=19"},"modified":"2016-01-29T16:29:20","modified_gmt":"2016-01-29T15:29:20","slug":"que-queremos","status":"publish","type":"page","link":"https:\/\/blogs.deusto.es\/tequieromarketing\/que-queremos\/","title":{"rendered":"Por qu\u00e9 este blog"},"content":{"rendered":"<p>En este blog queremos compartir todo lo que nos sucede en el d\u00eda a d\u00eda del \u00e1rea de Marketing de <a href=\"http:\/\/www.dbs.deusto.es\/\" target=\"_blank\">Deusto Business School<\/a>, tanto dentro del aula como fuera de ella.<\/p>\n<p>Los estudiantes, los proyectos, las clases, los invitados, los conceptos, los <em>business games<\/em>, las visitas a empresas, los libros&#8230; las alegr\u00edas, las preocupaciones, las experiencias que vivimos dentro\/fuera del aula, los traspi\u00e9s, aquello que nos hace reflexionar y replantearnos nuestras ideas, los aprendizajes, los buenos y malos ejemplos&#8230; especialmente relacionados con el mundo del marketing, las ventas, el emprendimiento y el mundo digital.<\/p>\n<p>En definitiva, todo aquello que nos entusiasma y nos hace pensar cada d\u00eda \u201cTe quiero marketing!\u201d.<\/p>\n<blockquote><p><img fetchpriority=\"high\" decoding=\"async\" class=\"alignright size-medium wp-image-38\" src=\"https:\/\/blogs.deusto.es\/tequieromarketing\/wp-content\/uploads\/sites\/13\/2014\/05\/loveRojo-300x266.png\" alt=\"loveRojo\" width=\"300\" height=\"266\" srcset=\"https:\/\/blogs.deusto.es\/wp-content\/uploads\/sites\/13\/2014\/05\/loveRojo-300x266.png 300w, https:\/\/blogs.deusto.es\/wp-content\/uploads\/sites\/13\/2014\/05\/loveRojo.png 900w\" sizes=\"(max-width: 300px) 100vw, 300px\" \/><em>I love you marketing<br \/>\nMaite zaitut marketing<br \/>\n\u041b\u044e\u0431\u043b\u044e \u0442\u0435\u0431\u044f \u043c\u0430\u0440\u043a\u0435\u0442\u0438\u043d\u0433<br \/>\nSeni sevaman marketing<br \/>\nIch liebe dich marketing<br \/>\n\u6211\u7231\u8425\u9500<br \/>\n\u6211\u611b\u71df\u92b7<br \/>\nMarketing ti amo<br \/>\nEu te amo de marketing<br \/>\nJe t\u00b4aime marketing!<br \/>\nAgapo to Marketing<br \/>\nT&#8217;estimo Marketing<br \/>\nkocham ci\u0119 marketing<br \/>\n\u041c\u0430\u0440\u043a\u0435\u0442\u0438\u043d\u0433 &#8211; \u043c\u0430\u043d \u0442\u0443\u0440\u043e \u0434\u04ef\u0441\u0442 \u043c\u0435\u0434\u043e\u0440\u0430\u043c!<br \/>\nQu\u00e9rote Marketing!<\/em><\/p><\/blockquote>\n","protected":false},"excerpt":{"rendered":"<p>En este blog queremos compartir todo lo que nos sucede en el d\u00eda a d\u00eda del \u00e1rea de Marketing de Deusto Business School, tanto dentro del aula como fuera de ella. Los estudiantes, los proyectos, las clases, los invitados, los conceptos, los business games, las visitas a empresas, los libros&#8230; las alegr\u00edas, las preocupaciones, las&#8230; <\/p>\n<div class=\"link-more\"><a href=\"https:\/\/blogs.deusto.es\/tequieromarketing\/que-queremos\/\">Lea m\u00e1s<\/a><\/div>\n","protected":false},"author":1,"featured_media":0,"parent":0,"menu_order":0,"comment_status":"closed","ping_status":"closed","template":"","meta":{"footnotes":""},"class_list":["post-19","page","type-page","status-publish","hentry"],"aioseo_notices":[],"_links":{"self":[{"href":"https:\/\/blogs.deusto.es\/tequieromarketing\/wp-json\/wp\/v2\/pages\/19","targetHints":{"allow":["GET"]}}],"collection":[{"href":"https:\/\/blogs.deusto.es\/tequieromarketing\/wp-json\/wp\/v2\/pages"}],"about":[{"href":"https:\/\/blogs.deusto.es\/tequieromarketing\/wp-json\/wp\/v2\/types\/page"}],"author":[{"embeddable":true,"href":"https:\/\/blogs.deusto.es\/tequieromarketing\/wp-json\/wp\/v2\/users\/1"}],"replies":[{"embeddable":true,"href":"https:\/\/blogs.deusto.es\/tequieromarketing\/wp-json\/wp\/v2\/comments?post=19"}],"version-history":[{"count":5,"href":"https:\/\/blogs.deusto.es\/tequieromarketing\/wp-json\/wp\/v2\/pages\/19\/revisions"}],"predecessor-version":[{"id":692,"href":"https:\/\/blogs.deusto.es\/tequieromarketing\/wp-json\/wp\/v2\/pages\/19\/revisions\/692"}],"wp:attachment":[{"href":"https:\/\/blogs.deusto.es\/tequieromarketing\/wp-json\/wp\/v2\/media?parent=19"}],"curies":[{"name":"wp","href":"https:\/\/api.w.org\/{rel}","templated":true}]}}